{"id":8158,"date":"2016-06-08T16:47:01","date_gmt":"2016-06-08T15:47:01","guid":{"rendered":"https:\/\/agora-eoi.xtec.cat\/eoibanyoles\/?page_id=8158"},"modified":"2024-09-18T11:40:48","modified_gmt":"2024-09-18T09:40:48","slug":"cursos-especials","status":"publish","type":"page","link":"https:\/\/agora-eoi.xtec.cat\/eoibanyoles\/cursos\/cursos-especials\/","title":{"rendered":"Oferta espec\u00edfica de formaci\u00f3 de les EOI"},"content":{"rendered":"<table style=\"border-collapse: collapse; width: 100%;\">\n<tbody>\n<tr>\n<td style=\"width: 100%; background-color: #a0ebce; text-align: center;\">\n<h4><span style=\"color: #000000;\"><strong>Oferta espec\u00edfica de formaci\u00f3 de les EOI<\/strong><\/span><\/h4>\n<\/td>\n<\/tr>\n<\/tbody>\n<\/table>\n<h5 style=\"text-align: justify;\"><span style=\"color: #000000;\">Les escoles oficials d&#8217;idiomes poden impartir cursos d&#8217;actualitzaci\u00f3 i perfeccionament dels nivells intermedi B1, intermedi B2, avan\u00e7at C1 i avan\u00e7at C2\u00a0que s&#8217;adrecin al professorat i a altres col\u00b7lectius professionals i tamb\u00e9, en general, a persones adultes amb necessitats espec\u00edfiques d&#8217;aprenentatge d&#8217;idiomes. Aquests cursos poden ser <strong>monogr\u00e0fics<\/strong> o de <strong>llengua instrumental<\/strong>.<\/span><\/h5>\n<p>&nbsp;<\/p>\n<table style=\"border-collapse: collapse; width: 100%;\">\n<tbody>\n<tr>\n<td style=\"width: 100%; background-color: #73a0f5; text-align: center;\">\n<h4><span style=\"color: #000000;\"><strong>Cursos monogr\u00e0fics<\/strong><\/span><\/h4>\n<\/td>\n<\/tr>\n<\/tbody>\n<\/table>\n<h5 style=\"text-align: justify;\"><span style=\"color: #000000;\">Els cursos monogr\u00e0fics, d&#8217;una durada m\u00ednima de <strong>30 hores<\/strong> i m\u00e0xima de <strong>45, <\/strong>poden tractar els aspectes seg\u00fcents:<\/span><\/h5>\n<h5><\/h5>\n<h5><span style=\"color: #000000;\">(i) Llenguatge d&#8217;especialitat, ent\u00e8s com el llenguatge que utilitzen els especialistes d&#8217;un \u00e0mbit concret (llenguatge m\u00e8dic, jur\u00eddic, administratiu, etc.);<\/span><\/h5>\n<h5><span style=\"color: #000000;\">(ii) Aspectes socioculturals relacionats amb la llengua d&#8217;estudi (cinema, literatura,<\/span><br \/>\n<span style=\"color: #000000;\">hist\u00f2ria, civilitzaci\u00f3, etc.).<\/span><\/h5>\n<h5 style=\"text-align: justify;\"><span style=\"color: #000000;\">Per poder accedir als cursos monogr\u00e0fics cal tenir, com a m\u00ednim, un certificat equivalent al nivell B2 del Marc europeu com\u00fa de refer\u00e8ncia per a les lleng\u00fces (MECR) del Consell d&#8217;Europa. En cas que els continguts del curs no requereixin coneixements ling\u00fc\u00edstics de la franja B2 del MERC, es podr\u00e0 sol\u00b7licitar un certificat equivalent al nivell B1 del MERC. Els cursos d&#8217;aspectes socioculturals es poden adre\u00e7ar a persones sense coneixements <\/span><span style=\"color: #000000;\">previs de la llengua.<\/span><\/h5>\n<p>&nbsp;<\/p>\n<table style=\"border-collapse: collapse; width: 100%;\">\n<tbody>\n<tr>\n<td style=\"width: 100%; background-color: #73a0f5; text-align: center;\">\n<h4><span style=\"color: #000000;\"><strong>Cursos de llengua instrumental<\/strong><\/span><\/h4>\n<\/td>\n<\/tr>\n<\/tbody>\n<\/table>\n<h5 style=\"text-align: justify;\"><span style=\"color: #000000;\">Els cursos de llengua instrumental, d&#8217;una durada m\u00ednima de <strong>30 hores<\/strong> i m\u00e0xima de <strong>90<\/strong>, tenen com a objectiu el coneixement general de la llengua, el treball espec\u00edfic per destreses, l&#8217;actualitzaci\u00f3 ling\u00fc\u00edstica o el perfeccionament de l&#8217;idioma.\u00a0<\/span><\/h5>\n<h5 style=\"text-align: justify;\"><span style=\"color: #000000;\">Tamb\u00e9 es consideren cursos de llengua instrumental els preparatoris per a les proves de certificaci\u00f3 de les EOI, que tenen una durada m\u00ednima de <strong>15 hores<\/strong> i m\u00e0xima de <strong>30<\/strong>.<\/span><\/h5>\n<p>&nbsp;<\/p>\n<table style=\"border-collapse: collapse; width: 100%;\">\n<tbody>\n<tr>\n<td style=\"width: 19.0452%; text-align: left; background-color: #daecf5;\">\n<h4><span style=\"color: #000000;\"><strong>Certificats<\/strong><\/span><\/h4>\n<\/td>\n<td style=\"width: 80.9548%; text-align: justify; background-color: #daecf5;\">\n<h4><span style=\"color: #000000;\">En acabar el curs, s\u2019atorgar\u00e0 un certificat acreditatiu d\u2019assist\u00e8ncia i\/o aprofitament de la formaci\u00f3. Per obtenir-lo es requereix una assist\u00e8ncia del 80% i superar les activitats d\u2019avaluaci\u00f3 corresponents, si escau.<\/span><\/h4>\n<\/td>\n<\/tr>\n<tr>\n<td style=\"width: 19.0452%; text-align: left;\">\n<h4><span style=\"color: #000000;\"><strong>Nombre d&#8217;alumnes<\/strong><\/span><\/h4>\n<\/td>\n<td style=\"width: 80.9548%;\">\n<h4><span style=\"color: #000000;\">M\u00ednim 12 \u2013 m\u00e0xim 20<\/span><\/h4>\n<\/td>\n<\/tr>\n<tr>\n<td style=\"width: 19.0452%; text-align: left; background-color: #daecf5;\">\n<h4><span style=\"color: #000000;\"><strong>Requisits<\/strong><\/span><\/h4>\n<\/td>\n<td style=\"width: 80.9548%; text-align: justify; background-color: #daecf5;\">\n<h4><span style=\"color: #000000;\">Per a cursos de preparaci\u00f3 per a ex\u00e0mens, s&#8217;ha de tenir, com a m\u00ednim, 15 anys o complir-los durant l&#8217;any de realitzaci\u00f3 de la prova i haver aprovat 2n d&#8217;ESO (o equivalent).<\/span><\/h4>\n<h4><span style=\"color: #000000;\">Per a la resta de cursos especials, s&#8217;ha de tenir, com a m\u00ednim, 14 anys.<\/span><\/h4>\n<\/td>\n<\/tr>\n<tr>\n<td style=\"width: 19.0452%; text-align: left;\">\n<h4><span style=\"color: #000000;\"><strong>Test de nivell<\/strong><\/span><\/h4>\n<\/td>\n<td style=\"width: 80.9548%; text-align: justify;\">\n<h4><span style=\"color: #000000;\">En alguns casos, es far\u00e0 un test de nivell de llengua.<\/span><\/h4>\n<\/td>\n<\/tr>\n<\/tbody>\n<\/table>\n<p>&nbsp;<\/p>\n","protected":false},"excerpt":{"rendered":"<p>Oferta espec\u00edfica de formaci\u00f3 de les EOI Les escoles oficials d&#8217;idiomes poden impartir cursos d&#8217;actualitzaci\u00f3 i perfeccionament dels nivells intermedi B1, intermedi B2, avan\u00e7at C1 i avan\u00e7at C2\u00a0que s&#8217;adrecin al professorat i a altres col\u00b7lectius professionals i tamb\u00e9, en general, a persones adultes amb necessitats espec\u00edfiques d&#8217;aprenentatge d&#8217;idiomes. Aquests cursos poden ser monogr\u00e0fics o de [&hellip;]<\/p>\n","protected":false},"author":1,"featured_media":0,"parent":8149,"menu_order":15,"comment_status":"closed","ping_status":"closed","template":"page-templates\/side-menu.php","meta":{"_bbp_topic_count":0,"_bbp_reply_count":0,"_bbp_total_topic_count":0,"_bbp_total_reply_count":0,"_bbp_voice_count":0,"_bbp_anonymous_reply_count":0,"_bbp_topic_count_hidden":0,"_bbp_reply_count_hidden":0,"_bbp_forum_subforum_count":0,"site-sidebar-layout":"default","site-content-layout":"","ast-site-content-layout":"","site-content-style":"default","site-sidebar-style":"default","ast-global-header-display":"","ast-banner-title-visibility":"","ast-main-header-display":"","ast-hfb-above-header-display":"","ast-hfb-below-header-display":"","ast-hfb-mobile-header-display":"","site-post-title":"","ast-breadcrumbs-content":"","ast-featured-img":"","footer-sml-layout":"","theme-transparent-header-meta":"","adv-header-id-meta":"","stick-header-meta":"","header-above-stick-meta":"","header-main-stick-meta":"","header-below-stick-meta":"","astra-migrate-meta-layouts":"default","ast-page-background-enabled":"default","ast-page-background-meta":{"desktop":{"background-color":"var(--ast-global-color-4)","background-image":"","background-repeat":"repeat","background-position":"center center","background-size":"auto","background-attachment":"scroll","background-type":"","background-media":"","overlay-type":"","overlay-color":"","overlay-opacity":"","overlay-gradient":""},"tablet":{"background-color":"","background-image":"","background-repeat":"repeat","background-position":"center center","background-size":"auto","background-attachment":"scroll","background-type":"","background-media":"","overlay-type":"","overlay-color":"","overlay-opacity":"","overlay-gradient":""},"mobile":{"background-color":"","background-image":"","background-repeat":"repeat","background-position":"center center","background-size":"auto","background-attachment":"scroll","background-type":"","background-media":"","overlay-type":"","overlay-color":"","overlay-opacity":"","overlay-gradient":""}},"ast-content-background-meta":{"desktop":{"background-color":"var(--ast-global-color-5)","background-image":"","background-repeat":"repeat","background-position":"center center","background-size":"auto","background-attachment":"scroll","background-type":"","background-media":"","overlay-type":"","overlay-color":"","overlay-opacity":"","overlay-gradient":""},"tablet":{"background-color":"var(--ast-global-color-5)","background-image":"","background-repeat":"repeat","background-position":"center center","background-size":"auto","background-attachment":"scroll","background-type":"","background-media":"","overlay-type":"","overlay-color":"","overlay-opacity":"","overlay-gradient":""},"mobile":{"background-color":"var(--ast-global-color-5)","background-image":"","background-repeat":"repeat","background-position":"center center","background-size":"auto","background-attachment":"scroll","background-type":"","background-media":"","overlay-type":"","overlay-color":"","overlay-opacity":"","overlay-gradient":""}},"footnotes":""},"class_list":["post-8158","page","type-page","status-publish","hentry"],"post_mailing_queue_ids":[],"_links":{"self":[{"href":"https:\/\/agora-eoi.xtec.cat\/eoibanyoles\/wp-json\/wp\/v2\/pages\/8158","targetHints":{"allow":["GET"]}}],"collection":[{"href":"https:\/\/agora-eoi.xtec.cat\/eoibanyoles\/wp-json\/wp\/v2\/pages"}],"about":[{"href":"https:\/\/agora-eoi.xtec.cat\/eoibanyoles\/wp-json\/wp\/v2\/types\/page"}],"author":[{"embeddable":true,"href":"https:\/\/agora-eoi.xtec.cat\/eoibanyoles\/wp-json\/wp\/v2\/users\/1"}],"replies":[{"embeddable":true,"href":"https:\/\/agora-eoi.xtec.cat\/eoibanyoles\/wp-json\/wp\/v2\/comments?post=8158"}],"version-history":[{"count":7,"href":"https:\/\/agora-eoi.xtec.cat\/eoibanyoles\/wp-json\/wp\/v2\/pages\/8158\/revisions"}],"predecessor-version":[{"id":12579,"href":"https:\/\/agora-eoi.xtec.cat\/eoibanyoles\/wp-json\/wp\/v2\/pages\/8158\/revisions\/12579"}],"up":[{"embeddable":true,"href":"https:\/\/agora-eoi.xtec.cat\/eoibanyoles\/wp-json\/wp\/v2\/pages\/8149"}],"wp:attachment":[{"href":"https:\/\/agora-eoi.xtec.cat\/eoibanyoles\/wp-json\/wp\/v2\/media?parent=8158"}],"curies":[{"name":"wp","href":"https:\/\/api.w.org\/{rel}","templated":true}]}}