{"id":8153,"date":"2016-06-08T16:43:37","date_gmt":"2016-06-08T15:43:37","guid":{"rendered":"https:\/\/agora-eoi.xtec.cat\/eoibanyoles\/?page_id=8153"},"modified":"2025-02-14T11:44:32","modified_gmt":"2025-02-14T10:44:32","slug":"cursos-intensius-destiu","status":"publish","type":"page","link":"https:\/\/agora-eoi.xtec.cat\/eoibanyoles\/cursos\/cursos-intensius-destiu\/","title":{"rendered":"Cursos intensius d&#8217;estiu"},"content":{"rendered":"<table style=\"border-collapse: collapse; width: 100%;\">\n<tbody>\n<tr>\n<td style=\"width: 100%; background-color: #a0ebce; text-align: center;\">\n<h3><span style=\"color: #000000;\"><strong>Cursos d&#8217;estiu a l&#8217;EOI Banyoles<\/strong><\/span><\/h3>\n<\/td>\n<\/tr>\n<\/tbody>\n<\/table>\n<h5>No es preveuen cursos d&#8217;estiu per aquest any 2025.<\/h5>\n<h5><span style=\"color: #000000;\">Els cursos d&#8217;estiu s\u00f3n cursos de llengua instrumental que tenen com a objectiu el coneixement general de la llengua, el treball espec\u00edfic per destreses, l&#8217;actualitzaci\u00f3 ling\u00fc\u00edstica o el perfeccionament de l&#8217;idioma.<\/span><\/h5>\n<p>&nbsp;<\/p>\n<table style=\"border-collapse: collapse; width: 100%; height: 122px;\">\n<tbody>\n<tr style=\"height: 48px;\">\n<td style=\"width: 19.0452%; text-align: left; background-color: #cfedfc; height: 48px;\">\n<h5><span style=\"color: #000000;\"><strong>Certificats<\/strong><\/span><\/h5>\n<\/td>\n<td style=\"width: 80.9548%; text-align: justify; background-color: #cfedfc; height: 48px;\">\n<h5><span style=\"color: #000000;\">En acabar el curs, s\u2019atorgar\u00e0 un certificat acreditatiu d\u2019assist\u00e8ncia i\/o aprofitament de la formaci\u00f3. Per obtenir aquest certificat es requereix una assist\u00e8ncia del 80%.<\/span><\/h5>\n<\/td>\n<\/tr>\n<tr style=\"height: 32px;\">\n<td style=\"width: 19.0452%; text-align: left; background-color: #e8f4fa; height: 32px;\">\n<h5><span style=\"color: #000000;\"><strong>Nombre d&#8217;alumnes<\/strong><\/span><\/h5>\n<\/td>\n<td style=\"width: 80.9548%; background-color: #e8f4fa; height: 32px;\">\n<h5><span style=\"color: #000000;\">M\u00ednim 10 \u2013 m\u00e0xim 20<\/span><\/h5>\n<\/td>\n<\/tr>\n<tr>\n<td style=\"width: 19.0452%; text-align: left; background-color: #cfedfc;\">\n<h5><span style=\"color: #000000;\"><strong>Requisits<\/strong><\/span><\/h5>\n<\/td>\n<td style=\"width: 80.9548%; background-color: #cfedfc;\">\n<h5><span style=\"color: #000000;\">Tenir, com a m\u00ednim, 16 anys o complir-los durant l&#8217;any de realitzaci\u00f3 del curs.<\/span><\/h5>\n<\/td>\n<\/tr>\n<tr style=\"height: 32px;\">\n<td style=\"width: 19.0452%; text-align: left; background-color: #e8f4fa; height: 32px;\">\n<h5><span style=\"color: #000000;\"><strong>Test de nivell<\/strong><\/span><\/h5>\n<\/td>\n<td style=\"width: 80.9548%; text-align: justify; background-color: #e8f4fa; height: 32px;\">\n<h5><span style=\"color: #000000;\">Per a cursos no inicials, s\u2019haur\u00e0 de presentar un certificat de nivell de llengua. En cas que no se\u2019n disposi, s\u2019haur\u00e0 de fer un test de nivell que l\u2019EOI organitzar\u00e0 just abans de comen\u00e7ar el curs.<\/span><\/h5>\n<\/td>\n<\/tr>\n<\/tbody>\n<\/table>\n<p>&nbsp;<\/p>\n","protected":false},"excerpt":{"rendered":"<p>Cursos d&#8217;estiu a l&#8217;EOI Banyoles No es preveuen cursos d&#8217;estiu per aquest any 2025. Els cursos d&#8217;estiu s\u00f3n cursos de llengua instrumental que tenen com a objectiu el coneixement general de la llengua, el treball espec\u00edfic per destreses, l&#8217;actualitzaci\u00f3 ling\u00fc\u00edstica o el perfeccionament de l&#8217;idioma. &nbsp; Certificats En acabar el curs, s\u2019atorgar\u00e0 un certificat acreditatiu [&hellip;]<\/p>\n","protected":false},"author":1,"featured_media":0,"parent":8149,"menu_order":20,"comment_status":"closed","ping_status":"closed","template":"page-templates\/side-menu.php","meta":{"_bbp_topic_count":0,"_bbp_reply_count":0,"_bbp_total_topic_count":0,"_bbp_total_reply_count":0,"_bbp_voice_count":0,"_bbp_anonymous_reply_count":0,"_bbp_topic_count_hidden":0,"_bbp_reply_count_hidden":0,"_bbp_forum_subforum_count":0,"site-sidebar-layout":"default","site-content-layout":"","ast-site-content-layout":"","site-content-style":"default","site-sidebar-style":"default","ast-global-header-display":"","ast-banner-title-visibility":"","ast-main-header-display":"","ast-hfb-above-header-display":"","ast-hfb-below-header-display":"","ast-hfb-mobile-header-display":"","site-post-title":"","ast-breadcrumbs-content":"","ast-featured-img":"","footer-sml-layout":"","theme-transparent-header-meta":"","adv-header-id-meta":"","stick-header-meta":"","header-above-stick-meta":"","header-main-stick-meta":"","header-below-stick-meta":"","astra-migrate-meta-layouts":"default","ast-page-background-enabled":"default","ast-page-background-meta":{"desktop":{"background-color":"var(--ast-global-color-4)","background-image":"","background-repeat":"repeat","background-position":"center center","background-size":"auto","background-attachment":"scroll","background-type":"","background-media":"","overlay-type":"","overlay-color":"","overlay-opacity":"","overlay-gradient":""},"tablet":{"background-color":"","background-image":"","background-repeat":"repeat","background-position":"center center","background-size":"auto","background-attachment":"scroll","background-type":"","background-media":"","overlay-type":"","overlay-color":"","overlay-opacity":"","overlay-gradient":""},"mobile":{"background-color":"","background-image":"","background-repeat":"repeat","background-position":"center center","background-size":"auto","background-attachment":"scroll","background-type":"","background-media":"","overlay-type":"","overlay-color":"","overlay-opacity":"","overlay-gradient":""}},"ast-content-background-meta":{"desktop":{"background-color":"var(--ast-global-color-5)","background-image":"","background-repeat":"repeat","background-position":"center center","background-size":"auto","background-attachment":"scroll","background-type":"","background-media":"","overlay-type":"","overlay-color":"","overlay-opacity":"","overlay-gradient":""},"tablet":{"background-color":"var(--ast-global-color-5)","background-image":"","background-repeat":"repeat","background-position":"center center","background-size":"auto","background-attachment":"scroll","background-type":"","background-media":"","overlay-type":"","overlay-color":"","overlay-opacity":"","overlay-gradient":""},"mobile":{"background-color":"var(--ast-global-color-5)","background-image":"","background-repeat":"repeat","background-position":"center center","background-size":"auto","background-attachment":"scroll","background-type":"","background-media":"","overlay-type":"","overlay-color":"","overlay-opacity":"","overlay-gradient":""}},"footnotes":""},"class_list":["post-8153","page","type-page","status-publish","hentry"],"post_mailing_queue_ids":[],"_links":{"self":[{"href":"https:\/\/agora-eoi.xtec.cat\/eoibanyoles\/wp-json\/wp\/v2\/pages\/8153","targetHints":{"allow":["GET"]}}],"collection":[{"href":"https:\/\/agora-eoi.xtec.cat\/eoibanyoles\/wp-json\/wp\/v2\/pages"}],"about":[{"href":"https:\/\/agora-eoi.xtec.cat\/eoibanyoles\/wp-json\/wp\/v2\/types\/page"}],"author":[{"embeddable":true,"href":"https:\/\/agora-eoi.xtec.cat\/eoibanyoles\/wp-json\/wp\/v2\/users\/1"}],"replies":[{"embeddable":true,"href":"https:\/\/agora-eoi.xtec.cat\/eoibanyoles\/wp-json\/wp\/v2\/comments?post=8153"}],"version-history":[{"count":6,"href":"https:\/\/agora-eoi.xtec.cat\/eoibanyoles\/wp-json\/wp\/v2\/pages\/8153\/revisions"}],"predecessor-version":[{"id":12892,"href":"https:\/\/agora-eoi.xtec.cat\/eoibanyoles\/wp-json\/wp\/v2\/pages\/8153\/revisions\/12892"}],"up":[{"embeddable":true,"href":"https:\/\/agora-eoi.xtec.cat\/eoibanyoles\/wp-json\/wp\/v2\/pages\/8149"}],"wp:attachment":[{"href":"https:\/\/agora-eoi.xtec.cat\/eoibanyoles\/wp-json\/wp\/v2\/media?parent=8153"}],"curies":[{"name":"wp","href":"https:\/\/api.w.org\/{rel}","templated":true}]}}