{"id":8151,"date":"2016-06-08T16:42:13","date_gmt":"2016-06-08T15:42:13","guid":{"rendered":"https:\/\/agora-eoi.xtec.cat\/eoibanyoles\/?page_id=8151"},"modified":"2025-06-25T12:54:14","modified_gmt":"2025-06-25T10:54:14","slug":"cursos-oficials","status":"publish","type":"page","link":"https:\/\/agora-eoi.xtec.cat\/eoibanyoles\/cursos\/cursos-oficials\/","title":{"rendered":"Cursos oficials"},"content":{"rendered":"<table style=\"border-collapse: collapse; width: 100%;\">\n<tbody>\n<tr>\n<td style=\"width: 100%; background-color: #a0ebce; text-align: center;\">\n<h4><span style=\"color: #000000;\"><strong>Cursos oficials a l&#8217;EOI Banyoles<\/strong><\/span><\/h4>\n<\/td>\n<\/tr>\n<\/tbody>\n<\/table>\n<p style=\"text-align: justify;\">Els cursos que actualment ofereix l&#8217;EOI de Banyoles s\u00f3n extensius, i.e., de <strong>130 hores de setembre a juny<\/strong>. Les classes s\u00f3n de <strong>dues hores i quart dos dies a la setmana<\/strong> (dilluns i dimecres a la tarda o dimarts i dijous a la tarda).<\/p>\n<p align=\"left\">Els nivells i idiomes que l&#8217;EOI de Banyoles imparteix s\u00f3n els seg\u00fcents:<\/p>\n<table style=\"border-collapse: collapse; width: 100%;\">\n<tbody>\n<tr>\n<td style=\"width: 33.3333%; text-align: center; background-color: #73a0f5;\">\n<h5><span style=\"color: #000000;\"><strong>ANGL\u00c8S<\/strong><\/span><\/h5>\n<\/td>\n<td style=\"width: 33.3333%; text-align: center; background-color: #73a0f5;\">\n<h5><span style=\"color: #000000;\"><strong>FRANC\u00c8S<\/strong><\/span><\/h5>\n<\/td>\n<td style=\"width: 33.3333%; background-color: #73a0f5; text-align: center;\">\n<h5><span style=\"color: #000000;\"><strong>NIVELL<\/strong><\/span><\/h5>\n<\/td>\n<\/tr>\n<tr>\n<td style=\"width: 33.3333%; text-align: center; background-color: #cfedfc;\">\n<h5><span style=\"color: #000000;\">A1<\/span><\/h5>\n<\/td>\n<td style=\"width: 33.3333%; text-align: center; background-color: #cfedfc;\">\n<h5><span style=\"color: #000000;\">A1<\/span><\/h5>\n<\/td>\n<td style=\"width: 33.3333%; text-align: center; background-color: #cfedfc;\">\n<h5><span style=\"color: #000000;\">b\u00e0sic<\/span><\/h5>\n<\/td>\n<\/tr>\n<tr>\n<td style=\"width: 33.3333%; text-align: center; background-color: #e8f4fa;\">\n<h5><span style=\"color: #000000;\">A2<\/span><\/h5>\n<\/td>\n<td style=\"width: 33.3333%; text-align: center; background-color: #e8f4fa;\">\n<h5><span style=\"color: #000000;\">A2<\/span><\/h5>\n<\/td>\n<td style=\"width: 33.3333%; text-align: center; background-color: #e8f4fa;\">\n<h5><span style=\"color: #000000;\">b\u00e0sic<\/span><\/h5>\n<\/td>\n<\/tr>\n<tr>\n<td style=\"width: 33.3333%; text-align: center; background-color: #cfedfc;\">\n<h5><span style=\"color: #000000;\">B1<\/span><\/h5>\n<\/td>\n<td style=\"width: 33.3333%; text-align: center; background-color: #cfedfc;\">\n<h5><span style=\"color: #000000;\">B1*<\/span><\/h5>\n<\/td>\n<td style=\"width: 33.3333%; text-align: center; background-color: #cfedfc;\">\n<h5><span style=\"color: #000000;\">intermedi<\/span><\/h5>\n<\/td>\n<\/tr>\n<tr>\n<td style=\"width: 33.3333%; text-align: center; background-color: #e8f4fa;\">\n<h5><span style=\"color: #000000;\">B2.1<\/span><\/h5>\n<\/td>\n<td style=\"width: 33.3333%; text-align: center; background-color: #e8f4fa;\">\n<h5><span style=\"color: #000000;\">&#8212;<\/span><\/h5>\n<\/td>\n<td style=\"width: 33.3333%; text-align: center; background-color: #e8f4fa;\">\n<h5><span style=\"color: #000000;\">intermedi<\/span><\/h5>\n<\/td>\n<\/tr>\n<tr>\n<td style=\"width: 33.3333%; text-align: center; background-color: #cfedfc;\">\n<h5><span style=\"color: #000000;\">B2.2<\/span><\/h5>\n<\/td>\n<td style=\"width: 33.3333%; text-align: center; background-color: #cfedfc;\">\n<h5><span style=\"color: #000000;\">&#8212;<\/span><\/h5>\n<\/td>\n<td style=\"width: 33.3333%; text-align: center; background-color: #cfedfc;\">\n<h5><span style=\"color: #000000;\">intermedi<\/span><\/h5>\n<\/td>\n<\/tr>\n<tr>\n<td style=\"width: 33.3333%; text-align: center; background-color: #e8f4fa;\">\n<h5><span style=\"color: #000000;\">C1<\/span><\/h5>\n<\/td>\n<td style=\"width: 33.3333%; text-align: center; background-color: #e8f4fa;\">\n<h5><span style=\"color: #000000;\">&#8212;<\/span><\/h5>\n<\/td>\n<td style=\"width: 33.3333%; text-align: center; background-color: #e8f4fa;\">\n<h5><span style=\"color: #000000;\">avan\u00e7at<\/span><\/h5>\n<\/td>\n<\/tr>\n<\/tbody>\n<\/table>\n<p style=\"text-align: justify;\" align=\"left\">*L&#8217;alumnat de franc\u00e8s que vulgui continuar els estudis d&#8217;aquesta llengua durant l&#8217;any immediatament posterior a haver cursat i aprovat B1 tindr\u00e0 prefer\u00e8ncia per matricular-se a B2.1 a l&#8217;EOI de Girona. Ho podr\u00e0 fer com a `antic alumnat\u00b4 durant el juliol dins el per\u00edode indicat.<\/p>\n<p>&nbsp;<\/p>\n<table style=\"border-collapse: collapse; width: 100%;\">\n<tbody>\n<tr>\n<td style=\"width: 100%; background-color: #a0ebce; text-align: center;\">\n<h4><span style=\"color: #000000;\"><strong>Horari de classe <\/strong><\/span><\/h4>\n<h4><span style=\"color: #000000;\"><strong>(per angl\u00e8s cliqueu <a style=\"color: #000000;\" href=\"https:\/\/agora-eoi.xtec.cat\/eoibanyoles\/angles\/horaris\/\" target=\"_blank\" rel=\"noopener\">AQU\u00cd<\/a> i per franc\u00e8s <a style=\"color: #000000;\" href=\"https:\/\/agora-eoi.xtec.cat\/eoibanyoles\/frances\/horaris\/\" target=\"_blank\" rel=\"noopener\">AQU\u00cd<\/a>)<\/strong><\/span><\/h4>\n<\/td>\n<\/tr>\n<\/tbody>\n<\/table>\n<p style=\"text-align: justify;\">Totes les classes es fan en horari de tarda-vespre. La franja hor\u00e0ria de classe \u00e9s de 16.15 a 18.30 o de 18.45 a 21.00 hores. La tria de l\u2019horari de classe es fa en el moment de formalitzar la matr\u00edcula, segons el torn d\u2019horari establert en el sorteig.<\/p>\n<p>&nbsp;<\/p>\n<table style=\"border-collapse: collapse; width: 100%;\">\n<tbody>\n<tr>\n<td style=\"width: 100%; background-color: #a0ebce; text-align: center;\">\n<h4><span style=\"color: #000000;\"><strong>Programa d&#8217;estudis<\/strong><\/span><\/h4>\n<\/td>\n<\/tr>\n<\/tbody>\n<\/table>\n<p style=\"text-align: justify;\">La LOE (Llei Org\u00e0nica d\u2019Educaci\u00f3 2\/2006, de 3 de maig) estableix una nova ordenaci\u00f3 del programa d\u2019estudis de les escoles oficials d\u2019idiomes, que queda dividit en tres nivells, que corresponen als nivells definits en el MECR (Marc europeu com\u00fa de refer\u00e8ncia per a les lleng\u00fces).<\/p>\n<p>Els ensenyaments especialitzats d&#8217;idiomes s&#8217;imparteixen en 8 cursos:<\/p>\n<p>&nbsp;<\/p>\n<table style=\"width: 100.081%; height: 297px;\" border=\"1\" cellspacing=\"1\" cellpadding=\"1\">\n<tbody>\n<tr style=\"height: 33px;\">\n<td style=\"text-align: center; background-color: #73a0f5; width: 19.8492%; height: 33px;\">\n<h5><span style=\"color: #000000;\"><strong>CURSOS<\/strong><\/span><\/h5>\n<\/td>\n<td style=\"text-align: center; background-color: #73a0f5; width: 36.6834%; height: 33px;\">\n<h5><span style=\"color: #000000;\"><strong>NIVELL<\/strong><\/span><\/h5>\n<\/td>\n<td style=\"text-align: center; background-color: #73a0f5; width: 185.008%; height: 33px;\">\n<h5><span style=\"color: #000000;\"><strong>EQUIVAL\u00c8NCIA MECR<\/strong><\/span><\/h5>\n<\/td>\n<\/tr>\n<tr style=\"height: 33px;\">\n<td style=\"text-align: center; background-color: #cfedfc; width: 19.8492%; height: 33px;\">\n<h5><span style=\"color: #000000;\">A1<\/span><\/h5>\n<\/td>\n<td style=\"text-align: center; background-color: #cfedfc; width: 36.6834%; height: 66px;\" rowspan=\"2\">\n<h5><span style=\"color: #000000;\">b\u00e0sic<\/span><\/h5>\n<\/td>\n<td style=\"text-align: center; background-color: #cfedfc; width: 185.008%; height: 33px;\">\n<h5><span style=\"color: #000000;\">A1<\/span><\/h5>\n<\/td>\n<\/tr>\n<tr style=\"height: 33px;\">\n<td style=\"text-align: center; background-color: #cfedfc; width: 19.8492%; height: 33px;\">\n<h5><span style=\"color: #000000;\">A2<\/span><\/h5>\n<\/td>\n<td style=\"text-align: center; background-color: #cfedfc; width: 185.008%; height: 33px;\">\n<h5><span style=\"color: #000000;\">A2<\/span><\/h5>\n<\/td>\n<\/tr>\n<tr style=\"height: 33px;\">\n<td style=\"text-align: center; background-color: #e8f4fa; width: 19.8492%; height: 33px;\">\n<h5><span style=\"color: #000000;\">B1<\/span><\/h5>\n<\/td>\n<td style=\"text-align: center; background-color: #e8f4fa; width: 36.6834%; height: 33px;\" rowspan=\"3\">\n<h5><span style=\"color: #000000;\">intermedi<\/span><\/h5>\n<\/td>\n<td style=\"text-align: center; background-color: #e8f4fa; width: 185.008%; height: 33px;\">\n<h5><span style=\"color: #000000;\">B1<\/span><\/h5>\n<\/td>\n<\/tr>\n<tr style=\"height: 33px;\">\n<td style=\"text-align: center; background-color: #e8f4fa; width: 19.8492%; height: 33px;\">\n<h5><span style=\"color: #000000;\">B2.1<\/span><\/h5>\n<\/td>\n<td style=\"text-align: center; background-color: #e8f4fa; width: 185.008%; height: 66px;\" rowspan=\"2\">\n<h5><span style=\"color: #000000;\">B2<\/span><\/h5>\n<\/td>\n<\/tr>\n<tr style=\"height: 33px;\">\n<td style=\"text-align: center; background-color: #e8f4fa; width: 19.8492%; height: 33px;\">\n<h5><span style=\"color: #000000;\">B2.2<\/span><\/h5>\n<\/td>\n<\/tr>\n<tr style=\"height: 33px;\">\n<td style=\"text-align: center; background-color: #cfedfc; width: 19.8492%; height: 33px;\">\n<h5><span style=\"color: #000000;\">C1<\/span><\/h5>\n<\/td>\n<td style=\"text-align: center; background-color: #cfedfc; width: 36.6834%; height: 33px;\" rowspan=\"3\">\n<h5><span style=\"color: #000000;\">avan\u00e7at<\/span><\/h5>\n<\/td>\n<td style=\"text-align: center; background-color: #cfedfc; width: 185.008%; height: 33px;\">\n<h5><span style=\"color: #000000;\">C1<\/span><\/h5>\n<\/td>\n<\/tr>\n<tr style=\"height: 33px;\">\n<td style=\"text-align: center; background-color: #cfedfc; width: 19.8492%; height: 33px;\">\n<h5><span style=\"color: #000000;\">C2.1<\/span><\/h5>\n<\/td>\n<td style=\"text-align: center; background-color: #cfedfc; width: 185.008%; height: 66px;\" rowspan=\"2\">\n<h5><span style=\"color: #000000;\">C2<\/span><\/h5>\n<\/td>\n<\/tr>\n<tr style=\"height: 33px;\">\n<td style=\"text-align: center; background-color: #cfedfc; width: 19.8492%; height: 33px;\">\n<h5><span style=\"color: #000000;\">C2.2<\/span><\/h5>\n<\/td>\n<\/tr>\n<\/tbody>\n<\/table>\n<p style=\"text-align: justify;\">Els nivells dels dos certificats d&#8217;escola oficial d&#8217;idiomes poden comparar-se als nivells descrits en els documents publicats pel Consell d&#8217;Europa, en especial el Marc europeu de refer\u00e8ncia. Al final del nivell intermedi i del nivell avan\u00e7at els alumnes han de superar una prova de certificat, dissenyada des del Centre de Recursos de Lleng\u00fces Estrangeres del Departament d&#8217;Ensenyament de la Generalitat (\u00c0rea de Certificacions), amb uns criteris unificats per a tota Catalunya.<\/p>\n<p style=\"text-align: justify;\">Els alumnes que obtenen al certificat de <strong>nivell intermedi<\/strong> es poden considerar dins la franja B1-B2 del Consell d&#8217;Europa &#8211; usuari independent.<\/p>\n<p style=\"text-align: justify;\">Els alumnes que obtenen al certificat de <strong>nivell avan\u00e7at<\/strong> es poden situar dins la franja C1-C2 del Consell d&#8217;Europa, el nivell considerat avan\u00e7at dins de la definici\u00f3 d&#8217;usuari independent.<\/p>\n<p>&nbsp;<\/p>\n<table style=\"border-collapse: collapse; width: 100%;\">\n<tbody>\n<tr>\n<td style=\"width: 100%; background-color: #a0ebce; text-align: center;\">\n<h4><span style=\"color: #000000;\"><strong>Pla d&#8217;estudis<\/strong><\/span><\/h4>\n<\/td>\n<\/tr>\n<\/tbody>\n<\/table>\n<p style=\"text-align: justify;\">El pla d&#8217;estudis de les EOI desenvolupa la finalitat dels ensenyaments d&#8217;idiomes que s&#8217;hi imparteixen, que \u00e9s la capacitat de l&#8217;alumnat en l&#8217;\u00fas efectiu de l&#8217;idioma com a vehicle de comunicaci\u00f3 general.<\/p>\n<p>Per assolir aquesta finalitat, a les EOI es treballa per tal que l&#8217;alumnat:<\/p>\n<ul>\n<li>Adquireixi les habilitats b\u00e0siques receptives i productives, tant del llenguatge oral com de l&#8217;escrit;<\/li>\n<li>Desenvolupi estrat\u00e8gies comunicatives en diferents \u00e0rees de comunicaci\u00f3;<\/li>\n<li>Desenvolupi estrat\u00e8gies per a l&#8217;aprenentatge aut\u00f2nom i continu de lleng\u00fces, que puguin facilitar l&#8217;\u00fas de l&#8217;idioma en l&#8217;exercici d&#8217;activitats professionals i en altres \u00e0mbits de la cultura o d&#8217;inter\u00e8s personal;<\/li>\n<li>Desenvolupi actituds positives envers la diversitat ling\u00fc\u00edstica i el pluralisme cultural del m\u00f3n actual.<\/li>\n<\/ul>\n<p>&nbsp;<\/p>\n<table style=\"border-collapse: collapse; width: 100%;\">\n<tbody>\n<tr>\n<td style=\"width: 100%; background-color: #a0ebce; text-align: center;\">\n<h4><span style=\"color: #000000;\"><strong>Cursos i grups per idioma i nivell<\/strong><\/span><\/h4>\n<\/td>\n<\/tr>\n<\/tbody>\n<\/table>\n<p>Cursos i grups per idioma i nivell que s&#8217;ofereixen a l&#8217;EOI Banyoles.<\/p>\n<table style=\"width: 100.31%; height: 165px;\" border=\"1\" cellspacing=\"1\" cellpadding=\"1\">\n<tbody>\n<tr style=\"height: 33px;\">\n<td style=\"height: 33px; background-color: #73a0f5; width: 20.1511%;\"><\/td>\n<td style=\"height: 33px; background-color: #73a0f5; width: 19.1436%; text-align: center;\" colspan=\"2\">\n<h5><span style=\"color: #000000;\"><strong>NIVELL B\u00c0SIC<\/strong><\/span><\/h5>\n<\/td>\n<td style=\"height: 33px; background-color: #73a0f5; width: 24.4332%; text-align: center;\">\n<h5><span style=\"color: #000000;\"><strong>NIVELL INTERMEDI<\/strong><\/span><\/h5>\n<\/td>\n<td style=\"height: 33px; background-color: #73a0f5; width: 25.189%; text-align: center;\" colspan=\"2\">\n<h5><span style=\"color: #000000;\"><strong>NIVELL AVAN\u00c7AT<\/strong><\/span><\/h5>\n<\/td>\n<td style=\"height: 33px; background-color: #73a0f5; width: 112.867%; text-align: center;\">\n<h5><span style=\"color: #000000;\"><strong>C1<\/strong><\/span><\/h5>\n<\/td>\n<\/tr>\n<tr style=\"height: 33px;\">\n<td style=\"height: 33px; width: 20.1511%; background-color: #cfedfc;\">\n<h5><span style=\"color: #000000;\"><strong>CURSOS<\/strong><\/span><\/h5>\n<\/td>\n<td style=\"text-align: center; height: 33px; width: 9.57179%; background-color: #cfedfc;\">\n<h5><span style=\"color: #000000;\"><strong>A1<\/strong><\/span><\/h5>\n<\/td>\n<td style=\"text-align: center; height: 33px; width: 9.57179%; background-color: #cfedfc;\">\n<h5><span style=\"color: #000000;\"><strong>A2<\/strong><\/span><\/h5>\n<\/td>\n<td style=\"text-align: center; height: 33px; width: 24.4332%; background-color: #cfedfc;\">\n<h5><span style=\"color: #000000;\"><strong>B1<\/strong><\/span><\/h5>\n<\/td>\n<td style=\"text-align: center; height: 33px; width: 12.5945%; background-color: #cfedfc;\">\n<h5><span style=\"color: #000000;\"><strong>B2.1<\/strong><\/span><\/h5>\n<\/td>\n<td style=\"text-align: center; height: 33px; width: 12.5945%; background-color: #cfedfc;\">\n<h5><span style=\"color: #000000;\"><strong>B2.2<\/strong><\/span><\/h5>\n<\/td>\n<td style=\"text-align: center; height: 33px; width: 112.867%; background-color: #cfedfc;\">\n<h5><span style=\"color: #000000;\"><strong>C1<\/strong><\/span><\/h5>\n<\/td>\n<\/tr>\n<tr style=\"height: 33px;\">\n<td style=\"height: 33px; width: 20.1511%; background-color: #73a0f5;\">\n<h5><span style=\"color: #000000;\"><strong>Idioma<\/strong><\/span><\/h5>\n<\/td>\n<td style=\"height: 33px; width: 181.633%; text-align: center; background-color: #73a0f5;\" colspan=\"6\">\n<h5><span style=\"color: #000000;\"><strong>Grups per nivells<\/strong><\/span><\/h5>\n<\/td>\n<\/tr>\n<tr style=\"height: 33px;\">\n<td style=\"height: 33px; width: 20.1511%; background-color: #cfedfc;\">\n<h5><span style=\"color: #000000;\">Angl\u00e8s<\/span><\/h5>\n<\/td>\n<td style=\"text-align: center; height: 33px; width: 9.57179%; background-color: #cfedfc;\">\n<h5><span style=\"color: #000000;\">1<\/span><\/h5>\n<\/td>\n<td style=\"text-align: center; height: 33px; width: 9.57179%; background-color: #cfedfc;\">\n<h5><span style=\"color: #000000;\">1<\/span><\/h5>\n<\/td>\n<td style=\"text-align: center; height: 33px; width: 24.4332%; background-color: #cfedfc;\">\n<h5><span style=\"color: #000000;\">2<\/span><\/h5>\n<\/td>\n<td style=\"text-align: center; height: 33px; width: 12.5945%; background-color: #cfedfc;\">\n<h5><span style=\"color: #000000;\">2<\/span><\/h5>\n<\/td>\n<td style=\"text-align: center; height: 33px; width: 12.5945%; background-color: #cfedfc;\">\n<h5><span style=\"color: #000000;\">2<\/span><\/h5>\n<\/td>\n<td style=\"text-align: center; height: 33px; width: 112.867%; background-color: #cfedfc;\">\n<h5><span style=\"color: #000000;\">2<\/span><\/h5>\n<\/td>\n<\/tr>\n<tr style=\"height: 33px;\">\n<td style=\"height: 33px; width: 20.1511%; background-color: #e8f4fa;\">\n<h5><span style=\"color: #000000;\">Franc\u00e8s<\/span><\/h5>\n<\/td>\n<td style=\"text-align: center; height: 33px; width: 9.57179%; background-color: #e8f4fa;\">\n<h5><span style=\"color: #000000;\">1<\/span><\/h5>\n<\/td>\n<td style=\"text-align: center; height: 33px; width: 9.57179%; background-color: #e8f4fa;\">\n<h5><span style=\"color: #000000;\">1<\/span><\/h5>\n<\/td>\n<td style=\"text-align: center; height: 33px; width: 24.4332%; background-color: #e8f4fa;\">\n<h5><span style=\"color: #000000;\">1<\/span><\/h5>\n<\/td>\n<td style=\"text-align: center; height: 33px; width: 12.5945%; background-color: #e8f4fa;\">\n<h5><span style=\"color: #000000;\">&#8212;<\/span><\/h5>\n<\/td>\n<td style=\"text-align: center; height: 33px; width: 12.5945%; background-color: #e8f4fa;\">\n<h5><span style=\"color: #000000;\">&#8212;<\/span><\/h5>\n<\/td>\n<td style=\"text-align: center; height: 33px; width: 112.867%; background-color: #e8f4fa;\">\n<h5><span style=\"color: #000000;\">&#8212;<\/span><\/h5>\n<\/td>\n<\/tr>\n<\/tbody>\n<\/table>\n","protected":false},"excerpt":{"rendered":"<p>Cursos oficials a l&#8217;EOI Banyoles Els cursos que actualment ofereix l&#8217;EOI de Banyoles s\u00f3n extensius, i.e., de 130 hores de setembre a juny. Les classes s\u00f3n de dues hores i quart dos dies a la setmana (dilluns i dimecres a la tarda o dimarts i dijous a la tarda). Els nivells i idiomes que l&#8217;EOI [&hellip;]<\/p>\n","protected":false},"author":1,"featured_media":0,"parent":8149,"menu_order":10,"comment_status":"closed","ping_status":"closed","template":"","meta":{"_bbp_topic_count":0,"_bbp_reply_count":0,"_bbp_total_topic_count":0,"_bbp_total_reply_count":0,"_bbp_voice_count":0,"_bbp_anonymous_reply_count":0,"_bbp_topic_count_hidden":0,"_bbp_reply_count_hidden":0,"_bbp_forum_subforum_count":0,"site-sidebar-layout":"default","site-content-layout":"","ast-site-content-layout":"default","site-content-style":"default","site-sidebar-style":"default","ast-global-header-display":"","ast-banner-title-visibility":"","ast-main-header-display":"","ast-hfb-above-header-display":"","ast-hfb-below-header-display":"","ast-hfb-mobile-header-display":"","site-post-title":"","ast-breadcrumbs-content":"","ast-featured-img":"","footer-sml-layout":"","theme-transparent-header-meta":"default","adv-header-id-meta":"","stick-header-meta":"","header-above-stick-meta":"","header-main-stick-meta":"","header-below-stick-meta":"","astra-migrate-meta-layouts":"set","ast-page-background-enabled":"default","ast-page-background-meta":{"desktop":{"background-color":"var(--ast-global-color-4)","background-image":"","background-repeat":"repeat","background-position":"center center","background-size":"auto","background-attachment":"scroll","background-type":"","background-media":"","overlay-type":"","overlay-color":"","overlay-opacity":"","overlay-gradient":""},"tablet":{"background-color":"","background-image":"","background-repeat":"repeat","background-position":"center center","background-size":"auto","background-attachment":"scroll","background-type":"","background-media":"","overlay-type":"","overlay-color":"","overlay-opacity":"","overlay-gradient":""},"mobile":{"background-color":"","background-image":"","background-repeat":"repeat","background-position":"center center","background-size":"auto","background-attachment":"scroll","background-type":"","background-media":"","overlay-type":"","overlay-color":"","overlay-opacity":"","overlay-gradient":""}},"ast-content-background-meta":{"desktop":{"background-color":"var(--ast-global-color-5)","background-image":"","background-repeat":"repeat","background-position":"center center","background-size":"auto","background-attachment":"scroll","background-type":"","background-media":"","overlay-type":"","overlay-color":"","overlay-opacity":"","overlay-gradient":""},"tablet":{"background-color":"var(--ast-global-color-5)","background-image":"","background-repeat":"repeat","background-position":"center center","background-size":"auto","background-attachment":"scroll","background-type":"","background-media":"","overlay-type":"","overlay-color":"","overlay-opacity":"","overlay-gradient":""},"mobile":{"background-color":"var(--ast-global-color-5)","background-image":"","background-repeat":"repeat","background-position":"center center","background-size":"auto","background-attachment":"scroll","background-type":"","background-media":"","overlay-type":"","overlay-color":"","overlay-opacity":"","overlay-gradient":""}},"footnotes":""},"class_list":["post-8151","page","type-page","status-publish","hentry"],"post_mailing_queue_ids":[],"_links":{"self":[{"href":"https:\/\/agora-eoi.xtec.cat\/eoibanyoles\/wp-json\/wp\/v2\/pages\/8151","targetHints":{"allow":["GET"]}}],"collection":[{"href":"https:\/\/agora-eoi.xtec.cat\/eoibanyoles\/wp-json\/wp\/v2\/pages"}],"about":[{"href":"https:\/\/agora-eoi.xtec.cat\/eoibanyoles\/wp-json\/wp\/v2\/types\/page"}],"author":[{"embeddable":true,"href":"https:\/\/agora-eoi.xtec.cat\/eoibanyoles\/wp-json\/wp\/v2\/users\/1"}],"replies":[{"embeddable":true,"href":"https:\/\/agora-eoi.xtec.cat\/eoibanyoles\/wp-json\/wp\/v2\/comments?post=8151"}],"version-history":[{"count":7,"href":"https:\/\/agora-eoi.xtec.cat\/eoibanyoles\/wp-json\/wp\/v2\/pages\/8151\/revisions"}],"predecessor-version":[{"id":13343,"href":"https:\/\/agora-eoi.xtec.cat\/eoibanyoles\/wp-json\/wp\/v2\/pages\/8151\/revisions\/13343"}],"up":[{"embeddable":true,"href":"https:\/\/agora-eoi.xtec.cat\/eoibanyoles\/wp-json\/wp\/v2\/pages\/8149"}],"wp:attachment":[{"href":"https:\/\/agora-eoi.xtec.cat\/eoibanyoles\/wp-json\/wp\/v2\/media?parent=8151"}],"curies":[{"name":"wp","href":"https:\/\/api.w.org\/{rel}","templated":true}]}}