{"id":797,"date":"2015-11-28T21:06:57","date_gmt":"2015-11-28T20:06:57","guid":{"rendered":"https:\/\/agora-eoi.xtec.cat\/eoibanyoles\/?page_id=797"},"modified":"2024-06-11T20:10:22","modified_gmt":"2024-06-11T18:10:22","slug":"presentacio","status":"publish","type":"page","link":"https:\/\/agora-eoi.xtec.cat\/eoibanyoles\/el-servei-educatiu\/presentacio\/","title":{"rendered":"Presentaci\u00f3"},"content":{"rendered":"<table style=\"border-collapse: collapse; width: 100%;\">\n<tbody>\n<tr>\n<td style=\"width: 100%; background-color: #a0ebce; text-align: center;\">\n<h4><span style=\"color: #000000;\"><strong><span class=\"titols\">Escola Oficial d&#8217;Idiomes de Banyoles (EOI Banyoles)<\/span><\/strong><\/span><\/h4>\n<\/td>\n<\/tr>\n<\/tbody>\n<\/table>\n<h5 style=\"text-align: justify;\"><span style=\"color: #000000;\">L&#8217;<strong>Escola Oficial d&#8217;Idiomes de Banyoles<\/strong> es va inaugurar el setembre de 2005 per iniciativa del Departament d&#8217;Ensenyament de la Generalitat de Catalunya (Decret <span lang=\"JA\">GOV\/139\/2010, de 3 d\u2019agost<\/span><span lang=\"JA\">)<\/span>. Es troba en els locals que l&#8217;Ajuntament de Banyoles va cedir i que estan ubicats al C\/ Llibertat,\u00a0 155, 2n D-E.<\/span><\/h5>\n<h5 style=\"text-align: justify;\"><span style=\"color: #000000;\">L&#8217;EOI Banyoles \u00e9s un centre p\u00fablic, no universitari, d&#8217;ensenyament d&#8217;idiomes moderns que imparteix els ensenyaments especialitzats regulats per la Llei org\u00e0nica d&#8217;educaci\u00f3 (LOE) i dep\u00e8n de la Direcci\u00f3 General d&#8217;Educaci\u00f3 Inclusiva i Lleng\u00fces. Actualment s&#8217;hi ofereix angl\u00e8s (nivells d&#8217;A1 a C1) i franc\u00e8s (nivells d&#8217;A1 a B1).<\/span><\/h5>\n<h5 style=\"text-align: justify;\"><span style=\"color: #000000;\">Les escoles oficials d&#8217;idiomes tamb\u00e9 gestionen les certificacions acad\u00e8miques corresponents a aquests ensenyaments especialitzats. <strong>Aquestes certificacions s\u00f3n reconegudes arreu de l&#8217;Estat espanyol, s\u00f3n les \u00faniques oficials<\/strong>, estan validades pel Consell d&#8217;Europa per mitj\u00e0 del Marc Europeu de Refer\u00e8ncia i es poden obtenir tant en convocat\u00f2ria oficial, com en convocat\u00f2ria lliure.<\/span><\/h5>\n<h5 style=\"text-align: justify;\"><\/h5>\n<table style=\"border-collapse: collapse; width: 100%;\">\n<tbody>\n<tr>\n<td style=\"width: 100%; background-color: #a0ebce; text-align: center;\">\n<h4><span style=\"color: #000000;\"><strong><span class=\"titols\">Marc legal de les EOI<\/span><\/strong><\/span><\/h4>\n<\/td>\n<\/tr>\n<\/tbody>\n<\/table>\n<h5><span style=\"color: #000000;\">Els ensenyaments de les EOI a Catalunya s\u2019inscriuen en el marc legal administratiu establert en els seg\u00fcents documents:<\/span><\/h5>\n<ul>\n<li>\n<h5><span style=\"color: #000000;\">Llei Org\u00e0nica 2\/2006, de 3 de maig, d\u2019educaci\u00f3 (BOE 106, de 04\/05\/2006)<\/span><\/h5>\n<\/li>\n<li>\n<h5><span style=\"color: #000000;\"><a style=\"color: #000000;\" href=\"http:\/\/dogc.gencat.cat\/ca\/pdogc_canals_interns\/pdogc_resultats_fitxa\/?documentId=480169&amp;language=ca_ES&amp;action=fitxa\" target=\"_blank\" rel=\"noopener noreferrer\">Llei 12\/2009, de 10 de juliol, d\u2019educaci\u00f3\u00a0<\/a><\/span><\/h5>\n<\/li>\n<li>\n<h5><span style=\"color: #000000;\">Llei Org\u00e0nica per a la millora de la qualitat educativa, 8\/2013 de 9 de desembre (LOMCE).<\/span><\/h5>\n<\/li>\n<li>\n<h5><span style=\"color: #000000;\"><a style=\"color: #000000;\" href=\"http:\/\/xtec.gencat.cat\/ca\/curriculum\/idiomes-a-les-eoi\/curriculum\/\" target=\"_blank\" rel=\"noopener\">Decret 45\/2022<\/a>, de 15 de mar\u00e7,\u00a0pel qual s\u2019estableix l\u2019ordenaci\u00f3 dels ensenyaments d\u2019idiomes de r\u00e8gim especial i el curr\u00edculum del nivell Intermedi de diversos idiomes.<\/span><\/h5>\n<\/li>\n<li>\n<h5><span style=\"color: #000000;\"><a style=\"color: #000000;\" href=\"https:\/\/www.boe.es\/buscar\/doc.php?id=BOE-A-2017-15367\" target=\"_blank\" rel=\"noopener\">Reial Decret 1041\/2017<\/a>, de 22 de desembre, pel qual es fixen les exig\u00e8ncies m\u00ednimes del nivell b\u00e0sic a l\u2019efecte de certificaci\u00f3, s\u2019estableix el curr\u00edculum b\u00e0sic dels nivells intermedi B1, intermedi B2, avan\u00e7at C1 i avan\u00e7at C2, dels ensenyaments d\u2019idiomes de r\u00e8gim especial.<\/span><\/h5>\n<\/li>\n<li>\n<h5><span style=\"color: #000000;\"><a style=\"color: #000000;\" href=\"https:\/\/www.boe.es\/diario_boe\/txt.php?id=BOE-A-2019-317\" target=\"_blank\" rel=\"noopener\">Reial Decret 1\/2019<\/a>, d\u201911 de gener, pel qual s\u2019estableixen els principis b\u00e0sics comuns d\u2019avaluaci\u00f3 aplicables a les proves de certificaci\u00f3 oficials dels nivells Intermedi B1, Intermedi B2, Avan\u00e7at C1 i Avan\u00e7at C2 dels ensenyaments d\u2019idiomes de r\u00e8gim especial.<\/span><\/h5>\n<\/li>\n<\/ul>\n<p>&nbsp;<\/p>\n<table style=\"border-collapse: collapse; width: 100%;\">\n<tbody>\n<tr>\n<td style=\"width: 100%; background-color: #a0ebce; text-align: center;\">\n<h4><span style=\"color: #000000;\"><strong><span class=\"titols\">Marc europeu com\u00fa de refer\u00e8ncia per a les lleng\u00fces<\/span><\/strong><\/span><\/h4>\n<\/td>\n<\/tr>\n<\/tbody>\n<\/table>\n<h5 style=\"text-align: justify;\"><span style=\"color: #000000;\">El pla d&#8217;estudis a les EOI s&#8217;estructura en tres nivells segons el nou curr\u00edculum dels ensenyaments d&#8217;idiomes establert a la LOE (Llei Org\u00e0nica d\u2019Educaci\u00f3 2\/2006, de 3 de maig). Poden comparar-se amb els nivells descrits pel Marc Europeu de Refer\u00e8ncia publicat pel Consell d&#8217;Europa.<\/span><\/h5>\n<ul style=\"text-align: justify;\">\n<li>\n<h5><span style=\"color: #000000;\"><a style=\"color: #000000;\" href=\"http:\/\/xtec.gencat.cat\/ca\/curriculum\/idiomes-a-les-eoi\/certificats\/\" target=\"_blank\" rel=\"noopener\">El Marc europeu com\u00fa de refer\u00e8ncia a les EOIs de Catalunya<\/a><\/span><\/h5>\n<\/li>\n<li>\n<h5><span style=\"color: #000000;\"><a style=\"color: #000000;\" href=\"http:\/\/www.coe.int\/en\/web\/portfolio\" target=\"_blank\" rel=\"noopener\">European Language Portfolio<\/a><\/span><\/h5>\n<\/li>\n<li>\n<h5><span style=\"color: #000000;\"><a style=\"color: #000000;\" href=\"http:\/\/www.ecml.at\/mtp2\/fte\/pdf\/C3_Epostl_E.pdf\" target=\"_blank\" rel=\"noopener\">Portfolio per als professors d&#8217;idiomes<\/a><\/span><\/h5>\n<\/li>\n<li>\n<h5><span style=\"color: #000000;\"><a style=\"color: #000000;\" href=\"http:\/\/www.coe.int\/t\/dg4\/linguistic\/Manuel1_EN.asp#TopOfPage\" target=\"_blank\" rel=\"noopener\">Manual per a relacionar ex\u00e0mens amb el Marc Com\u00fa de Refer\u00e8ncia<\/a><\/span><\/h5>\n<\/li>\n<\/ul>\n<h5 style=\"text-align: justify;\"><\/h5>\n<table style=\"border-collapse: collapse; width: 100%;\">\n<tbody>\n<tr>\n<td style=\"width: 100%; background-color: #a0ebce; text-align: center;\">\n<h4><span style=\"color: #000000;\"><strong>Idiomes a les EOI<\/strong><\/span><\/h4>\n<\/td>\n<\/tr>\n<\/tbody>\n<\/table>\n<h5><span style=\"color: #000000;\">Podreu trobar m\u00e9s informaci\u00f3 sobre els idiomes a les EOI en el v\u00eddeo clicant <a style=\"color: #000000;\" href=\"https:\/\/triaeducativa.gencat.cat\/ca\/idiomes\/\" target=\"_blank\" rel=\"noopener\">AQU\u00cd<\/a>.<\/span><\/h5>\n","protected":false},"excerpt":{"rendered":"<p>Escola Oficial d&#8217;Idiomes de Banyoles (EOI Banyoles) L&#8217;Escola Oficial d&#8217;Idiomes de Banyoles es va inaugurar el setembre de 2005 per iniciativa del Departament d&#8217;Ensenyament de la Generalitat de Catalunya (Decret GOV\/139\/2010, de 3 d\u2019agost). Es troba en els locals que l&#8217;Ajuntament de Banyoles va cedir i que estan ubicats al C\/ Llibertat,\u00a0 155, 2n D-E. [&hellip;]<\/p>\n","protected":false},"author":1,"featured_media":0,"parent":806,"menu_order":1,"comment_status":"closed","ping_status":"closed","template":"page-templates\/side-menu.php","meta":{"_bbp_topic_count":0,"_bbp_reply_count":0,"_bbp_total_topic_count":0,"_bbp_total_reply_count":0,"_bbp_voice_count":0,"_bbp_anonymous_reply_count":0,"_bbp_topic_count_hidden":0,"_bbp_reply_count_hidden":0,"_bbp_forum_subforum_count":0,"site-sidebar-layout":"default","site-content-layout":"","ast-site-content-layout":"","site-content-style":"default","site-sidebar-style":"default","ast-global-header-display":"","ast-banner-title-visibility":"","ast-main-header-display":"","ast-hfb-above-header-display":"","ast-hfb-below-header-display":"","ast-hfb-mobile-header-display":"","site-post-title":"","ast-breadcrumbs-content":"","ast-featured-img":"","footer-sml-layout":"","theme-transparent-header-meta":"","adv-header-id-meta":"","stick-header-meta":"","header-above-stick-meta":"","header-main-stick-meta":"","header-below-stick-meta":"","astra-migrate-meta-layouts":"default","ast-page-background-enabled":"default","ast-page-background-meta":{"desktop":{"background-color":"var(--ast-global-color-4)","background-image":"","background-repeat":"repeat","background-position":"center center","background-size":"auto","background-attachment":"scroll","background-type":"","background-media":"","overlay-type":"","overlay-color":"","overlay-opacity":"","overlay-gradient":""},"tablet":{"background-color":"","background-image":"","background-repeat":"repeat","background-position":"center center","background-size":"auto","background-attachment":"scroll","background-type":"","background-media":"","overlay-type":"","overlay-color":"","overlay-opacity":"","overlay-gradient":""},"mobile":{"background-color":"","background-image":"","background-repeat":"repeat","background-position":"center center","background-size":"auto","background-attachment":"scroll","background-type":"","background-media":"","overlay-type":"","overlay-color":"","overlay-opacity":"","overlay-gradient":""}},"ast-content-background-meta":{"desktop":{"background-color":"var(--ast-global-color-5)","background-image":"","background-repeat":"repeat","background-position":"center center","background-size":"auto","background-attachment":"scroll","background-type":"","background-media":"","overlay-type":"","overlay-color":"","overlay-opacity":"","overlay-gradient":""},"tablet":{"background-color":"var(--ast-global-color-5)","background-image":"","background-repeat":"repeat","background-position":"center center","background-size":"auto","background-attachment":"scroll","background-type":"","background-media":"","overlay-type":"","overlay-color":"","overlay-opacity":"","overlay-gradient":""},"mobile":{"background-color":"var(--ast-global-color-5)","background-image":"","background-repeat":"repeat","background-position":"center center","background-size":"auto","background-attachment":"scroll","background-type":"","background-media":"","overlay-type":"","overlay-color":"","overlay-opacity":"","overlay-gradient":""}},"footnotes":""},"class_list":["post-797","page","type-page","status-publish","hentry"],"post_mailing_queue_ids":[],"_links":{"self":[{"href":"https:\/\/agora-eoi.xtec.cat\/eoibanyoles\/wp-json\/wp\/v2\/pages\/797","targetHints":{"allow":["GET"]}}],"collection":[{"href":"https:\/\/agora-eoi.xtec.cat\/eoibanyoles\/wp-json\/wp\/v2\/pages"}],"about":[{"href":"https:\/\/agora-eoi.xtec.cat\/eoibanyoles\/wp-json\/wp\/v2\/types\/page"}],"author":[{"embeddable":true,"href":"https:\/\/agora-eoi.xtec.cat\/eoibanyoles\/wp-json\/wp\/v2\/users\/1"}],"replies":[{"embeddable":true,"href":"https:\/\/agora-eoi.xtec.cat\/eoibanyoles\/wp-json\/wp\/v2\/comments?post=797"}],"version-history":[{"count":6,"href":"https:\/\/agora-eoi.xtec.cat\/eoibanyoles\/wp-json\/wp\/v2\/pages\/797\/revisions"}],"predecessor-version":[{"id":12198,"href":"https:\/\/agora-eoi.xtec.cat\/eoibanyoles\/wp-json\/wp\/v2\/pages\/797\/revisions\/12198"}],"up":[{"embeddable":true,"href":"https:\/\/agora-eoi.xtec.cat\/eoibanyoles\/wp-json\/wp\/v2\/pages\/806"}],"wp:attachment":[{"href":"https:\/\/agora-eoi.xtec.cat\/eoibanyoles\/wp-json\/wp\/v2\/media?parent=797"}],"curies":[{"name":"wp","href":"https:\/\/api.w.org\/{rel}","templated":true}]}}