{"id":608,"date":"2015-11-27T10:04:51","date_gmt":"2015-11-27T09:04:51","guid":{"rendered":"https:\/\/agora-eoi.xtec.cat\/eoibanyoles\/?page_id=608"},"modified":"2026-01-08T16:41:15","modified_gmt":"2026-01-08T15:41:15","slug":"horari-i-calendari","status":"publish","type":"page","link":"https:\/\/agora-eoi.xtec.cat\/eoibanyoles\/el-servei-educatiu\/horari-i-calendari\/","title":{"rendered":"Horari i calendari"},"content":{"rendered":"<table style=\"border-collapse: collapse; width: 100%;\">\n<tbody>\n<tr>\n<td style=\"width: 100%; background-color: #a0ebce; text-align: center;\">\n<h4><span style=\"color: #000000;\"><strong><span class=\"titols\">Horari<\/span><\/strong><\/span><\/h4>\n<\/td>\n<\/tr>\n<\/tbody>\n<\/table>\n<table style=\"height: 274px; width: 100%; border-collapse: collapse; border-style: solid;\">\n<tbody>\n<tr style=\"height: 97px;\">\n<td style=\"width: 37.249%; background-color: #cfedfc; height: 97px; border-style: solid; text-align: center;\">\n<h4><span style=\"color: #000000;\"><strong><span class=\"titols\">22 setembre &#8211; 15 juny<\/span><\/strong><\/span><\/h4>\n<\/td>\n<td style=\"width: 62.751%; background-color: #cfedfc; height: 97px; border-style: solid;\">\n<h4 style=\"text-align: center;\"><span style=\"color: #000000;\">de dilluns a dijous: 15 h &#8211; 20.30 h\u00a0 \u00a0\/\u00a0 \u00a0 <\/span><span style=\"color: #000000;\">divendres: 9 h &#8211; 13 h<\/span><\/h4>\n<\/td>\n<\/tr>\n<tr style=\"height: 59px;\">\n<td style=\"width: 37.249%; background-color: #e8f4fa; height: 59px; border-style: solid; text-align: center;\">\n<h4><span style=\"color: #000000;\"><strong><span class=\"titols\">9 juny &#8211; 18 juliol<\/span><\/strong><\/span><\/h4>\n<\/td>\n<td style=\"width: 62.751%; background-color: #e8f4fa; height: 59px; border-style: solid;\">\n<h4 style=\"text-align: center;\"><span style=\"color: #000000;\">9 h &#8211; 13 h<\/span><\/h4>\n<\/td>\n<\/tr>\n<tr style=\"height: 59px;\">\n<td style=\"width: 37.249%; background-color: #cfedfc; height: 59px; border-style: solid; text-align: center;\">\n<h4><span style=\"color: #000000;\"><strong><span class=\"titols\">agost<\/span><\/strong><\/span><\/h4>\n<\/td>\n<td style=\"width: 62.751%; background-color: #cfedfc; height: 59px; border-style: solid;\">\n<h4 style=\"text-align: center;\"><span style=\"color: #000000;\">Tancat<\/span><\/h4>\n<\/td>\n<\/tr>\n<tr style=\"height: 59px;\">\n<td style=\"width: 37.249%; background-color: #e8f4fa; height: 59px; border-style: solid; text-align: center;\">\n<h4><span style=\"color: #000000;\"><strong><span class=\"titols\">1 setembre &#8211; 19 setembre<\/span><\/strong><\/span><\/h4>\n<\/td>\n<td style=\"width: 62.751%; background-color: #e8f4fa; height: 59px; border-style: solid;\">\n<h4 style=\"text-align: center;\"><span style=\"color: #000000;\">9 h &#8211; 13 h<\/span><\/h4>\n<\/td>\n<\/tr>\n<\/tbody>\n<\/table>\n<p>&nbsp;<\/p>\n<table style=\"border-collapse: collapse; width: 100%;\">\n<tbody>\n<tr>\n<td style=\"width: 100%; background-color: #a0ebce; text-align: center;\">\n<h4><span style=\"color: #000000;\"><strong><span class=\"titols\">Festes locals i dies de lliure disposici\u00f3 per al curs 2025-2026<\/span><\/strong><\/span><\/h4>\n<\/td>\n<\/tr>\n<\/tbody>\n<\/table>\n<h5 style=\"text-align: justify;\"><span style=\"color: #000000;\">L&#8217;escola romandr\u00e0 tancada al p\u00fablic, a part dels per\u00edodes de vacances escolars i dels dies de festes laborals oficials a Catalunya, els seg\u00fcents dies de festa local i de lliure disposici\u00f3:<\/span><\/h5>\n<p>&nbsp;<\/p>\n<table style=\"height: 383px; width: 100%; border-collapse: collapse; border-style: solid;\">\n<tbody>\n<tr style=\"height: 59px;\">\n<td style=\"width: 25%; background-color: #cfedfc; text-align: center; height: 59px; border-style: solid;\">\n<h4><strong><span style=\"color: #000000;\">2025<\/span><\/strong><\/h4>\n<\/td>\n<td style=\"width: 25%; background-color: #cfedfc; text-align: center; height: 59px; border-style: solid;\">\n<h4><span style=\"color: #000000;\">20 octubre<\/span><\/h4>\n<\/td>\n<td style=\"width: 50%; background-color: #cfedfc; text-align: center; height: 59px; border-style: solid;\">\n<h4><span style=\"color: #000000;\">festa local<\/span><\/h4>\n<\/td>\n<\/tr>\n<tr style=\"height: 59px;\">\n<td style=\"width: 25%; background-color: #cfedfc; text-align: center; height: 59px; border-style: solid;\">\n<h4><strong><span style=\"color: #000000;\">2025<\/span><\/strong><\/h4>\n<\/td>\n<td style=\"width: 25%; background-color: #cfedfc; text-align: center; height: 59px; border-style: solid;\">\n<h4><span style=\"color: #000000;\">5 desembre\u00a0<\/span><\/h4>\n<\/td>\n<td style=\"width: 50%; background-color: #cfedfc; text-align: center; height: 59px; border-style: solid;\">\n<h4><span style=\"color: #000000;\">festa de lliure disposici\u00f3<\/span><\/h4>\n<\/td>\n<\/tr>\n<tr style=\"height: 59px;\">\n<td style=\"width: 25%; background-color: #e8f4fa; text-align: center; height: 59px; border-style: solid;\">\n<h4><span style=\"color: #000000;\"><strong>2026<\/strong><\/span><\/h4>\n<\/td>\n<td style=\"width: 25%; background-color: #e8f4fa; text-align: center; height: 59px; border-style: solid;\">\n<h4><span style=\"color: #000000;\">13 febrer<\/span><\/h4>\n<\/td>\n<td style=\"width: 50%; background-color: #e8f4fa; text-align: center; height: 59px; border-style: solid;\">\n<h4><span style=\"color: #000000;\">festa de lliure disposici\u00f3<\/span><\/h4>\n<\/td>\n<\/tr>\n<tr style=\"height: 59px;\">\n<td style=\"width: 25%; text-align: center; background-color: #e8f4fa; height: 59px; border-style: solid;\">\n<h4><span style=\"color: #000000;\"><strong>2026<\/strong><\/span><\/h4>\n<\/td>\n<td style=\"width: 25%; text-align: center; background-color: #e8f4fa; height: 59px; border-style: solid;\">\n<h4><span style=\"color: #000000;\">16 febrer<\/span><\/h4>\n<\/td>\n<td style=\"width: 50%; text-align: center; background-color: #e8f4fa; height: 59px; border-style: solid;\">\n<h4><span style=\"color: #000000;\">festa de lliure disposici\u00f3<\/span><\/h4>\n<\/td>\n<\/tr>\n<tr style=\"height: 59px;\">\n<td style=\"width: 25%; background-color: #e8f4fa; text-align: center; height: 59px; border-style: solid;\">\n<h4><span style=\"color: #000000;\"><strong>2026<\/strong><\/span><\/h4>\n<\/td>\n<td style=\"width: 25%; background-color: #e8f4fa; text-align: center; height: 59px; border-style: solid;\">\n<h4><span style=\"color: #000000;\">12 mar\u00e7<\/span><\/h4>\n<\/td>\n<td style=\"width: 50%; background-color: #e8f4fa; text-align: center; height: 59px; border-style: solid;\">\n<h4><span style=\"color: #000000;\">en substituci\u00f3 del 18 de maig, la festa en els centres educatius de la comarca<\/span><\/h4>\n<\/td>\n<\/tr>\n<\/tbody>\n<\/table>\n<p>&nbsp;<\/p>\n<p><img loading=\"lazy\" decoding=\"async\" class=\" wp-image-8795 alignright\" src=\"https:\/\/agora-eoi.xtec.cat\/eoibanyoles\/wp-content\/uploads\/usu2302\/2015\/11\/Calendar-96.png\" alt=\"Calendar-96\" width=\"64\" height=\"64\" \/><\/p>\n","protected":false},"excerpt":{"rendered":"<p>Horari 22 setembre &#8211; 15 juny de dilluns a dijous: 15 h &#8211; 20.30 h\u00a0 \u00a0\/\u00a0 \u00a0 divendres: 9 h &#8211; 13 h 9 juny &#8211; 18 juliol 9 h &#8211; 13 h agost Tancat 1 setembre &#8211; 19 setembre 9 h &#8211; 13 h &nbsp; Festes locals i dies de lliure disposici\u00f3 per al [&hellip;]<\/p>\n","protected":false},"author":1,"featured_media":0,"parent":806,"menu_order":2,"comment_status":"closed","ping_status":"closed","template":"","meta":{"_bbp_topic_count":0,"_bbp_reply_count":0,"_bbp_total_topic_count":0,"_bbp_total_reply_count":0,"_bbp_voice_count":0,"_bbp_anonymous_reply_count":0,"_bbp_topic_count_hidden":0,"_bbp_reply_count_hidden":0,"_bbp_forum_subforum_count":0,"site-sidebar-layout":"default","site-content-layout":"","ast-site-content-layout":"default","site-content-style":"default","site-sidebar-style":"default","ast-global-header-display":"","ast-banner-title-visibility":"","ast-main-header-display":"","ast-hfb-above-header-display":"","ast-hfb-below-header-display":"","ast-hfb-mobile-header-display":"","site-post-title":"","ast-breadcrumbs-content":"","ast-featured-img":"","footer-sml-layout":"","theme-transparent-header-meta":"default","adv-header-id-meta":"","stick-header-meta":"","header-above-stick-meta":"","header-main-stick-meta":"","header-below-stick-meta":"","astra-migrate-meta-layouts":"set","ast-page-background-enabled":"default","ast-page-background-meta":{"desktop":{"background-color":"var(--ast-global-color-4)","background-image":"","background-repeat":"repeat","background-position":"center center","background-size":"auto","background-attachment":"scroll","background-type":"","background-media":"","overlay-type":"","overlay-color":"","overlay-opacity":"","overlay-gradient":""},"tablet":{"background-color":"","background-image":"","background-repeat":"repeat","background-position":"center center","background-size":"auto","background-attachment":"scroll","background-type":"","background-media":"","overlay-type":"","overlay-color":"","overlay-opacity":"","overlay-gradient":""},"mobile":{"background-color":"","background-image":"","background-repeat":"repeat","background-position":"center center","background-size":"auto","background-attachment":"scroll","background-type":"","background-media":"","overlay-type":"","overlay-color":"","overlay-opacity":"","overlay-gradient":""}},"ast-content-background-meta":{"desktop":{"background-color":"var(--ast-global-color-5)","background-image":"","background-repeat":"repeat","background-position":"center center","background-size":"auto","background-attachment":"scroll","background-type":"","background-media":"","overlay-type":"","overlay-color":"","overlay-opacity":"","overlay-gradient":""},"tablet":{"background-color":"var(--ast-global-color-5)","background-image":"","background-repeat":"repeat","background-position":"center center","background-size":"auto","background-attachment":"scroll","background-type":"","background-media":"","overlay-type":"","overlay-color":"","overlay-opacity":"","overlay-gradient":""},"mobile":{"background-color":"var(--ast-global-color-5)","background-image":"","background-repeat":"repeat","background-position":"center center","background-size":"auto","background-attachment":"scroll","background-type":"","background-media":"","overlay-type":"","overlay-color":"","overlay-opacity":"","overlay-gradient":""}},"footnotes":""},"class_list":["post-608","page","type-page","status-publish","hentry"],"post_mailing_queue_ids":[],"_links":{"self":[{"href":"https:\/\/agora-eoi.xtec.cat\/eoibanyoles\/wp-json\/wp\/v2\/pages\/608","targetHints":{"allow":["GET"]}}],"collection":[{"href":"https:\/\/agora-eoi.xtec.cat\/eoibanyoles\/wp-json\/wp\/v2\/pages"}],"about":[{"href":"https:\/\/agora-eoi.xtec.cat\/eoibanyoles\/wp-json\/wp\/v2\/types\/page"}],"author":[{"embeddable":true,"href":"https:\/\/agora-eoi.xtec.cat\/eoibanyoles\/wp-json\/wp\/v2\/users\/1"}],"replies":[{"embeddable":true,"href":"https:\/\/agora-eoi.xtec.cat\/eoibanyoles\/wp-json\/wp\/v2\/comments?post=608"}],"version-history":[{"count":7,"href":"https:\/\/agora-eoi.xtec.cat\/eoibanyoles\/wp-json\/wp\/v2\/pages\/608\/revisions"}],"predecessor-version":[{"id":13797,"href":"https:\/\/agora-eoi.xtec.cat\/eoibanyoles\/wp-json\/wp\/v2\/pages\/608\/revisions\/13797"}],"up":[{"embeddable":true,"href":"https:\/\/agora-eoi.xtec.cat\/eoibanyoles\/wp-json\/wp\/v2\/pages\/806"}],"wp:attachment":[{"href":"https:\/\/agora-eoi.xtec.cat\/eoibanyoles\/wp-json\/wp\/v2\/media?parent=608"}],"curies":[{"name":"wp","href":"https:\/\/api.w.org\/{rel}","templated":true}]}}