{"id":13234,"date":"2025-06-10T11:07:50","date_gmt":"2025-06-10T09:07:50","guid":{"rendered":"https:\/\/agora-eoi.xtec.cat\/eoibanyoles\/?page_id=13234"},"modified":"2025-09-16T12:52:00","modified_gmt":"2025-09-16T10:52:00","slug":"horaris-angles-frances","status":"publish","type":"page","link":"https:\/\/agora-eoi.xtec.cat\/eoibanyoles\/horaris-angles-frances\/","title":{"rendered":"Horaris angl\u00e8s i franc\u00e8s"},"content":{"rendered":"<table style=\"border-collapse: collapse; width: 100%;\">\n<tbody>\n<tr>\n<td style=\"width: 100%; background-color: #a0ebce; text-align: center;\">\n<h4><span style=\"color: #000000;\"><strong><span class=\"titols\">Horaris d&#8217;angl\u00e8s per al curs 2025-2026<\/span><\/strong><\/span><\/h4>\n<\/td>\n<\/tr>\n<\/tbody>\n<\/table>\n<h4><span style=\"color: #000000;\"><strong><span class=\"titols\">Inici de les classes: dilluns 22 de setembre<\/span><\/strong><\/span><\/h4>\n<table id=\"taulaHorarisAlemany\" class=\"taula\" style=\"width: 100.129%; height: 386px;\">\n<tbody>\n<tr style=\"height: 31px;\">\n<th style=\"height: 31px; width: 28.8512%; border-style: outset; background-color: #73a0f5;\"><\/th>\n<th style=\"height: 31px; width: 11.5145%; border-style: outset; background-color: #73a0f5;\">\n<h5><strong><span style=\"color: #000000;\">NIVELL<\/span><\/strong><\/h5>\n<\/th>\n<th style=\"height: 31px; width: 19.7894%; border-style: outset; background-color: #73a0f5;\">\n<h5><strong><span style=\"color: #000000;\">HORARI<\/span><\/strong><\/h5>\n<\/th>\n<th style=\"height: 31px; width: 27.254%; border-style: outset; background-color: #73a0f5;\">\n<h5><strong><span style=\"color: #000000;\">PROFESSORAT<\/span><\/strong><\/h5>\n<\/th>\n<th style=\"height: 31px; width: 83.2072%; border-style: outset; background-color: #73a0f5;\">\n<h5><strong><span style=\"color: #000000;\">AULA<\/span><\/strong><\/h5>\n<\/th>\n<\/tr>\n<tr style=\"height: 31px;\">\n<th style=\"height: 147px; width: 28.8512%; border-style: outset; background-color: #cfedfc;\" rowspan=\"4\">\n<h5><span style=\"color: #000000;\"><strong>dilluns i dimecres<\/strong><\/span><\/h5>\n<h5><span style=\"color: #000000;\"><strong>(Grups A)<\/strong><\/span><\/h5>\n<h5><span style=\"color: #000000;\"><strong>\u00a0<\/strong><\/span><\/h5>\n<\/th>\n<th style=\"height: 31px; width: 11.5145%; border-style: outset; background-color: #cfedfc;\">\n<h5><span style=\"color: #000000;\">B2.1<\/span><\/h5>\n<\/th>\n<th style=\"height: 31px; width: 19.7894%; border-style: outset; background-color: #cfedfc;\">\n<h5><span style=\"color: #000000;\">16:15-18:30<\/span><\/h5>\n<\/th>\n<th style=\"height: 31px; width: 27.254%; border-style: outset; background-color: #cfedfc;\">\n<h5><strong><span style=\"color: #000000;\">Sara G\u00f3mez<\/span><\/strong><\/h5>\n<\/th>\n<th style=\"height: 31px; width: 83.2072%; border-style: outset; background-color: #cfedfc;\">\n<h5><\/h5>\n<\/th>\n<\/tr>\n<tr style=\"height: 31px;\">\n<th style=\"height: 31px; width: 11.5145%; border-style: outset; background-color: #cfedfc;\">\n<h5><span style=\"color: #000000;\">B2.1<\/span><\/h5>\n<\/th>\n<th style=\"height: 31px; width: 19.7894%; border-style: outset; background-color: #cfedfc;\">\n<h5><span style=\"color: #000000;\">18:45-21:00<\/span><\/h5>\n<\/th>\n<th style=\"height: 31px; width: 27.254%; border-style: outset; background-color: #cfedfc;\">\n<h5><strong><span style=\"color: #000000;\">Sara G\u00f3mez<\/span><\/strong><\/h5>\n<\/th>\n<th style=\"height: 31px; width: 83.2072%; border-style: outset; background-color: #cfedfc;\">\n<h5><\/h5>\n<\/th>\n<\/tr>\n<tr style=\"height: 31px;\">\n<th style=\"height: 31px; width: 11.5145%; border-style: outset; background-color: #cfedfc;\">\n<h5><span style=\"color: #000000;\">B2.2<\/span><\/h5>\n<\/th>\n<th style=\"height: 31px; width: 19.7894%; border-style: outset; background-color: #cfedfc;\">\n<h5><span style=\"color: #000000;\">16:15-18:30<\/span><\/h5>\n<\/th>\n<th style=\"height: 31px; width: 27.254%; border-style: outset; background-color: #cfedfc;\">\n<h5><strong><span style=\"color: #000000;\">Helena Puig<\/span><\/strong><\/h5>\n<\/th>\n<th style=\"height: 31px; width: 83.2072%; border-style: outset; background-color: #cfedfc;\">\n<h5><\/h5>\n<\/th>\n<\/tr>\n<tr style=\"height: 54px;\">\n<th style=\"width: 11.5145%; border-style: outset; background-color: #cfedfc; height: 54px;\">\n<h5><span style=\"color: #000000;\">B2.2<\/span><\/h5>\n<\/th>\n<th style=\"width: 19.7894%; border-style: outset; background-color: #cfedfc; height: 54px;\">\n<h5><span style=\"color: #000000;\">18:45-21:00<\/span><\/h5>\n<\/th>\n<th style=\"width: 27.254%; border-style: outset; background-color: #cfedfc; height: 54px;\">\n<h5><strong><span style=\"color: #000000;\">Helena Puig<\/span><\/strong><\/h5>\n<\/th>\n<th style=\"width: 83.2072%; border-style: outset; background-color: #cfedfc; height: 54px;\">\n<h5><\/h5>\n<\/th>\n<\/tr>\n<tr style=\"height: 31px;\">\n<th style=\"height: 208px; width: 28.8512%; border-style: outset; background-color: #e8f4fa;\" rowspan=\"6\">\n<h5><span style=\"color: #000000;\"><strong>dimarts i dijous<\/strong><\/span><\/h5>\n<h5><span style=\"color: #000000;\"><strong>(Grups B)<\/strong><\/span><\/h5>\n<\/th>\n<th style=\"height: 31px; width: 11.5145%; border-style: outset; background-color: #e8f4fa;\">\n<h5><span style=\"color: #000000;\">A1<\/span><\/h5>\n<\/th>\n<th style=\"height: 31px; width: 19.7894%; border-style: outset; background-color: #e8f4fa;\">\n<h5><span style=\"color: #000000;\">16:15-18:30<\/span><\/h5>\n<\/th>\n<th style=\"height: 31px; width: 27.254%; border-style: outset; background-color: #e8f4fa;\">\n<h5><span style=\"color: #000000;\">Montse Teul\u00e9<\/span><\/h5>\n<\/th>\n<th style=\"height: 31px; width: 83.2072%; border-style: outset; background-color: #e8f4fa;\">\n<h5><\/h5>\n<\/th>\n<\/tr>\n<tr style=\"height: 31px;\">\n<th style=\"height: 31px; width: 11.5145%; border-style: outset; background-color: #e8f4fa;\">\n<h5><span style=\"color: #000000;\">A2<\/span><\/h5>\n<\/th>\n<th style=\"height: 31px; width: 19.7894%; border-style: outset; background-color: #e8f4fa;\">\n<h5><span style=\"color: #000000;\">18:45-21:00<\/span><\/h5>\n<\/th>\n<th style=\"height: 31px; width: 27.254%; border-style: outset; background-color: #e8f4fa;\">\n<h5><span style=\"color: #000000;\">\u00a0Joan Rafel<\/span><\/h5>\n<\/th>\n<th style=\"height: 31px; width: 83.2072%; border-style: outset; background-color: #e8f4fa;\">\n<h5><\/h5>\n<\/th>\n<\/tr>\n<tr style=\"height: 31px;\">\n<th style=\"height: 31px; width: 11.5145%; border-style: outset; background-color: #e8f4fa;\">\n<h5><span style=\"color: #000000;\">B1<\/span><\/h5>\n<\/th>\n<th style=\"height: 31px; width: 19.7894%; border-style: outset; background-color: #e8f4fa;\">\n<h5><span style=\"color: #000000;\">16:15-18:30<\/span><\/h5>\n<\/th>\n<th style=\"height: 31px; width: 27.254%; border-style: outset; background-color: #e8f4fa;\">\n<h5><strong><span style=\"color: #000000;\">Helena Puig<\/span><\/strong><\/h5>\n<\/th>\n<th style=\"height: 31px; width: 83.2072%; border-style: outset; background-color: #e8f4fa;\">\n<h5><\/h5>\n<\/th>\n<\/tr>\n<tr style=\"height: 31px;\">\n<th style=\"height: 31px; width: 11.5145%; border-style: outset; background-color: #e8f4fa;\">\n<h5><span style=\"color: #000000;\">B1<\/span><\/h5>\n<\/th>\n<th style=\"height: 31px; width: 19.7894%; border-style: outset; background-color: #e8f4fa;\">\n<h5><span style=\"color: #000000;\">18:45-21:00<\/span><\/h5>\n<\/th>\n<th style=\"height: 31px; width: 27.254%; border-style: outset; background-color: #e8f4fa;\">\n<h5><strong><span style=\"color: #000000;\">Helena Puig<\/span><\/strong><\/h5>\n<\/th>\n<th style=\"height: 31px; width: 83.2072%; border-style: outset; background-color: #e8f4fa;\">\n<h5><\/h5>\n<\/th>\n<\/tr>\n<tr style=\"height: 31px;\">\n<th style=\"height: 31px; width: 11.5145%; border-style: outset; background-color: #e8f4fa;\">\n<h5><span style=\"color: #000000;\">C1<\/span><\/h5>\n<\/th>\n<th style=\"height: 31px; width: 19.7894%; border-style: outset; background-color: #e8f4fa;\">\n<h5><span style=\"color: #000000;\">16:15-18:30<\/span><\/h5>\n<\/th>\n<th style=\"height: 31px; width: 27.254%; border-style: outset; background-color: #e8f4fa;\">\n<h5><span style=\"color: #000000;\">Susanna Padrosa<\/span><\/h5>\n<\/th>\n<th style=\"height: 31px; width: 83.2072%; border-style: outset; background-color: #e8f4fa;\">\n<h5><\/h5>\n<\/th>\n<\/tr>\n<tr style=\"height: 53px;\">\n<th style=\"width: 11.5145%; border-style: outset; background-color: #e8f4fa; height: 53px;\">\n<h5><span style=\"color: #000000;\">C1<\/span><\/h5>\n<\/th>\n<th style=\"width: 19.7894%; border-style: outset; background-color: #e8f4fa; height: 53px;\">\n<h5><span style=\"color: #000000;\">18:45-21:00<\/span><\/h5>\n<\/th>\n<th style=\"width: 27.254%; border-style: outset; background-color: #e8f4fa; height: 53px;\">\n<h5><span style=\"color: #000000;\">Susanna Padrosa<\/span><\/h5>\n<\/th>\n<th style=\"width: 83.2072%; border-style: outset; background-color: #e8f4fa; height: 53px;\">\n<h5><\/h5>\n<\/th>\n<\/tr>\n<\/tbody>\n<\/table>\n<table style=\"border-collapse: collapse; width: 100%;\">\n<tbody>\n<tr>\n<td style=\"width: 100%; background-color: #a0ebce; text-align: center;\">\n<h4><span style=\"color: #000000;\"><strong><span class=\"titols\">Horaris de franc\u00e8s per al curs 2025-2026<\/span><\/strong><\/span><\/h4>\n<\/td>\n<\/tr>\n<\/tbody>\n<\/table>\n<table id=\"taulaHorarisAlemany\" class=\"taula\" style=\"height: 287px; width: 100.136%; border-style: outset;\">\n<tbody>\n<tr style=\"height: 31px;\">\n<th style=\"width: 28.6032%; height: 31px; border-style: outset; background-color: #73a0f5;\"><\/th>\n<th style=\"width: 10.5733%; height: 31px; border-style: outset; background-color: #73a0f5;\">\n<h5><strong><span style=\"color: #000000;\">NIVELL<\/span><\/strong><\/h5>\n<\/th>\n<th style=\"width: 21.1257%; height: 31px; border-style: outset; background-color: #73a0f5;\">\n<h5><strong><span style=\"color: #000000;\">HORARI<\/span><\/strong><\/h5>\n<\/th>\n<th style=\"width: 28.0091%; height: 31px; border-style: outset; background-color: #73a0f5;\">\n<h5><strong><span style=\"color: #000000;\">PROFESSORAT<\/span><\/strong><\/h5>\n<\/th>\n<th style=\"width: 96.0724%; height: 31px; border-style: outset; background-color: #73a0f5;\">\n<h5><strong><span style=\"color: #000000;\">AULA<\/span><\/strong><\/h5>\n<\/th>\n<\/tr>\n<tr style=\"height: 97px;\">\n<th style=\"width: 28.6032%; height: 160px; border-style: outset; background-color: #cfedfc;\" rowspan=\"2\">\n<h5><span style=\"color: #000000;\"><strong>dilluns i dimecres<\/strong><\/span><\/h5>\n<h5><span style=\"color: #000000;\"><strong>(Grups A)<\/strong><\/span><\/h5>\n<\/th>\n<th style=\"width: 10.5733%; border-style: outset; background-color: #cfedfc; height: 70px;\">\n<h5><span style=\"color: #000000;\">A2<\/span><\/h5>\n<\/th>\n<th style=\"width: 21.1257%; border-style: outset; background-color: #cfedfc; height: 70px;\">\n<h5><span style=\"color: #000000;\">16:15-18:30<\/span><\/h5>\n<\/th>\n<th style=\"width: 28.0091%; border-style: outset; background-color: #cfedfc; height: 70px;\">\n<h5><span style=\"color: #000000;\">Marta Vil\u00e0<\/span><\/h5>\n<\/th>\n<th style=\"width: 96.0724%; border-style: outset; background-color: #cfedfc; height: 70px;\">\n<h5><\/h5>\n<\/th>\n<\/tr>\n<tr style=\"height: 10px;\">\n<th style=\"width: 10.5733%; border-style: outset; background-color: #cfedfc; height: 90px;\">\n<h5><span style=\"color: #000000;\">B1<\/span><\/h5>\n<\/th>\n<th style=\"width: 21.1257%; border-style: outset; background-color: #cfedfc; height: 90px;\">\n<h5><span style=\"color: #000000;\">18:45-21:00<\/span><\/h5>\n<\/th>\n<th style=\"width: 28.0091%; border-style: outset; background-color: #cfedfc; height: 90px;\">\n<h5><span style=\"color: #000000;\">Marta Vil\u00e0<\/span><\/h5>\n<\/th>\n<th style=\"width: 96.0724%; border-style: outset; background-color: #cfedfc; height: 90px;\">\n<h5><\/h5>\n<\/th>\n<\/tr>\n<tr style=\"height: 48px;\">\n<th style=\"width: 28.6032%; height: 96px; border-style: outset; background-color: #e8f4fa;\">\n<h5><span style=\"color: #000000;\"><strong>dimarts i dijous<\/strong><\/span><\/h5>\n<h5><span style=\"color: #000000;\"><strong>(Grups B)<\/strong><\/span><\/h5>\n<\/th>\n<th style=\"width: 10.5733%; height: 96px; border-style: outset; background-color: #e8f4fa;\">\n<h5><span style=\"color: #000000;\">A1<\/span><\/h5>\n<\/th>\n<th style=\"width: 21.1257%; height: 96px; border-style: outset; background-color: #e8f4fa;\">\n<h5><span style=\"color: #000000;\">18:45-21:00<\/span><\/h5>\n<\/th>\n<th style=\"width: 28.0091%; height: 96px; border-style: outset; background-color: #e8f4fa;\">\n<h5><span style=\"color: #000000;\">Marta Vil\u00e0<\/span><\/h5>\n<\/th>\n<th style=\"width: 96.0724%; height: 96px; border-style: outset; background-color: #e8f4fa;\">\n<h5><\/h5>\n<\/th>\n<\/tr>\n<\/tbody>\n<\/table>\n<p>&nbsp;<\/p>\n","protected":false},"excerpt":{"rendered":"<p>Horaris d&#8217;angl\u00e8s per al curs 2025-2026 Inici de les classes: dilluns 22 de setembre NIVELL HORARI PROFESSORAT AULA dilluns i dimecres (Grups A) \u00a0 B2.1 16:15-18:30 Sara G\u00f3mez B2.1 18:45-21:00 Sara G\u00f3mez B2.2 16:15-18:30 Helena Puig B2.2 18:45-21:00 Helena Puig dimarts i dijous (Grups B) A1 16:15-18:30 Montse Teul\u00e9 A2 18:45-21:00 \u00a0Joan Rafel B1 16:15-18:30 [&hellip;]<\/p>\n","protected":false},"author":1,"featured_media":0,"parent":0,"menu_order":0,"comment_status":"closed","ping_status":"closed","template":"","meta":{"_bbp_topic_count":0,"_bbp_reply_count":0,"_bbp_total_topic_count":0,"_bbp_total_reply_count":0,"_bbp_voice_count":0,"_bbp_anonymous_reply_count":0,"_bbp_topic_count_hidden":0,"_bbp_reply_count_hidden":0,"_bbp_forum_subforum_count":0,"site-sidebar-layout":"default","site-content-layout":"","ast-site-content-layout":"default","site-content-style":"default","site-sidebar-style":"default","ast-global-header-display":"","ast-banner-title-visibility":"","ast-main-header-display":"","ast-hfb-above-header-display":"","ast-hfb-below-header-display":"","ast-hfb-mobile-header-display":"","site-post-title":"","ast-breadcrumbs-content":"","ast-featured-img":"","footer-sml-layout":"","theme-transparent-header-meta":"default","adv-header-id-meta":"","stick-header-meta":"","header-above-stick-meta":"","header-main-stick-meta":"","header-below-stick-meta":"","astra-migrate-meta-layouts":"set","ast-page-background-enabled":"default","ast-page-background-meta":{"desktop":{"background-color":"var(--ast-global-color-4)","background-image":"","background-repeat":"repeat","background-position":"center center","background-size":"auto","background-attachment":"scroll","background-type":"","background-media":"","overlay-type":"","overlay-color":"","overlay-opacity":"","overlay-gradient":""},"tablet":{"background-color":"","background-image":"","background-repeat":"repeat","background-position":"center center","background-size":"auto","background-attachment":"scroll","background-type":"","background-media":"","overlay-type":"","overlay-color":"","overlay-opacity":"","overlay-gradient":""},"mobile":{"background-color":"","background-image":"","background-repeat":"repeat","background-position":"center center","background-size":"auto","background-attachment":"scroll","background-type":"","background-media":"","overlay-type":"","overlay-color":"","overlay-opacity":"","overlay-gradient":""}},"ast-content-background-meta":{"desktop":{"background-color":"var(--ast-global-color-5)","background-image":"","background-repeat":"repeat","background-position":"center center","background-size":"auto","background-attachment":"scroll","background-type":"","background-media":"","overlay-type":"","overlay-color":"","overlay-opacity":"","overlay-gradient":""},"tablet":{"background-color":"var(--ast-global-color-5)","background-image":"","background-repeat":"repeat","background-position":"center center","background-size":"auto","background-attachment":"scroll","background-type":"","background-media":"","overlay-type":"","overlay-color":"","overlay-opacity":"","overlay-gradient":""},"mobile":{"background-color":"var(--ast-global-color-5)","background-image":"","background-repeat":"repeat","background-position":"center center","background-size":"auto","background-attachment":"scroll","background-type":"","background-media":"","overlay-type":"","overlay-color":"","overlay-opacity":"","overlay-gradient":""}},"footnotes":""},"class_list":["post-13234","page","type-page","status-publish","hentry"],"post_mailing_queue_ids":[],"_links":{"self":[{"href":"https:\/\/agora-eoi.xtec.cat\/eoibanyoles\/wp-json\/wp\/v2\/pages\/13234","targetHints":{"allow":["GET"]}}],"collection":[{"href":"https:\/\/agora-eoi.xtec.cat\/eoibanyoles\/wp-json\/wp\/v2\/pages"}],"about":[{"href":"https:\/\/agora-eoi.xtec.cat\/eoibanyoles\/wp-json\/wp\/v2\/types\/page"}],"author":[{"embeddable":true,"href":"https:\/\/agora-eoi.xtec.cat\/eoibanyoles\/wp-json\/wp\/v2\/users\/1"}],"replies":[{"embeddable":true,"href":"https:\/\/agora-eoi.xtec.cat\/eoibanyoles\/wp-json\/wp\/v2\/comments?post=13234"}],"version-history":[{"count":7,"href":"https:\/\/agora-eoi.xtec.cat\/eoibanyoles\/wp-json\/wp\/v2\/pages\/13234\/revisions"}],"predecessor-version":[{"id":13537,"href":"https:\/\/agora-eoi.xtec.cat\/eoibanyoles\/wp-json\/wp\/v2\/pages\/13234\/revisions\/13537"}],"wp:attachment":[{"href":"https:\/\/agora-eoi.xtec.cat\/eoibanyoles\/wp-json\/wp\/v2\/media?parent=13234"}],"curies":[{"name":"wp","href":"https:\/\/api.w.org\/{rel}","templated":true}]}}