{"id":10325,"date":"2022-07-14T11:32:06","date_gmt":"2022-07-14T09:32:06","guid":{"rendered":"https:\/\/agora-eoi.xtec.cat\/eoibanyoles\/?page_id=10325"},"modified":"2025-07-14T10:23:22","modified_gmt":"2025-07-14T08:23:22","slug":"devolucio-de-taxes","status":"publish","type":"page","link":"https:\/\/agora-eoi.xtec.cat\/eoibanyoles\/serveis\/devolucio-de-taxes\/","title":{"rendered":"Devoluci\u00f3 de taxes i preus p\u00fablics"},"content":{"rendered":"<p style=\"text-align: justify;\">Es pot sol\u00b7licitar el retorn de l&#8217;import de la matr\u00edcula corresponent a la taxa o preu p\u00fablic que s&#8217;ha abonat segons el curs. Aquest tr\u00e0mit es pot fer telem\u00e0ticament*:<\/p>\n<p style=\"text-align: justify;\">1] ompliu el formulari &#8220;<a href=\"https:\/\/web.gencat.cat\/ca\/tramits\/tramits-temes\/devolucio-ingressos-indeguts\" target=\"_blank\" rel=\"noopener\">Sol\u00b7licitud de devoluci\u00f3<\/a>&#8220;;<\/p>\n<p>2] tot seguit, envieu un correu a l&#8217;escola (eoibanyoles@xtec.cat) per informar que heu fet aquest tr\u00e0mit.<\/p>\n<p>En la sol\u00b7licitud de devoluci\u00f3 s&#8217;ha d&#8217;indicar que es renuncia a la matr\u00edcula del curs per poder continuar amb el tr\u00e0mit.<\/p>\n<table style=\"border-collapse: collapse; width: 100%; height: 98px;\">\n<tbody>\n<tr style=\"height: 49px;\">\n<td style=\"width: 19.1625%; text-align: center; background-color: #73a0f5; height: 49px;\">\n<h5><span style=\"color: #000000;\"><strong>Taxa<\/strong><\/span><\/h5>\n<\/td>\n<td style=\"width: 20.2679%; text-align: center; background-color: #73a0f5; height: 49px;\">\n<h5><span style=\"color: #000000;\"><strong>Preu p\u00fablic<\/strong><\/span><\/h5>\n<\/td>\n<td style=\"width: 26.8174%; text-align: center; background-color: #73a0f5; height: 49px;\">\n<h5><span style=\"color: #000000;\"><strong>Sol\u00b7licitud de devoluci\u00f3<\/strong><\/span><\/h5>\n<\/td>\n<td style=\"width: 33.7522%; text-align: center; background-color: #73a0f5; height: 49px;\">\n<h5><span style=\"color: #000000;\"><strong>Termini<\/strong><\/span><\/h5>\n<\/td>\n<\/tr>\n<tr style=\"height: 49px;\">\n<td style=\"width: 19.1625%; text-align: center; background-color: #cfedfc; height: 49px;\">\n<h5><span style=\"color: #000000;\">B1, B2.1 i B2.2<\/span><\/h5>\n<\/td>\n<td style=\"width: 20.2679%; text-align: center; background-color: #cfedfc; height: 49px;\">\n<h5><span style=\"color: #000000;\">A1, A2, C1 i C2<\/span><\/h5>\n<\/td>\n<td style=\"width: 26.8174%; text-align: center; background-color: #cfedfc; height: 49px;\">\n<h5><span style=\"color: #000000;\">cliqueu <a style=\"color: #000000;\" href=\"https:\/\/web.gencat.cat\/ca\/tramits\/tramits-temes\/devolucio-ingressos-indeguts\" target=\"_blank\" rel=\"noopener\">AQU\u00cd<\/a><\/span><\/h5>\n<\/td>\n<td style=\"width: 33.7522%; text-align: center; background-color: #cfedfc; height: 49px;\">\n<h5><strong><span style=\"color: #ff0000;\">fins al 10 d&#8217;octubre de 2025<\/span><\/strong><\/h5>\n<\/td>\n<\/tr>\n<\/tbody>\n<\/table>\n<p>&nbsp;<\/p>\n<p style=\"text-align: justify;\">*Si es vol fer el tr\u00e0mit de manera presencial a l&#8217;escola, caldr\u00e0 portar omplert al centre:<\/p>\n<p style=\"text-align: justify;\">(i) el document de <strong>Sol\u00b7licitud de devoluci\u00f3 <\/strong>omplert (es pot descarregar clicant <a href=\"https:\/\/agora-eoi.xtec.cat\/eoibanyoles\/wp-content\/uploads\/usu2302\/2024\/06\/A1404_Formulari-renuncia-EOI-en-paper.pdf\" target=\"_blank\" rel=\"noopener\">AQU\u00cd<\/a>);<\/p>\n<p>(ii) resguard de matr\u00edcula;<\/p>\n<p>(iii) resguard de pagament.<\/p>\n<p style=\"text-align: justify;\">La ren\u00fancia a la matr\u00edcula oficial amb devoluci\u00f3 de taxa o preu p\u00fablic suposa l\u2019anul\u00b7laci\u00f3 de la matr\u00edcula a tots els efectes i l\u2019exclusi\u00f3 de la matr\u00edcula de l\u2019expedient acad\u00e8mic de l\u2019alumne o alumna i, per tant, la ren\u00fancia a la pla\u00e7a.<\/p>\n<p>&nbsp;<\/p>\n","protected":false},"excerpt":{"rendered":"<p>Es pot sol\u00b7licitar el retorn de l&#8217;import de la matr\u00edcula corresponent a la taxa o preu p\u00fablic que s&#8217;ha abonat segons el curs. Aquest tr\u00e0mit es pot fer telem\u00e0ticament*: 1] ompliu el formulari &#8220;Sol\u00b7licitud de devoluci\u00f3&#8220;; 2] tot seguit, envieu un correu a l&#8217;escola (eoibanyoles@xtec.cat) per informar que heu fet aquest tr\u00e0mit. En la sol\u00b7licitud [&hellip;]<\/p>\n","protected":false},"author":1,"featured_media":0,"parent":8411,"menu_order":6,"comment_status":"closed","ping_status":"closed","template":"","meta":{"_bbp_topic_count":0,"_bbp_reply_count":0,"_bbp_total_topic_count":0,"_bbp_total_reply_count":0,"_bbp_voice_count":0,"_bbp_anonymous_reply_count":0,"_bbp_topic_count_hidden":0,"_bbp_reply_count_hidden":0,"_bbp_forum_subforum_count":0,"site-sidebar-layout":"default","site-content-layout":"","ast-site-content-layout":"default","site-content-style":"default","site-sidebar-style":"default","ast-global-header-display":"","ast-banner-title-visibility":"","ast-main-header-display":"","ast-hfb-above-header-display":"","ast-hfb-below-header-display":"","ast-hfb-mobile-header-display":"","site-post-title":"","ast-breadcrumbs-content":"","ast-featured-img":"","footer-sml-layout":"","theme-transparent-header-meta":"default","adv-header-id-meta":"","stick-header-meta":"","header-above-stick-meta":"","header-main-stick-meta":"","header-below-stick-meta":"","astra-migrate-meta-layouts":"set","ast-page-background-enabled":"default","ast-page-background-meta":{"desktop":{"background-color":"var(--ast-global-color-4)","background-image":"","background-repeat":"repeat","background-position":"center center","background-size":"auto","background-attachment":"scroll","background-type":"","background-media":"","overlay-type":"","overlay-color":"","overlay-opacity":"","overlay-gradient":""},"tablet":{"background-color":"","background-image":"","background-repeat":"repeat","background-position":"center center","background-size":"auto","background-attachment":"scroll","background-type":"","background-media":"","overlay-type":"","overlay-color":"","overlay-opacity":"","overlay-gradient":""},"mobile":{"background-color":"","background-image":"","background-repeat":"repeat","background-position":"center center","background-size":"auto","background-attachment":"scroll","background-type":"","background-media":"","overlay-type":"","overlay-color":"","overlay-opacity":"","overlay-gradient":""}},"ast-content-background-meta":{"desktop":{"background-color":"var(--ast-global-color-5)","background-image":"","background-repeat":"repeat","background-position":"center center","background-size":"auto","background-attachment":"scroll","background-type":"","background-media":"","overlay-type":"","overlay-color":"","overlay-opacity":"","overlay-gradient":""},"tablet":{"background-color":"var(--ast-global-color-5)","background-image":"","background-repeat":"repeat","background-position":"center center","background-size":"auto","background-attachment":"scroll","background-type":"","background-media":"","overlay-type":"","overlay-color":"","overlay-opacity":"","overlay-gradient":""},"mobile":{"background-color":"var(--ast-global-color-5)","background-image":"","background-repeat":"repeat","background-position":"center center","background-size":"auto","background-attachment":"scroll","background-type":"","background-media":"","overlay-type":"","overlay-color":"","overlay-opacity":"","overlay-gradient":""}},"footnotes":""},"class_list":["post-10325","page","type-page","status-publish","hentry"],"post_mailing_queue_ids":[],"_links":{"self":[{"href":"https:\/\/agora-eoi.xtec.cat\/eoibanyoles\/wp-json\/wp\/v2\/pages\/10325","targetHints":{"allow":["GET"]}}],"collection":[{"href":"https:\/\/agora-eoi.xtec.cat\/eoibanyoles\/wp-json\/wp\/v2\/pages"}],"about":[{"href":"https:\/\/agora-eoi.xtec.cat\/eoibanyoles\/wp-json\/wp\/v2\/types\/page"}],"author":[{"embeddable":true,"href":"https:\/\/agora-eoi.xtec.cat\/eoibanyoles\/wp-json\/wp\/v2\/users\/1"}],"replies":[{"embeddable":true,"href":"https:\/\/agora-eoi.xtec.cat\/eoibanyoles\/wp-json\/wp\/v2\/comments?post=10325"}],"version-history":[{"count":6,"href":"https:\/\/agora-eoi.xtec.cat\/eoibanyoles\/wp-json\/wp\/v2\/pages\/10325\/revisions"}],"predecessor-version":[{"id":13437,"href":"https:\/\/agora-eoi.xtec.cat\/eoibanyoles\/wp-json\/wp\/v2\/pages\/10325\/revisions\/13437"}],"up":[{"embeddable":true,"href":"https:\/\/agora-eoi.xtec.cat\/eoibanyoles\/wp-json\/wp\/v2\/pages\/8411"}],"wp:attachment":[{"href":"https:\/\/agora-eoi.xtec.cat\/eoibanyoles\/wp-json\/wp\/v2\/media?parent=10325"}],"curies":[{"name":"wp","href":"https:\/\/api.w.org\/{rel}","templated":true}]}}