{"id":10147,"date":"2022-07-07T10:06:21","date_gmt":"2022-07-07T08:06:21","guid":{"rendered":"https:\/\/agora-eoi.xtec.cat\/eoibanyoles\/?page_id=10147"},"modified":"2026-02-20T12:16:30","modified_gmt":"2026-02-20T11:16:30","slug":"borsa-de-viatge","status":"publish","type":"page","link":"https:\/\/agora-eoi.xtec.cat\/eoibanyoles\/el-servei-educatiu\/borsa-de-viatge\/","title":{"rendered":"Borsa de viatge EOI Banyoles"},"content":{"rendered":"<p><span style=\"color: #000000;\">Es preveu tornar a obrir una nova convocat\u00f2ria durant el curs 2026-2027.<\/span><\/p>\n<table style=\"border-collapse: collapse; width: 100%;\">\n<tbody>\n<tr>\n<td style=\"width: 100%; background-color: #a0ebce; text-align: center;\">\n<h4><span style=\"color: #000000;\"><strong>Convocat\u00f2ria<\/strong><\/span><\/h4>\n<\/td>\n<\/tr>\n<\/tbody>\n<\/table>\n<p style=\"text-align: center;\"><span style=\"color: #ff0000;\"><strong style=\"font-size: 16px;\">convocat\u00f2ria tancada<\/strong><\/span><\/p>\n<p style=\"text-align: justify;\"><span style=\"color: #000000;\">L&#8217;EOI de Banyoles ha obert la <em><strong>IV Convocat\u00f2ria de borsa de viatge per a portar a terme un projecte a l&#8217;estranger<\/strong><\/em>. Es tracta d&#8217;una borsa adre\u00e7ada a l&#8217;alumnat oficial que estigui interessat en desenvolupar durant l&#8217;any natural 2026 un projecte en un altre pa\u00eds utilitzant una de les dues lleng\u00fces que s&#8217;estudien a l&#8217;escola (angl\u00e8s o franc\u00e8s).<\/span><\/p>\n<p><span style=\"color: #000000;\">Es poden presentar els projectes a l&#8217;escola <strong>del 8 de gener al 12 de febrer de 2026<\/strong>.<\/span><\/p>\n<table style=\"border-collapse: collapse; width: 100%;\">\n<tbody>\n<tr>\n<td style=\"width: 50%; background-color: #73a0f5; text-align: center;\" colspan=\"2\">\n<h4><span style=\"color: #000000;\"><strong>Bases i calendari: <\/strong><\/span><strong><span style=\"color: #000000; font-size: 1.125em;\">cliqueu <\/span><a href=\"https:\/\/agora-eoi.xtec.cat\/eoibanyoles\/wp-content\/uploads\/usu2302\/2025\/12\/Borsa-Bases-web.pdf\" target=\"_blank\" rel=\"noopener\"><span style=\"color: #339966;\">AQU\u00cd<\/span><\/a><\/strong><\/h4>\n<\/td>\n<\/tr>\n<tr>\n<td style=\"width: 50%; background-color: #cfedfc;\" colspan=\"2\">\n<h4 style=\"text-align: center;\"><span style=\"color: #000000;\"><strong>Document de sol\u00b7licitud de participaci\u00f3: cliqueu <a href=\"https:\/\/agora-eoi.xtec.cat\/eoibanyoles\/wp-content\/uploads\/usu2302\/2025\/12\/Sollicitud-borsa-de-viatge-EOI-Banyoles.pdf\" target=\"_blank\" rel=\"noopener\"><span style=\"color: #339966;\">AQU\u00cd<\/span><\/a><\/strong><\/span><\/h4>\n<\/td>\n<\/tr>\n<\/tbody>\n<\/table>\n<p><a href=\"https:\/\/agora-eoi.xtec.cat\/eoibanyoles\/wp-content\/uploads\/usu2302\/2025\/12\/Borsa-web-body-1.jpg\"><img loading=\"lazy\" decoding=\"async\" class=\"wp-image-13784 aligncenter\" src=\"https:\/\/agora-eoi.xtec.cat\/eoibanyoles\/wp-content\/uploads\/usu2302\/2025\/12\/Borsa-web-body-1.jpg\" alt=\"\" width=\"720\" height=\"405\" srcset=\"https:\/\/agora-eoi.xtec.cat\/eoibanyoles\/wp-content\/uploads\/usu2302\/2025\/12\/Borsa-web-body-1.jpg 1280w, https:\/\/agora-eoi.xtec.cat\/eoibanyoles\/wp-content\/uploads\/usu2302\/2025\/12\/Borsa-web-body-1-300x169.jpg 300w, https:\/\/agora-eoi.xtec.cat\/eoibanyoles\/wp-content\/uploads\/usu2302\/2025\/12\/Borsa-web-body-1-1024x576.jpg 1024w, https:\/\/agora-eoi.xtec.cat\/eoibanyoles\/wp-content\/uploads\/usu2302\/2025\/12\/Borsa-web-body-1-768x432.jpg 768w\" sizes=\"auto, (max-width: 720px) 100vw, 720px\" \/><\/a><\/p>\n<table style=\"border-collapse: collapse; width: 100%;\">\n<tbody>\n<tr>\n<td style=\"width: 100%; background-color: #a0ebce; text-align: center;\">\n<h4><span style=\"color: #000000;\"><strong>Borses de viatge adjudicades<\/strong><\/span><\/h4>\n<\/td>\n<\/tr>\n<\/tbody>\n<\/table>\n<table style=\"border-collapse: collapse; width: 100%;\">\n<tbody>\n<tr>\n<td style=\"width: 50%; background-color: #73a0f5; text-align: center;\" colspan=\"2\"><strong style=\"color: #000000; font-size: 1.125em;\">CURS 2024-2025<\/strong><\/td>\n<\/tr>\n<tr>\n<td style=\"width: 50%; text-align: center; background-color: #cfedfc;\">\n<h5><span style=\"color: #000000;\">Pol Amat, Consol Buixeda, Gr\u00e0cia Darn\u00e9s, Carmen Pifarr\u00e9 i<br \/>\nS\u00f2nia Serra\u00a0<\/span><\/h5>\n<\/td>\n<td style=\"width: 50%; text-align: center; background-color: #cfedfc;\">\n<h5><a href=\"https:\/\/agora-eoi.xtec.cat\/eoibanyoles\/la-mer-et-la-montagne-en-occitanie\/\" target=\"_blank\" rel=\"noopener\">La mer et la montagne en Occitanie<\/a><\/h5>\n<\/td>\n<\/tr>\n<tr>\n<td style=\"width: 50%; text-align: center; background-color: #cfedfc;\">\n<h5><span style=\"color: #000000;\">\u00a0Anna Vasco<\/span><\/h5>\n<\/td>\n<td style=\"width: 50%; text-align: center; background-color: #cfedfc;\">\n<h5><a href=\"https:\/\/agora-eoi.xtec.cat\/eoibanyoles\/independent-cinema-london\/\" target=\"_blank\" rel=\"noopener\">Independent Cinema, London<\/a><\/h5>\n<\/td>\n<\/tr>\n<tr>\n<td style=\"width: 50%; background-color: #73a0f5; text-align: center;\" colspan=\"2\"><strong style=\"color: #000000; font-size: 1.125em;\">CURS 2023-2024<\/strong><\/td>\n<\/tr>\n<tr>\n<td style=\"width: 50%; text-align: center; background-color: #cfedfc;\">\n<h5><span style=\"color: #000000;\">Andrei Palura<\/span><\/h5>\n<\/td>\n<td style=\"width: 50%; text-align: center; background-color: #cfedfc;\">\n<h5><a href=\"https:\/\/agora-eoi.xtec.cat\/eoibanyoles\/trip-to-edinburgh\/\" target=\"_blank\" rel=\"noopener\">Trip to Edinburgh<\/a><\/h5>\n<\/td>\n<\/tr>\n<tr>\n<td style=\"width: 50%; text-align: center; background-color: #cfedfc;\">\n<h5><span style=\"color: #000000;\">Alba Plana<\/span><\/h5>\n<\/td>\n<td style=\"width: 50%; text-align: center; background-color: #cfedfc;\">\n<h5><span style=\"color: #000000;\">Aprenentatge de lleng\u00fces estrangeres a Amsterdam<\/span><\/h5>\n<\/td>\n<\/tr>\n<tr>\n<td style=\"width: 50%; background-color: #73a0f5; text-align: center;\" colspan=\"2\"><strong style=\"color: #000000; font-size: 1.125em;\">CURS 2022-2023<\/strong><\/td>\n<\/tr>\n<tr>\n<td style=\"width: 50%; text-align: center; background-color: #cfedfc;\">\n<h5><span style=\"color: #000000;\">Carlos Segarra<\/span><\/h5>\n<\/td>\n<td style=\"width: 50%; text-align: center; background-color: #cfedfc;\">\n<h5><a href=\"https:\/\/agora-eoi.xtec.cat\/eoibanyoles\/projecte-rotterdam\/\" target=\"_blank\" rel=\"noopener\">Projecte Rotterdam<\/a><\/h5>\n<\/td>\n<\/tr>\n<\/tbody>\n<\/table>\n","protected":false},"excerpt":{"rendered":"<p>Es preveu tornar a obrir una nova convocat\u00f2ria durant el curs 2026-2027. Convocat\u00f2ria convocat\u00f2ria tancada L&#8217;EOI de Banyoles ha obert la IV Convocat\u00f2ria de borsa de viatge per a portar a terme un projecte a l&#8217;estranger. Es tracta d&#8217;una borsa adre\u00e7ada a l&#8217;alumnat oficial que estigui interessat en desenvolupar durant l&#8217;any natural 2026 un projecte [&hellip;]<\/p>\n","protected":false},"author":1,"featured_media":0,"parent":806,"menu_order":18,"comment_status":"closed","ping_status":"closed","template":"","meta":{"_bbp_topic_count":0,"_bbp_reply_count":0,"_bbp_total_topic_count":0,"_bbp_total_reply_count":0,"_bbp_voice_count":0,"_bbp_anonymous_reply_count":0,"_bbp_topic_count_hidden":0,"_bbp_reply_count_hidden":0,"_bbp_forum_subforum_count":0,"site-sidebar-layout":"default","site-content-layout":"","ast-site-content-layout":"default","site-content-style":"default","site-sidebar-style":"default","ast-global-header-display":"","ast-banner-title-visibility":"","ast-main-header-display":"","ast-hfb-above-header-display":"","ast-hfb-below-header-display":"","ast-hfb-mobile-header-display":"","site-post-title":"","ast-breadcrumbs-content":"","ast-featured-img":"","footer-sml-layout":"","theme-transparent-header-meta":"default","adv-header-id-meta":"","stick-header-meta":"","header-above-stick-meta":"","header-main-stick-meta":"","header-below-stick-meta":"","astra-migrate-meta-layouts":"set","ast-page-background-enabled":"default","ast-page-background-meta":{"desktop":{"background-color":"var(--ast-global-color-4)","background-image":"","background-repeat":"repeat","background-position":"center center","background-size":"auto","background-attachment":"scroll","background-type":"","background-media":"","overlay-type":"","overlay-color":"","overlay-opacity":"","overlay-gradient":""},"tablet":{"background-color":"","background-image":"","background-repeat":"repeat","background-position":"center center","background-size":"auto","background-attachment":"scroll","background-type":"","background-media":"","overlay-type":"","overlay-color":"","overlay-opacity":"","overlay-gradient":""},"mobile":{"background-color":"","background-image":"","background-repeat":"repeat","background-position":"center center","background-size":"auto","background-attachment":"scroll","background-type":"","background-media":"","overlay-type":"","overlay-color":"","overlay-opacity":"","overlay-gradient":""}},"ast-content-background-meta":{"desktop":{"background-color":"var(--ast-global-color-5)","background-image":"","background-repeat":"repeat","background-position":"center center","background-size":"auto","background-attachment":"scroll","background-type":"","background-media":"","overlay-type":"","overlay-color":"","overlay-opacity":"","overlay-gradient":""},"tablet":{"background-color":"var(--ast-global-color-5)","background-image":"","background-repeat":"repeat","background-position":"center center","background-size":"auto","background-attachment":"scroll","background-type":"","background-media":"","overlay-type":"","overlay-color":"","overlay-opacity":"","overlay-gradient":""},"mobile":{"background-color":"var(--ast-global-color-5)","background-image":"","background-repeat":"repeat","background-position":"center center","background-size":"auto","background-attachment":"scroll","background-type":"","background-media":"","overlay-type":"","overlay-color":"","overlay-opacity":"","overlay-gradient":""}},"footnotes":""},"class_list":["post-10147","page","type-page","status-publish","hentry"],"post_mailing_queue_ids":[],"_links":{"self":[{"href":"https:\/\/agora-eoi.xtec.cat\/eoibanyoles\/wp-json\/wp\/v2\/pages\/10147","targetHints":{"allow":["GET"]}}],"collection":[{"href":"https:\/\/agora-eoi.xtec.cat\/eoibanyoles\/wp-json\/wp\/v2\/pages"}],"about":[{"href":"https:\/\/agora-eoi.xtec.cat\/eoibanyoles\/wp-json\/wp\/v2\/types\/page"}],"author":[{"embeddable":true,"href":"https:\/\/agora-eoi.xtec.cat\/eoibanyoles\/wp-json\/wp\/v2\/users\/1"}],"replies":[{"embeddable":true,"href":"https:\/\/agora-eoi.xtec.cat\/eoibanyoles\/wp-json\/wp\/v2\/comments?post=10147"}],"version-history":[{"count":6,"href":"https:\/\/agora-eoi.xtec.cat\/eoibanyoles\/wp-json\/wp\/v2\/pages\/10147\/revisions"}],"predecessor-version":[{"id":13907,"href":"https:\/\/agora-eoi.xtec.cat\/eoibanyoles\/wp-json\/wp\/v2\/pages\/10147\/revisions\/13907"}],"up":[{"embeddable":true,"href":"https:\/\/agora-eoi.xtec.cat\/eoibanyoles\/wp-json\/wp\/v2\/pages\/806"}],"wp:attachment":[{"href":"https:\/\/agora-eoi.xtec.cat\/eoibanyoles\/wp-json\/wp\/v2\/media?parent=10147"}],"curies":[{"name":"wp","href":"https:\/\/api.w.org\/{rel}","templated":true}]}}