{"id":8430,"date":"2016-06-14T15:22:24","date_gmt":"2016-06-14T13:22:24","guid":{"rendered":"http:\/\/agora-eoi.xtec.cat\/eoibadalona\/?page_id=8430"},"modified":"2024-05-30T10:40:33","modified_gmt":"2024-05-30T08:40:33","slug":"aules-virtuals","status":"publish","type":"page","link":"https:\/\/agora-eoi.xtec.cat\/eoibadalona\/cursos\/aules-virtuals\/","title":{"rendered":"Aules virtuals"},"content":{"rendered":"<p>Els cursos presencials compten amb el suport d&#8217;aules virtuals on l&#8217;alumnat hi trobar\u00e0 els materials del curs, activitats complement\u00e0ries, deures i retroacci\u00f3 del professorat.<\/p>\n<table style=\"border-collapse: collapse; width: 100%;\">\n<tbody>\n<tr>\n<td style=\"width: 50%; text-align: center;\"><strong>ANGL\u00c8S I FRANC\u00c8S<\/strong><\/td>\n<td style=\"width: 50%; text-align: center;\"><strong>ALEMANY<\/strong><\/td>\n<\/tr>\n<tr>\n<td style=\"width: 50%; text-align: center;\"><a href=\"https:\/\/classroom.google.com\/a\/eoibadalona.cat\">Google Classroom EOI Badalona<\/a><\/td>\n<td style=\"width: 50%; text-align: center;\"><a href=\"https:\/\/agora-eoi.xtec.cat\/eoibadalona\/moodle\/\">Moodle EOI Badalona<\/a><\/td>\n<\/tr>\n<tr>\n<td style=\"width: 50%; text-align: center;\"><a href=\"https:\/\/agora-eoi.xtec.cat\/eoibadalona\/wp-content\/uploads\/usu2241\/2023\/08\/Classroom.jpg\"><img loading=\"lazy\" decoding=\"async\" class=\"alignnone wp-image-11866\" src=\"https:\/\/agora-eoi.xtec.cat\/eoibadalona\/wp-content\/uploads\/usu2241\/2023\/08\/Classroom.jpg\" alt=\"\" width=\"99\" height=\"85\" \/><\/a><\/td>\n<td style=\"width: 50%; text-align: center;\"><img loading=\"lazy\" decoding=\"async\" class=\"\" src=\"https:\/\/seeklogo.com\/images\/M\/moodle-logo-0AD03028BB-seeklogo.com.png\" alt=\"Moodle Logo PNG Vectors Free Download\" width=\"103\" height=\"78\" \/><\/td>\n<\/tr>\n<\/tbody>\n<\/table>\n<p>&nbsp;<\/p>\n<p>&nbsp;<\/p>\n<p>&nbsp;<\/p>\n<p>&nbsp;<\/p>\n<p>&nbsp;<\/p>\n<p>&nbsp;<\/p>\n","protected":false},"excerpt":{"rendered":"<p>Els cursos presencials compten amb el suport d&#8217;aules virtuals on l&#8217;alumnat hi trobar\u00e0 els materials del curs, activitats complement\u00e0ries, deures i retroacci\u00f3 del professorat.<\/p>\n<p>ANGL\u00c8S I FRANC\u00c8S<br \/>\nALEMANY<\/p>\n<p><a href=\"https:\/\/classroom.google.com\/a\/eoibadalona.cat\">Google Classroom EOI Badalona<\/a><br \/>\n<a href=\"https:\/\/agora-eoi.xtec.cat\/eoibadalona\/moodle\/\">Moodle EOI Badalona<\/a><\/p>\n<p><a href=\"https:\/\/agora-eoi.xtec.cat\/eoibadalona\/wp-content\/uploads\/usu2241\/2023\/08\/Classroom.jpg\"><\/a><\/p>\n<p>&nbsp;<br \/>\n&nbsp;<br \/>\n&nbsp;<br \/>\n&nbsp;<br \/>\n&nbsp;<br \/>\n&nbsp;<\/p>\n","protected":false},"author":1,"featured_media":0,"parent":8149,"menu_order":50,"comment_status":"closed","ping_status":"closed","template":"page-templates\/side-menu.php","meta":{"_bbp_topic_count":0,"_bbp_reply_count":0,"_bbp_total_topic_count":0,"_bbp_total_reply_count":0,"_bbp_voice_count":0,"_bbp_anonymous_reply_count":0,"_bbp_topic_count_hidden":0,"_bbp_reply_count_hidden":0,"_bbp_forum_subforum_count":0,"footnotes":""},"class_list":["post-8430","page","type-page","status-publish","hentry"],"post_mailing_queue_ids":[],"_links":{"self":[{"href":"https:\/\/agora-eoi.xtec.cat\/eoibadalona\/wp-json\/wp\/v2\/pages\/8430","targetHints":{"allow":["GET"]}}],"collection":[{"href":"https:\/\/agora-eoi.xtec.cat\/eoibadalona\/wp-json\/wp\/v2\/pages"}],"about":[{"href":"https:\/\/agora-eoi.xtec.cat\/eoibadalona\/wp-json\/wp\/v2\/types\/page"}],"author":[{"embeddable":true,"href":"https:\/\/agora-eoi.xtec.cat\/eoibadalona\/wp-json\/wp\/v2\/users\/1"}],"replies":[{"embeddable":true,"href":"https:\/\/agora-eoi.xtec.cat\/eoibadalona\/wp-json\/wp\/v2\/comments?post=8430"}],"version-history":[{"count":4,"href":"https:\/\/agora-eoi.xtec.cat\/eoibadalona\/wp-json\/wp\/v2\/pages\/8430\/revisions"}],"predecessor-version":[{"id":12294,"href":"https:\/\/agora-eoi.xtec.cat\/eoibadalona\/wp-json\/wp\/v2\/pages\/8430\/revisions\/12294"}],"up":[{"embeddable":true,"href":"https:\/\/agora-eoi.xtec.cat\/eoibadalona\/wp-json\/wp\/v2\/pages\/8149"}],"wp:attachment":[{"href":"https:\/\/agora-eoi.xtec.cat\/eoibadalona\/wp-json\/wp\/v2\/media?parent=8430"}],"curies":[{"name":"wp","href":"https:\/\/api.w.org\/{rel}","templated":true}]}}