{"id":8414,"date":"2016-06-14T14:55:48","date_gmt":"2016-06-14T13:55:48","guid":{"rendered":"http:\/\/agora-eoi.xtec.cat\/eoibadalona\/?page_id=8414"},"modified":"2025-10-01T12:32:28","modified_gmt":"2025-10-01T10:32:28","slug":"biblioteca","status":"publish","type":"page","link":"https:\/\/agora-eoi.xtec.cat\/eoibadalona\/el-servei-educatiu\/serveis\/biblioteca\/","title":{"rendered":"Biblioteca"},"content":{"rendered":"<h3>Horaris de la biblioteca de l\u2019EOI Badalona<\/h3>\n<div style=\"position: relative; width: 100%; height: 0; padding-top: 24.2424%; padding-bottom: 0; box-shadow: 0 2px 8px 0 rgba(63,69,81,0.16); margin-top: 1.6em; margin-bottom: 0.9em; overflow: hidden; border-radius: 8px; will-change: transform;\"><iframe style=\"position: absolute; width: 100%; height: 100%; top: 0; left: 0; border: none; padding: 0; margin: 0;\" src=\"https:\/\/www.canva.com\/design\/DAG0ib20GAU\/YStOozNFw61r-yqvGbdW8Q\/view?embed\" allowfullscreen=\"allowfullscreen\"><br \/>\n<\/iframe><\/div>\n<h3><\/h3>\n<h3><\/h3>\n<h3>Consulta en l\u00ednia del cat\u00e0leg de la biblioteca de l\u2019EOI Badalona<\/h3>\n<h3><a href=\"https:\/\/agora-eoi.xtec.cat\/eoibadalona\/wp-content\/uploads\/usu2241\/2022\/07\/5eoi.jpg\"><img loading=\"lazy\" decoding=\"async\" class=\"wp-image-10485 alignright\" src=\"https:\/\/agora-eoi.xtec.cat\/eoibadalona\/wp-content\/uploads\/usu2241\/2022\/07\/5eoi.jpg\" alt=\"\" width=\"300\" height=\"200\" srcset=\"https:\/\/agora-eoi.xtec.cat\/eoibadalona\/wp-content\/uploads\/usu2241\/2022\/07\/5eoi.jpg 450w, https:\/\/agora-eoi.xtec.cat\/eoibadalona\/wp-content\/uploads\/usu2241\/2022\/07\/5eoi-300x200.jpg 300w\" sizes=\"auto, (max-width: 300px) 100vw, 300px\" \/><\/a><\/h3>\n<p>La biblioteca de l\u2019EOI Badalona us ofereix la possibilitat de consultar els recursos del seu cat\u00e0leg des del lloc web de l\u2019escola. Podeu fer una consulta del cat\u00e0leg seguint aquestes instruccions:<\/p>\n<ol>\n<li>Accediu a <a href=\"https:\/\/www.informaticacentros.com\/centrosnet\/ultralogin.php?tcentro=EOI&amp;centro=B20\">la consulta del vostre expedient<\/a>.<\/li>\n<li>Aneu a la pestanya Com\u00fa i seleccioneu Biblioteca.<\/li>\n<li>Seleccioneu o empleneu els criteris de cerca per trobar el material que busqueu i feu clic al bot\u00f3 Consultar.<\/li>\n<li>Al llistat de resultats podeu veure les dades b\u00e0siques dels materials que corresponen a la vostra cerca i veure si estan disponibles o en pr\u00e9stec.<\/li>\n<li>Feu clic en qualsevol element del llistat de resultats de la cerca per obrir la fitxa completa amb totes les dades.<\/li>\n<\/ol>\n<h3><a href=\"https:\/\/agora-eoi.xtec.cat\/eoibadalona\/wp-content\/uploads\/usu2241\/2022\/07\/Biblioteca.jpg\"><img loading=\"lazy\" decoding=\"async\" class=\" wp-image-10864 alignleft\" src=\"https:\/\/agora-eoi.xtec.cat\/eoibadalona\/wp-content\/uploads\/usu2241\/2022\/07\/Biblioteca-1024x768.jpg\" alt=\"\" width=\"353\" height=\"265\" srcset=\"https:\/\/agora-eoi.xtec.cat\/eoibadalona\/wp-content\/uploads\/usu2241\/2022\/07\/Biblioteca-1024x768.jpg 1024w, https:\/\/agora-eoi.xtec.cat\/eoibadalona\/wp-content\/uploads\/usu2241\/2022\/07\/Biblioteca-300x225.jpg 300w, https:\/\/agora-eoi.xtec.cat\/eoibadalona\/wp-content\/uploads\/usu2241\/2022\/07\/Biblioteca-768x576.jpg 768w, https:\/\/agora-eoi.xtec.cat\/eoibadalona\/wp-content\/uploads\/usu2241\/2022\/07\/Biblioteca-1536x1152.jpg 1536w, https:\/\/agora-eoi.xtec.cat\/eoibadalona\/wp-content\/uploads\/usu2241\/2022\/07\/Biblioteca-2048x1536.jpg 2048w, https:\/\/agora-eoi.xtec.cat\/eoibadalona\/wp-content\/uploads\/usu2241\/2022\/07\/Biblioteca-200x150.jpg 200w\" sizes=\"auto, (max-width: 353px) 100vw, 353px\" \/><\/a><\/h3>\n<h3><\/h3>\n<p>&nbsp;<\/p>\n<h3>Reserva de llibres i\/o pel\u00b7l\u00edcules<\/h3>\n<p>Podeu fer la vostra reserva de llibres i\/o pel\u00b7l\u00edcules mitjan\u00e7ant el seg\u00fcent enlla\u00e7, <a href=\"mailto:biblioteca@eoibadalona.cat\">biblioteca@eoibadalona.cat<\/a>, i recollir-ho a consergeria.<\/p>\n","protected":false},"excerpt":{"rendered":"<p>Horaris de la biblioteca de l\u2019EOI Badalona<\/p>\n<p>Consulta en l\u00ednia del cat\u00e0leg de la biblioteca de l\u2019EOI Badalona<br \/>\n<a href=\"https:\/\/agora-eoi.xtec.cat\/eoibadalona\/wp-content\/uploads\/usu2241\/2022\/07\/5eoi.jpg\"><\/a><br \/>\nLa biblioteca de l\u2019EOI Badalona us ofereix la possibilitat de consultar els recursos del seu cat\u00e0leg des del lloc web de l\u2019escola. Podeu fer una consulta del cat\u00e0leg&hellip;  <a href=\"https:\/\/agora-eoi.xtec.cat\/eoibadalona\/el-servei-educatiu\/serveis\/biblioteca\/\" title=\"Read Biblioteca\">Llegeix m\u00e9s\u00bb<\/a><\/p>\n","protected":false},"author":1,"featured_media":0,"parent":8411,"menu_order":1,"comment_status":"closed","ping_status":"closed","template":"page-templates\/side-menu.php","meta":{"_bbp_topic_count":0,"_bbp_reply_count":0,"_bbp_total_topic_count":0,"_bbp_total_reply_count":0,"_bbp_voice_count":0,"_bbp_anonymous_reply_count":0,"_bbp_topic_count_hidden":0,"_bbp_reply_count_hidden":0,"_bbp_forum_subforum_count":0,"footnotes":""},"class_list":["post-8414","page","type-page","status-publish","hentry"],"post_mailing_queue_ids":[],"_links":{"self":[{"href":"https:\/\/agora-eoi.xtec.cat\/eoibadalona\/wp-json\/wp\/v2\/pages\/8414","targetHints":{"allow":["GET"]}}],"collection":[{"href":"https:\/\/agora-eoi.xtec.cat\/eoibadalona\/wp-json\/wp\/v2\/pages"}],"about":[{"href":"https:\/\/agora-eoi.xtec.cat\/eoibadalona\/wp-json\/wp\/v2\/types\/page"}],"author":[{"embeddable":true,"href":"https:\/\/agora-eoi.xtec.cat\/eoibadalona\/wp-json\/wp\/v2\/users\/1"}],"replies":[{"embeddable":true,"href":"https:\/\/agora-eoi.xtec.cat\/eoibadalona\/wp-json\/wp\/v2\/comments?post=8414"}],"version-history":[{"count":7,"href":"https:\/\/agora-eoi.xtec.cat\/eoibadalona\/wp-json\/wp\/v2\/pages\/8414\/revisions"}],"predecessor-version":[{"id":12801,"href":"https:\/\/agora-eoi.xtec.cat\/eoibadalona\/wp-json\/wp\/v2\/pages\/8414\/revisions\/12801"}],"up":[{"embeddable":true,"href":"https:\/\/agora-eoi.xtec.cat\/eoibadalona\/wp-json\/wp\/v2\/pages\/8411"}],"wp:attachment":[{"href":"https:\/\/agora-eoi.xtec.cat\/eoibadalona\/wp-json\/wp\/v2\/media?parent=8414"}],"curies":[{"name":"wp","href":"https:\/\/api.w.org\/{rel}","templated":true}]}}