{"id":8168,"date":"2016-06-08T17:05:08","date_gmt":"2016-06-08T15:05:08","guid":{"rendered":"http:\/\/agora-eoi.xtec.cat\/eoibadalona\/?page_id=8168"},"modified":"2025-06-23T13:37:15","modified_gmt":"2025-06-23T11:37:15","slug":"pla-dimpuls-de-langles-professorat","status":"publish","type":"page","link":"https:\/\/agora-eoi.xtec.cat\/eoibadalona\/cursos\/pla-dimpuls-de-langles-professorat\/","title":{"rendered":"Cursos per a docents (PIA+)"},"content":{"rendered":"<h1 class=\"art-postheader\">PIA+: ANGL\u00c8S, ALEMANY, \u00c0RAB, CATAL\u00c0, FRANC\u00c8S, ITALI\u00c0, RUS I XIN\u00c8S<\/h1>\n<div class=\"art-postcontent\">\n<div class=\"field field-name-body field-type-text-with-summary field-label-hidden\">\n<div class=\"field-items\">\n<div class=\"field-item even\">\n<p><strong>Nou alumnat\u00a0<\/strong><\/p>\n<p>El <a href=\"http:\/\/xtec.gencat.cat\/ca\/formacio\/formaciogeneralprofessorat\/llengues\/programa-pia\/\" target=\"_blank\" rel=\"noopener\">Programa PIA +<\/a> \u00e9s una acci\u00f3 per a la millora de la compet\u00e8ncia comunicativa en llengua estrangera del professorat.<\/p>\n<p>Aquest programa permet sol\u00b7licitar la devoluci\u00f3 de l\u2019ingr\u00e9s de l\u2019import base de la matr\u00edcula al professorat que cursi i superi una llengua estrangera en una EOI o a l\u2019IOC en els nivells seg\u00fcents:<\/p>\n<ul>\n<li>nivells de B2.1, B2.2, C1, C2.1 i C2.2 d&#8217;angl\u00e8s i C2 de catal\u00e0 a les EOI<\/li>\n<li>nivells de B1, B2.1 i B2.2 d&#8217;angl\u00e8s, A1 i A2 d&#8217;alemany i C2.2 de catal\u00e0 a l\u2019IOC<\/li>\n<li>tots els nivells d&#8217;alemany, \u00e0rab, franc\u00e8s, itali\u00e0, rus i xin\u00e8s a les EOI<\/li>\n<\/ul>\n<p>Retorn de taxa per a l&#8217;alumnat apte <strong>de l&#8217;1 al 14 de juliol de 2025<\/strong>\u00a0exclusivament. <a href=\"https:\/\/educacio.gencat.cat\/ca\/tramits\/tramits-temes\/devolucio-matricula-pia\" target=\"_blank\" rel=\"noopener\">Enlla\u00e7 a la sol\u00b7licitud<\/a>.<\/p>\n<p><a href=\"https:\/\/www.eoidigital.com\/eoicat\/alumnes\/\">Acc\u00e9s a la preinscripci\u00f3 per a nou alumnat a les EOI<\/a><\/p>\n<p>M\u00e9s informaci\u00f3: <a href=\"http:\/\/xtec.gencat.cat\/ca\/formacio\/formaciogeneralprofessorat\/llengues\/programa-pia\/\" target=\"_blank\" rel=\"noopener\">Programa PIA +<\/a><\/p>\n<p>&nbsp;<\/p>\n<\/div>\n<\/div>\n<\/div>\n<\/div>\n","protected":false},"excerpt":{"rendered":"<p>PIA+: ANGL\u00c8S, ALEMANY, \u00c0RAB, CATAL\u00c0, FRANC\u00c8S, ITALI\u00c0, RUS I XIN\u00c8S<\/p>\n<p>Nou alumnat\u00a0<br \/>\nEl <a href=\"http:\/\/xtec.gencat.cat\/ca\/formacio\/formaciogeneralprofessorat\/llengues\/programa-pia\/\" target=\"_blank\" rel=\"noopener\">Programa PIA +<\/a> \u00e9s una acci\u00f3 per a la millora de la compet\u00e8ncia comunicativa en llengua estrangera del professorat.<br \/>\nAquest programa permet sol\u00b7licitar la devoluci\u00f3 de l\u2019ingr\u00e9s de l\u2019import base de la&hellip;  <a href=\"https:\/\/agora-eoi.xtec.cat\/eoibadalona\/cursos\/pla-dimpuls-de-langles-professorat\/\" title=\"Read Cursos per a docents (PIA+)\">Llegeix m\u00e9s\u00bb<\/a><\/p>\n","protected":false},"author":1,"featured_media":0,"parent":8149,"menu_order":5,"comment_status":"closed","ping_status":"closed","template":"page-templates\/side-menu.php","meta":{"_bbp_topic_count":0,"_bbp_reply_count":0,"_bbp_total_topic_count":0,"_bbp_total_reply_count":0,"_bbp_voice_count":0,"_bbp_anonymous_reply_count":0,"_bbp_topic_count_hidden":0,"_bbp_reply_count_hidden":0,"_bbp_forum_subforum_count":0,"footnotes":""},"class_list":["post-8168","page","type-page","status-publish","hentry"],"post_mailing_queue_ids":[],"_links":{"self":[{"href":"https:\/\/agora-eoi.xtec.cat\/eoibadalona\/wp-json\/wp\/v2\/pages\/8168","targetHints":{"allow":["GET"]}}],"collection":[{"href":"https:\/\/agora-eoi.xtec.cat\/eoibadalona\/wp-json\/wp\/v2\/pages"}],"about":[{"href":"https:\/\/agora-eoi.xtec.cat\/eoibadalona\/wp-json\/wp\/v2\/types\/page"}],"author":[{"embeddable":true,"href":"https:\/\/agora-eoi.xtec.cat\/eoibadalona\/wp-json\/wp\/v2\/users\/1"}],"replies":[{"embeddable":true,"href":"https:\/\/agora-eoi.xtec.cat\/eoibadalona\/wp-json\/wp\/v2\/comments?post=8168"}],"version-history":[{"count":6,"href":"https:\/\/agora-eoi.xtec.cat\/eoibadalona\/wp-json\/wp\/v2\/pages\/8168\/revisions"}],"predecessor-version":[{"id":12698,"href":"https:\/\/agora-eoi.xtec.cat\/eoibadalona\/wp-json\/wp\/v2\/pages\/8168\/revisions\/12698"}],"up":[{"embeddable":true,"href":"https:\/\/agora-eoi.xtec.cat\/eoibadalona\/wp-json\/wp\/v2\/pages\/8149"}],"wp:attachment":[{"href":"https:\/\/agora-eoi.xtec.cat\/eoibadalona\/wp-json\/wp\/v2\/media?parent=8168"}],"curies":[{"name":"wp","href":"https:\/\/api.w.org\/{rel}","templated":true}]}}