{"id":8161,"date":"2016-06-08T16:52:40","date_gmt":"2016-06-08T14:52:40","guid":{"rendered":"http:\/\/agora-eoi.xtec.cat\/eoibadalona\/?page_id=8161"},"modified":"2022-07-23T01:10:37","modified_gmt":"2022-07-22T23:10:37","slug":"matricula","status":"publish","type":"page","link":"https:\/\/agora-eoi.xtec.cat\/eoibadalona\/matricula\/","title":{"rendered":"Matr\u00edcula"},"content":{"rendered":"<h4>MATR\u00cdCULA NOU ALUMNAT<\/h4>\n<p style=\"font-weight: 400;\"><i>IMPORTANT: <\/i><\/p>\n<p style=\"font-weight: 400;\">En matricular-vos a l\u2019Escola Oficial d\u2019Idiomes de Badalona, us esteu matriculant en un ensenyament presencial. \u00c9s la vostra responsabilitat assistir a les classes, seguir les activitats d\u2019aula, que poden comportar l&#8217;\u00fas del tel\u00e8fon m\u00f2bil, les tasques telem\u00e0tiques (aules Moodle\/ Google Classroom) i altres deures que el professorat us encarregui. Aquesta feina constitueix informaci\u00f3 essencial per a l\u2019avaluaci\u00f3 continuada i\u00a0 per al seguiment que el professorat fa del seu alumnat.<\/p>\n<p style=\"font-weight: 400;\">Si la normativa sanit\u00e0ria ho requereix, una part o la totalitat de les classes podr\u00e0 fer-se de forma telem\u00e0tica sincr\u00f2nica o asincr\u00f2nica mitjan\u00e7ant les eines digitals presentades a principi de curs.<\/p>\n<p><img decoding=\"async\" src=\"https:\/\/www.eoibadalona.cat\/sites\/default\/files\/material-subido\/idiomes_OK-bola1.png_223078711.png\" \/><\/p>\n<ul>\n<li><a href=\"https:\/\/preinscripcio.gencat.cat\/ca\/estudis\/idiomes-eoi\/informat\/calendari\/\" target=\"_blank\" rel=\"noopener\">Informaci\u00f3 sobre el proc\u00e9s<\/a><\/li>\n<li><a href=\"https:\/\/educacio.gencat.cat\/web\/.content\/home\/departament\/publicacions\/infografies\/10-eoi.pdf\" target=\"_blank\" rel=\"noopener\">Quadre resum del proc\u00e9s<\/a><\/li>\n<li><a href=\"https:\/\/preinscripcio.gencat.cat\/ca\/estudis\/idiomes-eoi\/informat\/busca-centre\/\" target=\"_blank\" rel=\"noopener\">Consulta vacants i centres<\/a>\u00a0(publicaci\u00f3 juliol 2022)<\/li>\n<li><a href=\"https:\/\/drive.google.com\/file\/d\/13NEOzg2JNSRm6xj6F5CkqTl7h3KZvXuh\/view?usp=sharing\" target=\"_blank\" rel=\"noopener\">Horaris curs 2022\/23\u00a0<\/a><\/li>\n<li><a href=\"http:\/\/ensenyament.gencat.cat\/ca\/departament\/normativa\/taxes-preus-publics\/\" target=\"_blank\" rel=\"noopener\">Taxes i preus p\u00fablics<\/a><\/li>\n<li><strong><a href=\"https:\/\/www.eoidigital.com\/eoicat\/alumnes\/\" target=\"_blank\" rel=\"noopener\">Preinscripci\u00f3 de 1r a C1 i acc\u00e9s a consultes per internet<\/a><\/strong>\u00a0 (aplicaci\u00f3 inform\u00e0tica oberta des de les 9 hores del 31 d&#8217;agost de 2022\u00a0fins les 14\u00a0hores del 5\u00a0de setembre 2022)<\/li>\n<li><strong><a href=\"http:\/\/www.eoidigital.com\/eoicatc2\/alumnes\/\" target=\"_blank\" rel=\"noopener\">Preinscripci\u00f3\u00a0a C2\u00a0i acc\u00e9s a consultes per internet<\/a><\/strong>\u00a0 (aplicaci\u00f3 inform\u00e0tica oberta des de les 9 hores del 31 d&#8217;agost de 2022 fins les 14 hores del 5 de setembre 2022.<\/li>\n<li>En el cas d&#8217;haver d&#8217;ajuntar un certificat que eximeixi de la prova de nivell, \u00e9s\u00a0<strong>molt important\u00a0<\/strong>assegurar-se que aquest ha estat acceptat abans del\u00a0<strong>13 de setembre<\/strong>. Es pot comprovar des de la mateixa aplicaci\u00f3 inform\u00e0tica de preinscripci\u00f3. En cas de no ser v\u00e0lid, cal posar-se en contacte amb l&#8217;escola<\/li>\n<\/ul>\n<ul>\n<li style=\"list-style-type: none;\"><\/li>\n<\/ul>\n<h4>NIVELL C2<\/h4>\n<ul>\n<li><a href=\"https:\/\/drive.google.com\/file\/d\/1EwNaEHxfjn6UcI9earrBs3e7dfoG-2cA\/view?usp=sharing\" target=\"_blank\" rel=\"noopener\">Informaci\u00f3 sobre l&#8217;acc\u00e8s a C2.1<\/a><\/li>\n<li><a href=\"https:\/\/preinscripcio.gencat.cat\/ca\/estudis\/idiomes-eoi\/informat\/busca-centre\/\">Centres on s&#8217;impartir\u00e0\u00a0el nivell C2<\/a>\u00a0(publicaci\u00f3 juliol 2022)<\/li>\n<li><a href=\"https:\/\/www.eoidigital.com\/eoicatc2\/alumnes\/\" target=\"_blank\" rel=\"noopener\">Preinscripci\u00f3 C2.1 i acc\u00e8s a consultes on line\u00a0<\/a>(aplicaci\u00f3 inform\u00e0tica oberta des de les 9 hores del 31 d&#8217;agost de 2022\u00a0fins les 14\u00a0hores del 5\u00a0de setembre 2022)<\/li>\n<\/ul>\n<h4>MATR\u00cdCULA ANTIC ALUMNAT<\/h4>\n<ul>\n<li><a href=\"https:\/\/docs.google.com\/document\/d\/1aEaY9cT0YH9XEXuI2r5gsFWD67wa93JB\/edit?usp=sharing&amp;ouid=113618094742737671030&amp;rtpof=true&amp;sd=true\">Calendari de matriculaci\u00f3 2022-2023 de 1r a C1<\/a><\/li>\n<li><a href=\"https:\/\/www.informaticacentros.com\/centrosnet\/ultralogin.php?tcentro=EOI&amp;centro=B20\" target=\"_blank\" rel=\"noopener\">ACC\u00c9S a la matriculaci\u00f3\u00a0d&#8217;antic alumnat<\/a><\/li>\n<li><a href=\"https:\/\/drive.google.com\/file\/d\/13NEOzg2JNSRm6xj6F5CkqTl7h3KZvXuh\/view?usp=sharing\" target=\"_blank\" rel=\"noopener\">Horaris curs 2022\/23\u00a0<\/a><\/li>\n<li><a href=\"http:\/\/ensenyament.gencat.cat\/ca\/departament\/normativa\/taxes-preus-publics\/\" target=\"_blank\" rel=\"noopener\">Taxes i preus p\u00fablics<\/a><\/li>\n<li><a href=\"https:\/\/drive.google.com\/file\/d\/1SGad61i6YM1PtF-_P8Tb0FbdBAf_r5w9\/view?usp=sharing\" target=\"_blank\" rel=\"noopener\">Informaci\u00f3 per a l&#8217;alumnat que ha de fer el mateix curs per tercera vegada<\/a><\/li>\n<li><\/li>\n<\/ul>\n<h4>PROGRAMA PIA+ PER A PROFESSORAT (angl\u00e8s, franc\u00e8s i alemany)<\/h4>\n<div>\n<p>Programa per a la millora de la compet\u00e8ncia comunicativa en llengua estrangera del professorat no universitari. Trobeu m\u00e9s informaci\u00f3 a l&#8217;enlla\u00e7 seg\u00fcent:<\/p>\n<\/div>\n<ul>\n<li style=\"list-style-type: none;\">\n<ul>\n<li><a href=\"http:\/\/xtec.gencat.cat\/ca\/formacio\/formaciogeneralprofessorat\/llengues\/programa-pia\/\" target=\"_blank\" rel=\"noopener\">Informaci\u00f3 PIA +<\/a><\/li>\n<li>Sol\u00b7licitud de retorn de taxes per a l&#8217;alumnat APTE entre\u00a0<strong>l&#8217;1 i el 10 de juliol de 2022<\/strong>\u00a0en el seg\u00fcent\u00a0<a href=\"https:\/\/educacio.gencat.cat\/ca\/tramits\/tramits-temes\/devolucio-matricula-pia\" target=\"_blank\" rel=\"noopener\">enlla\u00e7<\/a>.<\/li>\n<\/ul>\n<\/li>\n<\/ul>\n<h4>MATR\u00cdCULA D&#8217;ACTUALITZACI\u00d3 EN CURSOS INFERIORS<\/h4>\n<ul>\n<li>\n<div>Dirigit a les persones que ja hagin cursat i superat amb anterioritat cursos de les escoles oficials d\u2019idiomes que condueixen a l\u2019obtenci\u00f3 d\u2019un certificat, i que vulguin actualitzar-ne els coneixements.<\/div>\n<\/li>\n<li>\n<div>Preinscripci\u00f3: La sol\u00b7licitud per a aquest tipus de matr\u00edcula s\u2019ha de presentar al centre una vegada finalitzat el per\u00edode d&#8217;admissi\u00f3, i nom\u00e9s s\u2019admet si existeixen vacants en el curs i l\u2019idioma sol\u00b7licitat.<\/div>\n<\/li>\n<li>\n<div>La sol\u00b7licitud \u00e9s valida \u00fanicament per al curs acad\u00e8mic en qu\u00e8 se sol\u00b7licita i s\u2019ha de tornar a presentar per a cursos acad\u00e8mics posteriors, si l\u2019alumne ho vol.<\/div>\n<\/li>\n<li>\n<div>Aquest tipus de matr\u00edcula no t\u00e9 efectes acad\u00e8mics ni dona lloc a cap certificat oficial.<\/div>\n<\/li>\n<li><strong>Preu del curs: 305 \u20ac (cursos A1, A2 i C1) o 318,90 \u20ac (cursos B1, B2.1 i B2.2)<\/strong><\/li>\n<\/ul>\n<h4>CONVALIDACI\u00d3 DE MAT\u00c8RIES A ESO i BATXILLERAT<\/h4>\n<ul style=\"font-weight: 400;\">\n<li aria-level=\"1\">L&#8217;<strong>alumnat d\u2019ESO<\/strong>\u00a0que cursa una segona llengua estrangera que no s&#8217;ofereixi en el centre educatiu i que ho fa\u00a0en una escola oficial d&#8217;idiomes pot sol\u00b7licitar-ne el reconeixement. M\u00e9s informaci\u00f3\u00a0<a href=\"https:\/\/docs.google.com\/document\/d\/1JvaoLBJIPDB-TmkLSNEZl02_nE7taz_OM5UrqNBQEbQ\/edit?usp=sharing\">aqu\u00ed<\/a>.<\/li>\n<li aria-level=\"1\"><strong>Els i les alumnes que cursen el batxillerat<\/strong>\u00a0i, al mateix temps, una segona llengua estrangera en una EOI poden sol\u00b7licitar, a cada curs, la<a href=\"https:\/\/triaeducativa.gencat.cat\/ca\/batxillerat\/convalidacions\/index.html\">\u00a0convalidaci\u00f3<\/a>\u00a0de mat\u00e8ries optatives (1r batxillerat) o\u00a0\u00a0mat\u00e8ries\u00a0de modalitat, pr\u00f2pia o aliena, o\u00a0dues mat\u00e8ries espec\u00edfiques (2n batxillerat). M\u00e9s informaci\u00f3<a href=\"https:\/\/docs.google.com\/document\/d\/16ACkkE8fuBHaPZvgffcD2V_zayMSri2Clyy6sZiecnQ\/edit?usp=sharing\">\u00a0aqu\u00ed<\/a>.<\/li>\n<li aria-level=\"1\">A m\u00e9s, l\u2019alumnat dels centres sostinguts amb fons p\u00fablics, que es matriculi d&#8217;una segona llengua estrangera en una EOI, diferent de la llengua estrangera obligat\u00f2ria del curr\u00edculum que estudien en el centre educatiu, tenen\u00a0<strong>una<\/strong><strong>\u00a0bonificaci\u00f3 del 50% del preu p\u00fablic (<\/strong>cursos d\u2019A1, A2 i C1)<\/li>\n<\/ul>\n<h4>PREUS \u00a0I BEQUES<\/h4>\n<h4><strong>Preus p\u00fablics: cursos A1, A2 i C1 (segons la LLei 2\/2014)<\/strong><\/h4>\n<table style=\"font-weight: 400;\">\n<tbody>\n<tr>\n<td><\/td>\n<td>1a matr\u00edcula<\/td>\n<td>2a vegada<\/p>\n<p>(coeficient d&#8217;1,3<\/p>\n<p>de la quota prevista)<\/td>\n<td>3a vegada<\/p>\n<p>(coeficient d&#8217;1,8<\/p>\n<p>de la quota prevista)<\/td>\n<\/tr>\n<tr>\n<td>Matr\u00edcula ordin\u00e0ria + serveis*<\/td>\n<td><b>305,00 \u20ac<\/b><\/p>\n<p>(matr\u00edcula 275,00\u202f\u20ac + serveis 30,00\u202f\u20ac)<\/td>\n<td><b>396,50 \u20ac<\/b><\/p>\n<p>(matr\u00edcula 357,50\u202f\u20ac + serveis 39,00\u202f\u20ac)<\/td>\n<td><b>549,00 \u20ac<\/b><\/p>\n<p>(matr\u00edcula 495,00\u202f\u20ac + serveis 54,00\u202f\u20ac)<\/td>\n<\/tr>\n<tr>\n<td>Matr\u00edcula i serveis* amb bonificaci\u00f3 50%<\/td>\n<td><b>152,50 \u20ac<\/b><\/p>\n<p>(matr\u00edcula 137,50\u202f\u20ac + serveis 15,00\u202f\u20ac)<\/td>\n<td><b>198,25 \u20ac<\/b><\/p>\n<p>(matr\u00edcula 178,75\u202f\u20ac + serveis 19,50\u202f\u20ac)<\/td>\n<td><b>274,50 \u20ac<\/b><\/p>\n<p>(matr\u00edcula 247,50\u202f\u20ac + serveis 27,00\u202f\u20ac)<\/td>\n<\/tr>\n<tr>\n<td>Exempci\u00f3 de pagament<\/td>\n<td><b>00,00\u202f\u20ac<\/b><\/td>\n<td><b>00,00\u202f\u20ac<\/b><\/td>\n<td><b>00,00\u202f\u20ac<\/b><\/td>\n<\/tr>\n<\/tbody>\n<\/table>\n<p style=\"font-weight: 400;\">*Preu del servei d&#8217;acc\u00e9s a la plataforma i<strong>\u00a0materials did\u00e0ctics\u00a0<\/strong>d&#8217;ensenyament:\u00a0<strong>30 \u20ac (preu p\u00fablic),\u00a0<\/strong>regulat per l&#8217;ORDRE EDU\/155\/2020 (modificada per l&#8217;ORDRE EDU\/114\/2021), de pagament obligatori\u00a0 i subjecte a bonificacions i exempcions. Aquesta quota possibilita els serveis de biblioteca, grups de conversa, activitats culturals i confer\u00e8ncies, missatgeria i altres materials pedag\u00f2gics.<\/p>\n<ul>\n<li style=\"list-style-type: none;\">\n<ul style=\"font-weight: 400;\">\n<li>M\u00e9s informaci\u00f3 sobre\u00a0<a href=\"http:\/\/ensenyament.gencat.cat\/ca\/departament\/normativa\/taxes-preus-publics\/preu-public\/\">preus p\u00fablics<\/a>\u00a0(cursos\u00a0A1, A2 i C1)<\/li>\n<li><strong>NOU! Bonificacions del 50% als cursos A1, A2 i C1<\/strong><\/li>\n<li>&#8211; Els alumnes dels centres sostinguts amb fons p\u00fablics, que es matriculen d&#8217;una segona llengua estrangera en una escola oficial d&#8217;idiomes, diferent a la llengua estrangera obligat\u00f2ria del curr\u00edculum que estudien en el centre educatiu, tenen una bonificaci\u00f3 del 50% del preu p\u00fablic.<\/li>\n<li>&#8211; Els alumnes matriculats en una escola oficial d&#8217;idiomes que cursen una llengua estrangera i volen estudiar una segona llengua estrangera en la mateixa o una altra escola oficial d&#8217;idiomes, tenen una bonificaci\u00f3 del 50% del preu p\u00fablic en una de les lleng\u00fces que es matriculin.<\/li>\n<li>&#8211; Els alumnes matriculats en una escola oficial d&#8217;idiomes, que cursen una llengua estrangera en el nivell de 5\u00e8 (intermedi B2), que es matriculin en una nova llengua estrangera el curs immediatament posterior, tenen una bonificaci\u00f3 del 50% del preu p\u00fablic de la matr\u00edcula de la nova llengua.<\/li>\n<li><a href=\"http:\/\/educacio.gencat.cat\/ca\/departament\/normativa\/taxes-preus-publics\/exempcions-bonificacions\">Exempcions i bonificacions generals<\/a>.<\/li>\n<\/ul>\n<\/li>\n<\/ul>\n<h4><strong>Taxes: cursos B1, B2.1 i B2.2 (segons les Lleis 4\/2017 i 5\/2017)<\/strong><\/h4>\n<table style=\"font-weight: 400;\">\n<tbody>\n<tr>\n<td><\/td>\n<td>1a matr\u00edcula<\/td>\n<td>2a vegada<\/p>\n<p>(coeficient d&#8217;1,3<\/p>\n<p>de la quota prevista)<\/td>\n<td>3a vegada<\/p>\n<p>(coeficient d&#8217;1,8<\/p>\n<p>de la quota prevista)<\/td>\n<\/tr>\n<tr>\n<td>Matr\u00edcula ordin\u00e0ria + serveis*<\/td>\n<td><b>318,90 \u20ac<\/b><\/p>\n<p>(matr\u00edcula 288,90\u202f\u20ac + serveis 30,00\u202f\u20ac)<\/td>\n<td><b>414,60 \u20ac<\/b><\/p>\n<p>(matr\u00edcula 375,60\u20ac + serveis 39,00\u202f\u20ac)<\/td>\n<td><b>574,05 \u20ac<\/b><\/p>\n<p>(matr\u00edcula 520,05\u202f\u20ac + serveis 54,00\u202f\u20ac)<\/td>\n<\/tr>\n<tr>\n<td>Matr\u00edcula i serveis* amb bonificaci\u00f3 50%<\/td>\n<td><b>159,45 \u20ac<\/b><\/p>\n<p>(matr\u00edcula 144,45\u202f\u20ac + serveis 15,00\u202f\u20ac)<\/td>\n<td><b>207,30 \u20ac<\/b><\/p>\n<p>(matr\u00edcula 187,80\u202f\u20ac + serveis 19,50\u202f\u20ac)<\/td>\n<td><b>287,05 \u20ac<\/b><\/p>\n<p>(matr\u00edcula 260,05\u202f\u20ac + serveis 27,00\u202f\u20ac)<\/td>\n<\/tr>\n<tr>\n<td>Exempci\u00f3 de pagament<\/td>\n<td><b>00,00\u202f\u20ac<\/b><\/td>\n<td><b>00,00\u202f\u20ac<\/b><\/td>\n<td><b>00,00\u202f\u20ac<\/b><\/td>\n<\/tr>\n<\/tbody>\n<\/table>\n<p style=\"font-weight: 400;\">*Preu del servei d&#8217;acc\u00e9s a la plataforma i<strong>\u00a0materials did\u00e0ctics\u00a0<\/strong>d&#8217;ensenyament:\u00a0<strong>30 \u20ac (preu p\u00fablic),\u00a0<\/strong>regulat per l&#8217;ORDRE EDU\/155\/2020 (modificada per l&#8217;ORDRE EDU\/114\/2021), de pagament obligatori\u00a0 i subjecte a bonificacions i exempcions. Aquesta quota possibilita els serveis de biblioteca, grups de conversa, activitats culturals i confer\u00e8ncies, missatgeria i altres materials pedag\u00f2gics.<\/p>\n<ul style=\"font-weight: 400;\">\n<li>M\u00e9s informaci\u00f3 sobre<a href=\"http:\/\/ensenyament.gencat.cat\/ca\/departament\/normativa\/taxes-preus-publics\/taxes\/\">\u00a0taxes<\/a>\u00a0(cursos\u00a0B1, B2.1 i B2.2)<\/li>\n<li>Aquestes taxes, que no inclouen els llibres, s\u2019han de pagar, d\u2019un sol cop, en el termini de 24 hores de la data de matr\u00edcula a les oficines de \u201cLa Caixa\u201d.<\/li>\n<li><a href=\"http:\/\/educacio.gencat.cat\/ca\/departament\/normativa\/taxes-preus-publics\/exempcions-bonificacions\">Exempcions i bonificacions generals<\/a><\/li>\n<\/ul>\n<p style=\"font-weight: 400;\"><strong>Beques<\/strong><\/p>\n<ul style=\"font-weight: 400;\">\n<li><a href=\"https:\/\/www.becaseducacion.gob.es\/becas-y-ayudas\/fp-bachillerato-otros\/tipos-de-becas.html\">Convocat\u00f2ria de\u00a0beques<\/a>\u00a0del\u00a0<em>Ministerio<\/em><em>\u00a0de Educaci\u00f3n y Formaci\u00f3n Profesional<\/em>\u00a0per a ensenyaments no universitaris d&#8217;idiomes per al curs 2022-2023<\/li>\n<li>Consulteu les convocat\u00f2ries de beques al\u00a0<a href=\"http:\/\/web.gencat.cat\/ca\/tramits\/tramits-temes\/Beques-de-caracter-general-per-a-estudis-postobligatoris?category=7449fd1c-a82c-11e3-a972-000c29052e2c\">web de la Generalitat de Catalunya<\/a>.<\/li>\n<li>Programa\u00a0<a href=\"http:\/\/futurambidiomes.gencat.cat\/\">PARLA 3<\/a>\u00a0per als estudiants universitaris<\/li>\n<\/ul>\n","protected":false},"excerpt":{"rendered":"<p>MATR\u00cdCULA NOU ALUMNAT<br \/>\nIMPORTANT:<br \/>\nEn matricular-vos a l\u2019Escola Oficial d\u2019Idiomes de Badalona, us esteu matriculant en un ensenyament presencial. \u00c9s la vostra responsabilitat assistir a les classes, seguir les activitats d\u2019aula, que poden comportar l&#8217;\u00fas del tel\u00e8fon m\u00f2bil, les tasques telem\u00e0tiques (aules Moodle\/ Google Classroom) i&hellip;  <a href=\"https:\/\/agora-eoi.xtec.cat\/eoibadalona\/matricula\/\" title=\"Read Matr\u00edcula\">Llegeix m\u00e9s\u00bb<\/a><\/p>\n","protected":false},"author":1,"featured_media":0,"parent":0,"menu_order":20,"comment_status":"closed","ping_status":"closed","template":"page-templates\/side-menu.php","meta":{"_bbp_topic_count":0,"_bbp_reply_count":0,"_bbp_total_topic_count":0,"_bbp_total_reply_count":0,"_bbp_voice_count":0,"_bbp_anonymous_reply_count":0,"_bbp_topic_count_hidden":0,"_bbp_reply_count_hidden":0,"_bbp_forum_subforum_count":0,"footnotes":""},"class_list":["post-8161","page","type-page","status-publish","hentry"],"post_mailing_queue_ids":[],"_links":{"self":[{"href":"https:\/\/agora-eoi.xtec.cat\/eoibadalona\/wp-json\/wp\/v2\/pages\/8161","targetHints":{"allow":["GET"]}}],"collection":[{"href":"https:\/\/agora-eoi.xtec.cat\/eoibadalona\/wp-json\/wp\/v2\/pages"}],"about":[{"href":"https:\/\/agora-eoi.xtec.cat\/eoibadalona\/wp-json\/wp\/v2\/types\/page"}],"author":[{"embeddable":true,"href":"https:\/\/agora-eoi.xtec.cat\/eoibadalona\/wp-json\/wp\/v2\/users\/1"}],"replies":[{"embeddable":true,"href":"https:\/\/agora-eoi.xtec.cat\/eoibadalona\/wp-json\/wp\/v2\/comments?post=8161"}],"version-history":[{"count":3,"href":"https:\/\/agora-eoi.xtec.cat\/eoibadalona\/wp-json\/wp\/v2\/pages\/8161\/revisions"}],"predecessor-version":[{"id":10503,"href":"https:\/\/agora-eoi.xtec.cat\/eoibadalona\/wp-json\/wp\/v2\/pages\/8161\/revisions\/10503"}],"wp:attachment":[{"href":"https:\/\/agora-eoi.xtec.cat\/eoibadalona\/wp-json\/wp\/v2\/media?parent=8161"}],"curies":[{"name":"wp","href":"https:\/\/api.w.org\/{rel}","templated":true}]}}