{"id":8141,"date":"2016-06-08T16:27:54","date_gmt":"2016-06-08T15:27:54","guid":{"rendered":"http:\/\/agora-eoi.xtec.cat\/eoibadalona\/?page_id=8141"},"modified":"2026-01-27T11:01:49","modified_gmt":"2026-01-27T10:01:49","slug":"equip","status":"publish","type":"page","link":"https:\/\/agora-eoi.xtec.cat\/eoibadalona\/el-servei-educatiu\/equip\/","title":{"rendered":"Equip"},"content":{"rendered":"<h4>Equip de direcci\u00f3, coordinacions i PAS de l&#8217;EOI Badalona<\/h4>\n<ul>\n<li>Per consultar l&#8217;horari d&#8217;atenci\u00f3 general consulteu l&#8217;<a href=\"https:\/\/agora-eoi.xtec.cat\/eoibadalona\/el-servei-educatiu\/horari\/\" target=\"_blank\" rel=\"noopener\"><strong>Horari d&#8217;atenci\u00f3<\/strong><\/a><\/li>\n<\/ul>\n<table style=\"width: 55.0729%; height: 989px;\">\n<tbody>\n<tr style=\"height: 64px;\">\n<td style=\"width: 59.8155%; height: 64px;\"><span style=\"font-weight: 400;\">Directora<\/span><\/td>\n<td style=\"width: 18.0501%; height: 64px;\"><span style=\"font-weight: 400;\">Nathalie Lhuillier<\/span><\/td>\n<td style=\"width: 20.8169%; height: 64px;\">direccio@eoibadalona.cat<\/td>\n<\/tr>\n<tr style=\"height: 64px;\">\n<td style=\"width: 59.8155%; height: 64px;\"><span style=\"font-weight: 400;\">Cap d\u2019estudis<\/span><\/td>\n<td style=\"width: 18.0501%; height: 64px;\"><span style=\"font-weight: 400;\">V\u00edctor Alarc\u00f3n<\/span><\/td>\n<td style=\"width: 20.8169%; height: 64px;\">capdestudis@eoibadalona.cat<\/td>\n<\/tr>\n<tr style=\"height: 64px;\">\n<td style=\"width: 59.8155%; height: 64px;\"><span style=\"font-weight: 400;\">Secret\u00e0ria i coordinadora de coeducaci\u00f3, conviv\u00e8ncia i benestar<\/span><\/td>\n<td style=\"width: 18.0501%; height: 64px;\"><span style=\"font-weight: 400;\">Virgina Pardo<\/span><\/td>\n<td style=\"width: 20.8169%; height: 64px;\">secretaria@eoibadalona.cat<\/td>\n<\/tr>\n<tr style=\"height: 64px;\">\n<td style=\"width: 59.8155%; height: 64px;\"><span style=\"font-weight: 400;\">Cap de departament d\u2019alemany<\/span><\/td>\n<td style=\"width: 18.0501%; height: 64px;\"><span style=\"font-weight: 400;\">Sonia Cubero<\/span><\/td>\n<td style=\"width: 20.8169%; height: 64px;\">sonia.cubero@eoibadalona.cat<\/td>\n<\/tr>\n<tr style=\"height: 64px;\">\n<td style=\"width: 59.8155%; height: 64px;\"><span style=\"font-weight: 400;\">Cap de departament d\u2019angl\u00e8s\u00a0<\/span><\/td>\n<td style=\"width: 18.0501%; height: 64px;\">Xavier Gascon<\/td>\n<td style=\"width: 20.8169%;\">xavier.gascon@eoibadalona.cat<\/td>\n<\/tr>\n<tr style=\"height: 64px;\">\n<td style=\"width: 59.8155%; height: 64px;\">Cap adjunta del departament d&#8217;angl\u00e8s<\/td>\n<td style=\"width: 18.0501%; height: 64px;\">Marian Penfold<\/td>\n<td style=\"width: 20.8169%;\">marian.penfold@eoibadalona.cat<\/td>\n<\/tr>\n<tr style=\"height: 64px;\">\n<td style=\"width: 59.8155%; height: 64px;\"><span style=\"font-weight: 400;\">Cap de departament de franc\u00e8s\u00a0<\/span><\/td>\n<td style=\"width: 18.0501%; height: 64px;\"><span style=\"font-weight: 400;\">Catherine Guillelmi<\/span><\/td>\n<td style=\"width: 20.8169%;\">catherine.guillelmi@eoibadalona.cat<\/td>\n<\/tr>\n<tr style=\"height: 111px;\">\n<td style=\"width: 59.8155%; height: 111px;\"><span style=\"font-weight: 400;\">Coordinadora d&#8217;estrat\u00e8gia digital de centre <\/span><\/td>\n<td style=\"width: 18.0501%; height: 111px;\"><span style=\"font-weight: 400;\">Carme Alegre<\/span><\/td>\n<td style=\"width: 20.8169%;\">carme.alegre@eoibadalona.cat<\/td>\n<\/tr>\n<tr style=\"height: 111px;\">\n<td style=\"width: 59.8155%; height: 111px;\"><span style=\"font-weight: 400;\">Coordinador de llengua, interculturalitat i cohesi\u00f3<\/span><\/td>\n<td style=\"width: 18.0501%; height: 111px;\">Jos\u00e9 Fern\u00e1ndez<\/td>\n<td style=\"width: 20.8169%;\">jose.fernandez<span class=\"atwho-query\">@eoibadalona.cat<\/span><\/td>\n<\/tr>\n<tr style=\"height: 95px;\">\n<td style=\"width: 59.8155%; height: 95px;\">Coordinadora de riscos laborals<\/td>\n<td style=\"width: 18.0501%; height: 95px;\"><span style=\"font-weight: 400;\">Ang\u00e8le Coupriaux<\/span><\/td>\n<td style=\"width: 20.8169%; height: 95px;\"><span style=\"font-weight: 400;\">angele.coupriaux@eoibadalona.cat<\/span><\/td>\n<\/tr>\n<tr style=\"height: 48px;\">\n<td style=\"width: 59.8155%; height: 48px;\"><span style=\"font-weight: 400;\">Administraci\u00f3<\/span><\/td>\n<td style=\"width: 18.0501%; height: 48px;\"><span style=\"font-weight: 400;\">Carol\u00a0<\/span><\/td>\n<td style=\"width: 20.8169%; height: 48px;\"><span style=\"font-weight: 400;\">eoibadalona@xtec.cat<\/span><\/td>\n<\/tr>\n<tr style=\"height: 48px;\">\n<td style=\"width: 59.8155%; height: 48px;\"><span style=\"font-weight: 400;\">Consergeria<\/span><\/td>\n<td style=\"width: 18.0501%; height: 48px;\"><span style=\"font-weight: 400;\">Mateu<\/span><\/td>\n<td style=\"width: 20.8169%; height: 48px;\">consergeria@eoibadalona.cat<\/td>\n<\/tr>\n<tr style=\"height: 48px;\">\n<td style=\"width: 59.8155%; height: 48px;\"><\/td>\n<td style=\"width: 18.0501%; height: 48px;\"><\/td>\n<td style=\"width: 20.8169%; height: 48px;\"><\/td>\n<\/tr>\n<tr style=\"height: 48px;\">\n<td style=\"width: 59.8155%; height: 48px;\"><\/td>\n<td style=\"width: 18.0501%; height: 48px;\"><\/td>\n<td style=\"width: 20.8169%; height: 48px;\"><\/td>\n<\/tr>\n<tr style=\"height: 48px;\">\n<td style=\"width: 59.8155%; height: 48px;\"><\/td>\n<td style=\"width: 18.0501%; height: 48px;\"><\/td>\n<td style=\"width: 20.8169%; height: 48px;\"><\/td>\n<\/tr>\n<\/tbody>\n<\/table>\n<p>&nbsp;<\/p>\n<p>&nbsp;<\/p>\n<p>&nbsp;<\/p>\n","protected":false},"excerpt":{"rendered":"<p>Equip de direcci\u00f3, coordinacions i PAS de l&#8217;EOI Badalona<\/p>\n<ul>\n<li>Per consultar l&#8217;horari d&#8217;atenci\u00f3 general consulteu l&#8217;<a href=\"https:\/\/agora-eoi.xtec.cat\/eoibadalona\/el-servei-educatiu\/horari\/\" target=\"_blank\" rel=\"noopener\">Horari d&#8217;atenci\u00f3<\/a><\/li>\n<\/ul>\n<p>Directora<br \/>\nNathalie Lhuillier<br \/>\ndireccio@eoibadalona.cat<\/p>\n<p>Cap d\u2019estudis<br \/>\nV\u00edctor Alarc\u00f3n<br \/>\ncapdestudis@eoibadalona.cat<\/p>\n<p>Secret\u00e0ria i coordinadora de coeducaci\u00f3, conviv\u00e8ncia i benestar<br \/>\nVirgina Pardo<br \/>\nsecretaria@eoibadalona.cat<\/p>\n<p>Cap de departament d\u2019alemany<br \/>\nSonia Cubero<br \/>\nsonia.cubero@eoibadalona.cat<\/p>\n<p>Cap de departament d\u2019angl\u00e8s\u00a0<br \/>\nXavier Gascon<br \/>\nxavier.gascon@eoibadalona.cat<\/p>\n<p>Cap adjunta del departament d&#8217;angl\u00e8s<br \/>\nMarian Penfold<br \/>\nmarian.penfold@eoibadalona.cat<\/p>\n<p>Cap de departament&hellip;  <a href=\"https:\/\/agora-eoi.xtec.cat\/eoibadalona\/el-servei-educatiu\/equip\/\" title=\"Read Equip\">Llegeix m\u00e9s\u00bb<\/a><\/p>\n","protected":false},"author":1,"featured_media":0,"parent":806,"menu_order":2,"comment_status":"closed","ping_status":"closed","template":"page-templates\/side-menu.php","meta":{"_bbp_topic_count":0,"_bbp_reply_count":0,"_bbp_total_topic_count":0,"_bbp_total_reply_count":0,"_bbp_voice_count":0,"_bbp_anonymous_reply_count":0,"_bbp_topic_count_hidden":0,"_bbp_reply_count_hidden":0,"_bbp_forum_subforum_count":0,"footnotes":""},"class_list":["post-8141","page","type-page","status-publish","hentry"],"post_mailing_queue_ids":[],"_links":{"self":[{"href":"https:\/\/agora-eoi.xtec.cat\/eoibadalona\/wp-json\/wp\/v2\/pages\/8141","targetHints":{"allow":["GET"]}}],"collection":[{"href":"https:\/\/agora-eoi.xtec.cat\/eoibadalona\/wp-json\/wp\/v2\/pages"}],"about":[{"href":"https:\/\/agora-eoi.xtec.cat\/eoibadalona\/wp-json\/wp\/v2\/types\/page"}],"author":[{"embeddable":true,"href":"https:\/\/agora-eoi.xtec.cat\/eoibadalona\/wp-json\/wp\/v2\/users\/1"}],"replies":[{"embeddable":true,"href":"https:\/\/agora-eoi.xtec.cat\/eoibadalona\/wp-json\/wp\/v2\/comments?post=8141"}],"version-history":[{"count":6,"href":"https:\/\/agora-eoi.xtec.cat\/eoibadalona\/wp-json\/wp\/v2\/pages\/8141\/revisions"}],"predecessor-version":[{"id":12957,"href":"https:\/\/agora-eoi.xtec.cat\/eoibadalona\/wp-json\/wp\/v2\/pages\/8141\/revisions\/12957"}],"up":[{"embeddable":true,"href":"https:\/\/agora-eoi.xtec.cat\/eoibadalona\/wp-json\/wp\/v2\/pages\/806"}],"wp:attachment":[{"href":"https:\/\/agora-eoi.xtec.cat\/eoibadalona\/wp-json\/wp\/v2\/media?parent=8141"}],"curies":[{"name":"wp","href":"https:\/\/api.w.org\/{rel}","templated":true}]}}