{"id":318,"date":"2015-11-24T18:18:24","date_gmt":"2015-11-24T17:18:24","guid":{"rendered":"http:\/\/agora-eoi.xtec.cat\/eoibadalona\/?page_id=318"},"modified":"2024-10-02T13:44:27","modified_gmt":"2024-10-02T11:44:27","slug":"on-som","status":"publish","type":"page","link":"https:\/\/agora-eoi.xtec.cat\/eoibadalona\/el-servei-educatiu\/on-som\/","title":{"rendered":"Contacte"},"content":{"rendered":"<p>Podeu contactar amb l&#8217;EOI de Badalona per tel\u00e8fon o correu electr\u00f2nic.<\/p>\n<p>Avinguda Marqu\u00e8s de Mont-roig,\u00a0 237<br \/>\n08918 Badalona<br \/>\nTel\u00e8fon: \u00a093 383 30 99<br \/>\nCorreu electr\u00f2nic: <a href=\"mailto:eoibadalona@xtec.cat\">eoibadalona<span class=\"\">@xtec.cat<\/span><\/a><\/p>\n<p><iframe loading=\"lazy\" src=\"https:\/\/www.google.com\/maps\/embed?pb=!1m18!1m12!1m3!1d2991.248940089707!2d2.2249411507918064!3d41.43381977915805!2m3!1f0!2f0!3f0!3m2!1i1024!2i768!4f13.1!3m3!1m2!1s0x12a4bb593bbe1c1f%3A0x1171f06fc9a1931f!2sEscola+Oficial+d%C2%B4Idiomes+de+Badalona!5e0!3m2!1ses!2ses!4v1474455730875\" width=\"600\" height=\"450\" frameborder=\"0\"><\/iframe><\/p>\n<p><strong><span style=\"text-decoration: underline;\">Com arribar-hi<\/span><br \/>\n<\/strong><\/p>\n<p>Estem situats a l\u2019Avinguda Marqu\u00e8s de Mont-roig cantonada Av. Maresme, a la banda mar.<\/p>\n<p>Hi podeu arribar de diferents maneres:<\/p>\n<ul>\n<li><b>Cotxe<\/b>: Des de Barcelona, per Gran Via i C-31, sortida <strong>210<\/strong> <span class=\"renderable-component\"><span class=\"renderable-component-text renderable-component-text-not-line\">cap a <\/span><\/span><strong><span class=\"renderable-component\"><span class=\"renderable-component-text renderable-component-text-not-line renderable-component-bold\">St. Adri\u00e0 de Bes\u00f2s<\/span><\/span><span class=\"renderable-component\"><span class=\"renderable-component-text renderable-component-text-not-line\">\/<\/span><\/span><span class=\"renderable-component\"><span class=\"renderable-component-text renderable-component-text-not-line renderable-component-bold\">Badalona<\/span><\/span> Sud<\/strong>.<\/li>\n<li><b>Metro<\/b>: L\u00ednia <strong>L2<\/strong> (lila) parada <strong>Sant Roc <\/strong>(sortida Alfons XII).<\/li>\n<li><b>Bus<\/b>: l\u00ednia <strong>B3<\/strong> de TUSGSAL.<\/li>\n<li><strong>Tram: <\/strong>L\u00ednia <strong>T5<\/strong> parada <strong>Sant Roc<\/strong>.<\/li>\n<li><strong>Tren:<\/strong> L&#8217;estaci\u00f3 de rodalies de <strong>Sant Adri\u00e0 de Bes\u00f2s<\/strong> es troba a poc m\u00e9s de 15 minuts a peu.<\/li>\n<\/ul>\n","protected":false},"excerpt":{"rendered":"<p>Podeu contactar amb l&#8217;EOI de Badalona per tel\u00e8fon o correu electr\u00f2nic.<br \/>\nAvinguda Marqu\u00e8s de Mont-roig,\u00a0 237<br \/>\n08918 Badalona<br \/>\nTel\u00e8fon: \u00a093 383 30 99<br \/>\nCorreu electr\u00f2nic: <a href=\"mailto:eoibadalona@xtec.cat\">eoibadalona@xtec.cat<\/a><\/p>\n<p>Com arribar-hi<\/p>\n<p>Estem situats a l\u2019Avinguda Marqu\u00e8s de Mont-roig cantonada Av. Maresme, a la banda mar.<br \/>\nHi podeu arribar de diferents maneres:<\/p>\n<ul>\n<li>Cotxe: Des de Barcelona,&hellip;  <a href=\"https:\/\/agora-eoi.xtec.cat\/eoibadalona\/el-servei-educatiu\/on-som\/\" title=\"Read Contacte\">Llegeix m\u00e9s\u00bb<\/a><br \/>\n","protected":false},"author":1,"featured_media":0,"parent":806,"menu_order":3,"comment_status":"closed","ping_status":"closed","template":"page-templates\/side-menu.php","meta":{"_bbp_topic_count":0,"_bbp_reply_count":0,"_bbp_total_topic_count":0,"_bbp_total_reply_count":0,"_bbp_voice_count":0,"_bbp_anonymous_reply_count":0,"_bbp_topic_count_hidden":0,"_bbp_reply_count_hidden":0,"_bbp_forum_subforum_count":0,"footnotes":""},"class_list":["post-318","page","type-page","status-publish","hentry"],"post_mailing_queue_ids":[],"_links":{"self":[{"href":"https:\/\/agora-eoi.xtec.cat\/eoibadalona\/wp-json\/wp\/v2\/pages\/318","targetHints":{"allow":["GET"]}}],"collection":[{"href":"https:\/\/agora-eoi.xtec.cat\/eoibadalona\/wp-json\/wp\/v2\/pages"}],"about":[{"href":"https:\/\/agora-eoi.xtec.cat\/eoibadalona\/wp-json\/wp\/v2\/types\/page"}],"author":[{"embeddable":true,"href":"https:\/\/agora-eoi.xtec.cat\/eoibadalona\/wp-json\/wp\/v2\/users\/1"}],"replies":[{"embeddable":true,"href":"https:\/\/agora-eoi.xtec.cat\/eoibadalona\/wp-json\/wp\/v2\/comments?post=318"}],"version-history":[{"count":8,"href":"https:\/\/agora-eoi.xtec.cat\/eoibadalona\/wp-json\/wp\/v2\/pages\/318\/revisions"}],"predecessor-version":[{"id":12488,"href":"https:\/\/agora-eoi.xtec.cat\/eoibadalona\/wp-json\/wp\/v2\/pages\/318\/revisions\/12488"}],"up":[{"embeddable":true,"href":"https:\/\/agora-eoi.xtec.cat\/eoibadalona\/wp-json\/wp\/v2\/pages\/806"}],"wp:attachment":[{"href":"https:\/\/agora-eoi.xtec.cat\/eoibadalona\/wp-json\/wp\/v2\/media?parent=318"}],"curies":[{"name":"wp","href":"https:\/\/api.w.org\/{rel}","templated":true}]}}