{"id":13100,"date":"2026-05-05T10:33:00","date_gmt":"2026-05-05T08:33:00","guid":{"rendered":"https:\/\/agora-eoi.xtec.cat\/eoibadalona\/?page_id=13100"},"modified":"2026-05-05T10:37:04","modified_gmt":"2026-05-05T08:37:04","slug":"catala","status":"publish","type":"page","link":"https:\/\/agora-eoi.xtec.cat\/eoibadalona\/idiomes\/catala\/","title":{"rendered":"Catal\u00e0"},"content":{"rendered":"<header class=\"entry-header\">\n<h5 class=\"entry-title\"><span style=\"font-size: 1.4375em;\">Modalitat semipresencial de 130 hores<\/span><\/h5>\n<\/header>\n<div class=\"entry-content\">\n<ul>\n<li>\n<div class=\"column-text__contentWrapper text-styles text-styles--color_neutral\">\n<p><strong>Una sessi\u00f3 de 2 hores i 15 minuts presencials a la setmana<\/strong>. La resta de les hores es realitzen en l\u00ednia de forma as\u00edncrona mitjan\u00e7ant les plataformes Moodle o Classroom.<\/p>\n<\/div>\n<\/li>\n<li>Les persones que es matriculen a un curs de nivell d&#8217;actualitzaci\u00f3 i especialitzaci\u00f3 <strong>C2<\/strong> en llengua <strong>catalana<\/strong>\u00a0tenen <a href=\"https:\/\/agora-eoi.xtec.cat\/eoibadalona\/matricula\/taxes-i-preus-publics\/\" target=\"_blank\" rel=\"noopener\">una bonificaci\u00f3 del 50% del preu p\u00fablic de la matr\u00edcula<\/a>.<\/li>\n<li><a href=\"https:\/\/agora-eoi.xtec.cat\/eoibadalona\/matricula\/pia-per-a-professorat\/\" target=\"_blank\" rel=\"noopener\">PIA+ Cursos i avantatges per a docents\u00a0<\/a><\/li>\n<\/ul>\n<h4><strong>Cursos ordinaris \u2013 Horaris 2026-27 (Pendent)<\/strong><\/h4>\n<h4><strong>Professorat (pendent)<\/strong><\/h4>\n<table border=\"1\" cellspacing=\"1\" cellpadding=\"1\">\n<tbody>\n<tr>\n<th scope=\"col\">Horari d\u2019atenci\u00f3<\/th>\n<th scope=\"col\">15 minuts abans de classe (amb cita pr\u00e8via)<\/th>\n<\/tr>\n<tr>\n<td><\/td>\n<td><\/td>\n<\/tr>\n<\/tbody>\n<\/table>\n<h4><strong>Informacions\u00a0<\/strong><\/h4>\n<ul>\n<li>Informaci\u00f3 curs C2 semipresencial (Pendent)<\/li>\n<\/ul>\n<h4>Webs d\u2019inter\u00e8s (Pendent)<\/h4>\n<\/div>\n","protected":false},"excerpt":{"rendered":"<p>Modalitat semipresencial de 130 hores<\/p>\n<ul>\n<li>\n<p>Una sessi\u00f3 de 2 hores i 15 minuts presencials a la setmana. La resta de les hores es realitzen en l\u00ednia de forma as\u00edncrona mitjan\u00e7ant les plataformes Moodle o Classroom.<\/p>\n<\/li>\n<li>Les persones que es matriculen a un curs de nivell d&#8217;actualitzaci\u00f3 i&hellip;  <a href=\"https:\/\/agora-eoi.xtec.cat\/eoibadalona\/idiomes\/catala\/\" title=\"Read Catal\u00e0\">Llegeix m\u00e9s\u00bb<\/a><br \/>\n","protected":false},"author":1,"featured_media":0,"parent":10623,"menu_order":3,"comment_status":"closed","ping_status":"closed","template":"page-templates\/side-menu.php","meta":{"_bbp_topic_count":0,"_bbp_reply_count":0,"_bbp_total_topic_count":0,"_bbp_total_reply_count":0,"_bbp_voice_count":0,"_bbp_anonymous_reply_count":0,"_bbp_topic_count_hidden":0,"_bbp_reply_count_hidden":0,"_bbp_forum_subforum_count":0,"footnotes":""},"class_list":["post-13100","page","type-page","status-publish","hentry"],"post_mailing_queue_ids":[],"_links":{"self":[{"href":"https:\/\/agora-eoi.xtec.cat\/eoibadalona\/wp-json\/wp\/v2\/pages\/13100","targetHints":{"allow":["GET"]}}],"collection":[{"href":"https:\/\/agora-eoi.xtec.cat\/eoibadalona\/wp-json\/wp\/v2\/pages"}],"about":[{"href":"https:\/\/agora-eoi.xtec.cat\/eoibadalona\/wp-json\/wp\/v2\/types\/page"}],"author":[{"embeddable":true,"href":"https:\/\/agora-eoi.xtec.cat\/eoibadalona\/wp-json\/wp\/v2\/users\/1"}],"replies":[{"embeddable":true,"href":"https:\/\/agora-eoi.xtec.cat\/eoibadalona\/wp-json\/wp\/v2\/comments?post=13100"}],"version-history":[{"count":5,"href":"https:\/\/agora-eoi.xtec.cat\/eoibadalona\/wp-json\/wp\/v2\/pages\/13100\/revisions"}],"predecessor-version":[{"id":13115,"href":"https:\/\/agora-eoi.xtec.cat\/eoibadalona\/wp-json\/wp\/v2\/pages\/13100\/revisions\/13115"}],"up":[{"embeddable":true,"href":"https:\/\/agora-eoi.xtec.cat\/eoibadalona\/wp-json\/wp\/v2\/pages\/10623"}],"wp:attachment":[{"href":"https:\/\/agora-eoi.xtec.cat\/eoibadalona\/wp-json\/wp\/v2\/media?parent=13100"}],"curies":[{"name":"wp","href":"https:\/\/api.w.org\/{rel}","templated":true}]}}