{"id":12089,"date":"2023-12-20T12:39:57","date_gmt":"2023-12-20T11:39:57","guid":{"rendered":"https:\/\/agora-eoi.xtec.cat\/eoibadalona\/?page_id=12089"},"modified":"2025-09-08T12:11:09","modified_gmt":"2025-09-08T10:11:09","slug":"cursos-per-a-professionals-del-sector-turistic","status":"publish","type":"page","link":"https:\/\/agora-eoi.xtec.cat\/eoibadalona\/cursos\/cursos-per-a-professionals-del-sector-turistic\/","title":{"rendered":"Cursos per a professionals del sector tur\u00edstic"},"content":{"rendered":"<p>Adre\u00e7ats a<strong> professionals del sector tur\u00edstic exclusivament,<\/strong> gratu\u00efts per a l&#8217;alumnat. M\u00e9s informaci\u00f3 en aquest <a href=\"https:\/\/empresa.gencat.cat\/ca\/treb_ambits_actuacio\/turisme\/professionals_turisme\/formacio\/idiomes\/index.html\" target=\"_blank\" rel=\"noopener\">enlla\u00e7<\/a>.<\/p>\n<h3>Pendent de la nova convocat\u00f2ria<\/h3>\n","protected":false},"excerpt":{"rendered":"<p>Adre\u00e7ats a professionals del sector tur\u00edstic exclusivament, gratu\u00efts per a l&#8217;alumnat. M\u00e9s informaci\u00f3 en aquest <a href=\"https:\/\/empresa.gencat.cat\/ca\/treb_ambits_actuacio\/turisme\/professionals_turisme\/formacio\/idiomes\/index.html\" target=\"_blank\" rel=\"noopener\">enlla\u00e7<\/a>.<br \/>\nPendent de la nova convocat\u00f2ria<\/p>\n","protected":false},"author":1,"featured_media":0,"parent":8149,"menu_order":6,"comment_status":"closed","ping_status":"closed","template":"page-templates\/side-menu.php","meta":{"_bbp_topic_count":0,"_bbp_reply_count":0,"_bbp_total_topic_count":0,"_bbp_total_reply_count":0,"_bbp_voice_count":0,"_bbp_anonymous_reply_count":0,"_bbp_topic_count_hidden":0,"_bbp_reply_count_hidden":0,"_bbp_forum_subforum_count":0,"footnotes":""},"class_list":["post-12089","page","type-page","status-publish","hentry"],"post_mailing_queue_ids":[],"_links":{"self":[{"href":"https:\/\/agora-eoi.xtec.cat\/eoibadalona\/wp-json\/wp\/v2\/pages\/12089","targetHints":{"allow":["GET"]}}],"collection":[{"href":"https:\/\/agora-eoi.xtec.cat\/eoibadalona\/wp-json\/wp\/v2\/pages"}],"about":[{"href":"https:\/\/agora-eoi.xtec.cat\/eoibadalona\/wp-json\/wp\/v2\/types\/page"}],"author":[{"embeddable":true,"href":"https:\/\/agora-eoi.xtec.cat\/eoibadalona\/wp-json\/wp\/v2\/users\/1"}],"replies":[{"embeddable":true,"href":"https:\/\/agora-eoi.xtec.cat\/eoibadalona\/wp-json\/wp\/v2\/comments?post=12089"}],"version-history":[{"count":4,"href":"https:\/\/agora-eoi.xtec.cat\/eoibadalona\/wp-json\/wp\/v2\/pages\/12089\/revisions"}],"predecessor-version":[{"id":12757,"href":"https:\/\/agora-eoi.xtec.cat\/eoibadalona\/wp-json\/wp\/v2\/pages\/12089\/revisions\/12757"}],"up":[{"embeddable":true,"href":"https:\/\/agora-eoi.xtec.cat\/eoibadalona\/wp-json\/wp\/v2\/pages\/8149"}],"wp:attachment":[{"href":"https:\/\/agora-eoi.xtec.cat\/eoibadalona\/wp-json\/wp\/v2\/media?parent=12089"}],"curies":[{"name":"wp","href":"https:\/\/api.w.org\/{rel}","templated":true}]}}