{"id":10939,"date":"2022-07-29T07:02:39","date_gmt":"2022-07-29T05:02:39","guid":{"rendered":"https:\/\/agora-eoi.xtec.cat\/eoibadalona\/?page_id=10939"},"modified":"2025-09-19T12:53:19","modified_gmt":"2025-09-19T10:53:19","slug":"fitness-culturel-b2-c1","status":"publish","type":"page","link":"https:\/\/agora-eoi.xtec.cat\/eoibadalona\/cursos\/cursos-especials\/fitness-culturel-b2-c1\/","title":{"rendered":"Fitness culturel B2\/C1 &#8211; curs 2025-26"},"content":{"rendered":"<p style=\"font-weight: 400;\"><a href=\"https:\/\/docs.google.com\/document\/d\/1tk5gRlBDg5rgE_ZJXnjT6LbdBQkXCcTCGHHjds6Y92g\/edit?usp=sharing\" target=\"_blank\" rel=\"noopener\"><i>Fitness culturel<\/i><\/a>, <span style=\"font-weight: 400;\">c\u2019est un \u00e9ventail de th\u00e8mes tous diff\u00e9rents des ann\u00e9es pr\u00e9c\u00e9dentes, qui touchent divers domaines de la philosophie, du sport, de la litt\u00e9rature, du th\u00e9\u00e2tre, de la chanson, de l\u2019art, etc. Ils vous seront pr\u00e9sent\u00e9s par les intervenants que vous connaissez et par d\u2019autres tout aussi passionn\u00e9s pour que vous puissiez d\u00e9couvrir des aspects vari\u00e9s de la culture francophone tout en musclant votre fran\u00e7ais. Les surprises seront au rendez-vous\u202f! <\/span>D\u2019autre part, nous vous proposerons des sorties culturelles en collaboration avec le festival de courts-m\u00e9trages Filmets et le \u00ab Oui festival de th\u00e9\u00e2tre \u00bb ! Ces activit\u00e9s ne sont pas incluses dans le prix de l\u2019inscription au cours.<\/p>\n<p style=\"font-weight: 400;\">El curs est\u00e0 adre\u00e7at a l\u2019alumnat de franc\u00e8s que hagi cursat B2.2 o C1 d\u2019EOI o estigui en possessi\u00f3 d\u2019un certificat B2 o C1 en llengua francesa. Les persones que no puguin acreditar el seu nivell hauran de fer una prova telem\u00e0tica.<\/p>\n<ul style=\"font-weight: 400;\">\n<li><strong>Professor:<\/strong> Diversos ponents<\/li>\n<li><strong>Durada<\/strong>: 30 hores (15\u00a0sessions de 2 hores)<\/li>\n<li><strong>Modalitat<\/strong>: presencial<\/li>\n<li><strong>Idioma en qu\u00e8 s\u2019imparteix el curs<\/strong>: franc\u00e8s<\/li>\n<li><strong>Horari<\/strong>: dimarts de 18:30 a 20:30 h.<\/li>\n<li><strong>Lloc<\/strong>: aula 21<\/li>\n<li><strong>Dates<\/strong>: del 7 d\u2019octubre al 3 de mar\u00e7 (no hi haur\u00e0 classe alguns dimarts, us proposarem participar en diferents activitats culturals).<\/li>\n<li><strong>Preu<\/strong>: 204 \u20ac<\/li>\n<li><strong>Matr\u00edcula<\/strong>:\n<ul>\n<li><span style=\"font-weight: 400;\">Del 17 de setembre al 3 d\u2019octubre o fins que s\u2019acabin les places.<\/span>.<\/li>\n<li>Presencial. Matins de 10 a 13 h i tardes de 16 a 18.30 h (divendres a la tarda tancat)<\/li>\n<\/ul>\n<\/li>\n<li><strong>Places limitades<\/strong>: Un m\u00ednim de 12* i un m\u00e0xim de 20 places<\/li>\n<\/ul>\n<hr \/>\n<p>El pagament del curs i del material (si s\u2019escau) es far\u00e0 per Servicaixa amb l\u2019impr\u00e8s que es donar\u00e0 al moment de la matr\u00edcula.<br \/>\nLa matr\u00edcula definitiva quedar\u00e0 condicionada al resultat obtingut en la prova de nivell i a les places disponibles.<br \/>\nEs retornar\u00e0 l\u2019import total de la matr\u00edcula a les persones que s\u2019hagin quedat sense pla\u00e7a (per no poder obrir grups o per exc\u00e9s de matr\u00edcula).<br \/>\nNo es reemborsar\u00e0 cap import un cop s\u2019hagi iniciat el curs.<br \/>\nEn cas de ren\u00fancia abans de comen\u00e7ar el curs, es reemborsar\u00e0 l\u2019import de la matr\u00edcula un cop dedu\u00efdes les taxes administratives (55 \u20ac).<\/p>\n<p><span style=\"font-family: inherit; font-size: 1em;\">NOTA: Totes les informacions d\u2019aquest full estan subjectes a possibles canvis.<\/span><\/p>\n","protected":false},"excerpt":{"rendered":"<p><a href=\"https:\/\/docs.google.com\/document\/d\/1tk5gRlBDg5rgE_ZJXnjT6LbdBQkXCcTCGHHjds6Y92g\/edit?usp=sharing\" target=\"_blank\" rel=\"noopener\">Fitness culturel<\/a>, c\u2019est un \u00e9ventail de th\u00e8mes tous diff\u00e9rents des ann\u00e9es pr\u00e9c\u00e9dentes, qui touchent divers domaines de la philosophie, du sport, de la litt\u00e9rature, du th\u00e9\u00e2tre, de la chanson, de l\u2019art, etc. Ils vous seront pr\u00e9sent\u00e9s par les intervenants que vous connaissez&hellip;  <a href=\"https:\/\/agora-eoi.xtec.cat\/eoibadalona\/cursos\/cursos-especials\/fitness-culturel-b2-c1\/\" title=\"Read Fitness culturel B2\/C1 &#8211; curs 2025-26\">Llegeix m\u00e9s\u00bb<\/a><\/p>\n","protected":false},"author":1,"featured_media":0,"parent":8158,"menu_order":6,"comment_status":"closed","ping_status":"closed","template":"page-templates\/side-menu.php","meta":{"_bbp_topic_count":0,"_bbp_reply_count":0,"_bbp_total_topic_count":0,"_bbp_total_reply_count":0,"_bbp_voice_count":0,"_bbp_anonymous_reply_count":0,"_bbp_topic_count_hidden":0,"_bbp_reply_count_hidden":0,"_bbp_forum_subforum_count":0,"footnotes":""},"class_list":["post-10939","page","type-page","status-publish","hentry"],"post_mailing_queue_ids":[],"_links":{"self":[{"href":"https:\/\/agora-eoi.xtec.cat\/eoibadalona\/wp-json\/wp\/v2\/pages\/10939","targetHints":{"allow":["GET"]}}],"collection":[{"href":"https:\/\/agora-eoi.xtec.cat\/eoibadalona\/wp-json\/wp\/v2\/pages"}],"about":[{"href":"https:\/\/agora-eoi.xtec.cat\/eoibadalona\/wp-json\/wp\/v2\/types\/page"}],"author":[{"embeddable":true,"href":"https:\/\/agora-eoi.xtec.cat\/eoibadalona\/wp-json\/wp\/v2\/users\/1"}],"replies":[{"embeddable":true,"href":"https:\/\/agora-eoi.xtec.cat\/eoibadalona\/wp-json\/wp\/v2\/comments?post=10939"}],"version-history":[{"count":7,"href":"https:\/\/agora-eoi.xtec.cat\/eoibadalona\/wp-json\/wp\/v2\/pages\/10939\/revisions"}],"predecessor-version":[{"id":12778,"href":"https:\/\/agora-eoi.xtec.cat\/eoibadalona\/wp-json\/wp\/v2\/pages\/10939\/revisions\/12778"}],"up":[{"embeddable":true,"href":"https:\/\/agora-eoi.xtec.cat\/eoibadalona\/wp-json\/wp\/v2\/pages\/8158"}],"wp:attachment":[{"href":"https:\/\/agora-eoi.xtec.cat\/eoibadalona\/wp-json\/wp\/v2\/media?parent=10939"}],"curies":[{"name":"wp","href":"https:\/\/api.w.org\/{rel}","templated":true}]}}