{"id":10660,"date":"2022-07-26T23:37:37","date_gmt":"2022-07-26T21:37:37","guid":{"rendered":"https:\/\/agora-eoi.xtec.cat\/eoibadalona\/?page_id=10660"},"modified":"2025-12-03T11:17:49","modified_gmt":"2025-12-03T10:17:49","slug":"programa-de-certificacio","status":"publish","type":"page","link":"https:\/\/agora-eoi.xtec.cat\/eoibadalona\/certificats\/programa-de-certificacio\/","title":{"rendered":"Alumnat lliure del Programa de certificaci\u00f3 de lleng\u00fces estrangeres"},"content":{"rendered":"<p>Programa de certificaci\u00f3 dels coneixements de lleng\u00fces estrangeres per a centres d&#8217;Educaci\u00f3 Secund\u00e0ria Obligat\u00f2ria, batxillerat, cicles de formaci\u00f3 professional, cicles d&#8217;arts pl\u00e0stiques i disseny, t\u00edtols propis d&#8217;arts esc\u00e8niques o cicles d&#8217;ensenyaments esportius de r\u00e8gim especial adscrits al programa.<\/p>\n<ul>\n<li><a href=\"https:\/\/drive.google.com\/file\/d\/1hdFSQ0B4IziTSgHsGqjH0A-ThsgvFM_3\/view?usp=sharing\" target=\"_blank\" rel=\"noopener\"><strong>Convocat\u00f2ria i Calendari de certificaci\u00f3 curs 2025-2026<\/strong> (Resoluci\u00f3 EDF\/4287\/2025, de 19 de novembre)<\/a><\/li>\n<\/ul>\n<p><img decoding=\"async\" class=\"aligncenter\" src=\"https:\/\/agora-eoi.xtec.cat\/eoibadalona\/wp-content\/uploads\/usu2241\/2022\/07\/Programa-certificacio-didiomes-300x300-1.png\" \/><\/p>\n","protected":false},"excerpt":{"rendered":"<p>Programa de certificaci\u00f3 dels coneixements de lleng\u00fces estrangeres per a centres d&#8217;Educaci\u00f3 Secund\u00e0ria Obligat\u00f2ria, batxillerat, cicles de formaci\u00f3 professional, cicles d&#8217;arts pl\u00e0stiques i disseny, t\u00edtols propis d&#8217;arts esc\u00e8niques o cicles d&#8217;ensenyaments esportius de r\u00e8gim especial adscrits al programa.<\/p>\n<ul>\n<li><a href=\"https:\/\/drive.google.com\/file\/d\/1hdFSQ0B4IziTSgHsGqjH0A-ThsgvFM_3\/view?usp=sharing\" target=\"_blank\" rel=\"noopener\">Convocat\u00f2ria i Calendari de certificaci\u00f3&hellip;  <a href=\"https:\/\/agora-eoi.xtec.cat\/eoibadalona\/certificats\/programa-de-certificacio\/\" title=\"Read Alumnat lliure del Programa de certificaci\u00f3 de lleng\u00fces estrangeres\">Llegeix m\u00e9s\u00bb<\/a><br \/>\n","protected":false},"author":1,"featured_media":0,"parent":8444,"menu_order":0,"comment_status":"closed","ping_status":"closed","template":"page-templates\/side-menu.php","meta":{"_bbp_topic_count":0,"_bbp_reply_count":0,"_bbp_total_topic_count":0,"_bbp_total_reply_count":0,"_bbp_voice_count":0,"_bbp_anonymous_reply_count":0,"_bbp_topic_count_hidden":0,"_bbp_reply_count_hidden":0,"_bbp_forum_subforum_count":0,"footnotes":""},"class_list":["post-10660","page","type-page","status-publish","hentry"],"post_mailing_queue_ids":[],"_links":{"self":[{"href":"https:\/\/agora-eoi.xtec.cat\/eoibadalona\/wp-json\/wp\/v2\/pages\/10660","targetHints":{"allow":["GET"]}}],"collection":[{"href":"https:\/\/agora-eoi.xtec.cat\/eoibadalona\/wp-json\/wp\/v2\/pages"}],"about":[{"href":"https:\/\/agora-eoi.xtec.cat\/eoibadalona\/wp-json\/wp\/v2\/types\/page"}],"author":[{"embeddable":true,"href":"https:\/\/agora-eoi.xtec.cat\/eoibadalona\/wp-json\/wp\/v2\/users\/1"}],"replies":[{"embeddable":true,"href":"https:\/\/agora-eoi.xtec.cat\/eoibadalona\/wp-json\/wp\/v2\/comments?post=10660"}],"version-history":[{"count":6,"href":"https:\/\/agora-eoi.xtec.cat\/eoibadalona\/wp-json\/wp\/v2\/pages\/10660\/revisions"}],"predecessor-version":[{"id":12885,"href":"https:\/\/agora-eoi.xtec.cat\/eoibadalona\/wp-json\/wp\/v2\/pages\/10660\/revisions\/12885"}],"up":[{"embeddable":true,"href":"https:\/\/agora-eoi.xtec.cat\/eoibadalona\/wp-json\/wp\/v2\/pages\/8444"}],"wp:attachment":[{"href":"https:\/\/agora-eoi.xtec.cat\/eoibadalona\/wp-json\/wp\/v2\/media?parent=10660"}],"curies":[{"name":"wp","href":"https:\/\/api.w.org\/{rel}","templated":true}]}}