{"id":10657,"date":"2022-07-26T23:35:40","date_gmt":"2022-07-26T21:35:40","guid":{"rendered":"https:\/\/agora-eoi.xtec.cat\/eoibadalona\/?page_id=10657"},"modified":"2025-09-04T09:58:09","modified_gmt":"2025-09-04T07:58:09","slug":"alumnat-lliure","status":"publish","type":"page","link":"https:\/\/agora-eoi.xtec.cat\/eoibadalona\/certificats\/alumnat-lliure\/","title":{"rendered":"Alumnat lliure"},"content":{"rendered":"<ul>\n<li><strong>Certificats de nivell B1, B2 i C1 d\u2019angl\u00e8s<\/strong>: <a href=\"http:\/\/ensenyament.gencat.cat\/ca\/serveis-tramits\/proves\/proves-lliures-obtencio-titols\/convocat-extraord-idiomes\/\" target=\"_blank\" rel=\"noopener noreferrer\">Convocat\u00f2ria extraordin\u00e0ria (inscripci\u00f3 del\u00a0<strong>10 de novembre<\/strong>\u00a0(a partir de les 9 h) al\u00a0<strong>14 de novembre de 2025<\/strong>).<\/a><\/li>\n<\/ul>\n<p>El dia i l&#8217;hora de les proves orals de la convocat\u00f2ria extraordin\u00e0ria del <strong>30 de gener de 2026<\/strong>\u00a0es confirmaran el dia de la prova escrita.<\/p>\n<ul>\n<li><strong>Certificats de nivell B1, B2 i C1<\/strong>: <a href=\"http:\/\/ensenyament.gencat.cat\/ca\/serveis-tramits\/proves\/proves-lliures-obtencio-titols\/convocat-ordinaria-idiomes\/\" target=\"_blank\" rel=\"noopener noreferrer\">Convocat\u00f2ria ordin\u00e0ria (inscripci\u00f3 del\u00a0<strong>23 de febrer<\/strong>\u00a0(a partir de les 9 h) al\u00a0<strong>27 de febrer de 2026<\/strong>).<\/a><\/li>\n<\/ul>\n<p>El dia i l&#8217;hora de les proves orals de la convocat\u00f2ria ordin\u00e0ria de Maig-Juny 2026 es confirmaran el dia de la prova escrita.<\/p>\n<h5>Matr\u00edcula i drets d&#8217;examen<\/h5>\n<ul>\n<li>Matr\u00edcula i drets d&#8217;examen del certificat de<strong>\u00a0nivell intermedi B1\u00a0<\/strong>per a alumnes lliures: 78,40 euros<\/li>\n<li>Matr\u00edcula i drets d&#8217;examen del certificat de<strong>\u00a0nivell intermedi B2\u00a0<\/strong>per a alumnes lliures: 78,40 euros<\/li>\n<li>Matr\u00edcula i drets d&#8217;examen del certificat de<strong>\u00a0nivell avan\u00e7at C1\u00a0<\/strong>per a alumnes lliures: 96,65 euros<\/li>\n<\/ul>\n<p><a href=\"https:\/\/educacio.gencat.cat\/ca\/tramits\/tramits-temes\/7708-proves-idiomes-EOI?moda=1\" target=\"_blank\" rel=\"noopener\">Terminis, documentaci\u00f3, taxes (bonificacions i exempcions) i altres informacions<\/a><\/p>\n","protected":false},"excerpt":{"rendered":"<ul>\n<li>Certificats de nivell B1, B2 i C1 d\u2019angl\u00e8s: <a href=\"http:\/\/ensenyament.gencat.cat\/ca\/serveis-tramits\/proves\/proves-lliures-obtencio-titols\/convocat-extraord-idiomes\/\" target=\"_blank\" rel=\"noopener noreferrer\">Convocat\u00f2ria extraordin\u00e0ria (inscripci\u00f3 del\u00a010 de novembre\u00a0(a partir de les 9 h) al\u00a014 de novembre de 2025).<\/a><\/li>\n<\/ul>\n<p>El dia i l&#8217;hora de les proves orals de la convocat\u00f2ria extraordin\u00e0ria del 30 de gener de 2026\u00a0es&hellip;  <a href=\"https:\/\/agora-eoi.xtec.cat\/eoibadalona\/certificats\/alumnat-lliure\/\" title=\"Read Alumnat lliure\">Llegeix m\u00e9s\u00bb<\/a><\/p>\n","protected":false},"author":1,"featured_media":0,"parent":8444,"menu_order":0,"comment_status":"closed","ping_status":"closed","template":"page-templates\/side-menu.php","meta":{"_bbp_topic_count":0,"_bbp_reply_count":0,"_bbp_total_topic_count":0,"_bbp_total_reply_count":0,"_bbp_voice_count":0,"_bbp_anonymous_reply_count":0,"_bbp_topic_count_hidden":0,"_bbp_reply_count_hidden":0,"_bbp_forum_subforum_count":0,"footnotes":""},"class_list":["post-10657","page","type-page","status-publish","hentry"],"post_mailing_queue_ids":[],"_links":{"self":[{"href":"https:\/\/agora-eoi.xtec.cat\/eoibadalona\/wp-json\/wp\/v2\/pages\/10657","targetHints":{"allow":["GET"]}}],"collection":[{"href":"https:\/\/agora-eoi.xtec.cat\/eoibadalona\/wp-json\/wp\/v2\/pages"}],"about":[{"href":"https:\/\/agora-eoi.xtec.cat\/eoibadalona\/wp-json\/wp\/v2\/types\/page"}],"author":[{"embeddable":true,"href":"https:\/\/agora-eoi.xtec.cat\/eoibadalona\/wp-json\/wp\/v2\/users\/1"}],"replies":[{"embeddable":true,"href":"https:\/\/agora-eoi.xtec.cat\/eoibadalona\/wp-json\/wp\/v2\/comments?post=10657"}],"version-history":[{"count":6,"href":"https:\/\/agora-eoi.xtec.cat\/eoibadalona\/wp-json\/wp\/v2\/pages\/10657\/revisions"}],"predecessor-version":[{"id":12752,"href":"https:\/\/agora-eoi.xtec.cat\/eoibadalona\/wp-json\/wp\/v2\/pages\/10657\/revisions\/12752"}],"up":[{"embeddable":true,"href":"https:\/\/agora-eoi.xtec.cat\/eoibadalona\/wp-json\/wp\/v2\/pages\/8444"}],"wp:attachment":[{"href":"https:\/\/agora-eoi.xtec.cat\/eoibadalona\/wp-json\/wp\/v2\/media?parent=10657"}],"curies":[{"name":"wp","href":"https:\/\/api.w.org\/{rel}","templated":true}]}}