{"id":10655,"date":"2022-07-26T23:34:45","date_gmt":"2022-07-26T21:34:45","guid":{"rendered":"https:\/\/agora-eoi.xtec.cat\/eoibadalona\/?page_id=10655"},"modified":"2026-02-16T10:25:29","modified_gmt":"2026-02-16T09:25:29","slug":"certificats-oficials","status":"publish","type":"page","link":"https:\/\/agora-eoi.xtec.cat\/eoibadalona\/certificats\/certificats-oficials\/","title":{"rendered":"Certificats oficials"},"content":{"rendered":"<ul>\n<li><a href=\"http:\/\/xtec.gencat.cat\/ca\/curriculum\/idiomes-a-les-eoi\/curriculum\/\" target=\"_blank\" rel=\"noopener noreferrer\">Certificat de Nivell B\u00e0sic <\/a>(cursos A1 i A2): equivalent al nivell A2+ del Marc Europeu Com\u00fa de Refer\u00e8ncia (per a alumnes oficials i alumnat del <a href=\"https:\/\/ioc.xtec.cat\/educacio\/eoi\" target=\"_blank\" rel=\"noopener noreferrer\">IOC<\/a>).<\/li>\n<li><a href=\"http:\/\/xtec.gencat.cat\/ca\/curriculum\/idiomes-a-les-eoi\/curriculum\/\" target=\"_blank\" rel=\"noopener noreferrer\">Certificat de Nivell Intermedi B1<\/a> (curs B1): equivalent al nivell B1 del Marc Europeu Com\u00fa de Refer\u00e8ncia (per a alumnes oficials, candidats lliures i alumnat del <a href=\"https:\/\/ioc.xtec.cat\/educacio\/eoi\" target=\"_blank\" rel=\"noopener noreferrer\">IOC<\/a>).<\/li>\n<li><a href=\"http:\/\/xtec.gencat.cat\/ca\/curriculum\/idiomes-a-les-eoi\/curriculum\/\" target=\"_blank\" rel=\"noopener noreferrer\">Certificat de Nivell Intermedi B2<\/a> (cursos B2.1 i B2.2): equivalent al nivell B2 del Marc Europeu Com\u00fa de Refer\u00e8ncia (per a alumnes oficials, candidats lliures i alumnat del <a href=\"https:\/\/ioc.xtec.cat\/educacio\/eoi\" target=\"_blank\" rel=\"noopener noreferrer\">IOC<\/a>).<\/li>\n<li><a href=\"http:\/\/xtec.gencat.cat\/ca\/curriculum\/idiomes-a-les-eoi\/curriculum\/\" target=\"_blank\" rel=\"noopener noreferrer\">Certificat de Nivell Avan\u00e7at C1 <\/a>(curs C1): equivalent al nivell C1 del Marc Europeu Com\u00fa de Refer\u00e8ncia (per a alumnes oficials i candidats lliures).<\/li>\n<li><a href=\"http:\/\/xtec.gencat.cat\/ca\/curriculum\/idiomes-a-les-eoi\/curriculum\/\" target=\"_blank\" rel=\"noopener noreferrer\">Certificat de Nivell Avan\u00e7at C2 <\/a>(cursos C2.1 i C2.2): equivalent\u00a0al nivell C2 del Marc Europeu Com\u00fa de Refer\u00e8ncia (per a alumnes oficials nom\u00e9s).<\/li>\n<\/ul>\n<h3>Proves de certificaci\u00f3<\/h3>\n<ul>\n<li><a href=\"http:\/\/ensenyament.gencat.cat\/ca\/serveis-tramits\/proves\/proves-lliures-obtencio-titols\/convocat-ordinaria-idiomes\/descripcio\/\" target=\"_blank\" rel=\"noopener noreferrer\">Descripci\u00f3 i qualificaci\u00f3 de les proves<\/a><\/li>\n<li><a href=\"http:\/\/ensenyament.gencat.cat\/ca\/serveis-tramits\/proves\/proves-lliures-obtencio-titols\/convocat-ordinaria-idiomes\/mostres-proves\/\" target=\"_blank\" rel=\"noopener noreferrer\">Mostres de les proves<\/a><\/li>\n<\/ul>\n<h3>Convocat\u00f2ries<\/h3>\n<ul style=\"list-style-type: disc;\">\n<li>Convocat\u00f2ria <em><a href=\"http:\/\/ensenyament.gencat.cat\/ca\/serveis-tramits\/proves\/proves-lliures-obtencio-titols\/convocat-extraord-idiomes\/\" target=\"_blank\" rel=\"noopener noreferrer\">extraordin\u00e0ria de febrer<\/a><\/em><\/li>\n<li>Convocat\u00f2ria <em><a href=\"http:\/\/ensenyament.gencat.cat\/ca\/serveis-tramits\/proves\/proves-lliures-obtencio-titols\/convocat-ordinaria-idiomes\/\" target=\"_blank\" rel=\"noopener noreferrer\">ordin\u00e0ria de maig-juny.<\/a><\/em><\/li>\n<\/ul>\n<h3>T\u00edtols acad\u00e8mics<\/h3>\n<ul style=\"list-style-type: disc;\">\n<li><a href=\"https:\/\/agora-eoi.xtec.cat\/eoibadalona\/tramits\/instancies-i-sollicituds\/tramitacio-de-titol\/\" target=\"_blank\" rel=\"noopener\">Tramitaci\u00f3 de t\u00edtol<\/a><\/li>\n<\/ul>\n","protected":false},"excerpt":{"rendered":"<ul>\n<li><a href=\"http:\/\/xtec.gencat.cat\/ca\/curriculum\/idiomes-a-les-eoi\/curriculum\/\" target=\"_blank\" rel=\"noopener noreferrer\">Certificat de Nivell B\u00e0sic <\/a>(cursos A1 i A2): equivalent al nivell A2+ del Marc Europeu Com\u00fa de Refer\u00e8ncia (per a alumnes oficials i alumnat del <a href=\"https:\/\/ioc.xtec.cat\/educacio\/eoi\" target=\"_blank\" rel=\"noopener noreferrer\">IOC<\/a>).<\/li>\n<li><a href=\"http:\/\/xtec.gencat.cat\/ca\/curriculum\/idiomes-a-les-eoi\/curriculum\/\" target=\"_blank\" rel=\"noopener noreferrer\">Certificat de Nivell Intermedi B1<\/a> (curs B1): equivalent&hellip;  <a href=\"https:\/\/agora-eoi.xtec.cat\/eoibadalona\/certificats\/certificats-oficials\/\" title=\"Read Certificats oficials\">Llegeix m\u00e9s\u00bb<\/a><br \/>\n","protected":false},"author":1,"featured_media":0,"parent":8444,"menu_order":0,"comment_status":"closed","ping_status":"closed","template":"page-templates\/side-menu.php","meta":{"_bbp_topic_count":0,"_bbp_reply_count":0,"_bbp_total_topic_count":0,"_bbp_total_reply_count":0,"_bbp_voice_count":0,"_bbp_anonymous_reply_count":0,"_bbp_topic_count_hidden":0,"_bbp_reply_count_hidden":0,"_bbp_forum_subforum_count":0,"footnotes":""},"class_list":["post-10655","page","type-page","status-publish","hentry"],"post_mailing_queue_ids":[],"_links":{"self":[{"href":"https:\/\/agora-eoi.xtec.cat\/eoibadalona\/wp-json\/wp\/v2\/pages\/10655","targetHints":{"allow":["GET"]}}],"collection":[{"href":"https:\/\/agora-eoi.xtec.cat\/eoibadalona\/wp-json\/wp\/v2\/pages"}],"about":[{"href":"https:\/\/agora-eoi.xtec.cat\/eoibadalona\/wp-json\/wp\/v2\/types\/page"}],"author":[{"embeddable":true,"href":"https:\/\/agora-eoi.xtec.cat\/eoibadalona\/wp-json\/wp\/v2\/users\/1"}],"replies":[{"embeddable":true,"href":"https:\/\/agora-eoi.xtec.cat\/eoibadalona\/wp-json\/wp\/v2\/comments?post=10655"}],"version-history":[{"count":7,"href":"https:\/\/agora-eoi.xtec.cat\/eoibadalona\/wp-json\/wp\/v2\/pages\/10655\/revisions"}],"predecessor-version":[{"id":13003,"href":"https:\/\/agora-eoi.xtec.cat\/eoibadalona\/wp-json\/wp\/v2\/pages\/10655\/revisions\/13003"}],"up":[{"embeddable":true,"href":"https:\/\/agora-eoi.xtec.cat\/eoibadalona\/wp-json\/wp\/v2\/pages\/8444"}],"wp:attachment":[{"href":"https:\/\/agora-eoi.xtec.cat\/eoibadalona\/wp-json\/wp\/v2\/media?parent=10655"}],"curies":[{"name":"wp","href":"https:\/\/api.w.org\/{rel}","templated":true}]}}