{"id":10600,"date":"2022-07-23T02:07:31","date_gmt":"2022-07-23T00:07:31","guid":{"rendered":"https:\/\/agora-eoi.xtec.cat\/eoibadalona\/?page_id=10600"},"modified":"2025-12-03T21:32:11","modified_gmt":"2025-12-03T20:32:11","slug":"fp-eoi-together","status":"publish","type":"page","link":"https:\/\/agora-eoi.xtec.cat\/eoibadalona\/projectes\/fp-eoi-together\/","title":{"rendered":"FP &#038; EOI Together"},"content":{"rendered":"<p><a href=\"https:\/\/agora-eoi.xtec.cat\/eoibadalona\/wp-content\/uploads\/usu2241\/2024\/12\/Logo-FP-EOI.png\"><img loading=\"lazy\" decoding=\"async\" class=\"wp-image-12597 alignleft\" src=\"https:\/\/agora-eoi.xtec.cat\/eoibadalona\/wp-content\/uploads\/usu2241\/2024\/12\/Logo-FP-EOI.png\" alt=\"\" width=\"73\" height=\"66\" srcset=\"https:\/\/agora-eoi.xtec.cat\/eoibadalona\/wp-content\/uploads\/usu2241\/2024\/12\/Logo-FP-EOI.png 331w, https:\/\/agora-eoi.xtec.cat\/eoibadalona\/wp-content\/uploads\/usu2241\/2024\/12\/Logo-FP-EOI-300x270.png 300w\" sizes=\"auto, (max-width: 73px) 100vw, 73px\" \/><\/a><\/p>\n<p>El Projecte FP &amp; EOI TOGETHER \u00e9s una iniciativa de la Direcci\u00f3 General de Formaci\u00f3 Professional que pret\u00e9n posar en contacte centres de cicles formatius, art\u00edstics i esportius amb les EOI d\u2019un mateix territori a fi de desenvolupar un projecte de forma conjunta\u00a0amb els seg\u00fcents objectius:<\/p>\n<ul>\n<li>Millorar les compet\u00e8ncies comunicatives en lleng\u00fces estrangeres de l\u2019alumnat d\u2019FP a fi d\u2019ajudar-los en la seva inserci\u00f3 laboral.<\/li>\n<li>Potenciar les col\u00b7laboracions entre els centres educatius implicats.<\/li>\n<li>Difondre les ofertes formatives dels centres d\u2019FP, esportius i escoles d\u2019art i les EOIs.<\/li>\n<li>Promoure la participaci\u00f3 en projectes de mobilitat en l\u2019alumnat d\u2019FP.<\/li>\n<\/ul>\n<p>M\u00e9s informaci\u00f3 en <a href=\"https:\/\/projectes.xtec.cat\/mobilitatfp\/fpeois-together\/\" target=\"_blank\" rel=\"noopener\">aquesta p\u00e0gina.<\/a><\/p>\n<div style=\"position: relative; width: 100%; height: 0; padding-top: 100.0000%; padding-bottom: 0; box-shadow: 0 2px 8px 0 rgba(63,69,81,0.16); margin-top: 1.6em; margin-bottom: 0.9em; overflow: hidden; border-radius: 8px; will-change: transform;\"><iframe style=\"position: absolute; width: 60%; height: 60%; top: 0; left: 0; border: none; padding: 0; margin: 0;\" src=\"https:\/\/www.canva.com\/design\/DAFZRmen3xY\/watch?embed\" allowfullscreen=\"allowfullscreen\" data-mce-fragment=\"1\"><br \/>\n<\/iframe><\/div>\n<p><a href=\"https:\/\/www.canva.com\/design\/DAFZRmen3xY\/watch?utm_content=DAFZRmen3xY&amp;utm_campaign=designshare&amp;utm_medium=embeds&amp;utm_source=link\" target=\"_blank\" rel=\"noopener\">FP&amp;EOI together-Col\u00b7legi Badalon\u00e8s 2022-23<\/a> de EOI Badalona<\/p>\n","protected":false},"excerpt":{"rendered":"<p><a href=\"https:\/\/agora-eoi.xtec.cat\/eoibadalona\/wp-content\/uploads\/usu2241\/2024\/12\/Logo-FP-EOI.png\"><\/a><br \/>\nEl Projecte FP &amp; EOI TOGETHER \u00e9s una iniciativa de la Direcci\u00f3 General de Formaci\u00f3 Professional que pret\u00e9n posar en contacte centres de cicles formatius, art\u00edstics i esportius amb les EOI d\u2019un mateix territori a fi de desenvolupar un projecte de forma conjunta\u00a0amb els&hellip;  <a href=\"https:\/\/agora-eoi.xtec.cat\/eoibadalona\/projectes\/fp-eoi-together\/\" title=\"Read FP &#038; EOI Together\">Llegeix m\u00e9s\u00bb<\/a><\/p>\n","protected":false},"author":1,"featured_media":0,"parent":10586,"menu_order":7,"comment_status":"closed","ping_status":"closed","template":"page-templates\/side-menu.php","meta":{"_bbp_topic_count":0,"_bbp_reply_count":0,"_bbp_total_topic_count":0,"_bbp_total_reply_count":0,"_bbp_voice_count":0,"_bbp_anonymous_reply_count":0,"_bbp_topic_count_hidden":0,"_bbp_reply_count_hidden":0,"_bbp_forum_subforum_count":0,"footnotes":""},"class_list":["post-10600","page","type-page","status-publish","hentry"],"post_mailing_queue_ids":[],"_links":{"self":[{"href":"https:\/\/agora-eoi.xtec.cat\/eoibadalona\/wp-json\/wp\/v2\/pages\/10600","targetHints":{"allow":["GET"]}}],"collection":[{"href":"https:\/\/agora-eoi.xtec.cat\/eoibadalona\/wp-json\/wp\/v2\/pages"}],"about":[{"href":"https:\/\/agora-eoi.xtec.cat\/eoibadalona\/wp-json\/wp\/v2\/types\/page"}],"author":[{"embeddable":true,"href":"https:\/\/agora-eoi.xtec.cat\/eoibadalona\/wp-json\/wp\/v2\/users\/1"}],"replies":[{"embeddable":true,"href":"https:\/\/agora-eoi.xtec.cat\/eoibadalona\/wp-json\/wp\/v2\/comments?post=10600"}],"version-history":[{"count":7,"href":"https:\/\/agora-eoi.xtec.cat\/eoibadalona\/wp-json\/wp\/v2\/pages\/10600\/revisions"}],"predecessor-version":[{"id":12895,"href":"https:\/\/agora-eoi.xtec.cat\/eoibadalona\/wp-json\/wp\/v2\/pages\/10600\/revisions\/12895"}],"up":[{"embeddable":true,"href":"https:\/\/agora-eoi.xtec.cat\/eoibadalona\/wp-json\/wp\/v2\/pages\/10586"}],"wp:attachment":[{"href":"https:\/\/agora-eoi.xtec.cat\/eoibadalona\/wp-json\/wp\/v2\/media?parent=10600"}],"curies":[{"name":"wp","href":"https:\/\/api.w.org\/{rel}","templated":true}]}}