{"id":10594,"date":"2022-07-23T02:06:02","date_gmt":"2022-07-23T00:06:02","guid":{"rendered":"https:\/\/agora-eoi.xtec.cat\/eoibadalona\/?page_id=10594"},"modified":"2025-04-08T14:50:50","modified_gmt":"2025-04-08T12:50:50","slug":"journee-francophonie","status":"publish","type":"page","link":"https:\/\/agora-eoi.xtec.cat\/eoibadalona\/projectes\/journee-francophonie\/","title":{"rendered":"Journ\u00e9e Francophonie"},"content":{"rendered":"<div>\n<p>&#8220;La Journ\u00e9e de la Francophonie&#8221; \u00e9s una jornada durant la qual l&#8217;alumnat de secund\u00e0ria de Badalona, Sant Adri\u00e0 i altres poblacions presenta els projectes que ha fet durant l&#8217;any escolar. \u00c9s un espai de trobada on compartir els aprenentatges i gaudir d&#8217;un concert participatiu.<\/p>\n<\/div>\n<div>\n<div style=\"position: relative; width: 100%; height: 0; padding-top: 56.2500%; padding-bottom: 0; box-shadow: 0 2px 8px 0 rgba(63,69,81,0.16); margin-top: 1.6em; margin-bottom: 0.9em; overflow: hidden; border-radius: 8px; will-change: transform;\"><iframe style=\"position: absolute; width: 80%; height: 80%; top: 0; left: 0; border: none; padding: 0; margin: 0;\" src=\"https:\/\/www.canva.com\/design\/DAGjAWB5JUk\/zTRiGK66z7cogaS2vXVrBQ\/watch?embed\" allowfullscreen=\"allowfullscreen\"><br \/>\n<\/iframe><\/div>\n<p><a href=\"https:\/\/www.canva.com\/design\/DAGjAWB5JUk\/zTRiGK66z7cogaS2vXVrBQ\/watch?utm_content=DAGjAWB5JUk&amp;utm_campaign=designshare&amp;utm_medium=embeds&amp;utm_source=link\" target=\"_blank\" rel=\"noopener\">Journ\u00e9e de la Francophonie 2025<\/a><\/p>\n<\/div>\n<div><\/div>\n<div><\/div>\n<div><\/div>\n<div style=\"position: relative; width: 50%; height: 50%; padding-top: 100.0000%; padding-bottom: 0; box-shadow: 0 2px 8px 0 rgba(63,69,81,0.16); margin-top: 1.6em; margin-bottom: 0.9em; overflow: hidden; border-radius: 8px; will-change: transform;\"><iframe style=\"position: absolute; width: 100%; height: 70%; top: 0; left: 0; border: none; padding: 0; margin: 0;\" src=\"https:\/\/www.canva.com\/design\/DAFtgQHcfaU\/watch?embed\" allowfullscreen=\"allowfullscreen\" data-mce-fragment=\"1\"><br \/>\n<\/iframe><\/div>\n<p>&nbsp;<\/p>\n<p>&nbsp;<\/p>\n<p>&nbsp;<\/p>\n<p>&nbsp;<\/p>\n<p>&nbsp;<\/p>\n<p>&nbsp;<\/p>\n<p>&nbsp;<\/p>\n<p>&nbsp;<\/p>\n","protected":false},"excerpt":{"rendered":"<p>&#8220;La Journ\u00e9e de la Francophonie&#8221; \u00e9s una jornada durant la qual l&#8217;alumnat de secund\u00e0ria de Badalona, Sant Adri\u00e0 i altres poblacions presenta els projectes que ha fet durant l&#8217;any escolar. \u00c9s un espai de trobada on compartir els aprenentatges i gaudir d&#8217;un concert participatiu.<\/p>\n<p><a href=\"https:\/\/www.canva.com\/design\/DAGjAWB5JUk\/zTRiGK66z7cogaS2vXVrBQ\/watch?utm_content=DAGjAWB5JUk&amp;utm_campaign=designshare&amp;utm_medium=embeds&amp;utm_source=link\"&hellip;  <a href=\"https:\/\/agora-eoi.xtec.cat\/eoibadalona\/projectes\/journee-francophonie\/\" title=\"Read Journ\u00e9e Francophonie\">Llegeix m\u00e9s\u00bb<\/a><\/p>\n","protected":false},"author":1,"featured_media":0,"parent":10586,"menu_order":4,"comment_status":"closed","ping_status":"closed","template":"page-templates\/side-menu.php","meta":{"_bbp_topic_count":0,"_bbp_reply_count":0,"_bbp_total_topic_count":0,"_bbp_total_reply_count":0,"_bbp_voice_count":0,"_bbp_anonymous_reply_count":0,"_bbp_topic_count_hidden":0,"_bbp_reply_count_hidden":0,"_bbp_forum_subforum_count":0,"footnotes":""},"class_list":["post-10594","page","type-page","status-publish","hentry"],"post_mailing_queue_ids":[],"_links":{"self":[{"href":"https:\/\/agora-eoi.xtec.cat\/eoibadalona\/wp-json\/wp\/v2\/pages\/10594","targetHints":{"allow":["GET"]}}],"collection":[{"href":"https:\/\/agora-eoi.xtec.cat\/eoibadalona\/wp-json\/wp\/v2\/pages"}],"about":[{"href":"https:\/\/agora-eoi.xtec.cat\/eoibadalona\/wp-json\/wp\/v2\/types\/page"}],"author":[{"embeddable":true,"href":"https:\/\/agora-eoi.xtec.cat\/eoibadalona\/wp-json\/wp\/v2\/users\/1"}],"replies":[{"embeddable":true,"href":"https:\/\/agora-eoi.xtec.cat\/eoibadalona\/wp-json\/wp\/v2\/comments?post=10594"}],"version-history":[{"count":6,"href":"https:\/\/agora-eoi.xtec.cat\/eoibadalona\/wp-json\/wp\/v2\/pages\/10594\/revisions"}],"predecessor-version":[{"id":12652,"href":"https:\/\/agora-eoi.xtec.cat\/eoibadalona\/wp-json\/wp\/v2\/pages\/10594\/revisions\/12652"}],"up":[{"embeddable":true,"href":"https:\/\/agora-eoi.xtec.cat\/eoibadalona\/wp-json\/wp\/v2\/pages\/10586"}],"wp:attachment":[{"href":"https:\/\/agora-eoi.xtec.cat\/eoibadalona\/wp-json\/wp\/v2\/media?parent=10594"}],"curies":[{"name":"wp","href":"https:\/\/api.w.org\/{rel}","templated":true}]}}