{"id":10574,"date":"2022-07-23T01:26:57","date_gmt":"2022-07-22T23:26:57","guid":{"rendered":"https:\/\/agora-eoi.xtec.cat\/eoibadalona\/?page_id=10574"},"modified":"2026-03-26T12:53:33","modified_gmt":"2026-03-26T11:53:33","slug":"beques","status":"publish","type":"page","link":"https:\/\/agora-eoi.xtec.cat\/eoibadalona\/matricula\/beques\/","title":{"rendered":"Beques"},"content":{"rendered":"<ul>\n<li><a href=\"https:\/\/www.educacionfpydeportes.gob.es\/servicios-al-ciudadano\/catalogo\/estudiantes\/becas-ayudas\/para-estudiar\/idiomas\/becas-generales-no-universitarias.html\" target=\"_blank\" rel=\"noopener\">Convocat\u00f2ria de\u00a0beques<\/a>\u00a0del\u00a0<em>Ministerio<\/em><em>\u00a0de Educaci\u00f3n y Formaci\u00f3n Profesional<\/em> per a ensenyaments d&#8217;idiomes en Escoles Oficials d&#8217;Idiomes. <strong>Convocat\u00f2ria curs 2026-2027 des del 7 d&#8217;abril a les 8 fins al 18 de maig a les 15 h.<\/strong><\/li>\n<li>Consulteu les convocat\u00f2ries de beques al\u00a0<a href=\"http:\/\/web.gencat.cat\/ca\/tramits\/tramits-temes\/Beques-de-caracter-general-per-a-estudis-postobligatoris?category=7449fd1c-a82c-11e3-a972-000c29052e2c\" target=\"_blank\" rel=\"noopener\">web de la Generalitat de Catalunya<\/a>.<\/li>\n<li>Programa\u00a0<a href=\"https:\/\/agaur.gencat.cat\/ca\/beques-i-ajuts\/convocatories-per-temes\/Ajuts-per-promoure-la-formacio-i-lacreditacio-de-terceres-llenguees-per-als-estudiants-matriculats-en-una-universitat-catalana-LINB2\" target=\"_blank\" rel=\"noopener\">PARLA 3<\/a>\u00a0per als estudiants universitaris<\/li>\n<\/ul>\n","protected":false},"excerpt":{"rendered":"<ul>\n<li><a href=\"https:\/\/www.educacionfpydeportes.gob.es\/servicios-al-ciudadano\/catalogo\/estudiantes\/becas-ayudas\/para-estudiar\/idiomas\/becas-generales-no-universitarias.html\" target=\"_blank\" rel=\"noopener\">Convocat\u00f2ria de\u00a0beques<\/a>\u00a0del\u00a0Ministerio\u00a0de Educaci\u00f3n y Formaci\u00f3n Profesional per a ensenyaments d&#8217;idiomes en Escoles Oficials d&#8217;Idiomes. Convocat\u00f2ria curs 2026-2027 des del 7 d&#8217;abril a les 8 fins al 18 de maig a les 15 h.<\/li>\n<li>Consulteu les convocat\u00f2ries de beques al\u00a0<a href=\"http:\/\/web.gencat.cat\/ca\/tramits\/tramits-temes\/Beques-de-caracter-general-per-a-estudis-postobligatoris?category=7449fd1c-a82c-11e3-a972-000c29052e2c\" target=\"_blank\" rel=\"noopener\">web de&hellip;  <a href=\"https:\/\/agora-eoi.xtec.cat\/eoibadalona\/matricula\/beques\/\" title=\"Read Beques\">Llegeix m\u00e9s\u00bb<\/a><br \/>\n","protected":false},"author":1,"featured_media":0,"parent":8161,"menu_order":6,"comment_status":"closed","ping_status":"closed","template":"page-templates\/side-menu.php","meta":{"_bbp_topic_count":0,"_bbp_reply_count":0,"_bbp_total_topic_count":0,"_bbp_total_reply_count":0,"_bbp_voice_count":0,"_bbp_anonymous_reply_count":0,"_bbp_topic_count_hidden":0,"_bbp_reply_count_hidden":0,"_bbp_forum_subforum_count":0,"footnotes":""},"class_list":["post-10574","page","type-page","status-publish","hentry"],"post_mailing_queue_ids":[],"_links":{"self":[{"href":"https:\/\/agora-eoi.xtec.cat\/eoibadalona\/wp-json\/wp\/v2\/pages\/10574","targetHints":{"allow":["GET"]}}],"collection":[{"href":"https:\/\/agora-eoi.xtec.cat\/eoibadalona\/wp-json\/wp\/v2\/pages"}],"about":[{"href":"https:\/\/agora-eoi.xtec.cat\/eoibadalona\/wp-json\/wp\/v2\/types\/page"}],"author":[{"embeddable":true,"href":"https:\/\/agora-eoi.xtec.cat\/eoibadalona\/wp-json\/wp\/v2\/users\/1"}],"replies":[{"embeddable":true,"href":"https:\/\/agora-eoi.xtec.cat\/eoibadalona\/wp-json\/wp\/v2\/comments?post=10574"}],"version-history":[{"count":6,"href":"https:\/\/agora-eoi.xtec.cat\/eoibadalona\/wp-json\/wp\/v2\/pages\/10574\/revisions"}],"predecessor-version":[{"id":13052,"href":"https:\/\/agora-eoi.xtec.cat\/eoibadalona\/wp-json\/wp\/v2\/pages\/10574\/revisions\/13052"}],"up":[{"embeddable":true,"href":"https:\/\/agora-eoi.xtec.cat\/eoibadalona\/wp-json\/wp\/v2\/pages\/8161"}],"wp:attachment":[{"href":"https:\/\/agora-eoi.xtec.cat\/eoibadalona\/wp-json\/wp\/v2\/media?parent=10574"}],"curies":[{"name":"wp","href":"https:\/\/api.w.org\/{rel}","templated":true}]}}