{"id":10569,"date":"2022-07-23T01:21:39","date_gmt":"2022-07-22T23:21:39","guid":{"rendered":"https:\/\/agora-eoi.xtec.cat\/eoibadalona\/?page_id=10569"},"modified":"2023-03-09T14:15:48","modified_gmt":"2023-03-09T13:15:48","slug":"convalidacio-de-materies-eso-i-batxillerat","status":"publish","type":"page","link":"https:\/\/agora-eoi.xtec.cat\/eoibadalona\/matricula\/convalidacio-de-materies-eso-i-batxillerat\/","title":{"rendered":"Convalidaci\u00f3 de mat\u00e8ries ESO i batxillerat"},"content":{"rendered":"<ul style=\"font-weight: 400;\">\n<li aria-level=\"1\">L&#8217;<strong>alumnat d\u2019ESO<\/strong>\u00a0que cursa una segona llengua estrangera que no s&#8217;ofereixi en el centre educatiu i que ho fa\u00a0en una escola oficial d&#8217;idiomes pot sol\u00b7licitar-ne el reconeixement. M\u00e9s informaci\u00f3\u00a0<a href=\"https:\/\/docs.google.com\/document\/d\/1JvaoLBJIPDB-TmkLSNEZl02_nE7taz_OM5UrqNBQEbQ\/edit?usp=sharing\" target=\"_blank\" rel=\"noopener\">aqu\u00ed<\/a>.<\/li>\n<li aria-level=\"1\"><strong>Els i les alumnes que cursen el batxillerat<\/strong>\u00a0i, al mateix temps, una segona llengua estrangera en una EOI poden sol\u00b7licitar, a cada curs, la<a href=\"https:\/\/triaeducativa.gencat.cat\/ca\/batxillerat\/convalidacions\/index.html\" target=\"_blank\" rel=\"noopener\">\u00a0convalidaci\u00f3<\/a>\u00a0de mat\u00e8ries optatives (1r batxillerat) o\u00a0\u00a0mat\u00e8ries\u00a0de modalitat, pr\u00f2pia o aliena, o\u00a0dues mat\u00e8ries espec\u00edfiques (2n batxillerat). M\u00e9s informaci\u00f3<a href=\"https:\/\/docs.google.com\/document\/d\/16ACkkE8fuBHaPZvgffcD2V_zayMSri2Clyy6sZiecnQ\/edit?usp=sharing\" target=\"_blank\" rel=\"noopener\">\u00a0aqu\u00ed<\/a>.<\/li>\n<li aria-level=\"1\">A m\u00e9s, l\u2019alumnat dels centres sostinguts amb fons p\u00fablics, que es matriculi d&#8217;una segona llengua estrangera en una EOI, diferent de la llengua estrangera obligat\u00f2ria del curr\u00edculum que estudien en el centre educatiu, tenen\u00a0<strong>una<\/strong><strong>\u00a0bonificaci\u00f3 del 50% del preu p\u00fablic (<\/strong>cursos d\u2019A1, A2 i C1).<\/li>\n<\/ul>\n","protected":false},"excerpt":{"rendered":"<ul style=\"font-weight: 400;\">\n<li aria-level=\"1\">L&#8217;alumnat d\u2019ESO\u00a0que cursa una segona llengua estrangera que no s&#8217;ofereixi en el centre educatiu i que ho fa\u00a0en una escola oficial d&#8217;idiomes pot sol\u00b7licitar-ne el reconeixement. M\u00e9s informaci\u00f3\u00a0<a href=\"https:\/\/docs.google.com\/document\/d\/1JvaoLBJIPDB-TmkLSNEZl02_nE7taz_OM5UrqNBQEbQ\/edit?usp=sharing\" target=\"_blank\" rel=\"noopener\">aqu\u00ed<\/a>.<\/li>\n<li aria-level=\"1\">Els i les alumnes que cursen el batxillerat\u00a0i, al mateix temps,&hellip;  <a href=\"https:\/\/agora-eoi.xtec.cat\/eoibadalona\/matricula\/convalidacio-de-materies-eso-i-batxillerat\/\" title=\"Read Convalidaci\u00f3 de mat\u00e8ries ESO i batxillerat\">Llegeix m\u00e9s\u00bb<\/a><br \/>\n","protected":false},"author":1,"featured_media":0,"parent":8161,"menu_order":4,"comment_status":"closed","ping_status":"closed","template":"page-templates\/side-menu.php","meta":{"_bbp_topic_count":0,"_bbp_reply_count":0,"_bbp_total_topic_count":0,"_bbp_total_reply_count":0,"_bbp_voice_count":0,"_bbp_anonymous_reply_count":0,"_bbp_topic_count_hidden":0,"_bbp_reply_count_hidden":0,"_bbp_forum_subforum_count":0,"footnotes":""},"class_list":["post-10569","page","type-page","status-publish","hentry"],"post_mailing_queue_ids":[],"_links":{"self":[{"href":"https:\/\/agora-eoi.xtec.cat\/eoibadalona\/wp-json\/wp\/v2\/pages\/10569","targetHints":{"allow":["GET"]}}],"collection":[{"href":"https:\/\/agora-eoi.xtec.cat\/eoibadalona\/wp-json\/wp\/v2\/pages"}],"about":[{"href":"https:\/\/agora-eoi.xtec.cat\/eoibadalona\/wp-json\/wp\/v2\/types\/page"}],"author":[{"embeddable":true,"href":"https:\/\/agora-eoi.xtec.cat\/eoibadalona\/wp-json\/wp\/v2\/users\/1"}],"replies":[{"embeddable":true,"href":"https:\/\/agora-eoi.xtec.cat\/eoibadalona\/wp-json\/wp\/v2\/comments?post=10569"}],"version-history":[{"count":3,"href":"https:\/\/agora-eoi.xtec.cat\/eoibadalona\/wp-json\/wp\/v2\/pages\/10569\/revisions"}],"predecessor-version":[{"id":11583,"href":"https:\/\/agora-eoi.xtec.cat\/eoibadalona\/wp-json\/wp\/v2\/pages\/10569\/revisions\/11583"}],"up":[{"embeddable":true,"href":"https:\/\/agora-eoi.xtec.cat\/eoibadalona\/wp-json\/wp\/v2\/pages\/8161"}],"wp:attachment":[{"href":"https:\/\/agora-eoi.xtec.cat\/eoibadalona\/wp-json\/wp\/v2\/media?parent=10569"}],"curies":[{"name":"wp","href":"https:\/\/api.w.org\/{rel}","templated":true}]}}