{"id":10563,"date":"2022-07-23T01:17:51","date_gmt":"2022-07-22T23:17:51","guid":{"rendered":"https:\/\/agora-eoi.xtec.cat\/eoibadalona\/?page_id=10563"},"modified":"2025-08-18T19:18:45","modified_gmt":"2025-08-18T17:18:45","slug":"pia-per-a-professorat","status":"publish","type":"page","link":"https:\/\/agora-eoi.xtec.cat\/eoibadalona\/matricula\/pia-per-a-professorat\/","title":{"rendered":"Reconeixement per a docent"},"content":{"rendered":"<h4><span style=\"font-family: inherit; font-size: 1em; font-weight: normal;\">1- Programa PIA+ per a la millora de la compet\u00e8ncia comunicativa en llengua estrangera del professorat no universitari. Trobeu m\u00e9s informaci\u00f3 a l&#8217;enlla\u00e7 seg\u00fcent:<\/span><\/h4>\n<ul>\n<li style=\"list-style-type: none;\">\n<ul>\n<li><a href=\"http:\/\/xtec.gencat.cat\/ca\/formacio\/formaciogeneralprofessorat\/llengues\/programa-pia\/\" target=\"_blank\" rel=\"noopener\">Informaci\u00f3 PIA +<\/a><\/li>\n<li>En el moment de la formalitzaci\u00f3 de la matr\u00edcula, cal inscriure\u2019s utilitzant el correu corporatiu @xtec.cat<\/li>\n<li>Sol\u00b7licitud de retorn de taxes per a l&#8217;alumnat APTE entre\u00a0<strong style=\"font-family: inherit; font-size: 1em;\">l&#8217;1 i el 14 de juliol de 2025<\/strong><span style=\"font-family: inherit; font-size: 1em;\">\u00a0en el seg\u00fcent\u00a0<\/span><a style=\"font-family: inherit; font-size: 1em;\" href=\"https:\/\/educacio.gencat.cat\/ca\/tramits\/tramits-temes\/devolucio-matricula-pia\" target=\"_blank\" rel=\"noopener\">enlla\u00e7<\/a><\/li>\n<\/ul>\n<\/li>\n<\/ul>\n<h4><span style=\"font-family: inherit; font-size: 1em; font-weight: normal;\"><span style=\"font-weight: 400;\">2- Reconeixement dels cursos de les EOI com a activitats de formaci\u00f3 del professorat<\/span><\/span><\/h4>\n<p><span style=\"font-weight: 400;\">El professorat del sistema educatiu de Catalunya que cursa estudis en una EOI n&#8217;obt\u00e9 el<\/span><span style=\"font-weight: 400;\">\u00a0reconeixement com a activitat de formaci\u00f3 del professorat al Departament\u00a0<\/span><span style=\"font-weight: 400;\">d&#8217;Educaci\u00f3.\u00a0<\/span><\/p>\n<p><b>Cursos generals: <\/b><span style=\"font-weight: 400;\">Els cursos generals organitzats per les EOI es reconeixen com a activitats de formaci\u00f3 docent, tret dels que condueixen directament a obtenci\u00f3 d&#8217;una titulaci\u00f3 (B1.2, B2.2, C1, C2, C2.2&#8230;). Es reconeixeran \u00fanicament els cursos d&#8217;aquesta tipologia fets a partir del curs 2024-25.<\/span><\/p>\n<p><b>Cursos especials: <\/b><span style=\"font-weight: 400;\">Les activitats formatives incloses en l&#8217;oferta espec\u00edfica de l&#8217;EOI es poden recon\u00e8ixer\u00a0<\/span><span style=\"font-weight: 400;\">com a activitats de formaci\u00f3 per al professorat si compleixen els requisits seg\u00fcents:<\/span><\/p>\n<ul>\n<li><span style=\"font-weight: 400;\">Curs monogr\u00e0fic: de 30 a 45 hores.<\/span><\/li>\n<li><span style=\"font-weight: 400;\">Curs de llengua instrumental: de 30 a 90 hores.<\/span><\/li>\n<\/ul>\n<p><span style=\"font-weight: 400;\">L&#8217;objectiu espec\u00edfic del curs no pot ser preparar els participants per superar una\u00a0<\/span><span style=\"font-weight: 400;\">prova que condueixi a l&#8217;obtenci\u00f3 d&#8217;un t\u00edtol. La modalitat pot ser presencial, semipresencial o en l\u00ednia. L&#8217;idioma del curs pot ser qualsevol.<\/span><\/p>\n<h4><span style=\"font-family: inherit; font-size: 1em; font-weight: normal;\"><span style=\"font-weight: 400;\">3- Reconeixement dels certificats oficials de les EOI a efectes d\u2019ocupar un lloc de treball <\/span><\/span><\/h4>\n<p><span style=\"font-weight: 400;\">Els t\u00edtols de B1, B2, C1 i C2 expedits per les escoles oficials d&#8217;idiomes acrediten la compet\u00e8ncia ling\u00fc\u00edstica en llengua estrangera a efectes d&#8217;ocupar un lloc de treball amb car\u00e0cter provisional o definitiu, o b\u00e9 d&#8217;accedir a una activitat de formaci\u00f3 permanent. <\/span><span style=\"font-weight: 400;\">(<\/span><a href=\"https:\/\/dogc.gencat.cat\/ca\/document-del-dogc\/?documentId=990876\"><span style=\"font-weight: 400;\">Resoluci\u00f3 EDU\/2684\/2024, de 17 de juliol<\/span><\/a><span style=\"font-weight: 400;\">)<\/span><\/p>\n<p>&nbsp;<\/p>\n","protected":false},"excerpt":{"rendered":"<p>1- Programa PIA+ per a la millora de la compet\u00e8ncia comunicativa en llengua estrangera del professorat no universitari. Trobeu m\u00e9s informaci\u00f3 a l&#8217;enlla\u00e7 seg\u00fcent:<\/p>\n<ul>\n<li style=\"list-style-type: none;\">\n<ul>\n<li><a href=\"http:\/\/xtec.gencat.cat\/ca\/formacio\/formaciogeneralprofessorat\/llengues\/programa-pia\/\" target=\"_blank\" rel=\"noopener\">Informaci\u00f3 PIA +<\/a><\/li>\n<li>En el moment de la formalitzaci\u00f3 de la matr\u00edcula, cal inscriure\u2019s utilitzant el correu corporatiu&hellip;  <a href=\"https:\/\/agora-eoi.xtec.cat\/eoibadalona\/matricula\/pia-per-a-professorat\/\" title=\"Read Reconeixement per a docent\">Llegeix m\u00e9s\u00bb<\/a><br \/>\n","protected":false},"author":1,"featured_media":0,"parent":8161,"menu_order":2,"comment_status":"closed","ping_status":"closed","template":"page-templates\/side-menu.php","meta":{"_bbp_topic_count":0,"_bbp_reply_count":0,"_bbp_total_topic_count":0,"_bbp_total_reply_count":0,"_bbp_voice_count":0,"_bbp_anonymous_reply_count":0,"_bbp_topic_count_hidden":0,"_bbp_reply_count_hidden":0,"_bbp_forum_subforum_count":0,"footnotes":""},"class_list":["post-10563","page","type-page","status-publish","hentry"],"post_mailing_queue_ids":[],"_links":{"self":[{"href":"https:\/\/agora-eoi.xtec.cat\/eoibadalona\/wp-json\/wp\/v2\/pages\/10563","targetHints":{"allow":["GET"]}}],"collection":[{"href":"https:\/\/agora-eoi.xtec.cat\/eoibadalona\/wp-json\/wp\/v2\/pages"}],"about":[{"href":"https:\/\/agora-eoi.xtec.cat\/eoibadalona\/wp-json\/wp\/v2\/types\/page"}],"author":[{"embeddable":true,"href":"https:\/\/agora-eoi.xtec.cat\/eoibadalona\/wp-json\/wp\/v2\/users\/1"}],"replies":[{"embeddable":true,"href":"https:\/\/agora-eoi.xtec.cat\/eoibadalona\/wp-json\/wp\/v2\/comments?post=10563"}],"version-history":[{"count":6,"href":"https:\/\/agora-eoi.xtec.cat\/eoibadalona\/wp-json\/wp\/v2\/pages\/10563\/revisions"}],"predecessor-version":[{"id":12738,"href":"https:\/\/agora-eoi.xtec.cat\/eoibadalona\/wp-json\/wp\/v2\/pages\/10563\/revisions\/12738"}],"up":[{"embeddable":true,"href":"https:\/\/agora-eoi.xtec.cat\/eoibadalona\/wp-json\/wp\/v2\/pages\/8161"}],"wp:attachment":[{"href":"https:\/\/agora-eoi.xtec.cat\/eoibadalona\/wp-json\/wp\/v2\/media?parent=10563"}],"curies":[{"name":"wp","href":"https:\/\/api.w.org\/{rel}","templated":true}]}}