{"id":10560,"date":"2022-07-23T01:16:14","date_gmt":"2022-07-22T23:16:14","guid":{"rendered":"https:\/\/agora-eoi.xtec.cat\/eoibadalona\/?page_id=10560"},"modified":"2025-06-23T11:49:18","modified_gmt":"2025-06-23T09:49:18","slug":"antic-alumnat","status":"publish","type":"page","link":"https:\/\/agora-eoi.xtec.cat\/eoibadalona\/matricula\/antic-alumnat\/","title":{"rendered":"Matr\u00edcula antic alumnat"},"content":{"rendered":"<ul>\n<li><a href=\"https:\/\/docs.google.com\/document\/d\/1vxKgvavunzVVxchvmBhT1efvbKAzFyYC\/edit\" target=\"_blank\" rel=\"noopener\">Calendari de matriculaci\u00f3 2025-2026 de 1r a C2.2<\/a><\/li>\n<li>Alumnat apte de C1 que vulgui cursar el C2.1: Preinscripci\u00f3 com a nou alumne\/a entre l&#8217;1 i el 8 de setembre (fins a les 15\u202fh) de 2025. <a href=\"https:\/\/www.eoidigital.com\/eoicat\/alumnes\/\" target=\"_blank\" rel=\"noopener\">Enlla\u00e7<\/a><a href=\"https:\/\/www.eoidigital.com\/eoicat\/alumnes\/\" target=\"_blank\" rel=\"noopener\"> a l\u2019aplicaci\u00f3 inform\u00e0tica de preinscripci\u00f3<\/a><\/li>\n<li><a href=\"https:\/\/www.informaticacentros.com\/centrosnet\/ultralogin.php?tcentro=EOI&amp;centro=B20\" target=\"_blank\" rel=\"noopener\">ACC\u00c9S a la matriculaci\u00f3\u00a0d&#8217;antic alumnat<\/a><\/li>\n<li><a href=\"https:\/\/drive.google.com\/file\/d\/1_fsd4IGS7Bzk5QT1JHIfKcMPB2YIYu6f\/view?usp=sharing\" target=\"_blank\" rel=\"noopener\">Horaris per al curs 2025-2026<\/a><\/li>\n<li><a href=\"http:\/\/ensenyament.gencat.cat\/ca\/departament\/normativa\/taxes-preus-publics\/\" target=\"_blank\" rel=\"noopener\">Taxes i preus p\u00fablics<\/a><\/li>\n<li><a href=\"https:\/\/drive.google.com\/file\/d\/1SGad61i6YM1PtF-_P8Tb0FbdBAf_r5w9\/view?usp=sharing\" target=\"_blank\" rel=\"noopener\">Informaci\u00f3 per a l&#8217;alumnat que ha de fer el mateix curs per tercera vegada<\/a><\/li>\n<\/ul>\n","protected":false},"excerpt":{"rendered":"<ul>\n<li><a href=\"https:\/\/docs.google.com\/document\/d\/1vxKgvavunzVVxchvmBhT1efvbKAzFyYC\/edit\" target=\"_blank\" rel=\"noopener\">Calendari de matriculaci\u00f3 2025-2026 de 1r a C2.2<\/a><\/li>\n<li>Alumnat apte de C1 que vulgui cursar el C2.1: Preinscripci\u00f3 com a nou alumne\/a entre l&#8217;1 i el 8 de setembre (fins a les 15\u202fh) de 2025. <a href=\"https:\/\/www.eoidigital.com\/eoicat\/alumnes\/\" target=\"_blank\" rel=\"noopener\">Enlla\u00e7<\/a><a href=\"https:\/\/www.eoidigital.com\/eoicat\/alumnes\/\" target=\"_blank\" rel=\"noopener\"> a&hellip;  <a href=\"https:\/\/agora-eoi.xtec.cat\/eoibadalona\/matricula\/antic-alumnat\/\" title=\"Read Matr\u00edcula antic alumnat\">Llegeix m\u00e9s\u00bb<\/a><br \/>\n","protected":false},"author":1,"featured_media":0,"parent":8161,"menu_order":1,"comment_status":"closed","ping_status":"closed","template":"page-templates\/side-menu.php","meta":{"_bbp_topic_count":0,"_bbp_reply_count":0,"_bbp_total_topic_count":0,"_bbp_total_reply_count":0,"_bbp_voice_count":0,"_bbp_anonymous_reply_count":0,"_bbp_topic_count_hidden":0,"_bbp_reply_count_hidden":0,"_bbp_forum_subforum_count":0,"footnotes":""},"class_list":["post-10560","page","type-page","status-publish","hentry"],"post_mailing_queue_ids":[],"_links":{"self":[{"href":"https:\/\/agora-eoi.xtec.cat\/eoibadalona\/wp-json\/wp\/v2\/pages\/10560","targetHints":{"allow":["GET"]}}],"collection":[{"href":"https:\/\/agora-eoi.xtec.cat\/eoibadalona\/wp-json\/wp\/v2\/pages"}],"about":[{"href":"https:\/\/agora-eoi.xtec.cat\/eoibadalona\/wp-json\/wp\/v2\/types\/page"}],"author":[{"embeddable":true,"href":"https:\/\/agora-eoi.xtec.cat\/eoibadalona\/wp-json\/wp\/v2\/users\/1"}],"replies":[{"embeddable":true,"href":"https:\/\/agora-eoi.xtec.cat\/eoibadalona\/wp-json\/wp\/v2\/comments?post=10560"}],"version-history":[{"count":6,"href":"https:\/\/agora-eoi.xtec.cat\/eoibadalona\/wp-json\/wp\/v2\/pages\/10560\/revisions"}],"predecessor-version":[{"id":12696,"href":"https:\/\/agora-eoi.xtec.cat\/eoibadalona\/wp-json\/wp\/v2\/pages\/10560\/revisions\/12696"}],"up":[{"embeddable":true,"href":"https:\/\/agora-eoi.xtec.cat\/eoibadalona\/wp-json\/wp\/v2\/pages\/8161"}],"wp:attachment":[{"href":"https:\/\/agora-eoi.xtec.cat\/eoibadalona\/wp-json\/wp\/v2\/media?parent=10560"}],"curies":[{"name":"wp","href":"https:\/\/api.w.org\/{rel}","templated":true}]}}