{"id":9436,"date":"2019-07-10T11:10:52","date_gmt":"2019-07-10T11:10:52","guid":{"rendered":"http:\/\/eoiamposta.cat\/?page_id=1391"},"modified":"2019-07-10T11:10:52","modified_gmt":"2019-07-10T11:10:52","slug":"estudis-de-batxillerat-i-estudis-a-leoi-2","status":"publish","type":"page","link":"https:\/\/agora-eoi.xtec.cat\/eoiamposta\/estudis-de-batxillerat-i-estudis-a-leoi-2\/","title":{"rendered":"Estudis de Batxillerat i estudis a l\u2019EOI"},"content":{"rendered":"<p><strong><span style=\"font-size: 10.0pt; font-family: 'Arial','sans-serif';\">Convalidacions de mat\u00e8ries del batxillerat per a alumnes que cursen lleng\u00fces estrangeres simult\u00e0niament en una EOI:<\/span><\/strong><\/p>\n<p><span style=\"font-size: 10.0pt; font-family: 'Arial','sans-serif';\">Els alumnes que cursen el batxillerat i, al mateix temps, una segona llengua estrangera en una escola oficial d\u2019idiomes (EOI) poden sol\u00b7licitar, a cada curs, la convalidaci\u00f3 de la darrera franja de quatre hores de cada curs que es completa amb una mat\u00e8ria de modalitat, pr\u00f2pia o aliena, o b\u00e9 amb dues mat\u00e8ries espec\u00edfiques, si es dona alguna de les condicions seg\u00fcents:<\/span><\/p>\n<p><span style=\"font-size: 10.0pt; font-family: 'Arial','sans-serif';\">a) Es cursa a l\u2019EOI amb el nivell B2 o superior una segona llengua estrangera que ofereix el centre. <\/span><\/p>\n<p><span style=\"font-size: 10.0pt; font-family: 'Arial','sans-serif';\">b) Es cursa a l\u2019EOI una llengua estrangera que no ofereix el centre. <\/span><\/p>\n<p><span style=\"font-size: 10.0pt; font-family: 'Arial','sans-serif';\">La sol\u00b7licitud de convalidaci\u00f3 la presenta l\u2019alumne el primer mes de classe, juntament amb una c\u00f2pia de la matr\u00edcula a l\u2019EOI. El centre ho comunica a la Direcci\u00f3 General d\u2019Educaci\u00f3 Secund\u00e0ria i el Batxillerat abans del 31 d\u2019octubre. La convalidaci\u00f3 est\u00e0 condicionada a la superaci\u00f3 del curs a l\u2019EOI, que cal documentar amb un certificat del nivell assolit expedit per la secretaria de l\u2019EOI. \u00a0<\/span><\/p>\n","protected":false},"excerpt":{"rendered":"<p>Convalidacions de mat\u00e8ries del batxillerat per a alumnes que cursen lleng\u00fces estrangeres simult\u00e0niament en una EOI: Els alumnes que cursen el batxillerat i, al mateix temps, una segona llengua estrangera en una escola oficial d\u2019idiomes (EOI) poden sol\u00b7licitar, a cada curs, la convalidaci\u00f3 de la darrera franja de quatre hores de cada curs que es [&hellip;]<\/p>\n","protected":false},"author":1,"featured_media":0,"parent":0,"menu_order":0,"comment_status":"closed","ping_status":"closed","template":"","meta":{"_bbp_topic_count":0,"_bbp_reply_count":0,"_bbp_total_topic_count":0,"_bbp_total_reply_count":0,"_bbp_voice_count":0,"_bbp_anonymous_reply_count":0,"_bbp_topic_count_hidden":0,"_bbp_reply_count_hidden":0,"_bbp_forum_subforum_count":0,"site-sidebar-layout":"default","site-content-layout":"","ast-site-content-layout":"","site-content-style":"default","site-sidebar-style":"default","ast-global-header-display":"","ast-banner-title-visibility":"","ast-main-header-display":"","ast-hfb-above-header-display":"","ast-hfb-below-header-display":"","ast-hfb-mobile-header-display":"","site-post-title":"","ast-breadcrumbs-content":"","ast-featured-img":"","footer-sml-layout":"","theme-transparent-header-meta":"","adv-header-id-meta":"","stick-header-meta":"","header-above-stick-meta":"","header-main-stick-meta":"","header-below-stick-meta":"","astra-migrate-meta-layouts":"default","ast-page-background-enabled":"default","ast-page-background-meta":{"desktop":{"background-color":"var(--ast-global-color-4)","background-image":"","background-repeat":"repeat","background-position":"center center","background-size":"auto","background-attachment":"scroll","background-type":"","background-media":"","overlay-type":"","overlay-color":"","overlay-opacity":"","overlay-gradient":""},"tablet":{"background-color":"","background-image":"","background-repeat":"repeat","background-position":"center center","background-size":"auto","background-attachment":"scroll","background-type":"","background-media":"","overlay-type":"","overlay-color":"","overlay-opacity":"","overlay-gradient":""},"mobile":{"background-color":"","background-image":"","background-repeat":"repeat","background-position":"center center","background-size":"auto","background-attachment":"scroll","background-type":"","background-media":"","overlay-type":"","overlay-color":"","overlay-opacity":"","overlay-gradient":""}},"ast-content-background-meta":{"desktop":{"background-color":"var(--ast-global-color-5)","background-image":"","background-repeat":"repeat","background-position":"center center","background-size":"auto","background-attachment":"scroll","background-type":"","background-media":"","overlay-type":"","overlay-color":"","overlay-opacity":"","overlay-gradient":""},"tablet":{"background-color":"var(--ast-global-color-5)","background-image":"","background-repeat":"repeat","background-position":"center center","background-size":"auto","background-attachment":"scroll","background-type":"","background-media":"","overlay-type":"","overlay-color":"","overlay-opacity":"","overlay-gradient":""},"mobile":{"background-color":"var(--ast-global-color-5)","background-image":"","background-repeat":"repeat","background-position":"center center","background-size":"auto","background-attachment":"scroll","background-type":"","background-media":"","overlay-type":"","overlay-color":"","overlay-opacity":"","overlay-gradient":""}},"footnotes":""},"class_list":["post-9436","page","type-page","status-publish","hentry"],"post_mailing_queue_ids":[],"_links":{"self":[{"href":"https:\/\/agora-eoi.xtec.cat\/eoiamposta\/wp-json\/wp\/v2\/pages\/9436","targetHints":{"allow":["GET"]}}],"collection":[{"href":"https:\/\/agora-eoi.xtec.cat\/eoiamposta\/wp-json\/wp\/v2\/pages"}],"about":[{"href":"https:\/\/agora-eoi.xtec.cat\/eoiamposta\/wp-json\/wp\/v2\/types\/page"}],"author":[{"embeddable":true,"href":"https:\/\/agora-eoi.xtec.cat\/eoiamposta\/wp-json\/wp\/v2\/users\/1"}],"replies":[{"embeddable":true,"href":"https:\/\/agora-eoi.xtec.cat\/eoiamposta\/wp-json\/wp\/v2\/comments?post=9436"}],"version-history":[{"count":0,"href":"https:\/\/agora-eoi.xtec.cat\/eoiamposta\/wp-json\/wp\/v2\/pages\/9436\/revisions"}],"wp:attachment":[{"href":"https:\/\/agora-eoi.xtec.cat\/eoiamposta\/wp-json\/wp\/v2\/media?parent=9436"}],"curies":[{"name":"wp","href":"https:\/\/api.w.org\/{rel}","templated":true}]}}