{"id":9435,"date":"2019-02-04T16:39:20","date_gmt":"2019-02-04T16:39:20","guid":{"rendered":"http:\/\/eoiamposta.cat\/?page_id=1176"},"modified":"2024-07-26T08:11:03","modified_gmt":"2024-07-26T06:11:03","slug":"leoi-a-la-teva-escola","status":"publish","type":"page","link":"https:\/\/agora-eoi.xtec.cat\/eoiamposta\/el-servei-educatiu\/leoi-a-la-teva-escola\/","title":{"rendered":"L&#8217;EOI, a la teva escola!"},"content":{"rendered":"<p><a href=\"https:\/\/agora-eoi.xtec.cat\/eoiamposta\/wp-content\/uploads\/usu2961\/2024\/03\/image5-rotated-1.jpeg\"><img loading=\"lazy\" decoding=\"async\" class=\"alignnone size-full wp-image-3361\" src=\"https:\/\/agora-eoi.xtec.cat\/eoiamposta\/wp-content\/uploads\/usu2961\/2024\/03\/image5-rotated-1.jpeg\" alt=\"\" width=\"480\" height=\"640\" srcset=\"https:\/\/agora-eoi.xtec.cat\/eoiamposta\/wp-content\/uploads\/usu2961\/2024\/03\/image5-rotated-1.jpeg 480w, https:\/\/agora-eoi.xtec.cat\/eoiamposta\/wp-content\/uploads\/usu2961\/2024\/03\/image5-rotated-1-225x300.jpeg 225w\" sizes=\"auto, (max-width: 480px) 100vw, 480px\" \/><\/a><\/p>\n<p>Des de l&#8217;Escola Oficial d&#8217;Idiomes d&#8217;Amposta ens volem apropar als diferents centres d&#8217;ensenyament de la comarca del Montsi\u00e0. Tant \u00e9s aix\u00ed que, de manera regular, ens desplacem per presentar els serveis que oferim en diferents escoles del territori dins del marc del Pla FP &amp; EOI\u2019s Together. Per aquest motiu, si \u00e9s el cas que voleu que l&#8217;Escola Oficial d&#8217;Idiomes d&#8217;Amposta visiti el vostre centre, us podeu posar en contacte amb nosaltres mitjan\u00e7ant el seg\u00fcent correu electr\u00f2nic:\u00a0<a href=\"mailto:eoiamposta@xtec.cat\">eoiamposta@xtec.cat<\/a><\/p>\n","protected":false},"excerpt":{"rendered":"<p>Des de l&#8217;Escola Oficial d&#8217;Idiomes d&#8217;Amposta ens volem apropar als diferents centres d&#8217;ensenyament de la comarca del Montsi\u00e0. Tant \u00e9s aix\u00ed que, de manera regular, ens desplacem per presentar els serveis que oferim en diferents escoles del territori dins del marc del Pla FP &amp; EOI\u2019s Together. Per aquest motiu, si \u00e9s el cas que [&hellip;]<\/p>\n","protected":false},"author":1,"featured_media":0,"parent":806,"menu_order":0,"comment_status":"closed","ping_status":"closed","template":"page-templates\/side-menu.php","meta":{"_bbp_topic_count":0,"_bbp_reply_count":0,"_bbp_total_topic_count":0,"_bbp_total_reply_count":0,"_bbp_voice_count":0,"_bbp_anonymous_reply_count":0,"_bbp_topic_count_hidden":0,"_bbp_reply_count_hidden":0,"_bbp_forum_subforum_count":0,"site-sidebar-layout":"default","site-content-layout":"","ast-site-content-layout":"","site-content-style":"default","site-sidebar-style":"default","ast-global-header-display":"","ast-banner-title-visibility":"","ast-main-header-display":"","ast-hfb-above-header-display":"","ast-hfb-below-header-display":"","ast-hfb-mobile-header-display":"","site-post-title":"","ast-breadcrumbs-content":"","ast-featured-img":"","footer-sml-layout":"","theme-transparent-header-meta":"","adv-header-id-meta":"","stick-header-meta":"","header-above-stick-meta":"","header-main-stick-meta":"","header-below-stick-meta":"","astra-migrate-meta-layouts":"default","ast-page-background-enabled":"default","ast-page-background-meta":{"desktop":{"background-color":"var(--ast-global-color-4)","background-image":"","background-repeat":"repeat","background-position":"center center","background-size":"auto","background-attachment":"scroll","background-type":"","background-media":"","overlay-type":"","overlay-color":"","overlay-opacity":"","overlay-gradient":""},"tablet":{"background-color":"","background-image":"","background-repeat":"repeat","background-position":"center center","background-size":"auto","background-attachment":"scroll","background-type":"","background-media":"","overlay-type":"","overlay-color":"","overlay-opacity":"","overlay-gradient":""},"mobile":{"background-color":"","background-image":"","background-repeat":"repeat","background-position":"center center","background-size":"auto","background-attachment":"scroll","background-type":"","background-media":"","overlay-type":"","overlay-color":"","overlay-opacity":"","overlay-gradient":""}},"ast-content-background-meta":{"desktop":{"background-color":"var(--ast-global-color-5)","background-image":"","background-repeat":"repeat","background-position":"center center","background-size":"auto","background-attachment":"scroll","background-type":"","background-media":"","overlay-type":"","overlay-color":"","overlay-opacity":"","overlay-gradient":""},"tablet":{"background-color":"var(--ast-global-color-5)","background-image":"","background-repeat":"repeat","background-position":"center center","background-size":"auto","background-attachment":"scroll","background-type":"","background-media":"","overlay-type":"","overlay-color":"","overlay-opacity":"","overlay-gradient":""},"mobile":{"background-color":"var(--ast-global-color-5)","background-image":"","background-repeat":"repeat","background-position":"center center","background-size":"auto","background-attachment":"scroll","background-type":"","background-media":"","overlay-type":"","overlay-color":"","overlay-opacity":"","overlay-gradient":""}},"footnotes":""},"class_list":["post-9435","page","type-page","status-publish","hentry"],"post_mailing_queue_ids":[],"_links":{"self":[{"href":"https:\/\/agora-eoi.xtec.cat\/eoiamposta\/wp-json\/wp\/v2\/pages\/9435","targetHints":{"allow":["GET"]}}],"collection":[{"href":"https:\/\/agora-eoi.xtec.cat\/eoiamposta\/wp-json\/wp\/v2\/pages"}],"about":[{"href":"https:\/\/agora-eoi.xtec.cat\/eoiamposta\/wp-json\/wp\/v2\/types\/page"}],"author":[{"embeddable":true,"href":"https:\/\/agora-eoi.xtec.cat\/eoiamposta\/wp-json\/wp\/v2\/users\/1"}],"replies":[{"embeddable":true,"href":"https:\/\/agora-eoi.xtec.cat\/eoiamposta\/wp-json\/wp\/v2\/comments?post=9435"}],"version-history":[{"count":2,"href":"https:\/\/agora-eoi.xtec.cat\/eoiamposta\/wp-json\/wp\/v2\/pages\/9435\/revisions"}],"predecessor-version":[{"id":10109,"href":"https:\/\/agora-eoi.xtec.cat\/eoiamposta\/wp-json\/wp\/v2\/pages\/9435\/revisions\/10109"}],"up":[{"embeddable":true,"href":"https:\/\/agora-eoi.xtec.cat\/eoiamposta\/wp-json\/wp\/v2\/pages\/806"}],"wp:attachment":[{"href":"https:\/\/agora-eoi.xtec.cat\/eoiamposta\/wp-json\/wp\/v2\/media?parent=9435"}],"curies":[{"name":"wp","href":"https:\/\/api.w.org\/{rel}","templated":true}]}}