{"id":9425,"date":"2018-01-15T17:05:37","date_gmt":"2018-01-15T17:05:37","guid":{"rendered":"http:\/\/eoiamposta.cat\/?page_id=255"},"modified":"2025-10-01T12:27:23","modified_gmt":"2025-10-01T10:27:23","slug":"renuncies-2","status":"publish","type":"page","link":"https:\/\/agora-eoi.xtec.cat\/eoiamposta\/renuncies-2\/","title":{"rendered":"Ren\u00fancies"},"content":{"rendered":"<p>Hi ha dos tipus de ren\u00fancies:<\/p>\n<p>&#8211; al curs que s\u2019est\u00e0 cursant en l\u2019actualitat<br \/>\n&#8211; a un curs aprovat anteriorment<\/p>\n<p><b>Ren\u00fancia al curs que s\u2019est\u00e0 cursant en l\u2019actualitat<\/b><\/p>\n<p>Un alumne o alumna oficial pot presentar, al director o directora de l&#8217;escola, la ren\u00fancia a la matr\u00edcula en un idioma en un termini que finalitza:<\/p>\n<p>Cursos extensius: <strong>fins al darrer dia h\u00e0bil de novembre 2025 (dia 28 de novembre).<br \/>\n<\/strong><\/p>\n<p>L&#8217;alumne oficial pot presentar al director o directora de l&#8217;escola la ren\u00fancia a la matr\u00edcula en un idioma,\u00a0<strong>en un termini que finalitza el darrer dia h\u00e0bil de novembre<\/strong> per als cursos extensius. Aquesta ren\u00fancia no suposa el c\u00f2mput del curs a l&#8217;efecte de repetici\u00f3, ni el dret al retorn de l&#8217;import de la matr\u00edcula (que nom\u00e9s es pot demanar fins al 10 d&#8217;otubre del 2025).<\/p>\n<p><a href=\"https:\/\/agora-eoi.xtec.cat\/eoiamposta\/wp-content\/uploads\/usu2961\/2023\/07\/SOL\u00b7LICITUD-GENERAL_BONA_educacio-1.pdf\" target=\"_blank\" rel=\"noopener\">Sol\u00b7licitud general per a presentar la ren\u00fancia<\/a><\/p>\n<p>Un cop passat el termini de ren\u00fancia establert, si un alumne oficial abandona el curs, aquest abandonament li computa a l&#8217;efecte de repetici\u00f3 i l&#8217;alumne t\u00e9, a tots els efectes, la consideraci\u00f3 de &#8220;no presentat\/ada&#8221; en la qualificaci\u00f3 final. L&#8217;alumne nom\u00e9s pot fer una d&#8217;aquestes ren\u00fancies per curs.<\/p>\n<p>&nbsp;<\/p>\n<p>Per a presentar una ren\u00fancia al curs actual amb dret al retorn de taxes cliqueu al seg\u00fcent enlla\u00e7:<\/p>\n<p>Ren\u00fancia amb dret de retorn de taxes: fins al 10 d&#8217;octubre (incl\u00f3s).<\/p>\n<p>&nbsp;<\/p>\n<p><b>Ren\u00fancia al curs aprovat anteriorment<\/b><\/p>\n<p>Qualsevol persona que tingui un expedient acad\u00e8mic obert en una escola oficial d&#8217;idiomes pot sol\u00b7licitar al director o directora de l&#8217;escola la ren\u00fancia a un dels cursos acad\u00e8mics superats en aquell idioma, sempre que no siguin cursos que hagin comportat l&#8217;obtenci\u00f3 d&#8217;un certificat. L&#8217;escola pot concedir la ren\u00fancia un cop obtinguts els informes oportuns del departament d&#8217;aquell idioma.<\/p>\n<p>El curs a qu\u00e8 s\u2019ha renunciat computa a l&#8217;efecte de repetici\u00f3. Les ren\u00fancies esmentades en els apartats anteriors s&#8217;han de fer constar en l&#8217;expedient acad\u00e8mic de l&#8217;alumne.<\/p>\n<p><a href=\"https:\/\/agora-eoi.xtec.cat\/eoiamposta\/wp-content\/uploads\/usu2961\/2023\/07\/SOL\u00b7LICITUD-GENERAL_BONA_educacio-1.pdf\" target=\"_blank\" rel=\"noopener\">Sol\u00b7licitud general per a presentar la ren\u00fancia<\/a><\/p>\n","protected":false},"excerpt":{"rendered":"<p>Hi ha dos tipus de ren\u00fancies: &#8211; al curs que s\u2019est\u00e0 cursant en l\u2019actualitat &#8211; a un curs aprovat anteriorment Ren\u00fancia al curs que s\u2019est\u00e0 cursant en l\u2019actualitat Un alumne o alumna oficial pot presentar, al director o directora de l&#8217;escola, la ren\u00fancia a la matr\u00edcula en un idioma en un termini que finalitza: Cursos [&hellip;]<\/p>\n","protected":false},"author":1,"featured_media":0,"parent":0,"menu_order":0,"comment_status":"closed","ping_status":"closed","template":"","meta":{"_bbp_topic_count":0,"_bbp_reply_count":0,"_bbp_total_topic_count":0,"_bbp_total_reply_count":0,"_bbp_voice_count":0,"_bbp_anonymous_reply_count":0,"_bbp_topic_count_hidden":0,"_bbp_reply_count_hidden":0,"_bbp_forum_subforum_count":0,"site-sidebar-layout":"default","site-content-layout":"","ast-site-content-layout":"","site-content-style":"default","site-sidebar-style":"default","ast-global-header-display":"","ast-banner-title-visibility":"","ast-main-header-display":"","ast-hfb-above-header-display":"","ast-hfb-below-header-display":"","ast-hfb-mobile-header-display":"","site-post-title":"","ast-breadcrumbs-content":"","ast-featured-img":"","footer-sml-layout":"","theme-transparent-header-meta":"","adv-header-id-meta":"","stick-header-meta":"","header-above-stick-meta":"","header-main-stick-meta":"","header-below-stick-meta":"","astra-migrate-meta-layouts":"default","ast-page-background-enabled":"default","ast-page-background-meta":{"desktop":{"background-color":"var(--ast-global-color-4)","background-image":"","background-repeat":"repeat","background-position":"center center","background-size":"auto","background-attachment":"scroll","background-type":"","background-media":"","overlay-type":"","overlay-color":"","overlay-opacity":"","overlay-gradient":""},"tablet":{"background-color":"","background-image":"","background-repeat":"repeat","background-position":"center center","background-size":"auto","background-attachment":"scroll","background-type":"","background-media":"","overlay-type":"","overlay-color":"","overlay-opacity":"","overlay-gradient":""},"mobile":{"background-color":"","background-image":"","background-repeat":"repeat","background-position":"center center","background-size":"auto","background-attachment":"scroll","background-type":"","background-media":"","overlay-type":"","overlay-color":"","overlay-opacity":"","overlay-gradient":""}},"ast-content-background-meta":{"desktop":{"background-color":"var(--ast-global-color-5)","background-image":"","background-repeat":"repeat","background-position":"center center","background-size":"auto","background-attachment":"scroll","background-type":"","background-media":"","overlay-type":"","overlay-color":"","overlay-opacity":"","overlay-gradient":""},"tablet":{"background-color":"var(--ast-global-color-5)","background-image":"","background-repeat":"repeat","background-position":"center center","background-size":"auto","background-attachment":"scroll","background-type":"","background-media":"","overlay-type":"","overlay-color":"","overlay-opacity":"","overlay-gradient":""},"mobile":{"background-color":"var(--ast-global-color-5)","background-image":"","background-repeat":"repeat","background-position":"center center","background-size":"auto","background-attachment":"scroll","background-type":"","background-media":"","overlay-type":"","overlay-color":"","overlay-opacity":"","overlay-gradient":""}},"footnotes":""},"class_list":["post-9425","page","type-page","status-publish","hentry"],"post_mailing_queue_ids":[],"_links":{"self":[{"href":"https:\/\/agora-eoi.xtec.cat\/eoiamposta\/wp-json\/wp\/v2\/pages\/9425","targetHints":{"allow":["GET"]}}],"collection":[{"href":"https:\/\/agora-eoi.xtec.cat\/eoiamposta\/wp-json\/wp\/v2\/pages"}],"about":[{"href":"https:\/\/agora-eoi.xtec.cat\/eoiamposta\/wp-json\/wp\/v2\/types\/page"}],"author":[{"embeddable":true,"href":"https:\/\/agora-eoi.xtec.cat\/eoiamposta\/wp-json\/wp\/v2\/users\/1"}],"replies":[{"embeddable":true,"href":"https:\/\/agora-eoi.xtec.cat\/eoiamposta\/wp-json\/wp\/v2\/comments?post=9425"}],"version-history":[{"count":2,"href":"https:\/\/agora-eoi.xtec.cat\/eoiamposta\/wp-json\/wp\/v2\/pages\/9425\/revisions"}],"predecessor-version":[{"id":10375,"href":"https:\/\/agora-eoi.xtec.cat\/eoiamposta\/wp-json\/wp\/v2\/pages\/9425\/revisions\/10375"}],"wp:attachment":[{"href":"https:\/\/agora-eoi.xtec.cat\/eoiamposta\/wp-json\/wp\/v2\/media?parent=9425"}],"curies":[{"name":"wp","href":"https:\/\/api.w.org\/{rel}","templated":true}]}}