{"id":9421,"date":"2018-01-15T17:04:02","date_gmt":"2018-01-15T17:04:02","guid":{"rendered":"http:\/\/eoiamposta.cat\/?page_id=248"},"modified":"2018-01-15T17:04:02","modified_gmt":"2018-01-15T17:04:02","slug":"avaluacio","status":"publish","type":"page","link":"https:\/\/agora-eoi.xtec.cat\/eoiamposta\/avaluacio\/","title":{"rendered":"Avaluaci\u00f3"},"content":{"rendered":"<p>L&#8217;avaluaci\u00f3 cont\u00ednua realitzada al nostre centre \u00e9s un sistema l&#8217;objectiu fonamental del qual \u00e9s motivar a l&#8217;alumnat a esfor\u00e7ar-se di\u00e0riament i aix\u00ed obtenir una recompensa per aquest esfor\u00e7 tradu\u00eft en notes. Els que opten a aquest sistema s\u00f3n els alumnes matriculats als cursos <strong>A1, A2 i B2.1 nivell d&#8217;angl\u00e8s i als cursos\u00a0A1, A2 i B2.1 de nivell franc\u00e8s<\/strong>.<\/p>\n<p>L&#8217;avaluaci\u00f3 cont\u00ednua est\u00e0 formada per dos quadrimestres. Cada quadrimestre est\u00e0 compost de dues proves: un examen format per quatre parts (una part gramatical, una comprensi\u00f3 escrita, una comprensi\u00f3 oral i una expressi\u00f3 escrita) i un altre examen que consta d&#8217;una expressi\u00f3 oral. Les dues proves es realitzen en dies diferents i en un temps estipulat.<\/p>\n<p>Cada prova quadrimestral comptar\u00e0 un <strong>50%<\/strong>, per tant, la suma de les proves dels dos quadrimestres equival al <strong>100% de la nota final<\/strong>. Els alumnes que no opten al sistema d&#8217;avaluaci\u00f3 cont\u00ednua hauran de fer\u00a0<strong>l&#8217;examen final del curs, el qual equivaldr\u00e0 al 100%<\/strong>. La qualificaci\u00f3 final d&#8217;aquestes proves ser\u00e0\u00a0<strong>apte o no apte<\/strong>.<\/p>\n<p>Els alumnes realitzaran les proves de l&#8217;avaluaci\u00f3 cont\u00ednua els dies que el professor informar\u00e0 a principi de curs, sempre i quan el professor no canvi\u00ef el dia per motius justificables.<\/p>\n<ul>\n<li>Es faran 2 proves durant el curs que inclouran totes les destreses (de 2 hores m\u00e0xim cadascuna).<\/li>\n<li>Les proves orals es faran a l&#8217;aula EOI amb els ordinadors o b\u00e9 alumne per alumne davant del professor i en un dia diferent de les proves escrites.<\/li>\n<li>L&#8217;alumne tindr\u00e0 la possibilitat de renunciar a l&#8217;avaluaci\u00f3 cont\u00ednua al final del curs,<strong>\u00a0durant la darrera setmana<\/strong>\u00a0de classe, sempre que ho\u00a0<a href=\"http:\/\/eoiamposta.cat\/sollicitudgeneral\/\" target=\"_blank\" rel=\"noopener\">sol.liciti per escrit<\/a>\u00a0a la Secretaria de l&#8217;EOI.<\/li>\n<li>De les 10 proves, l&#8217;alumne nom\u00e9s podr\u00e0 faltar-ne a 3. Si en falta a 4, haur\u00e0 d&#8217;anar a\u00a0<strong>l&#8217;examen final amb el 100%<\/strong>\u00a0de la nota.<\/li>\n<li>Quant a l&#8217;assist\u00e8ncia a classe, l&#8217;alumne nom\u00e9s podr\u00e0 faltar a un\u00a0<strong>m\u00e0xim del 35% de les classes<\/strong>; sin\u00f3, haur\u00e0 d&#8217;anar a l&#8217;examen final amb el 100% de la nota.<\/li>\n<li>En cap cas es faran proves &#8220;extra&#8221; un altre dia de l&#8217;oficial si l&#8217;alumne falta per qualsevol motiu, justificat o no. En aquest cas, l&#8217;alumne sempre t\u00e9 l&#8217;opci\u00f3 d&#8217;anar a l&#8217;ex\u00e0men final amb el 100% de la nota.<\/li>\n<\/ul>\n","protected":false},"excerpt":{"rendered":"<p>L&#8217;avaluaci\u00f3 cont\u00ednua realitzada al nostre centre \u00e9s un sistema l&#8217;objectiu fonamental del qual \u00e9s motivar a l&#8217;alumnat a esfor\u00e7ar-se di\u00e0riament i aix\u00ed obtenir una recompensa per aquest esfor\u00e7 tradu\u00eft en notes. Els que opten a aquest sistema s\u00f3n els alumnes matriculats als cursos A1, A2 i B2.1 nivell d&#8217;angl\u00e8s i als cursos\u00a0A1, A2 i B2.1 [&hellip;]<\/p>\n","protected":false},"author":1,"featured_media":0,"parent":0,"menu_order":0,"comment_status":"closed","ping_status":"closed","template":"","meta":{"_bbp_topic_count":0,"_bbp_reply_count":0,"_bbp_total_topic_count":0,"_bbp_total_reply_count":0,"_bbp_voice_count":0,"_bbp_anonymous_reply_count":0,"_bbp_topic_count_hidden":0,"_bbp_reply_count_hidden":0,"_bbp_forum_subforum_count":0,"site-sidebar-layout":"default","site-content-layout":"","ast-site-content-layout":"","site-content-style":"default","site-sidebar-style":"default","ast-global-header-display":"","ast-banner-title-visibility":"","ast-main-header-display":"","ast-hfb-above-header-display":"","ast-hfb-below-header-display":"","ast-hfb-mobile-header-display":"","site-post-title":"","ast-breadcrumbs-content":"","ast-featured-img":"","footer-sml-layout":"","theme-transparent-header-meta":"","adv-header-id-meta":"","stick-header-meta":"","header-above-stick-meta":"","header-main-stick-meta":"","header-below-stick-meta":"","astra-migrate-meta-layouts":"default","ast-page-background-enabled":"default","ast-page-background-meta":{"desktop":{"background-color":"var(--ast-global-color-4)","background-image":"","background-repeat":"repeat","background-position":"center center","background-size":"auto","background-attachment":"scroll","background-type":"","background-media":"","overlay-type":"","overlay-color":"","overlay-opacity":"","overlay-gradient":""},"tablet":{"background-color":"","background-image":"","background-repeat":"repeat","background-position":"center center","background-size":"auto","background-attachment":"scroll","background-type":"","background-media":"","overlay-type":"","overlay-color":"","overlay-opacity":"","overlay-gradient":""},"mobile":{"background-color":"","background-image":"","background-repeat":"repeat","background-position":"center center","background-size":"auto","background-attachment":"scroll","background-type":"","background-media":"","overlay-type":"","overlay-color":"","overlay-opacity":"","overlay-gradient":""}},"ast-content-background-meta":{"desktop":{"background-color":"var(--ast-global-color-5)","background-image":"","background-repeat":"repeat","background-position":"center center","background-size":"auto","background-attachment":"scroll","background-type":"","background-media":"","overlay-type":"","overlay-color":"","overlay-opacity":"","overlay-gradient":""},"tablet":{"background-color":"var(--ast-global-color-5)","background-image":"","background-repeat":"repeat","background-position":"center center","background-size":"auto","background-attachment":"scroll","background-type":"","background-media":"","overlay-type":"","overlay-color":"","overlay-opacity":"","overlay-gradient":""},"mobile":{"background-color":"var(--ast-global-color-5)","background-image":"","background-repeat":"repeat","background-position":"center center","background-size":"auto","background-attachment":"scroll","background-type":"","background-media":"","overlay-type":"","overlay-color":"","overlay-opacity":"","overlay-gradient":""}},"footnotes":""},"class_list":["post-9421","page","type-page","status-publish","hentry"],"post_mailing_queue_ids":[],"_links":{"self":[{"href":"https:\/\/agora-eoi.xtec.cat\/eoiamposta\/wp-json\/wp\/v2\/pages\/9421","targetHints":{"allow":["GET"]}}],"collection":[{"href":"https:\/\/agora-eoi.xtec.cat\/eoiamposta\/wp-json\/wp\/v2\/pages"}],"about":[{"href":"https:\/\/agora-eoi.xtec.cat\/eoiamposta\/wp-json\/wp\/v2\/types\/page"}],"author":[{"embeddable":true,"href":"https:\/\/agora-eoi.xtec.cat\/eoiamposta\/wp-json\/wp\/v2\/users\/1"}],"replies":[{"embeddable":true,"href":"https:\/\/agora-eoi.xtec.cat\/eoiamposta\/wp-json\/wp\/v2\/comments?post=9421"}],"version-history":[{"count":0,"href":"https:\/\/agora-eoi.xtec.cat\/eoiamposta\/wp-json\/wp\/v2\/pages\/9421\/revisions"}],"wp:attachment":[{"href":"https:\/\/agora-eoi.xtec.cat\/eoiamposta\/wp-json\/wp\/v2\/media?parent=9421"}],"curies":[{"name":"wp","href":"https:\/\/api.w.org\/{rel}","templated":true}]}}