{"id":9420,"date":"2018-01-15T17:02:06","date_gmt":"2018-01-15T17:02:06","guid":{"rendered":"http:\/\/eoiamposta.cat\/?page_id=244"},"modified":"2018-01-15T17:02:06","modified_gmt":"2018-01-15T17:02:06","slug":"assistencia-a-classe-2","status":"publish","type":"page","link":"https:\/\/agora-eoi.xtec.cat\/eoiamposta\/assistencia-a-classe-2\/","title":{"rendered":"Assist\u00e8ncia a classe"},"content":{"rendered":"<p>L&#8217;assist\u00e8ncia dels alumnes a les classes \u00e9s obligat\u00f2ria (art. 22.1.1 de la Llei d&#8217;educaci\u00f3).<\/p>\n<p>Pel que fa a les normes d&#8217;organitzaci\u00f3 i funcionament del centre, s&#8217;establir\u00e0 un sistema de seguiment i control d&#8217;assist\u00e8ncia dels alumnes que prevegi els aspectes seg\u00fcents:<\/p>\n<ul>\n<li>Hi haur\u00e0 un control diari de l&#8217;assist\u00e8ncia de l&#8217;alumne\/a a classe per part del professor corresponent, i la comunicaci\u00f3 del professor a la direcci\u00f3 del centre de les faltes d&#8217;assist\u00e8ncia dels\/les alumnes.<br \/>\n<header class=\"entry-header\"><\/header>\n<div class=\"entry-content\">\n<p>Aquells alumnes que un cop matriculats no assisteixin a classe, han de saber que, pel fet d\u2019haver abonat dins de l\u2019import de la matr\u00edcula, les taxes de drets d\u2019ex\u00e0mens,\u00a0<strong>conserven igualment el dret a presentar-se a la prova de final de curs<\/strong>. Ser\u00e0 per\u00f2, responsabilitat de l\u2019alumne assabentar-se de les dates d\u2019examen i de tot all\u00f2 que fa refer\u00e8ncia al sistema d\u2019avaluaci\u00f3.<\/p>\n<\/div>\n<\/li>\n<li>Com a conseq\u00fc\u00e8ncia de les faltes d&#8217;assist\u00e8ncia, l&#8217;alumne pot perdre el dret a l&#8217;avaluaci\u00f3 cont\u00ednua (A1, A2 i B2.1): en cas que tingui abs\u00e8ncies superiors al 35% del temps lectiu. A aquests alumnes nom\u00e9s se&#8217;ls avaluar\u00e0 la prova de final de curs.<\/li>\n<\/ul>\n<p><strong>Alumnes menors d&#8217;edat<\/strong><\/p>\n<p>Pare, mare o tutor legal,<\/p>\n<p>Atesa la minoria d&#8217;edat del vostre\/a fill\/a, us informem que els estudis impartits a les Escoles Oficials d&#8217;Idiomes s\u00f3n estudis post obligatoris de r\u00e8gim especial, la qual cosa comporta que en cas d&#8217;abs\u00e8ncia del professor, els alumnes no tenen professor tutor ni professor de gu\u00e0rdia que pugui vigilar-los.<\/p>\n<p>Per tant, durant la primera setmana de classe, retorneu a Secretaria aquest full degudament signat, en el qual us doneu per assabentats d&#8217;aquesta situaci\u00f3 i alhora doneu les instruccions d&#8217;actuaci\u00f3 al vostre fill\/a en cas d&#8217;abs\u00e8ncia del professor.<\/p>\n<p>En cas que l\u2019alumne NO pugui assistir a una classe o hagi de sortir abans d\u2019hora, haur\u00e0 de portar signat un <a href=\"http:\/\/eoiamposta.cat\/justificant-assistencia-a-classe\/\">justificant d\u2019abs\u00e8ncia\u00a0que es podr\u00e0\u00a0descarregar aqu\u00ed<\/a>.<\/p>\n<p>Per altra banda, el professor far\u00e0 un seguiment de l&#8217;assist\u00e8ncia de l&#8217;alumne\/a menor d&#8217;edat, que podreu consultar a trav\u00e9s de\u00a0<a href=\"https:\/\/www.informaticacentros.com\/centrosnet\/ultralogin.php?tcentro=EOI&amp;centro=T07&amp;idioma=1\"><b>CENTROS-NET<\/b><\/a>\u00a0a inicis del mes seg\u00fcent.<\/p>\n<p>A l&#8217;USUARI heu d&#8217;introduir la vostra data de naixement seguint aquest model: 00-00-0000 i a la CONTRASENYA, el vostre DNI (sense lletra).<\/p>\n<p>Tamb\u00e9 es podr\u00e0 concertar cita pr\u00e8via amb el\/la professor\/a corresponent, per\u00f2 heu de saber que a partir d\u2019ara\u00a0<b>no es truca ni s&#8217;escriu als pares<\/b>, tal i com passa en els ensenyaments reglats o obligatoris.<\/p>\n<p>Aix\u00ed mateix, us recordem que per tal de tenir dret a l&#8217;avaluaci\u00f3 cont\u00ednua no es pot tenir m\u00e9s d&#8217;un 35 % de faltes d&#8217;assist\u00e8ncia.<\/p>\n","protected":false},"excerpt":{"rendered":"<p>L&#8217;assist\u00e8ncia dels alumnes a les classes \u00e9s obligat\u00f2ria (art. 22.1.1 de la Llei d&#8217;educaci\u00f3). Pel que fa a les normes d&#8217;organitzaci\u00f3 i funcionament del centre, s&#8217;establir\u00e0 un sistema de seguiment i control d&#8217;assist\u00e8ncia dels alumnes que prevegi els aspectes seg\u00fcents: Hi haur\u00e0 un control diari de l&#8217;assist\u00e8ncia de l&#8217;alumne\/a a classe per part del professor [&hellip;]<\/p>\n","protected":false},"author":1,"featured_media":0,"parent":0,"menu_order":0,"comment_status":"closed","ping_status":"closed","template":"","meta":{"_bbp_topic_count":0,"_bbp_reply_count":0,"_bbp_total_topic_count":0,"_bbp_total_reply_count":0,"_bbp_voice_count":0,"_bbp_anonymous_reply_count":0,"_bbp_topic_count_hidden":0,"_bbp_reply_count_hidden":0,"_bbp_forum_subforum_count":0,"site-sidebar-layout":"default","site-content-layout":"","ast-site-content-layout":"","site-content-style":"default","site-sidebar-style":"default","ast-global-header-display":"","ast-banner-title-visibility":"","ast-main-header-display":"","ast-hfb-above-header-display":"","ast-hfb-below-header-display":"","ast-hfb-mobile-header-display":"","site-post-title":"","ast-breadcrumbs-content":"","ast-featured-img":"","footer-sml-layout":"","theme-transparent-header-meta":"","adv-header-id-meta":"","stick-header-meta":"","header-above-stick-meta":"","header-main-stick-meta":"","header-below-stick-meta":"","astra-migrate-meta-layouts":"default","ast-page-background-enabled":"default","ast-page-background-meta":{"desktop":{"background-color":"var(--ast-global-color-4)","background-image":"","background-repeat":"repeat","background-position":"center center","background-size":"auto","background-attachment":"scroll","background-type":"","background-media":"","overlay-type":"","overlay-color":"","overlay-opacity":"","overlay-gradient":""},"tablet":{"background-color":"","background-image":"","background-repeat":"repeat","background-position":"center center","background-size":"auto","background-attachment":"scroll","background-type":"","background-media":"","overlay-type":"","overlay-color":"","overlay-opacity":"","overlay-gradient":""},"mobile":{"background-color":"","background-image":"","background-repeat":"repeat","background-position":"center center","background-size":"auto","background-attachment":"scroll","background-type":"","background-media":"","overlay-type":"","overlay-color":"","overlay-opacity":"","overlay-gradient":""}},"ast-content-background-meta":{"desktop":{"background-color":"var(--ast-global-color-5)","background-image":"","background-repeat":"repeat","background-position":"center center","background-size":"auto","background-attachment":"scroll","background-type":"","background-media":"","overlay-type":"","overlay-color":"","overlay-opacity":"","overlay-gradient":""},"tablet":{"background-color":"var(--ast-global-color-5)","background-image":"","background-repeat":"repeat","background-position":"center center","background-size":"auto","background-attachment":"scroll","background-type":"","background-media":"","overlay-type":"","overlay-color":"","overlay-opacity":"","overlay-gradient":""},"mobile":{"background-color":"var(--ast-global-color-5)","background-image":"","background-repeat":"repeat","background-position":"center center","background-size":"auto","background-attachment":"scroll","background-type":"","background-media":"","overlay-type":"","overlay-color":"","overlay-opacity":"","overlay-gradient":""}},"footnotes":""},"class_list":["post-9420","page","type-page","status-publish","hentry"],"post_mailing_queue_ids":[],"_links":{"self":[{"href":"https:\/\/agora-eoi.xtec.cat\/eoiamposta\/wp-json\/wp\/v2\/pages\/9420","targetHints":{"allow":["GET"]}}],"collection":[{"href":"https:\/\/agora-eoi.xtec.cat\/eoiamposta\/wp-json\/wp\/v2\/pages"}],"about":[{"href":"https:\/\/agora-eoi.xtec.cat\/eoiamposta\/wp-json\/wp\/v2\/types\/page"}],"author":[{"embeddable":true,"href":"https:\/\/agora-eoi.xtec.cat\/eoiamposta\/wp-json\/wp\/v2\/users\/1"}],"replies":[{"embeddable":true,"href":"https:\/\/agora-eoi.xtec.cat\/eoiamposta\/wp-json\/wp\/v2\/comments?post=9420"}],"version-history":[{"count":0,"href":"https:\/\/agora-eoi.xtec.cat\/eoiamposta\/wp-json\/wp\/v2\/pages\/9420\/revisions"}],"wp:attachment":[{"href":"https:\/\/agora-eoi.xtec.cat\/eoiamposta\/wp-json\/wp\/v2\/media?parent=9420"}],"curies":[{"name":"wp","href":"https:\/\/api.w.org\/{rel}","templated":true}]}}