{"id":8933,"date":"2024-02-02T17:52:14","date_gmt":"2024-02-02T16:52:14","guid":{"rendered":"https:\/\/agora-eoi.xtec.cat\/eoiamposta\/?page_id=8933"},"modified":"2025-12-19T11:18:19","modified_gmt":"2025-12-19T10:18:19","slug":"el-nostre-equip","status":"publish","type":"page","link":"https:\/\/agora-eoi.xtec.cat\/eoiamposta\/el-servei-educatiu\/el-nostre-equip\/","title":{"rendered":"El nostre equip"},"content":{"rendered":"<p>&nbsp;<\/p>\n<hr \/>\n<h2><span style=\"color: #ff9900;\"><strong><br \/>\nEquip directiu<\/strong><\/span><\/h2>\n<p><strong>Helena Franch Torres<\/strong><\/p>\n<ul>\n<li><strong>C\u00e0rrec<\/strong>: Directora<\/li>\n<li><a href=\"mailto:hfranch@xtec.cat\">hfranch@xtec.cat<\/a><\/li>\n<li><strong>Horari d\u2019atenci\u00f3<\/strong>:\n<ul>\n<li>Dilluns d&#8217;12.00 h a 13.00 h<\/li>\n<\/ul>\n<\/li>\n<\/ul>\n<p><strong>Roberto E. Fern\u00e1ndez Hern\u00e1ndez<\/strong><\/p>\n<ul>\n<li><strong>C\u00e0rrec<\/strong>: Cap d&#8217;Estudis<\/li>\n<li><a href=\"mailto:rferna74@xtec.cat\">rferna74@xtec.cat<\/a><\/li>\n<li><strong>Horari d\u2019atenci\u00f3<\/strong>:\n<ul>\n<li>dijous d&#8217;11.00 h a 12.00 h<\/li>\n<\/ul>\n<\/li>\n<\/ul>\n<p><strong>Cinta Santos Monllao<\/strong><\/p>\n<ul>\n<li><strong>C\u00e0rrec<\/strong>: Secret\u00e0ria<\/li>\n<li><a href=\"mailto:msantos24@xtec.cat\">msanto24@xtec.cat<\/a><\/li>\n<li><strong>Horari d&#8217;atenci\u00f3<\/strong>:\n<ul>\n<li>dimecres d&#8217;11.00 a 12.00h<\/li>\n<\/ul>\n<\/li>\n<\/ul>\n<p>&nbsp;<\/p>\n<hr \/>\n<p><span style=\"color: #ff9900;\"><strong>Professorat<\/strong><\/span><\/p>\n<p><strong>Helena Franch Torres<\/strong><\/p>\n<ul>\n<li>Professora i cap del departament d\u2019angl\u00e8s<\/li>\n<li><a href=\"mailto:hfranch@xtec.cat\">hfranch@xtec.cat<\/a><\/li>\n<\/ul>\n<p><strong>Roberto E. Fern\u00e1ndez Hern\u00e1ndez<\/strong><\/p>\n<ul>\n<li>Professor d\u2019angl\u00e8s<\/li>\n<li><a href=\"mailto:rferna74@xtec.cat\">rferna74@xtec.cat<\/a><\/li>\n<\/ul>\n<p><strong>Cinta Santos Monllau<\/strong><\/p>\n<ul>\n<li>Professora d\u2019angl\u00e8s<\/li>\n<li><a href=\"mailto:msanto24@xtec.cat\">msanto24@xtec.cat<\/a><\/li>\n<\/ul>\n<p><strong>Mireia Blanch Borr\u00e0s<br \/>\n<\/strong><\/p>\n<ul>\n<li>Professora i cap del departament d&#8217;angl\u00e8s<\/li>\n<li><a href=\"mailto:mblan54@xtec.cat\">mblan54@xtec.c<\/a><\/li>\n<\/ul>\n<p><strong>Laura Rota Roca<br \/>\n<\/strong><\/p>\n<ul>\n<li>Professora d\u2019angl\u00e8s<\/li>\n<li><a href=\"mailto:rbarran1@xtec.cat\">lrota@xtec.cat<\/a><\/li>\n<\/ul>\n<p><strong>C\u00e9line Arnoux<\/strong><\/p>\n<ul>\n<li>Professora i cap del departament de franc\u00e8s<\/li>\n<li><a href=\"mailto:carnoux@xtec.cat\">carnoux@xtec.cat<\/a><\/li>\n<\/ul>\n<div><strong>Germ\u00e1n Peralta Aguilar<br \/>\n<\/strong><\/div>\n<div>\n<ul>\n<li>Professor de franc\u00e8s i coordinadora TIC<\/li>\n<li><a href=\"mailto:ncatala2@xtec.cat\">gperalta@xtec.cat<\/a><\/li>\n<\/ul>\n<div>\n<p><strong>Anna P\u00e9rez Izquierdo<br \/>\n<\/strong><\/p>\n<ul>\n<li>Professora i cap del departament de catal\u00e0<\/li>\n<li><a href=\"mailto:apere191@xtec.cat\">apere191@xtec.cat<\/a><\/li>\n<li style=\"list-style-type: none;\"><\/li>\n<\/ul>\n<div><\/div>\n<\/div>\n<\/div>\n<hr \/>\n<p><span style=\"color: #ff9900;\"><strong>PAS<\/strong><\/span><\/p>\n<p><strong>Maria del Pilar Garcia Bel<br \/>\n<\/strong><\/p>\n<ul>\n<li>Auxiliar administrativa<\/li>\n<li><a href=\"mailto:e3010669@xtec.cat\">eoiamposta@xtec.cat<\/a><\/li>\n<\/ul>\n","protected":false},"excerpt":{"rendered":"<p>&nbsp; Equip directiu Helena Franch Torres C\u00e0rrec: Directora hfranch@xtec.cat Horari d\u2019atenci\u00f3: Dilluns d&#8217;12.00 h a 13.00 h Roberto E. Fern\u00e1ndez Hern\u00e1ndez C\u00e0rrec: Cap d&#8217;Estudis rferna74@xtec.cat Horari d\u2019atenci\u00f3: dijous d&#8217;11.00 h a 12.00 h Cinta Santos Monllao C\u00e0rrec: Secret\u00e0ria msanto24@xtec.cat Horari d&#8217;atenci\u00f3: dimecres d&#8217;11.00 a 12.00h &nbsp; Professorat Helena Franch Torres Professora i cap del departament [&hellip;]<\/p>\n","protected":false},"author":1,"featured_media":0,"parent":806,"menu_order":0,"comment_status":"closed","ping_status":"closed","template":"","meta":{"_bbp_topic_count":0,"_bbp_reply_count":0,"_bbp_total_topic_count":0,"_bbp_total_reply_count":0,"_bbp_voice_count":0,"_bbp_anonymous_reply_count":0,"_bbp_topic_count_hidden":0,"_bbp_reply_count_hidden":0,"_bbp_forum_subforum_count":0,"site-sidebar-layout":"default","site-content-layout":"","ast-site-content-layout":"default","site-content-style":"default","site-sidebar-style":"default","ast-global-header-display":"","ast-banner-title-visibility":"","ast-main-header-display":"","ast-hfb-above-header-display":"","ast-hfb-below-header-display":"","ast-hfb-mobile-header-display":"","site-post-title":"","ast-breadcrumbs-content":"","ast-featured-img":"","footer-sml-layout":"","theme-transparent-header-meta":"default","adv-header-id-meta":"","stick-header-meta":"","header-above-stick-meta":"","header-main-stick-meta":"","header-below-stick-meta":"","astra-migrate-meta-layouts":"set","ast-page-background-enabled":"default","ast-page-background-meta":{"desktop":{"background-color":"var(--ast-global-color-4)","background-image":"","background-repeat":"repeat","background-position":"center center","background-size":"auto","background-attachment":"scroll","background-type":"","background-media":"","overlay-type":"","overlay-color":"","overlay-opacity":"","overlay-gradient":""},"tablet":{"background-color":"","background-image":"","background-repeat":"repeat","background-position":"center center","background-size":"auto","background-attachment":"scroll","background-type":"","background-media":"","overlay-type":"","overlay-color":"","overlay-opacity":"","overlay-gradient":""},"mobile":{"background-color":"","background-image":"","background-repeat":"repeat","background-position":"center center","background-size":"auto","background-attachment":"scroll","background-type":"","background-media":"","overlay-type":"","overlay-color":"","overlay-opacity":"","overlay-gradient":""}},"ast-content-background-meta":{"desktop":{"background-color":"var(--ast-global-color-5)","background-image":"","background-repeat":"repeat","background-position":"center center","background-size":"auto","background-attachment":"scroll","background-type":"","background-media":"","overlay-type":"","overlay-color":"","overlay-opacity":"","overlay-gradient":""},"tablet":{"background-color":"var(--ast-global-color-5)","background-image":"","background-repeat":"repeat","background-position":"center center","background-size":"auto","background-attachment":"scroll","background-type":"","background-media":"","overlay-type":"","overlay-color":"","overlay-opacity":"","overlay-gradient":""},"mobile":{"background-color":"var(--ast-global-color-5)","background-image":"","background-repeat":"repeat","background-position":"center center","background-size":"auto","background-attachment":"scroll","background-type":"","background-media":"","overlay-type":"","overlay-color":"","overlay-opacity":"","overlay-gradient":""}},"footnotes":""},"class_list":["post-8933","page","type-page","status-publish","hentry"],"post_mailing_queue_ids":[],"_links":{"self":[{"href":"https:\/\/agora-eoi.xtec.cat\/eoiamposta\/wp-json\/wp\/v2\/pages\/8933","targetHints":{"allow":["GET"]}}],"collection":[{"href":"https:\/\/agora-eoi.xtec.cat\/eoiamposta\/wp-json\/wp\/v2\/pages"}],"about":[{"href":"https:\/\/agora-eoi.xtec.cat\/eoiamposta\/wp-json\/wp\/v2\/types\/page"}],"author":[{"embeddable":true,"href":"https:\/\/agora-eoi.xtec.cat\/eoiamposta\/wp-json\/wp\/v2\/users\/1"}],"replies":[{"embeddable":true,"href":"https:\/\/agora-eoi.xtec.cat\/eoiamposta\/wp-json\/wp\/v2\/comments?post=8933"}],"version-history":[{"count":7,"href":"https:\/\/agora-eoi.xtec.cat\/eoiamposta\/wp-json\/wp\/v2\/pages\/8933\/revisions"}],"predecessor-version":[{"id":10449,"href":"https:\/\/agora-eoi.xtec.cat\/eoiamposta\/wp-json\/wp\/v2\/pages\/8933\/revisions\/10449"}],"up":[{"embeddable":true,"href":"https:\/\/agora-eoi.xtec.cat\/eoiamposta\/wp-json\/wp\/v2\/pages\/806"}],"wp:attachment":[{"href":"https:\/\/agora-eoi.xtec.cat\/eoiamposta\/wp-json\/wp\/v2\/media?parent=8933"}],"curies":[{"name":"wp","href":"https:\/\/api.w.org\/{rel}","templated":true}]}}