{"id":8930,"date":"2024-02-02T17:24:46","date_gmt":"2024-02-02T16:24:46","guid":{"rendered":"https:\/\/agora-eoi.xtec.cat\/eoiamposta\/?page_id=8930"},"modified":"2025-07-11T11:50:25","modified_gmt":"2025-07-11T09:50:25","slug":"historia","status":"publish","type":"page","link":"https:\/\/agora-eoi.xtec.cat\/eoiamposta\/el-servei-educatiu\/historia\/","title":{"rendered":"Hist\u00f2ria"},"content":{"rendered":"<p><strong>La ciutat d\u2019Amposta s\u2019erigeix com un dels principals nuclis comercials de les Terres de l\u2019Ebre<\/strong>. La seva situaci\u00f3 actual la converteix en un important nucli d\u2019activitat econ\u00f2mica de rellevant import\u00e0ncia. En aquest sentit, en els darrers anys hem pogut copsar un gradual i constant augment de la ind\u00fastria i el comer\u00e7, que ha vingut acompanyat tamb\u00e9 d\u2019un considerable augment de la poblaci\u00f3.<\/p>\n<blockquote><p>L\u2019EOI sorgeix l\u2019any 2005 com una necessitat a aquestes demandes socials de la comarca. Aquest mateix any es comen\u00e7a impartint el 1r i 2n nivell d\u2019angl\u00e8s i franc\u00e8s, amb un gran nombre d\u2019alumnes interessats en aprendre idiomes.<\/p><\/blockquote>\n<p>L\u2019any 2006 impartim per primera vegada el que en aquell moment s\u2019anomena Nivell Elemental \u2013posteriorment anomenat Nivell Intermedi-, amb el corresponent lliurament de certificacions oficials.<\/p>\n<p>Gradualment anem impartint els diferents nivells d\u2019angl\u00e8s fins arribar al Nivell Avan\u00e7at. El curs 2008-2009 lliurem per primer cop els Certificats del que en aquell moment s\u2019anomena Nivell Avan\u00e7at (ara B2.2) i es consolida la 1\u00aa Promoci\u00f3 d\u2019angl\u00e8s de l\u2019EOI d\u2019Amposta.<\/p>\n<p>Actualment impartim els nivells B\u00e0sic (A1 i A2), Intermedi (B1 i B2), Avan\u00e7at (C1) d\u2019angl\u00e8s i franc\u00e8s. El curs 2012-2013 impartim per primera vegada la modalitat semipresencial.<\/p>\n<p>A m\u00e9s a m\u00e9s, a partir del curs 2023-2024, impartim els nivells C1 i C2 de catal\u00e0.<\/p>\n<p>La ubicaci\u00f3 actual, mentre esperem que el Departament d\u2019Ensenyament ens doti d\u2019un edifici propi, \u00e9s a les depend\u00e8ncies de l\u2019IES Ramon Berenguer IV, al carrer Mestre Su\u00f1er, 1-37.<\/p>\n","protected":false},"excerpt":{"rendered":"<p>La ciutat d\u2019Amposta s\u2019erigeix com un dels principals nuclis comercials de les Terres de l\u2019Ebre. La seva situaci\u00f3 actual la converteix en un important nucli d\u2019activitat econ\u00f2mica de rellevant import\u00e0ncia. En aquest sentit, en els darrers anys hem pogut copsar un gradual i constant augment de la ind\u00fastria i el comer\u00e7, que ha vingut acompanyat [&hellip;]<\/p>\n","protected":false},"author":1,"featured_media":0,"parent":806,"menu_order":0,"comment_status":"closed","ping_status":"closed","template":"page-templates\/side-menu.php","meta":{"_bbp_topic_count":0,"_bbp_reply_count":0,"_bbp_total_topic_count":0,"_bbp_total_reply_count":0,"_bbp_voice_count":0,"_bbp_anonymous_reply_count":0,"_bbp_topic_count_hidden":0,"_bbp_reply_count_hidden":0,"_bbp_forum_subforum_count":0,"site-sidebar-layout":"default","site-content-layout":"","ast-site-content-layout":"","site-content-style":"default","site-sidebar-style":"default","ast-global-header-display":"","ast-banner-title-visibility":"","ast-main-header-display":"","ast-hfb-above-header-display":"","ast-hfb-below-header-display":"","ast-hfb-mobile-header-display":"","site-post-title":"","ast-breadcrumbs-content":"","ast-featured-img":"","footer-sml-layout":"","theme-transparent-header-meta":"","adv-header-id-meta":"","stick-header-meta":"","header-above-stick-meta":"","header-main-stick-meta":"","header-below-stick-meta":"","astra-migrate-meta-layouts":"default","ast-page-background-enabled":"default","ast-page-background-meta":{"desktop":{"background-color":"var(--ast-global-color-4)","background-image":"","background-repeat":"repeat","background-position":"center center","background-size":"auto","background-attachment":"scroll","background-type":"","background-media":"","overlay-type":"","overlay-color":"","overlay-opacity":"","overlay-gradient":""},"tablet":{"background-color":"","background-image":"","background-repeat":"repeat","background-position":"center center","background-size":"auto","background-attachment":"scroll","background-type":"","background-media":"","overlay-type":"","overlay-color":"","overlay-opacity":"","overlay-gradient":""},"mobile":{"background-color":"","background-image":"","background-repeat":"repeat","background-position":"center center","background-size":"auto","background-attachment":"scroll","background-type":"","background-media":"","overlay-type":"","overlay-color":"","overlay-opacity":"","overlay-gradient":""}},"ast-content-background-meta":{"desktop":{"background-color":"var(--ast-global-color-5)","background-image":"","background-repeat":"repeat","background-position":"center center","background-size":"auto","background-attachment":"scroll","background-type":"","background-media":"","overlay-type":"","overlay-color":"","overlay-opacity":"","overlay-gradient":""},"tablet":{"background-color":"var(--ast-global-color-5)","background-image":"","background-repeat":"repeat","background-position":"center center","background-size":"auto","background-attachment":"scroll","background-type":"","background-media":"","overlay-type":"","overlay-color":"","overlay-opacity":"","overlay-gradient":""},"mobile":{"background-color":"var(--ast-global-color-5)","background-image":"","background-repeat":"repeat","background-position":"center center","background-size":"auto","background-attachment":"scroll","background-type":"","background-media":"","overlay-type":"","overlay-color":"","overlay-opacity":"","overlay-gradient":""}},"footnotes":""},"class_list":["post-8930","page","type-page","status-publish","hentry"],"post_mailing_queue_ids":[],"_links":{"self":[{"href":"https:\/\/agora-eoi.xtec.cat\/eoiamposta\/wp-json\/wp\/v2\/pages\/8930","targetHints":{"allow":["GET"]}}],"collection":[{"href":"https:\/\/agora-eoi.xtec.cat\/eoiamposta\/wp-json\/wp\/v2\/pages"}],"about":[{"href":"https:\/\/agora-eoi.xtec.cat\/eoiamposta\/wp-json\/wp\/v2\/types\/page"}],"author":[{"embeddable":true,"href":"https:\/\/agora-eoi.xtec.cat\/eoiamposta\/wp-json\/wp\/v2\/users\/1"}],"replies":[{"embeddable":true,"href":"https:\/\/agora-eoi.xtec.cat\/eoiamposta\/wp-json\/wp\/v2\/comments?post=8930"}],"version-history":[{"count":2,"href":"https:\/\/agora-eoi.xtec.cat\/eoiamposta\/wp-json\/wp\/v2\/pages\/8930\/revisions"}],"predecessor-version":[{"id":10298,"href":"https:\/\/agora-eoi.xtec.cat\/eoiamposta\/wp-json\/wp\/v2\/pages\/8930\/revisions\/10298"}],"up":[{"embeddable":true,"href":"https:\/\/agora-eoi.xtec.cat\/eoiamposta\/wp-json\/wp\/v2\/pages\/806"}],"wp:attachment":[{"href":"https:\/\/agora-eoi.xtec.cat\/eoiamposta\/wp-json\/wp\/v2\/media?parent=8930"}],"curies":[{"name":"wp","href":"https:\/\/api.w.org\/{rel}","templated":true}]}}