{"id":437,"date":"2018-02-27T11:50:52","date_gmt":"2018-02-27T11:50:52","guid":{"rendered":"http:\/\/eoiamposta.cat\/?page_id=437"},"modified":"2024-07-04T13:00:58","modified_gmt":"2024-07-04T11:00:58","slug":"oficials","status":"publish","type":"page","link":"https:\/\/agora-eoi.xtec.cat\/eoiamposta\/oficials\/","title":{"rendered":"Cursos Oficials"},"content":{"rendered":"<p>En aquesta EOI s\u2019imparteixen els idiomes d\u2019<strong>angl\u00e8s i franc\u00e8s de l&#8217;A1 al C1 i<\/strong><strong>\u00a0catal\u00e0 C1 i C2.<br \/>\n<\/strong><\/p>\n<h3><span style=\"color: #ff6600;\"><b>Quant dura el curs?<\/b><\/span><\/h3>\n<p>Modalitat d\u2019horari: curs extensiu, curs intensiu i curs semi-presencial.<\/p>\n<p><strong>La matr\u00edcula oficial<\/strong>\u00a0d\u00f3na dret a assistir com a m\u00ednim a\u00a0<strong>130 hores de classe per curs\u00a0<\/strong> i als ex\u00e0mens corresponents.<\/p>\n<p>L\u2019EOI d\u2019Amposta imparteix\u00a0<strong>el curs oficial extensiu en horari altern.\u00a0<\/strong>Les classes seran de 2 h 15 m. Els grups\u00a0<strong>semi-presencials<\/strong> sempre faran 2 h 15 m setmanals, nom\u00e9s 1 dia presencial i l&#8217;altre dia asincr\u00f2nic.<span style=\"font-weight: 400;\"><br \/>\n<\/span><\/p>\n<ul>\n<li><strong>GRUPS:\u00a0<\/strong>dilluns i dimecres<\/li>\n<li><strong>GRUPS:<\/strong>\u00a0dimarts i dijous<\/li>\n<li><strong>GRUPS SEMIPRESENCIALS:<\/strong>\u00a0 dimarts o dijous<\/li>\n<\/ul>\n<h3><span style=\"color: #ff6600;\"><strong>Quin \u00e9s l&#8217;horari de les classes?*<\/strong><\/span><\/h3>\n<p>Les classes es fan en horari tarda-vespre i com a novetat, un B1 d&#8217;angl\u00e8s en horari de mat\u00ed.<\/p>\n<p>Le franges hor\u00e0ries de classe s\u00f3n:<\/p>\n<ul>\n<li>Dilluns i dimecres de 09:30 h &#8211; 11:45 h<\/li>\n<li>Dilluns i dimarts de 16:00 h &#8211; 18:15 h i de 18:30 h \u2013 20:45 h<\/li>\n<li>Dimecres i dijous de 16:00 h \u2013 18:15 h i de 18:30 h \u2013 20:45 h<\/li>\n<\/ul>\n<p>La tria de <strong>l\u2019horari de classe es fa en el moment de formalitzar la matr\u00edcula<\/strong>, segons el torn d\u2019horari establert en el sorteig.<\/p>\n<h3><span style=\"color: #ff6600;\"><b>Quin \u00e9s el nostre programa d&#8217;estudis?<\/b><\/span><\/h3>\n<p>Els ensenyaments d\u2019idiomes que s\u2019imparteixen a les EOI de Catalunya es regeixen pel curr\u00edculum LOE, excepte els nivells intermedi B1 i intermedi B2 que a partir del curs 2018-2019 es regeixen per la LOMCE.<br \/>\nTant el curr\u00edculum LOE com el curr\u00edculum LOMCE segueixen les recomanacions del Consell d\u2019Europa tal com<br \/>\nes concreten en el Marc Europeu Com\u00fa de Refer\u00e8ncia per a les Lleng\u00fces.<\/p>\n<p>Les Escoles Oficials d\u2019Idiomes tamb\u00e9 gestionen les certificacions acad\u00e8miques corresponents a aquests ensenyaments especialitzats. Aquestes certificacions s\u00f3n reconegudes arreu de l\u2019Estat espanyol, s\u00f3n les \u00faniques oficials i es poden obtenir tant en convocat\u00f2ria oficial com en convocat\u00f2ria\u00a0lliure.<\/p>\n<p>Els ensenyaments especialitzats d\u2019idiomes s\u2019imparteixen en 6 cursos segons l&#8217;idioma:<\/p>\n<ul>\n<li><strong>Nivell B\u00e0sic A2:<\/strong>\u00a0de 2 cursos (1r i 2n nivell)<\/li>\n<li><strong>Nivell Intermedi B1:<\/strong>\u00a0d\u20191 curs (3r nivell)<\/li>\n<li><strong>Nivell Intermedi B2:<\/strong>\u00a0de 2 cursos (4t i 5\u00e8 nivell)<\/li>\n<li><strong>Nivell C1:<\/strong>\u00a0d\u20191 curs<\/li>\n<\/ul>\n<table>\n<tbody>\n<tr>\n<td><span style=\"color: #ff6600;\"><strong>Cursos<\/strong><\/span><\/td>\n<td><span style=\"color: #ff6600;\"><b>Nivell<\/b><\/span><\/td>\n<td><span style=\"color: #ff6600;\"><b>Equival\u00e8ncia MECR<\/b><\/span><\/td>\n<\/tr>\n<tr>\n<td>1r<\/td>\n<td rowspan=\"2\">NIVELL B\u00c0SIC A2<\/td>\n<td>A1<\/td>\n<\/tr>\n<tr>\n<td>2n<\/td>\n<td>A2<\/td>\n<\/tr>\n<tr>\n<td>3r<\/td>\n<td>NIVELL INTERMEDI B1<\/td>\n<td>B1<\/td>\n<\/tr>\n<tr>\n<td>4t<\/td>\n<td rowspan=\"2\">NIVELL INTERMEDI B2<\/td>\n<td rowspan=\"2\">B2<\/td>\n<\/tr>\n<tr>\n<td>5\u00e8<\/td>\n<\/tr>\n<tr>\n<td>C1<\/td>\n<td>NIVELL C1<\/td>\n<td>C1<\/td>\n<\/tr>\n<tr>\n<td><\/td>\n<td><\/td>\n<td><\/td>\n<\/tr>\n<\/tbody>\n<\/table>\n<p>Els nivells dels certificats d\u2019escola oficial d\u2019idiomes poden comparar-se als nivells descrits en els documents publicats pel Consell d\u2019Europa, en especial el Marc europeu de refer\u00e8ncia. Al final del nivell intermedi B1, del nivell intermedi B2 i del nivell C1 els alumnes han de superar una prova de certificat, dissenyada des del Centre de Recursos de Lleng\u00fces Estrangeres del Departament d\u2019Educaci\u00f3 de la Generalitat (\u00c0rea de Certificacions), amb uns criteris unificats per a tota Catalunya.<\/p>\n<h3><span style=\"color: #ff6600;\"><b>Quin \u00e9s el nostre Pla d&#8217;Estudis?<\/b><\/span><\/h3>\n<p>El pla d\u2019estudis de les EOI desenvolupa la finalitat dels ensenyaments d\u2019idiomes que s\u2019hi imparteixen, que \u00e9s la capacitat de l\u2019alumnat en l\u2019\u00fas efectiu de l\u2019idioma com a vehicle de comunicaci\u00f3 general. Per assolir aquesta finalitat, a les EOI es treballa per tal que l\u2019alumnat:<\/p>\n<ul>\n<li>Adquireixi les habilitats b\u00e0siques receptives i productives, tant del llenguatge oral com de l\u2019escrit;<\/li>\n<li>Desenvolupi estrat\u00e8gies comunicatives en diferents \u00e0rees de comunicaci\u00f3;<\/li>\n<li>Desenvolupi estrat\u00e8gies per a l\u2019aprenentatge aut\u00f2nom i continu de lleng\u00fces, que puguin facilitar l\u2019\u00fas de l\u2019idioma en l\u2019exercici d\u2019activitats professionals i en altres \u00e0mbits de la cultura o d\u2019inter\u00e8s personal;<\/li>\n<li>Desenvolupi actituds positives envers la diversitat ling\u00fc\u00edstica i el pluralisme cultural del m\u00f3n actual.<\/li>\n<\/ul>\n","protected":false},"excerpt":{"rendered":"<p>En aquesta EOI s\u2019imparteixen els idiomes d\u2019angl\u00e8s i franc\u00e8s de l&#8217;A1 al C1 i\u00a0catal\u00e0 C1 i C2. Quant dura el curs? Modalitat d\u2019horari: curs extensiu, curs intensiu i curs semi-presencial. La matr\u00edcula oficial\u00a0d\u00f3na dret a assistir com a m\u00ednim a\u00a0130 hores de classe per curs\u00a0 i als ex\u00e0mens corresponents. L\u2019EOI d\u2019Amposta imparteix\u00a0el curs oficial extensiu [&hellip;]<\/p>\n","protected":false},"author":1,"featured_media":8996,"parent":0,"menu_order":0,"comment_status":"closed","ping_status":"closed","template":"","meta":{"_bbp_topic_count":0,"_bbp_reply_count":0,"_bbp_total_topic_count":0,"_bbp_total_reply_count":0,"_bbp_voice_count":0,"_bbp_anonymous_reply_count":0,"_bbp_topic_count_hidden":0,"_bbp_reply_count_hidden":0,"_bbp_forum_subforum_count":0,"site-sidebar-layout":"default","site-content-layout":"","ast-site-content-layout":"","site-content-style":"default","site-sidebar-style":"default","ast-global-header-display":"","ast-banner-title-visibility":"","ast-main-header-display":"","ast-hfb-above-header-display":"","ast-hfb-below-header-display":"","ast-hfb-mobile-header-display":"","site-post-title":"","ast-breadcrumbs-content":"","ast-featured-img":"","footer-sml-layout":"","theme-transparent-header-meta":"","adv-header-id-meta":"","stick-header-meta":"","header-above-stick-meta":"","header-main-stick-meta":"","header-below-stick-meta":"","astra-migrate-meta-layouts":"default","ast-page-background-enabled":"default","ast-page-background-meta":{"desktop":{"background-color":"var(--ast-global-color-4)","background-image":"","background-repeat":"repeat","background-position":"center center","background-size":"auto","background-attachment":"scroll","background-type":"","background-media":"","overlay-type":"","overlay-color":"","overlay-opacity":"","overlay-gradient":""},"tablet":{"background-color":"","background-image":"","background-repeat":"repeat","background-position":"center center","background-size":"auto","background-attachment":"scroll","background-type":"","background-media":"","overlay-type":"","overlay-color":"","overlay-opacity":"","overlay-gradient":""},"mobile":{"background-color":"","background-image":"","background-repeat":"repeat","background-position":"center center","background-size":"auto","background-attachment":"scroll","background-type":"","background-media":"","overlay-type":"","overlay-color":"","overlay-opacity":"","overlay-gradient":""}},"ast-content-background-meta":{"desktop":{"background-color":"var(--ast-global-color-5)","background-image":"","background-repeat":"repeat","background-position":"center center","background-size":"auto","background-attachment":"scroll","background-type":"","background-media":"","overlay-type":"","overlay-color":"","overlay-opacity":"","overlay-gradient":""},"tablet":{"background-color":"var(--ast-global-color-5)","background-image":"","background-repeat":"repeat","background-position":"center center","background-size":"auto","background-attachment":"scroll","background-type":"","background-media":"","overlay-type":"","overlay-color":"","overlay-opacity":"","overlay-gradient":""},"mobile":{"background-color":"var(--ast-global-color-5)","background-image":"","background-repeat":"repeat","background-position":"center center","background-size":"auto","background-attachment":"scroll","background-type":"","background-media":"","overlay-type":"","overlay-color":"","overlay-opacity":"","overlay-gradient":""}},"footnotes":""},"class_list":["post-437","page","type-page","status-publish","has-post-thumbnail","hentry"],"post_mailing_queue_ids":[],"_links":{"self":[{"href":"https:\/\/agora-eoi.xtec.cat\/eoiamposta\/wp-json\/wp\/v2\/pages\/437","targetHints":{"allow":["GET"]}}],"collection":[{"href":"https:\/\/agora-eoi.xtec.cat\/eoiamposta\/wp-json\/wp\/v2\/pages"}],"about":[{"href":"https:\/\/agora-eoi.xtec.cat\/eoiamposta\/wp-json\/wp\/v2\/types\/page"}],"author":[{"embeddable":true,"href":"https:\/\/agora-eoi.xtec.cat\/eoiamposta\/wp-json\/wp\/v2\/users\/1"}],"replies":[{"embeddable":true,"href":"https:\/\/agora-eoi.xtec.cat\/eoiamposta\/wp-json\/wp\/v2\/comments?post=437"}],"version-history":[{"count":2,"href":"https:\/\/agora-eoi.xtec.cat\/eoiamposta\/wp-json\/wp\/v2\/pages\/437\/revisions"}],"predecessor-version":[{"id":9866,"href":"https:\/\/agora-eoi.xtec.cat\/eoiamposta\/wp-json\/wp\/v2\/pages\/437\/revisions\/9866"}],"wp:featuredmedia":[{"embeddable":true,"href":"https:\/\/agora-eoi.xtec.cat\/eoiamposta\/wp-json\/wp\/v2\/media\/8996"}],"wp:attachment":[{"href":"https:\/\/agora-eoi.xtec.cat\/eoiamposta\/wp-json\/wp\/v2\/media?parent=437"}],"curies":[{"name":"wp","href":"https:\/\/api.w.org\/{rel}","templated":true}]}}