{"id":413,"date":"2024-07-11T10:00:13","date_gmt":"2024-07-11T08:00:13","guid":{"rendered":"http:\/\/eoiamposta.cat\/?page_id=413"},"modified":"2024-07-22T17:05:58","modified_gmt":"2024-07-22T15:05:58","slug":"nou-alumnat","status":"publish","type":"page","link":"https:\/\/agora-eoi.xtec.cat\/eoiamposta\/nou-alumnat\/","title":{"rendered":"Matr\u00edcula Nou Alumnat"},"content":{"rendered":"<h2><strong><span style=\"color: #ff6600;\">Preinscripci\u00f3 i matr\u00edcula curs 2024-2025<\/span><\/strong>\u00a0(Alumnes d&#8217;A1 a C2)<\/h2>\n<p>Preinscripci\u00f3 a les Escoles Oficials d&#8217;Idiomes <strong>del 2 al 9 (fins les 15.00h) de setembre de 2024<\/strong>.<\/p>\n<h2><strong><a href=\"https:\/\/www.eoidigital.com\/eoicat\/alumnes\/\" target=\"_blank\" rel=\"noopener\">Cliqueu aqu\u00ed: Aplicatiu de preinscripci\u00f3 i MATR\u00cdCULA**<\/a><\/strong><\/h2>\n<h3><strong><a href=\"https:\/\/agora-eoi.xtec.cat\/eoiamposta\/wp-content\/uploads\/usu2961\/2023\/07\/Proces-de-preinscripcio-i-matriculacio-EOI_Guia-alumnat_PAS-a-PAS.pdf\" target=\"_blank\" rel=\"noopener\">Cliqueu aqu\u00ed per a consultar la guia de preinscripci\u00f3 i matr\u00edcula, pas a pas.<\/a><\/strong><\/h3>\n<p><strong>*Aquesta aplicaci\u00f3 serveix per fer la prova de nivell online (d&#8217;angl\u00e8s i franc\u00e8s), consultar les admissions i formalitzar la corresponent matr\u00edcula.<\/strong><\/p>\n<p><strong>**L\u2019escola no avisa els alumnes de\u00a0 les diferents etapes del proc\u00e9s<\/strong>; \u00e9s responsabilitat dels alumnes entrar en l\u2019aplicaci\u00f3 de preinscripci\u00f3 per con\u00e8ixer l\u2019estat de la seva preinscripci\u00f3 i les diferents etapes a seguir.<\/p>\n<p><img loading=\"lazy\" decoding=\"async\" class=\"alignleft size-full wp-image-3402\" src=\"https:\/\/agora-eoi.xtec.cat\/eoiamposta\/wp-content\/uploads\/usu2961\/2024\/06\/Infografia_eoi-10-eoi_page-0002.jpg\" alt=\"\" width=\"1241\" height=\"1754\" srcset=\"https:\/\/agora-eoi.xtec.cat\/eoiamposta\/wp-content\/uploads\/usu2961\/2024\/06\/Infografia_eoi-10-eoi_page-0002.jpg 1241w, https:\/\/agora-eoi.xtec.cat\/eoiamposta\/wp-content\/uploads\/usu2961\/2024\/06\/Infografia_eoi-10-eoi_page-0002-212x300.jpg 212w, https:\/\/agora-eoi.xtec.cat\/eoiamposta\/wp-content\/uploads\/usu2961\/2024\/06\/Infografia_eoi-10-eoi_page-0002-725x1024.jpg 725w, https:\/\/agora-eoi.xtec.cat\/eoiamposta\/wp-content\/uploads\/usu2961\/2024\/06\/Infografia_eoi-10-eoi_page-0002-768x1085.jpg 768w, https:\/\/agora-eoi.xtec.cat\/eoiamposta\/wp-content\/uploads\/usu2961\/2024\/06\/Infografia_eoi-10-eoi_page-0002-1087x1536.jpg 1087w\" sizes=\"auto, (max-width: 1241px) 100vw, 1241px\" \/><\/p>\n<h3><\/h3>\n<h3><\/h3>\n<h3><\/h3>\n<h3><\/h3>\n<h3><\/h3>\n<h3><\/h3>\n<h3><\/h3>\n<h3><\/h3>\n<h3><\/h3>\n<h3><\/h3>\n<h3><\/h3>\n<h3><\/h3>\n<h3><\/h3>\n<h3><\/h3>\n<h3><\/h3>\n<h3><\/h3>\n<h3><\/h3>\n<h3><\/h3>\n<ul>\n<li><\/li>\n<\/ul>\n<p>&nbsp;<\/p>\n<p>Abans de fer la preinscripci\u00f3 a trav\u00e9s del bot\u00f3 \u201cIdentificaci\u00f3\u201d, \u00e9s imprescindible que <a href=\"https:\/\/preinscripcio.gencat.cat\/ca\/estudis\/idiomes-eoi\/informat\/calendari\/\" target=\"_blank\" rel=\"noopener\">llegiu atentament la informaci\u00f3 que trobareu a la p\u00e0gina web del Departament.<\/a><\/p>\n<p>Si teniu dubtes, tamb\u00e9 podeu consultar les <a href=\"https:\/\/triaeducativa.gencat.cat\/ca\/idiomes\/pmf\/\" target=\"_blank\" rel=\"noopener\">PREGUNTES M\u00c9S FREQUENTS SOBRE LES EOI&#8217;S<\/a><\/p>\n<h2><a href=\"https:\/\/www.eoidigital.com\/eoicat\/alumnes\/\" target=\"_blank\" rel=\"noopener\"><strong>Cliqueu aqu\u00ed: Aplicatiu de preinscripci\u00f3 i MATR\u00cdCULA***<\/strong><\/a><\/h2>\n<p><strong>*Aquesta aplicaci\u00f3 serveix per fer la prova de nivell online (d&#8217;angl\u00e8s i franc\u00e8s), consultar les admissions i formalitzar la corresponent matr\u00edcula.<\/strong><\/p>\n<p><strong>**Les dades introdu\u00efdes han de ser exactament les mateixes que al vostre DNI.<\/strong><\/p>\n<p><strong>**L\u2019escola no avisa els alumnes de\u00a0 les diferents etapes del proc\u00e9s<\/strong>; \u00e9s responsabilitat dels alumnes entrar en l\u2019aplicaci\u00f3 de preinscripci\u00f3 per con\u00e8ixer l\u2019estat de la seva preinscripci\u00f3 i les diferents etapes a seguir.<\/p>\n<h3><\/h3>\n<h2><span style=\"color: #000000;\"><strong>Test de Nivell<\/strong><\/span>\u00a0(nom\u00e9s per als alumnes que hagin triat aquesta opci\u00f3)<\/h2>\n<ul>\n<li>El<strong> test de nivell d&#8217;angl\u00e8s<\/strong>\u00a0<strong>i franc\u00e8s<\/strong> son telem\u00e0tics, per tant, no cal vindre a l&#8217;escola a fer-los presencialment.<\/li>\n<li>El per\u00edode de test de nivell s&#8217;inicia en el moment de fer la preinscripci\u00f3 (dia 2 de setembre) i <strong>fins al dia 12 de setembre a les 17.00 h<\/strong>.<\/li>\n<li><strong>IMPORTANT! El test de nivell de <span style=\"text-decoration: underline;\">catal\u00e0 ser\u00e0 presencial<\/span> el dilluns dia 9 de setembre, 18.00 h a l&#8217;EOI d&#8217;Amposta.<\/strong><\/li>\n<\/ul>\n<p><a href=\"https:\/\/preinscripcio.gencat.cat\/ca\/estudis\/idiomes-eoi\/informat\/test-nivell-a2-c1\/\" target=\"_blank\" rel=\"noopener\">M\u00e9s informaci\u00f3 i taules d&#8217;exempcions<\/a><\/p>\n<p><a href=\"https:\/\/agora-eoi.xtec.cat\/eoiamposta\/wp-content\/uploads\/usu2961\/2023\/09\/Taules-acreditacions-nivells_23-24.pdf\">Taula de certificats i diplomes que acrediten compet\u00e8ncia en llengua estrangera de nivell B1 o superior, segons el Marc europeu com\u00fa de refer\u00e8ncia per a les lleng\u00fces (MECR)<\/a><\/p>\n<p>&nbsp;<\/p>\n<p class=\"basic_title col-sm-12 pd-10\"><strong>Test de nivell en l\u00ednia\u00a0<\/strong><\/p>\n<div class=\"col-xs-12 columna_esquerra\">\n<div class=\"cos_bloc basic_text_peq pd-15\">\n<p>La prova consisteix en un test de preguntes d&#8217;opci\u00f3 m\u00faltiple repartides en tres blocs de preguntes. El primer bloc avalua l&#8217;\u00fas de la llengua, el segon i el tercer bloc avaluen l&#8217;\u00fas de la llengua i la comprensi\u00f3 oral. La dificultat de les preguntes augmenta progressivament. En acabar cada bloc els alumnes coneixeran el curs al qual han estat assignats i, segons el resultat obtingut, se&#8217;ls permetr\u00e0 continuar al bloc seg\u00fcent, si \u00e9s el cas. L&#8217;alumnat al qual se li ofereixi la possibilitat de continuar al bloc seg\u00fcent, podr\u00e0 rebutjar-ho i quedar-se amb l&#8217;assignaci\u00f3 obtinguda al bloc anterior, si aix\u00ed ho vol.<\/p>\n<p>La durada del primer bloc \u00e9s de 45 minuts, la del segon bloc \u00e9s de 30 minuts i la del tercer \u00e9s de 35 minuts.<\/p>\n<p>&nbsp;<\/p>\n<p><strong>TEST DE NIVELL DE CATAL\u00c0 (PRESENCIAL)<\/strong><\/p>\n<ul>\n<li><strong>Dilluns dia 9 de setembre a les 18.00 h a l&#8217;EOI d&#8217;Amposta.<\/strong><\/li>\n<\/ul>\n<p><strong>ESTRUCTURA DE LA PROVA<\/strong><\/p>\n<p>\u25cf \u00das de la llengua (UL) 45 min<br \/>\n\u25cf Expressi\u00f3 escrita (EE) 30 min<br \/>\n\u25cf Expressi\u00f3 oral (EO) 10 min<\/p>\n<p>&nbsp;<\/p>\n<\/div>\n<\/div>\n<h2><span style=\"color: #000000;\"><strong>Horaris i grups<\/strong><\/span><\/h2>\n<h3><a href=\"https:\/\/agora-eoi.xtec.cat\/eoiamposta\/wp-content\/uploads\/usu2961\/2024\/06\/Horaris-professorat-i-aules_Taulell-anuncis_web_24-25.pdf\">Horaris i oferta de grups per al curs 2024-2025*<\/a><\/h3>\n<h6>*Horari subjecte a possibles canvis esdevinguts per causes de for\u00e7a major.<\/h6>\n<p>&nbsp;<\/p>\n<h2><span style=\"color: #000000;\"><strong>Inici de classes<\/strong><\/span><\/h2>\n<ul>\n<li>23 de setembre: grups de dilluns i dimecres<\/li>\n<li>24 de setembre: grups de dimarts i dijous<\/li>\n<li>23 de setembre: semipresencials de C2 de catal\u00e0<\/li>\n<li>24 de setembre: semipresencial de C1 d&#8217;angl\u00e8s<\/li>\n<li>26 de setembre: semipresencials de B1, B2 i C1 d\u2019angl\u00e8s<\/li>\n<\/ul>\n<h3><\/h3>\n<h3><span style=\"color: #000000;\"><strong>Cursos semipresencials<\/strong><\/span><\/h3>\n<p>Aquesta modalitat de cursos est\u00e0 pensada per les persones que tenen poca disponibilitat hor\u00e0ria per venir al centre i volen aprendre d&#8217;una manera aut\u00f2noma per\u00f2 guiada per un professor\/a EOI. En la modalitat semipresencial la c\u00e0rrega lectiva del curs es reparteix de<br \/>\nmanera igual entre el treball presencial al centre i el treball individual online.<\/p>\n<p>La formaci\u00f3 en aquesta modalitat comporta:<br \/>\n1. L\u2019assist\u00e8ncia a una sessi\u00f3 setmanal de 2.15 hores al centre on es practicar\u00e0, sobretot, la interacci\u00f3 oral.<\/p>\n<p>2. El treball individual en els entorns virtuals d\u2019aprenentatge Moodle o altres realitzant els materials i les tasques suggerides pel professor\/a.<br \/>\nAix\u00f2 equival a un treball individual de 5 hores setmanals aproximadament.<\/p>\n<p>Aquest curs 2024-2025 ofertem un grup de B1, B2, i C1 semipresencial d&#8217;angl\u00e8s i dos grups semipresencials de C2 de catal\u00e0.<\/p>\n<h2><\/h2>\n<h2><span style=\"color: #000000;\"><strong>Preus de matr\u00edcula<\/strong><\/span><\/h2>\n<p>Hi ha dos tipus diferents d\u2019imports:<\/p>\n<ol>\n<li style=\"list-style-type: none;\">\n<ol>\n<li>Les\u00a0<strong>Taxes<\/strong>\u00a0corresponen als estudis de Nivell Intermedi 1 (B1) i Intermedi 2 (B2.1 i B2.2)<\/li>\n<li>Els\u00a0<strong>Preus p\u00fablics<\/strong>\u00a0corresponen als estudis de Nivell B\u00e0sic (A1 i A2) , Avan\u00e7at C1 i Avan\u00e7at C2.<\/li>\n<\/ol>\n<\/li>\n<\/ol>\n<p><strong>TAXES<\/strong><\/p>\n<table>\n<tbody>\n<tr>\n<td><\/td>\n<td><strong>Primera vegada<\/strong><\/td>\n<td><strong>Primera repetici\u00f3<\/strong><\/td>\n<\/tr>\n<tr>\n<td><strong>Matr\u00edcula Ordin\u00e0ria<\/strong><\/td>\n<td width=\"165\"><strong>297,60\u20ac+30*\u20ac<\/strong><\/td>\n<td width=\"165\"><strong>386,90<\/strong><strong>\u20ac+39*\u20ac<\/strong><\/td>\n<td width=\"161\"><strong>535,70<\/strong><strong>\u20ac + 54*\u20ac<\/strong><\/td>\n<\/tr>\n<tr>\n<td><strong>Fam\u00edlia Nombrosa (Cat. General) i Monoparental (Cat. Gral i especial)<\/strong><\/td>\n<td width=\"165\"><strong>148,80\u20ac<\/strong>+<strong>15*\u20ac<\/strong><\/td>\n<td width=\"165\"><strong>193,45<\/strong><strong>\u20ac<\/strong>+<strong>19,50*\u20ac<\/strong><\/td>\n<td width=\"161\"><strong>267,85<\/strong><strong>\u20ac + 27*\u20ac<\/strong><\/td>\n<\/tr>\n<\/tbody>\n<\/table>\n<p>&nbsp;<\/p>\n<p><strong>PREUS P\u00daBLICS<\/strong><\/p>\n<table>\n<tbody>\n<tr>\n<td><\/td>\n<td><strong>Primera vegada<\/strong><\/td>\n<td><strong>Primera repetici\u00f3<\/strong><\/td>\n<\/tr>\n<tr>\n<td><strong>Matr\u00edcula Ordin\u00e0ria<\/strong><\/td>\n<td width=\"165\"><strong>275,00\u20ac+30*\u20ac<\/strong><\/td>\n<td width=\"165\"><strong>357,50\u20ac+3<\/strong><strong>9*\u20ac<\/strong><\/td>\n<td width=\"161\"><strong>495,00\u20ac + 54*\u20ac<\/strong><\/td>\n<\/tr>\n<tr>\n<td><strong>Fam\u00edlia Nombrosa (Cat. General) i Monoparental (Cat. Gral i especial)<\/strong><\/td>\n<td width=\"165\"><strong>137,05\u20ac<\/strong>+<strong>15*\u20ac<\/strong><\/td>\n<td width=\"165\"><strong>178,75\u20ac<\/strong>+<strong>19,5*\u20ac<\/strong><\/td>\n<td width=\"161\"><strong>247,50\u20ac + 27*\u20ac<\/strong><\/td>\n<\/tr>\n<\/tbody>\n<\/table>\n<h2><span style=\"color: #000000;\"><strong>Taxes, preus p\u00fablics i exempcions\/bonificacions<\/strong><\/span><\/h2>\n<p>Hi ha dos tipus diferents d\u2019imports:<\/p>\n<ol>\n<li style=\"list-style-type: none;\">\n<ol>\n<li>Les\u00a0<strong>Taxes<\/strong>\u00a0corresponen als estudis de Nivell Intermedi 1 (B1) i Intermedi 2 (B2.1 i B2.2)<\/li>\n<li>Els\u00a0<strong>Preus p\u00fablics<\/strong>\u00a0corresponen als estudis de Nivell B\u00e0sic (A1 i A2) , Avan\u00e7at C1 i Avan\u00e7at C2.<\/li>\n<\/ol>\n<\/li>\n<\/ol>\n<p><strong>Exempcions i bonificacions generals per a taxes i preus p\u00fablics<\/strong><\/p>\n<p>En el pagament de l&#8217;import de totes les taxes s&#8217;estableixen les\u00a0bonificacions i exempcions generals\u00a0seg\u00fcents:<\/p>\n<p><strong>Bonificaci\u00f3 del 50%<\/strong>\u00a0de l&#8217;import\u00a0per a:<\/p>\n<ul>\n<li>membres de fam\u00edlia nombrosa de categoria general i<\/li>\n<li>membres de fam\u00edlies monoparentals.<\/li>\n<\/ul>\n<p><strong>Exempci\u00f3 del 100%<\/strong>\u00a0del pagament per a:<\/p>\n<ul>\n<li>membres de fam\u00edlia nombrosa de categoria especial,<\/li>\n<li>v\u00edctimes del terrorisme (i els seus c\u00f2njuges i els seus fills i filles),<\/li>\n<li>persones amb discapacitat igual o superior al 33% i<\/li>\n<li>infants o adolescents en acolliment familiar.<\/li>\n<\/ul>\n<p>&nbsp;<\/p>\n<p><strong>A m\u00e9s de les\u00a0<a href=\"https:\/\/educacio.gencat.cat\/ca\/departament\/normativa\/taxes-preus-publics\/exempcions-bonificacions\/\" target=\"_blank\" rel=\"noopener\">bonificacions i exempcions generals<\/a>\u00a0que s&#8217;apliquen a aquestes taxes i preus p\u00fablics, s&#8217;estableixen\u00a0les\u00a0exempcions addicionals\u00a0seg\u00fcents per a:<\/strong><\/p>\n<p><a href=\"https:\/\/agora-eoi.xtec.cat\/eoiamposta\/wp-content\/uploads\/usu2961\/2023\/09\/Taxes_2023-2024_WEB.pdf\" target=\"_blank\" rel=\"noopener\">Consulteu bonificacions TAXES<\/a><\/p>\n<p><a href=\"https:\/\/agora-eoi.xtec.cat\/eoiamposta\/wp-content\/uploads\/usu2961\/2023\/09\/Preus-publics_2023-2024_WB.pdf\" target=\"_blank\" rel=\"noopener\">Consulteu bonificacions PREUS P\u00daBLICS<\/a><\/p>\n<h3>NORMATIVA TAXES I PREUS P\u00daBLICS<\/h3>\n<p>Preus p\u00fablics\u00a0ORDRE ENS\/155\/2020, de 18 de setembre, per la qual se suprimeixen, es creen i s\u2019actualitzen els preus p\u00fablics i els imports de determinats ensenyaments i serveis docents de les escoles oficials d\u2019idiomes del Departament d\u2019Educaci\u00f3.\u00a0<a href=\"http:\/\/cido.diba.cat\/legislacio\/10658692\/ordre-edu1552020-de-18-de-setembre-per-la-qual-se-suprimeixen-es-creen-i-sactualitzen-els-preus-publics-i-els-imports-de-determinats-ensenyaments-i-serveis-docents-de-les-escoles-oficials-didiomes-del-departament-deducacio-departament-deducacio\" target=\"_blank\" rel=\"noopener\">en aquest enlla\u00e7<\/a><\/p>\n<p>ORDRE EDU\/114\/2021, de 25 de maig, per la qual es modifica l\u2019Ordre EDU\/155\/2020, de 18 de setembre, per la qual se suprimeixen, es creen i s\u2019actualitzen els preus p\u00fablics i els imports de determinats ensenyaments i serveis docents de les escoles oficials d\u2019idiomes del Departament d\u2019Educaci\u00f3\u00a0<a href=\"https:\/\/dogc.gencat.cat\/ca\/document-del-dogc\/?documentId=902034\" target=\"_blank\" rel=\"noopener\">en aquest enlla\u00e7<\/a>.<\/p>\n<p>Taxes\u00a0ORDRE EDU\/90\/2023, de 21 d\u2019abril, per la qual es dona publicitat de les taxes vigents que gestiona el Departament d\u2019Educaci\u00f3.<a href=\"https:\/\/cido.diba.cat\/legislacio\/15322286\/ordre-edu902023-de-21-dabril-per-la-qual-es-dona-publicitat-de-les-taxes-vigents-que-gestiona-el-departament-deducacio-departament-deducacio\" target=\"_blank\" rel=\"noopener\">\u00a0en aquest enlla\u00e7<\/a><\/p>\n<h3><a href=\"http:\/\/ensenyament.gencat.cat\/ca\/departament\/normativa\/taxes-preus-publics\/\">Consulteu tota la informaci\u00f3 al<\/a><a href=\"http:\/\/ensenyament.gencat.cat\/ca\/departament\/normativa\/taxes-preus-publics\/\" target=\"_blank\" rel=\"noopener\"> web de GENCAT<\/a>*<\/h3>\n<h6>*En totes les EOI de Catalunya, a la matr\u00edcula oficial se li afegeix l&#8217;import de 30 \u20ac per l&#8217;aportaci\u00f3 per material.<\/h6>\n<p><a href=\"https:\/\/agora-eoi.xtec.cat\/eoiamposta\/wp-content\/uploads\/usu2961\/2023\/07\/Oferta-places-vacants-2023-2024_juliol-1.pdf\">Oferta de places vacants per la matr\u00edcula del nou alumnat 2023-2024.<\/a><\/p>\n<h2><span style=\"color: #000000;\"><strong>Documentaci\u00f3 a presentar per formalitzar la matr\u00edcula<\/strong><\/span><\/h2>\n<p><strong>Alumnes nous<\/strong><\/p>\n<ul>\n<li>Original i fotoc\u00f2pia del DNI, NIE o passaport (a una sola cara i sense retallar)<\/li>\n<li>2 fotos\u00a0mida carnet (NO fotos escanejades) 1 per a l&#8217;expedient i 1 per al carnet EOI d&#8217;estudiant (a secretaria nom\u00e9s s&#8217;ha de lliurar la foto per a l&#8217;expedient, amb el nom posat al darrere)<\/li>\n<\/ul>\n<p><strong>Alumnes menors<\/strong>: <a href=\"https:\/\/agora-eoi.xtec.cat\/eoiamposta\/wp-content\/uploads\/usu2961\/2023\/09\/Circular_pares_alumnes_menors_curs_2023-24.pdf\">faig constar\u00a0<\/a><a href=\"https:\/\/agora-eoi.xtec.cat\/eoiamposta\/wp-content\/uploads\/usu2961\/2023\/09\/Circular_pares_alumnes_menors_curs_2023-24-1-1.pdf\">circular pares alumnes menors\u00a0<\/a>degudament signat pel pare\/mare\/tutor de l&#8217;alumne. (Es podr\u00e0 emplenar a secretaria al moment de lliurar la documentaci\u00f3).<\/p>\n<ul>\n<li><span style=\"color: #ff6600;\"><a style=\"color: #ff6600;\" href=\"https:\/\/agora-eoi.xtec.cat\/eoiamposta\/wp-content\/uploads\/usu2961\/2018\/03\/sollicitud-matrcula-cursos-eoi-17-18-1.pdf\">Sol\u00b7licitud de matr\u00edcula<\/a><\/span>. (Tamb\u00e9 es pot emplenar a secretaria al moment de lliurar la documentaci\u00f3).<\/li>\n<\/ul>\n<h3><\/h3>\n<h3><span style=\"color: #000000;\"><strong>Instruccions pagaments<\/strong><\/span><\/h3>\n<p><a href=\"https:\/\/www.caixabank.es\/particular\/cajeros\/codigobarras_es.html\"><span style=\"color: #ff6600;\">Instruccions pagament de matr\u00edcules per caixer autom\u00e0tic.<\/span><\/a><\/p>\n<div><a href=\"https:\/\/www.caixabank.es\/particular\/pagos\/impuestosrecibosmatriculas_es.html\"><span style=\"color: #ff6600;\">Instruccions pagament per l\u00ednia Oberta de Caixabank.<\/span><\/a><\/div>\n<p>&nbsp;<\/p>\n<p>El termini de pagament ser\u00e0 fins les 24h del dia seg\u00fcent de la matr\u00edcula.<\/p>\n","protected":false},"excerpt":{"rendered":"<p>Preinscripci\u00f3 i matr\u00edcula curs 2024-2025\u00a0(Alumnes d&#8217;A1 a C2) Preinscripci\u00f3 a les Escoles Oficials d&#8217;Idiomes del 2 al 9 (fins les 15.00h) de setembre de 2024. Cliqueu aqu\u00ed: Aplicatiu de preinscripci\u00f3 i MATR\u00cdCULA** Cliqueu aqu\u00ed per a consultar la guia de preinscripci\u00f3 i matr\u00edcula, pas a pas. *Aquesta aplicaci\u00f3 serveix per fer la prova de nivell [&hellip;]<\/p>\n","protected":false},"author":1,"featured_media":2529,"parent":0,"menu_order":0,"comment_status":"closed","ping_status":"closed","template":"page-templates\/front-page.php","meta":{"_bbp_topic_count":0,"_bbp_reply_count":0,"_bbp_total_topic_count":0,"_bbp_total_reply_count":0,"_bbp_voice_count":0,"_bbp_anonymous_reply_count":0,"_bbp_topic_count_hidden":0,"_bbp_reply_count_hidden":0,"_bbp_forum_subforum_count":0,"site-sidebar-layout":"default","site-content-layout":"","ast-site-content-layout":"","site-content-style":"default","site-sidebar-style":"default","ast-global-header-display":"","ast-banner-title-visibility":"","ast-main-header-display":"","ast-hfb-above-header-display":"","ast-hfb-below-header-display":"","ast-hfb-mobile-header-display":"","site-post-title":"","ast-breadcrumbs-content":"","ast-featured-img":"","footer-sml-layout":"","theme-transparent-header-meta":"","adv-header-id-meta":"","stick-header-meta":"","header-above-stick-meta":"","header-main-stick-meta":"","header-below-stick-meta":"","astra-migrate-meta-layouts":"default","ast-page-background-enabled":"default","ast-page-background-meta":{"desktop":{"background-color":"var(--ast-global-color-4)","background-image":"","background-repeat":"repeat","background-position":"center center","background-size":"auto","background-attachment":"scroll","background-type":"","background-media":"","overlay-type":"","overlay-color":"","overlay-opacity":"","overlay-gradient":""},"tablet":{"background-color":"","background-image":"","background-repeat":"repeat","background-position":"center center","background-size":"auto","background-attachment":"scroll","background-type":"","background-media":"","overlay-type":"","overlay-color":"","overlay-opacity":"","overlay-gradient":""},"mobile":{"background-color":"","background-image":"","background-repeat":"repeat","background-position":"center center","background-size":"auto","background-attachment":"scroll","background-type":"","background-media":"","overlay-type":"","overlay-color":"","overlay-opacity":"","overlay-gradient":""}},"ast-content-background-meta":{"desktop":{"background-color":"var(--ast-global-color-5)","background-image":"","background-repeat":"repeat","background-position":"center center","background-size":"auto","background-attachment":"scroll","background-type":"","background-media":"","overlay-type":"","overlay-color":"","overlay-opacity":"","overlay-gradient":""},"tablet":{"background-color":"var(--ast-global-color-5)","background-image":"","background-repeat":"repeat","background-position":"center center","background-size":"auto","background-attachment":"scroll","background-type":"","background-media":"","overlay-type":"","overlay-color":"","overlay-opacity":"","overlay-gradient":""},"mobile":{"background-color":"var(--ast-global-color-5)","background-image":"","background-repeat":"repeat","background-position":"center center","background-size":"auto","background-attachment":"scroll","background-type":"","background-media":"","overlay-type":"","overlay-color":"","overlay-opacity":"","overlay-gradient":""}},"footnotes":""},"class_list":["post-413","page","type-page","status-publish","has-post-thumbnail","hentry"],"post_mailing_queue_ids":[],"_links":{"self":[{"href":"https:\/\/agora-eoi.xtec.cat\/eoiamposta\/wp-json\/wp\/v2\/pages\/413","targetHints":{"allow":["GET"]}}],"collection":[{"href":"https:\/\/agora-eoi.xtec.cat\/eoiamposta\/wp-json\/wp\/v2\/pages"}],"about":[{"href":"https:\/\/agora-eoi.xtec.cat\/eoiamposta\/wp-json\/wp\/v2\/types\/page"}],"author":[{"embeddable":true,"href":"https:\/\/agora-eoi.xtec.cat\/eoiamposta\/wp-json\/wp\/v2\/users\/1"}],"replies":[{"embeddable":true,"href":"https:\/\/agora-eoi.xtec.cat\/eoiamposta\/wp-json\/wp\/v2\/comments?post=413"}],"version-history":[{"count":3,"href":"https:\/\/agora-eoi.xtec.cat\/eoiamposta\/wp-json\/wp\/v2\/pages\/413\/revisions"}],"predecessor-version":[{"id":9885,"href":"https:\/\/agora-eoi.xtec.cat\/eoiamposta\/wp-json\/wp\/v2\/pages\/413\/revisions\/9885"}],"wp:featuredmedia":[{"embeddable":true,"href":"https:\/\/agora-eoi.xtec.cat\/eoiamposta\/wp-json\/wp\/v2\/media\/2529"}],"wp:attachment":[{"href":"https:\/\/agora-eoi.xtec.cat\/eoiamposta\/wp-json\/wp\/v2\/media?parent=413"}],"curies":[{"name":"wp","href":"https:\/\/api.w.org\/{rel}","templated":true}]}}