{"id":356,"date":"2018-01-22T17:43:37","date_gmt":"2018-01-22T17:43:37","guid":{"rendered":"http:\/\/eoiamposta.cat\/?page_id=356"},"modified":"2026-05-15T08:34:38","modified_gmt":"2026-05-15T06:34:38","slug":"horari-datencio","status":"publish","type":"page","link":"https:\/\/agora-eoi.xtec.cat\/eoiamposta\/horari-datencio\/","title":{"rendered":"Horari d&#8217;Atenci\u00f3"},"content":{"rendered":"<h2><span style=\"color: #ff6600;\"><strong>Horari d&#8217;atenci\u00f3 al p\u00fablic per al curs 2025-2026 (maig)<\/strong><\/span><\/h2>\n<p>&nbsp;<\/p>\n<p><strong><span style=\"color: #ff6600;\">IMPORTANT!!!<\/span><\/strong><br \/>\nEl dia <strong>18 de maig<\/strong><strong>\u00a0de 2026<\/strong>, el centre estar\u00e0 tancat per festa local a Amposta.<\/p>\n<p><strong>Durant el mes de maig l&#8217;horari d&#8217;atenci\u00f3 pot variar, degut a la finalitzaci\u00f3 del curs i a les proves de certificaci\u00f3<\/strong>.<\/p>\n<p><em><strong>Si us plau, consulteu els horaris enviant un correu electr\u00f2nic.<\/strong><\/em><\/p>\n<p>De l&#8217;<strong>11 al 15 de maig<\/strong> l&#8217;horari d&#8217;atenci\u00f3 telef\u00f2nica i presencial ser\u00e0 dimarts de 15.30h a 18.00h i dimecres, dijous i divendres de 10.00h a 13.00h. Dilluns 11 estar\u00e0 tancat.<\/p>\n<p>Del <strong>18 al 22 de maig<\/strong> l&#8217;horari d&#8217;atenci\u00f3 telef\u00f2nica i presencial ser\u00e0 dimarts de 16.00h a 18.00h i dimecres, dijous i divendres de 10.00h a 13.00h. Dilluns 18 estar\u00e0 tancat.<\/p>\n<p>Del <strong>25<\/strong><strong> al 29 de maig<\/strong> l&#8217;horari d&#8217;atenci\u00f3 telef\u00f2nica i presencial ser\u00e0:<\/p>\n<ul>\n<li>dilluns, <strong>25 de maig<\/strong>, de 10.00h a 13.00h.<\/li>\n<li>dimarts, <strong>26 de maig<\/strong>, de 17.00h a 18.30h.<\/li>\n<li>dimecres, <strong>27 de maig<\/strong>, de 10.00h a 13.00h.<\/li>\n<li>dijous 28 i divendres 29 <em><strong>pendent<\/strong><\/em>.<\/li>\n<\/ul>\n<p>&nbsp;<\/p>\n<p><span style=\"color: #333399;\"><strong>Atenci\u00f3 telef\u00f2nica<\/strong><\/span><\/p>\n<p>Del <strong>16<\/strong><strong>\u00a0d&#8217;octubre<\/strong><strong> de 2025 fins al 30 d&#8217;abril de 2026<\/strong><\/p>\n<ul>\n<li>dilluns i dimarts de 15.30 h a 18.00 h<\/li>\n<li>dimecres, dijous i divendres de 10.00h a 13.00h<\/li>\n<\/ul>\n<p>Tel\u00e8fon: 977 70 15 56<\/p>\n<p><span style=\"color: #333399;\"><strong>Atenci\u00f3 per correu electr\u00f2nic<\/strong><\/span><\/p>\n<ul>\n<li>Es prioritzar\u00e0 l&#8217;atenci\u00f3 al p\u00fablic per correu electr\u00f2nic mitjan\u00e7ant el correu\u00a0<a href=\"mailto:eoiamposta@xtec.cat%20\">eoiamposta@xtec.cat<\/a><\/li>\n<\/ul>\n<p><strong style=\"color: #333399; font-family: inherit; font-size: 1em;\">Atenci\u00f3 presencial<\/strong><\/p>\n<p>Del <strong>16 d&#8217;octubre<\/strong>\u00a0<strong>de 2025<\/strong>\u00a0<strong>fins al 30 d&#8217;abril<\/strong><strong> de 2026<\/strong><\/p>\n<ul>\n<li>dilluns i dimarts de 15.30 h a 18.30 h<\/li>\n<li>dimecres, dijous i divendres de 10.00h a 13.00h<\/li>\n<\/ul>\n<p><strong>IMPORTANT! Per a tr\u00e0mits de certificats i\/o t\u00edtols, cal demanar CITA PR\u00c8VIA.<\/strong><\/p>\n<p>&nbsp;<\/p>\n<p>&nbsp;<\/p>\n<p>&nbsp;<\/p>\n<p><strong><span style=\"color: #ff0000;\">\u00a0<\/span><\/strong><\/p>\n<p>&nbsp;<\/p>\n<p><span style=\"color: #ff0000;\">\u00a0<\/span><\/p>\n<p>&nbsp;<\/p>\n","protected":false},"excerpt":{"rendered":"<p>Horari d&#8217;atenci\u00f3 al p\u00fablic per al curs 2025-2026 (maig) &nbsp; IMPORTANT!!! El dia 18 de maig\u00a0de 2026, el centre estar\u00e0 tancat per festa local a Amposta. Durant el mes de maig l&#8217;horari d&#8217;atenci\u00f3 pot variar, degut a la finalitzaci\u00f3 del curs i a les proves de certificaci\u00f3. Si us plau, consulteu els horaris enviant un [&hellip;]<\/p>\n","protected":false},"author":1,"featured_media":1537,"parent":0,"menu_order":0,"comment_status":"closed","ping_status":"closed","template":"","meta":{"_bbp_topic_count":0,"_bbp_reply_count":0,"_bbp_total_topic_count":0,"_bbp_total_reply_count":0,"_bbp_voice_count":0,"_bbp_anonymous_reply_count":0,"_bbp_topic_count_hidden":0,"_bbp_reply_count_hidden":0,"_bbp_forum_subforum_count":0,"site-sidebar-layout":"default","site-content-layout":"","ast-site-content-layout":"default","site-content-style":"default","site-sidebar-style":"default","ast-global-header-display":"","ast-banner-title-visibility":"","ast-main-header-display":"","ast-hfb-above-header-display":"","ast-hfb-below-header-display":"","ast-hfb-mobile-header-display":"","site-post-title":"","ast-breadcrumbs-content":"","ast-featured-img":"","footer-sml-layout":"","theme-transparent-header-meta":"default","adv-header-id-meta":"","stick-header-meta":"","header-above-stick-meta":"","header-main-stick-meta":"","header-below-stick-meta":"","astra-migrate-meta-layouts":"set","ast-page-background-enabled":"default","ast-page-background-meta":{"desktop":{"background-color":"var(--ast-global-color-4)","background-image":"","background-repeat":"repeat","background-position":"center center","background-size":"auto","background-attachment":"scroll","background-type":"","background-media":"","overlay-type":"","overlay-color":"","overlay-opacity":"","overlay-gradient":""},"tablet":{"background-color":"","background-image":"","background-repeat":"repeat","background-position":"center center","background-size":"auto","background-attachment":"scroll","background-type":"","background-media":"","overlay-type":"","overlay-color":"","overlay-opacity":"","overlay-gradient":""},"mobile":{"background-color":"","background-image":"","background-repeat":"repeat","background-position":"center center","background-size":"auto","background-attachment":"scroll","background-type":"","background-media":"","overlay-type":"","overlay-color":"","overlay-opacity":"","overlay-gradient":""}},"ast-content-background-meta":{"desktop":{"background-color":"var(--ast-global-color-5)","background-image":"","background-repeat":"repeat","background-position":"center center","background-size":"auto","background-attachment":"scroll","background-type":"","background-media":"","overlay-type":"","overlay-color":"","overlay-opacity":"","overlay-gradient":""},"tablet":{"background-color":"var(--ast-global-color-5)","background-image":"","background-repeat":"repeat","background-position":"center center","background-size":"auto","background-attachment":"scroll","background-type":"","background-media":"","overlay-type":"","overlay-color":"","overlay-opacity":"","overlay-gradient":""},"mobile":{"background-color":"var(--ast-global-color-5)","background-image":"","background-repeat":"repeat","background-position":"center center","background-size":"auto","background-attachment":"scroll","background-type":"","background-media":"","overlay-type":"","overlay-color":"","overlay-opacity":"","overlay-gradient":""}},"footnotes":""},"class_list":["post-356","page","type-page","status-publish","has-post-thumbnail","hentry"],"post_mailing_queue_ids":[],"_links":{"self":[{"href":"https:\/\/agora-eoi.xtec.cat\/eoiamposta\/wp-json\/wp\/v2\/pages\/356","targetHints":{"allow":["GET"]}}],"collection":[{"href":"https:\/\/agora-eoi.xtec.cat\/eoiamposta\/wp-json\/wp\/v2\/pages"}],"about":[{"href":"https:\/\/agora-eoi.xtec.cat\/eoiamposta\/wp-json\/wp\/v2\/types\/page"}],"author":[{"embeddable":true,"href":"https:\/\/agora-eoi.xtec.cat\/eoiamposta\/wp-json\/wp\/v2\/users\/1"}],"replies":[{"embeddable":true,"href":"https:\/\/agora-eoi.xtec.cat\/eoiamposta\/wp-json\/wp\/v2\/comments?post=356"}],"version-history":[{"count":6,"href":"https:\/\/agora-eoi.xtec.cat\/eoiamposta\/wp-json\/wp\/v2\/pages\/356\/revisions"}],"predecessor-version":[{"id":10560,"href":"https:\/\/agora-eoi.xtec.cat\/eoiamposta\/wp-json\/wp\/v2\/pages\/356\/revisions\/10560"}],"wp:featuredmedia":[{"embeddable":true,"href":"https:\/\/agora-eoi.xtec.cat\/eoiamposta\/wp-json\/wp\/v2\/media\/1537"}],"wp:attachment":[{"href":"https:\/\/agora-eoi.xtec.cat\/eoiamposta\/wp-json\/wp\/v2\/media?parent=356"}],"curies":[{"name":"wp","href":"https:\/\/api.w.org\/{rel}","templated":true}]}}