{"id":3018,"date":"2023-09-27T09:37:42","date_gmt":"2023-09-27T09:37:42","guid":{"rendered":"http:\/\/eoiamposta.cat\/?page_id=3018"},"modified":"2023-09-27T09:37:42","modified_gmt":"2023-09-27T09:37:42","slug":"taxes-i-preus-publics","status":"publish","type":"page","link":"https:\/\/agora-eoi.xtec.cat\/eoiamposta\/taxes-i-preus-publics\/","title":{"rendered":"Taxes i preus p\u00fablics"},"content":{"rendered":"<h2><span style=\"color: #000000;\"><strong>Preus de matr\u00edcula<\/strong><\/span><\/h2>\n<p><strong>NORMATIVA TAXES I PREUS P\u00daBLICS<\/strong><\/p>\n<p>Preus p\u00fablics\u00a0ORDRE ENS\/155\/2020, de 18 de setembre, per la qual se suprimeixen, es creen i s\u2019actualitzen els preus p\u00fablics i els imports de determinats ensenyaments i serveis docents de les escoles oficials d\u2019idiomes del Departament d\u2019Educaci\u00f3.\u00a0<a href=\"http:\/\/cido.diba.cat\/legislacio\/10658692\/ordre-edu1552020-de-18-de-setembre-per-la-qual-se-suprimeixen-es-creen-i-sactualitzen-els-preus-publics-i-els-imports-de-determinats-ensenyaments-i-serveis-docents-de-les-escoles-oficials-didiomes-del-departament-deducacio-departament-deducacio\" target=\"_blank\" rel=\"noopener\">en aquest enlla\u00e7<\/a><\/p>\n<p>ORDRE EDU\/114\/2021, de 25 de maig, per la qual es modifica l\u2019Ordre EDU\/155\/2020, de 18 de setembre, per la qual se suprimeixen, es creen i s\u2019actualitzen els preus p\u00fablics i els imports de determinats ensenyaments i serveis docents de les escoles oficials d\u2019idiomes del Departament d\u2019Educaci\u00f3\u00a0<a href=\"https:\/\/dogc.gencat.cat\/ca\/document-del-dogc\/?documentId=902034\" target=\"_blank\" rel=\"noopener\">en aquest enlla\u00e7<\/a>.<\/p>\n<p>Taxes\u00a0ORDRE EDU\/90\/2023, de 21 d\u2019abril, per la qual es dona publicitat de les taxes vigents que gestiona el Departament d\u2019Educaci\u00f3.<a href=\"https:\/\/cido.diba.cat\/legislacio\/15322286\/ordre-edu902023-de-21-dabril-per-la-qual-es-dona-publicitat-de-les-taxes-vigents-que-gestiona-el-departament-deducacio-departament-deducacio\" target=\"_blank\" rel=\"noopener\">\u00a0en aquest enlla\u00e7<\/a><\/p>\n<p>&nbsp;<\/p>\n<p>Hi ha dos tipus diferents d\u2019imports:<\/p>\n<ol>\n<li style=\"list-style-type: none;\">\n<ol>\n<li>Les\u00a0<strong>Taxes<\/strong>\u00a0corresponen als estudis de Nivell Intermedi 1 (B1) i Intermedi 2 (B2.1 i B2.2)<\/li>\n<li>Els\u00a0<strong>Preus p\u00fablics<\/strong>\u00a0corresponen als estudis de Nivell B\u00e0sic (A1 i A2) , Avan\u00e7at C1 i Avan\u00e7at C2.<\/li>\n<\/ol>\n<\/li>\n<\/ol>\n<p><strong>TAXES<\/strong><\/p>\n<table>\n<tbody>\n<tr>\n<td><\/td>\n<td><strong>Primera vegada<\/strong><\/td>\n<td><strong>Primera repetici\u00f3<\/strong><\/td>\n<\/tr>\n<tr>\n<td><strong>Matr\u00edcula Ordin\u00e0ria<\/strong><\/td>\n<td width=\"165\"><strong>297,60\u20ac+30*\u20ac<\/strong><\/td>\n<td width=\"165\"><strong>386,90<\/strong><strong>\u20ac+39*\u20ac<\/strong><\/td>\n<td width=\"161\"><strong>535,70<\/strong><strong>\u20ac + 54*\u20ac<\/strong><\/td>\n<\/tr>\n<tr>\n<td><strong>Fam\u00edlia Nombrosa (Cat. General) i Monoparental (Cat. Gral i especial)<\/strong><\/td>\n<td width=\"165\"><strong>148,80\u20ac<\/strong>+<strong>15*\u20ac<\/strong><\/td>\n<td width=\"165\"><strong>193,45<\/strong><strong>\u20ac<\/strong>+<strong>19,50*\u20ac<\/strong><\/td>\n<td width=\"161\"><strong>267,85<\/strong><strong>\u20ac + 27*\u20ac<\/strong><\/td>\n<\/tr>\n<\/tbody>\n<\/table>\n<p>&nbsp;<\/p>\n<p><strong>PREUS P\u00daBLICS<\/strong><\/p>\n<table>\n<tbody>\n<tr>\n<td><\/td>\n<td><strong>Primera vegada<\/strong><\/td>\n<td><strong>Primera repetici\u00f3<\/strong><\/td>\n<\/tr>\n<tr>\n<td><strong>Matr\u00edcula Ordin\u00e0ria<\/strong><\/td>\n<td width=\"165\"><strong>275,00\u20ac+30*\u20ac<\/strong><\/td>\n<td width=\"165\"><strong>357,50\u20ac+3<\/strong><strong>9*\u20ac<\/strong><\/td>\n<td width=\"161\"><strong>495,00\u20ac + 54*\u20ac<\/strong><\/td>\n<\/tr>\n<tr>\n<td><strong>Fam\u00edlia Nombrosa (Cat. General) i Monoparental (Cat. Gral i especial)<\/strong><\/td>\n<td width=\"165\"><strong>137,05\u20ac<\/strong>+<strong>15*\u20ac<\/strong><\/td>\n<td width=\"165\"><strong>178,75\u20ac<\/strong>+<strong>19,5*\u20ac<\/strong><\/td>\n<td width=\"161\"><strong>247,50\u20ac + 27*\u20ac<\/strong><\/td>\n<\/tr>\n<\/tbody>\n<\/table>\n<h2><span style=\"color: #000000;\"><strong>Taxes, preus p\u00fablics i exempcions\/bonificacions<\/strong><\/span><\/h2>\n<p>Hi ha dos tipus diferents d\u2019imports:<\/p>\n<ol>\n<li style=\"list-style-type: none;\">\n<ol>\n<li>Les\u00a0<strong>Taxes<\/strong>\u00a0corresponen als estudis de Nivell Intermedi 1 (B1) i Intermedi 2 (B2.1 i B2.2)<\/li>\n<li>Els\u00a0<strong>Preus p\u00fablics<\/strong>\u00a0corresponen als estudis de Nivell B\u00e0sic (A1 i A2) , Avan\u00e7at C1 i Avan\u00e7at C2.<\/li>\n<\/ol>\n<\/li>\n<\/ol>\n<p><strong>Exempcions i bonificacions generals per a taxes i preus p\u00fablics<\/strong><\/p>\n<p>En el pagament de l&#8217;import de totes les taxes s&#8217;estableixen les\u00a0bonificacions i exempcions generals\u00a0seg\u00fcents:<\/p>\n<p><strong>Bonificaci\u00f3 del 50%<\/strong>\u00a0de l&#8217;import\u00a0per a:<\/p>\n<ul>\n<li>membres de fam\u00edlia nombrosa de categoria general i<\/li>\n<li>membres de fam\u00edlies monoparentals.<\/li>\n<\/ul>\n<p><strong>Exempci\u00f3 del 100%<\/strong>\u00a0del pagament per a:<\/p>\n<ul>\n<li>membres de fam\u00edlia nombrosa de categoria especial,<\/li>\n<li>v\u00edctimes del terrorisme (i els seus c\u00f2njuges i els seus fills i filles),<\/li>\n<li>persones amb discapacitat igual o superior al 33% i<\/li>\n<li>infants o adolescents en acolliment familiar.<\/li>\n<\/ul>\n<p>&nbsp;<\/p>\n<p><strong>A m\u00e9s de les\u00a0<a href=\"https:\/\/educacio.gencat.cat\/ca\/departament\/normativa\/taxes-preus-publics\/exempcions-bonificacions\/\" target=\"_blank\" rel=\"noopener\">bonificacions i exempcions generals<\/a>\u00a0que s&#8217;apliquen a aquestes taxes i preus p\u00fablics, s&#8217;estableixen\u00a0les\u00a0exempcions addicionals\u00a0seg\u00fcents per a:<\/strong><\/p>\n<p><a href=\"https:\/\/agora-eoi.xtec.cat\/eoiamposta\/wp-content\/uploads\/usu2961\/2023\/09\/Taxes_2023-2024_WEB.pdf\" target=\"_blank\" rel=\"noopener\">Consulteu bonificacions TAXES<\/a><\/p>\n<p><a href=\"https:\/\/agora-eoi.xtec.cat\/eoiamposta\/wp-content\/uploads\/usu2961\/2023\/09\/Preus-publics_2023-2024_WB.pdf\" target=\"_blank\" rel=\"noopener\">Consulteu bonificacions PREUS P\u00daBLICS<\/a><\/p>\n<p>&nbsp;<\/p>\n<p><span style=\"color: #ff6600;\"><a style=\"color: #ff6600;\" href=\"http:\/\/ensenyament.gencat.cat\/ca\/departament\/normativa\/taxes-preus-publics\/\">Consulteu tota la informaci\u00f3 al<\/a><\/span><span style=\"color: #ff6600;\"><a style=\"color: #ff6600;\" href=\"http:\/\/ensenyament.gencat.cat\/ca\/departament\/normativa\/taxes-preus-publics\/\" target=\"_blank\" rel=\"noopener\"> web de GENCAT<\/a>*<\/span><\/p>\n<h6>*En totes les EOI de Catalunya, a la matr\u00edcula oficial se li afegeix l&#8217;import de 30 \u20ac per l&#8217;aportaci\u00f3 per material.<\/h6>\n","protected":false},"excerpt":{"rendered":"<p>Preus de matr\u00edcula NORMATIVA TAXES I PREUS P\u00daBLICS Preus p\u00fablics\u00a0ORDRE ENS\/155\/2020, de 18 de setembre, per la qual se suprimeixen, es creen i s\u2019actualitzen els preus p\u00fablics i els imports de determinats ensenyaments i serveis docents de les escoles oficials d\u2019idiomes del Departament d\u2019Educaci\u00f3.\u00a0en aquest enlla\u00e7 ORDRE EDU\/114\/2021, de 25 de maig, per la qual [&hellip;]<\/p>\n","protected":false},"author":1,"featured_media":0,"parent":0,"menu_order":0,"comment_status":"closed","ping_status":"closed","template":"","meta":{"_bbp_topic_count":0,"_bbp_reply_count":0,"_bbp_total_topic_count":0,"_bbp_total_reply_count":0,"_bbp_voice_count":0,"_bbp_anonymous_reply_count":0,"_bbp_topic_count_hidden":0,"_bbp_reply_count_hidden":0,"_bbp_forum_subforum_count":0,"site-sidebar-layout":"default","site-content-layout":"","ast-site-content-layout":"","site-content-style":"default","site-sidebar-style":"default","ast-global-header-display":"","ast-banner-title-visibility":"","ast-main-header-display":"","ast-hfb-above-header-display":"","ast-hfb-below-header-display":"","ast-hfb-mobile-header-display":"","site-post-title":"","ast-breadcrumbs-content":"","ast-featured-img":"","footer-sml-layout":"","theme-transparent-header-meta":"","adv-header-id-meta":"","stick-header-meta":"","header-above-stick-meta":"","header-main-stick-meta":"","header-below-stick-meta":"","astra-migrate-meta-layouts":"default","ast-page-background-enabled":"default","ast-page-background-meta":{"desktop":{"background-color":"var(--ast-global-color-4)","background-image":"","background-repeat":"repeat","background-position":"center center","background-size":"auto","background-attachment":"scroll","background-type":"","background-media":"","overlay-type":"","overlay-color":"","overlay-opacity":"","overlay-gradient":""},"tablet":{"background-color":"","background-image":"","background-repeat":"repeat","background-position":"center center","background-size":"auto","background-attachment":"scroll","background-type":"","background-media":"","overlay-type":"","overlay-color":"","overlay-opacity":"","overlay-gradient":""},"mobile":{"background-color":"","background-image":"","background-repeat":"repeat","background-position":"center center","background-size":"auto","background-attachment":"scroll","background-type":"","background-media":"","overlay-type":"","overlay-color":"","overlay-opacity":"","overlay-gradient":""}},"ast-content-background-meta":{"desktop":{"background-color":"var(--ast-global-color-5)","background-image":"","background-repeat":"repeat","background-position":"center center","background-size":"auto","background-attachment":"scroll","background-type":"","background-media":"","overlay-type":"","overlay-color":"","overlay-opacity":"","overlay-gradient":""},"tablet":{"background-color":"var(--ast-global-color-5)","background-image":"","background-repeat":"repeat","background-position":"center center","background-size":"auto","background-attachment":"scroll","background-type":"","background-media":"","overlay-type":"","overlay-color":"","overlay-opacity":"","overlay-gradient":""},"mobile":{"background-color":"var(--ast-global-color-5)","background-image":"","background-repeat":"repeat","background-position":"center center","background-size":"auto","background-attachment":"scroll","background-type":"","background-media":"","overlay-type":"","overlay-color":"","overlay-opacity":"","overlay-gradient":""}},"footnotes":""},"class_list":["post-3018","page","type-page","status-publish","hentry"],"post_mailing_queue_ids":[],"_links":{"self":[{"href":"https:\/\/agora-eoi.xtec.cat\/eoiamposta\/wp-json\/wp\/v2\/pages\/3018","targetHints":{"allow":["GET"]}}],"collection":[{"href":"https:\/\/agora-eoi.xtec.cat\/eoiamposta\/wp-json\/wp\/v2\/pages"}],"about":[{"href":"https:\/\/agora-eoi.xtec.cat\/eoiamposta\/wp-json\/wp\/v2\/types\/page"}],"author":[{"embeddable":true,"href":"https:\/\/agora-eoi.xtec.cat\/eoiamposta\/wp-json\/wp\/v2\/users\/1"}],"replies":[{"embeddable":true,"href":"https:\/\/agora-eoi.xtec.cat\/eoiamposta\/wp-json\/wp\/v2\/comments?post=3018"}],"version-history":[{"count":0,"href":"https:\/\/agora-eoi.xtec.cat\/eoiamposta\/wp-json\/wp\/v2\/pages\/3018\/revisions"}],"wp:attachment":[{"href":"https:\/\/agora-eoi.xtec.cat\/eoiamposta\/wp-json\/wp\/v2\/media?parent=3018"}],"curies":[{"name":"wp","href":"https:\/\/api.w.org\/{rel}","templated":true}]}}