{"id":268,"date":"2018-01-15T17:09:05","date_gmt":"2018-01-15T17:09:05","guid":{"rendered":"http:\/\/eoiamposta.cat\/?page_id=268"},"modified":"2018-01-15T17:09:05","modified_gmt":"2018-01-15T17:09:05","slug":"trasllat-de-matricula-viva","status":"publish","type":"page","link":"https:\/\/agora-eoi.xtec.cat\/eoiamposta\/trasllat-de-matricula-viva\/","title":{"rendered":"Trasllat de matr\u00edcula viva"},"content":{"rendered":"<p><strong>Trasllats d&#8217;alumnes durant el curs acad\u00e8mic a altres EOIs<\/strong><\/p>\n<p>Si\u00a0<strong>despr\u00e9s de formalitzar la matr\u00edcula<\/strong>\u00a0a un centre, l&#8217;alumne\/a demana poder continuar el curs a un altre centre, el trasllat s&#8217;anomena <strong>trasllat de matr\u00edcula viva<\/strong>. El termini per efectuar trasllats de matr\u00edcula viva finalitzar\u00e0 el darrer dia h\u00e0bil d&#8217;abril. La sol\u00b7licitud de matr\u00edcula es far\u00e0 al centre de destinaci\u00f3 mitjan\u00e7ant el model &#8220;<a href=\"https:\/\/agora-eoi.xtec.cat\/eoiamposta\/wp-content\/uploads\/usu2961\/2018\/09\/Sol_trasllat_expedient.pdf\">Sol\u00b7licitud de trasllat d&#8217;expedient<\/a>&#8221; i quedar\u00e0 condicionada a la disponibilitat de places d&#8217;aquell centre. La documentaci\u00f3 que caldr\u00e0 aportar ser\u00e0 el full de pagament de la matr\u00edcula efectuada al centre d&#8217;origen. En cas d&#8217;haver-hi una vacant, l&#8217;EOI de destinaci\u00f3 ho comunicar\u00e0 al sol\u2022licitant. L&#8217;EOI de destinaci\u00f3 tramitar\u00e0 d&#8217;ofici el trasllat d&#8217;expedient de l&#8217;alumne\/a. En cas de no haver-hi vacants a l&#8217;EOI de destinaci\u00f3, s&#8217;obrir\u00e0 una llista d&#8217;espera on els sol\u2022licitants hauran d&#8217;especificar els grups i horaris desitjats.<\/p>\n<div>Els trasllats de matr\u00edcula viva, entre EOIs de Catalunya, no tenen efectes econ\u00f2mics.<\/div>\n<div>Els alumnes que arribin d&#8217;una EOI d&#8217;una altra comunitat aut\u00f2noma hauran de pagar la totalitat de la taxa per serveis acad\u00e8mics (Llei 20\/2001 de 28 de desembre de Taxes i Preus p\u00fablics de la Generalitat de Catalunya).<\/div>\n<p><strong>Entrades<\/strong>: Els alumnes matriculats a una altra EOI que vulguin traslladar-se a l&#8217;EOI d&#8217;Amposta podran fer trasllat de matr\u00edcula viva un cop iniciat el curs i sempre que hi hagi pla\u00e7a vacant al nivell i horari desitjat.<\/p>\n<p><strong>Sortides<\/strong>: Els alumnes de l&#8217;EOI d&#8217;Amposta que vulguin traslladar-se a una altra EOI podran sol\u00b7licitar un trasllat de matr\u00edcula viva un cop iniciat el curs i sempre que l&#8217;escola de destinaci\u00f3 ho autoritzi.<\/p>\n<p><strong>Antics alumnes que es matriculen al juliol<\/strong><\/p>\n<p><strong>Els alumnes que es matriculin el mes de juliol no podran preinscriure\u2019s el mes de setembre de la mateixa llengua i curs a una altra escola amb la intenci\u00f3 de traslladar-hi la matr\u00edcula feta.<\/strong>\u00a0El\u00a0trasllat de matr\u00edcula\u00a0d\u2019una escola a una altra nom\u00e9s es pot fer durant el curs i en el cas que l\u2019escola a la qual es vulgui traslladar la matr\u00edcula disposi de places.<\/p>\n<p><strong>Trasllats excepcionals al juliol<\/strong><\/p>\n<p>En\u00a0<strong>casos excepcionals<\/strong>, els alumnes oficials que per\u00a0<strong>motius professionals o d&#8217;estudis<\/strong>\u00a0facin un\u00a0<strong>canvi de domicili que impliqui un canvi de municipi <\/strong>podran sol\u00b7licitar un trasllat de matr\u00edcula per al curs <strong>al juliol<\/strong>, justificant-lo documentalment al seu centre d&#8217;origen. Caldr\u00e0 que, pr\u00e8viament, aquests alumnes hagin formalitzat la matr\u00edcula a aquest curs al propi centre en els terminis establerts durant el mes de juliol.<\/p>\n<p>El trasllat a l&#8217;EOI d&#8217;Amposta per a aquests casos (si hi ha places vacants despr\u00e9s de matricular els antics alumnes) haur\u00e0 d&#8217;haver acabat abans del 31 de juliol. L&#8217;Eoi notificar\u00e0 a l&#8217;alumne o alumna la seva acceptaci\u00f3 del trasllat via correu electr\u00f2nic.<\/p>\n","protected":false},"excerpt":{"rendered":"<p>Trasllats d&#8217;alumnes durant el curs acad\u00e8mic a altres EOIs Si\u00a0despr\u00e9s de formalitzar la matr\u00edcula\u00a0a un centre, l&#8217;alumne\/a demana poder continuar el curs a un altre centre, el trasllat s&#8217;anomena trasllat de matr\u00edcula viva. El termini per efectuar trasllats de matr\u00edcula viva finalitzar\u00e0 el darrer dia h\u00e0bil d&#8217;abril. La sol\u00b7licitud de matr\u00edcula es far\u00e0 al centre [&hellip;]<\/p>\n","protected":false},"author":1,"featured_media":0,"parent":0,"menu_order":0,"comment_status":"closed","ping_status":"closed","template":"","meta":{"_bbp_topic_count":0,"_bbp_reply_count":0,"_bbp_total_topic_count":0,"_bbp_total_reply_count":0,"_bbp_voice_count":0,"_bbp_anonymous_reply_count":0,"_bbp_topic_count_hidden":0,"_bbp_reply_count_hidden":0,"_bbp_forum_subforum_count":0,"site-sidebar-layout":"default","site-content-layout":"","ast-site-content-layout":"","site-content-style":"default","site-sidebar-style":"default","ast-global-header-display":"","ast-banner-title-visibility":"","ast-main-header-display":"","ast-hfb-above-header-display":"","ast-hfb-below-header-display":"","ast-hfb-mobile-header-display":"","site-post-title":"","ast-breadcrumbs-content":"","ast-featured-img":"","footer-sml-layout":"","theme-transparent-header-meta":"","adv-header-id-meta":"","stick-header-meta":"","header-above-stick-meta":"","header-main-stick-meta":"","header-below-stick-meta":"","astra-migrate-meta-layouts":"default","ast-page-background-enabled":"default","ast-page-background-meta":{"desktop":{"background-color":"var(--ast-global-color-4)","background-image":"","background-repeat":"repeat","background-position":"center center","background-size":"auto","background-attachment":"scroll","background-type":"","background-media":"","overlay-type":"","overlay-color":"","overlay-opacity":"","overlay-gradient":""},"tablet":{"background-color":"","background-image":"","background-repeat":"repeat","background-position":"center center","background-size":"auto","background-attachment":"scroll","background-type":"","background-media":"","overlay-type":"","overlay-color":"","overlay-opacity":"","overlay-gradient":""},"mobile":{"background-color":"","background-image":"","background-repeat":"repeat","background-position":"center center","background-size":"auto","background-attachment":"scroll","background-type":"","background-media":"","overlay-type":"","overlay-color":"","overlay-opacity":"","overlay-gradient":""}},"ast-content-background-meta":{"desktop":{"background-color":"var(--ast-global-color-5)","background-image":"","background-repeat":"repeat","background-position":"center center","background-size":"auto","background-attachment":"scroll","background-type":"","background-media":"","overlay-type":"","overlay-color":"","overlay-opacity":"","overlay-gradient":""},"tablet":{"background-color":"var(--ast-global-color-5)","background-image":"","background-repeat":"repeat","background-position":"center center","background-size":"auto","background-attachment":"scroll","background-type":"","background-media":"","overlay-type":"","overlay-color":"","overlay-opacity":"","overlay-gradient":""},"mobile":{"background-color":"var(--ast-global-color-5)","background-image":"","background-repeat":"repeat","background-position":"center center","background-size":"auto","background-attachment":"scroll","background-type":"","background-media":"","overlay-type":"","overlay-color":"","overlay-opacity":"","overlay-gradient":""}},"footnotes":""},"class_list":["post-268","page","type-page","status-publish","hentry"],"post_mailing_queue_ids":[],"_links":{"self":[{"href":"https:\/\/agora-eoi.xtec.cat\/eoiamposta\/wp-json\/wp\/v2\/pages\/268","targetHints":{"allow":["GET"]}}],"collection":[{"href":"https:\/\/agora-eoi.xtec.cat\/eoiamposta\/wp-json\/wp\/v2\/pages"}],"about":[{"href":"https:\/\/agora-eoi.xtec.cat\/eoiamposta\/wp-json\/wp\/v2\/types\/page"}],"author":[{"embeddable":true,"href":"https:\/\/agora-eoi.xtec.cat\/eoiamposta\/wp-json\/wp\/v2\/users\/1"}],"replies":[{"embeddable":true,"href":"https:\/\/agora-eoi.xtec.cat\/eoiamposta\/wp-json\/wp\/v2\/comments?post=268"}],"version-history":[{"count":0,"href":"https:\/\/agora-eoi.xtec.cat\/eoiamposta\/wp-json\/wp\/v2\/pages\/268\/revisions"}],"wp:attachment":[{"href":"https:\/\/agora-eoi.xtec.cat\/eoiamposta\/wp-json\/wp\/v2\/media?parent=268"}],"curies":[{"name":"wp","href":"https:\/\/api.w.org\/{rel}","templated":true}]}}