{"id":2595,"date":"2022-10-17T16:08:42","date_gmt":"2022-10-17T16:08:42","guid":{"rendered":"http:\/\/eoiamposta.cat\/?page_id=2595"},"modified":"2025-07-15T12:16:47","modified_gmt":"2025-07-15T10:16:47","slug":"fpeoi-togueter-2","status":"publish","type":"page","link":"https:\/\/agora-eoi.xtec.cat\/eoiamposta\/fpeoi-togueter-2\/","title":{"rendered":"FP&#038;EOI Together"},"content":{"rendered":"<p>\u00c9s un programa obert a qualsevol Institut d&#8217;FP, Escola d&#8217;Art o Superior Art\u00edstica, i Escola Oficial d&#8217;Idiomes del Departament d&#8217;Educaci\u00f3 que t\u00e9, entre altres objectius, millorar les compet\u00e8ncies comunicatives en lleng\u00fces estrangeres de l&#8217;alumnat d&#8217;FP a fi d&#8217;ajudar-los en la seva inserci\u00f3 laboral.<\/p>\n<p>&nbsp;<\/p>\n<p><strong>TALLER DE RESSUCITACI\u00d3<\/strong><\/p>\n<p>La setmana del 18 al 21 de mar\u00e7 els alumnes dels cicles formatius de CAI i\u00a01r Higiene\u00a0Bucodental i els alumnes de l&#8217;EOI van\u00a0realitzar\u00a0una activitat del projecte\u00a0FP&amp;EOI\u00a0Together. Aquesta activitat va consistir en el fet que els alumnes de Cicles ensenyaven en angl\u00e8s als alumnes de l&#8217;EOI a fer la RCP. L&#8217;alumnat de cicles va practicar a comunicar-se en angl\u00e8s i els de l&#8217;EOI a realitzar la RCP de qualitat. Simplement, cal dir\u00a0que va ser un \u00e8xit com es pot comprovar al v\u00eddeo!!!<\/p>\n<p><strong><a href=\"https:\/\/agora-eoi.xtec.cat\/eoiamposta\/wp-content\/uploads\/usu2961\/2025\/07\/2645b07a-07a0-4e58-9ad7-27e71f33ebb3-1.jpg\"><img loading=\"lazy\" decoding=\"async\" class=\"alignnone size-full wp-image-10316\" src=\"https:\/\/agora-eoi.xtec.cat\/eoiamposta\/wp-content\/uploads\/usu2961\/2025\/07\/2645b07a-07a0-4e58-9ad7-27e71f33ebb3-1.jpg\" alt=\"\" width=\"946\" height=\"437\" srcset=\"https:\/\/agora-eoi.xtec.cat\/eoiamposta\/wp-content\/uploads\/usu2961\/2025\/07\/2645b07a-07a0-4e58-9ad7-27e71f33ebb3-1.jpg 946w, https:\/\/agora-eoi.xtec.cat\/eoiamposta\/wp-content\/uploads\/usu2961\/2025\/07\/2645b07a-07a0-4e58-9ad7-27e71f33ebb3-1-300x139.jpg 300w, https:\/\/agora-eoi.xtec.cat\/eoiamposta\/wp-content\/uploads\/usu2961\/2025\/07\/2645b07a-07a0-4e58-9ad7-27e71f33ebb3-1-768x355.jpg 768w\" sizes=\"auto, (max-width: 946px) 100vw, 946px\" \/><\/a><\/strong><\/p>\n<p><a href=\"https:\/\/agora-eoi.xtec.cat\/eoiamposta\/wp-content\/uploads\/usu2961\/2025\/07\/dd5f72f2-1ce2-49e2-92ba-bb0da69d3428-1.jpg\"><img loading=\"lazy\" decoding=\"async\" class=\"alignnone size-full wp-image-10315\" src=\"https:\/\/agora-eoi.xtec.cat\/eoiamposta\/wp-content\/uploads\/usu2961\/2025\/07\/dd5f72f2-1ce2-49e2-92ba-bb0da69d3428-1.jpg\" alt=\"\" width=\"533\" height=\"425\" srcset=\"https:\/\/agora-eoi.xtec.cat\/eoiamposta\/wp-content\/uploads\/usu2961\/2025\/07\/dd5f72f2-1ce2-49e2-92ba-bb0da69d3428-1.jpg 533w, https:\/\/agora-eoi.xtec.cat\/eoiamposta\/wp-content\/uploads\/usu2961\/2025\/07\/dd5f72f2-1ce2-49e2-92ba-bb0da69d3428-1-300x239.jpg 300w\" sizes=\"auto, (max-width: 533px) 100vw, 533px\" \/><\/a><\/p>\n<p><strong>PETANCA<\/strong><\/p>\n<p>Dins del marc del programa FP&amp;EOI Together, ahir a la tarda els grups de segon de GIAT i GAT, van participar en les activitats culturals en llengua francesa juntament amb un grup d\u2019alumnat de la nostra EOI.<\/p>\n<p>En un ambient dist\u00e9s i amb l\u2019excusa d\u2019aprendre el joc de la petanca, van posar en pr\u00e0ctica els seus coneixements de llengua francesa.<\/p>\n<p>Una bona oportunitat per parlar en la llengua dels nostres ve\u00efns!<\/p>\n<p>El nostre agra\u00efment al professorat acompanyant de la fam\u00edlia de Turisme.<\/p>\n<p>Merci beaucoup!!<\/p>\n<p>&nbsp;<\/p>\n<p><img decoding=\"async\" src=\"https:\/\/agora.xtec.cat\/insmontsia\/wp-content\/uploads\/usu12\/2025\/04\/IMG_8277-rotated.jpeg\" \/><\/p>\n<p><img decoding=\"async\" src=\"https:\/\/agora.xtec.cat\/insmontsia\/wp-content\/uploads\/usu12\/2025\/04\/IMG_8275-rotated.jpeg\" \/><\/p>\n<p><img decoding=\"async\" src=\"https:\/\/agora.xtec.cat\/insmontsia\/wp-content\/uploads\/usu12\/2025\/04\/IMG_8270-rotated.jpeg\" \/><\/p>\n<p>&nbsp;<\/p>\n","protected":false},"excerpt":{"rendered":"<p>\u00c9s un programa obert a qualsevol Institut d&#8217;FP, Escola d&#8217;Art o Superior Art\u00edstica, i Escola Oficial d&#8217;Idiomes del Departament d&#8217;Educaci\u00f3 que t\u00e9, entre altres objectius, millorar les compet\u00e8ncies comunicatives en lleng\u00fces estrangeres de l&#8217;alumnat d&#8217;FP a fi d&#8217;ajudar-los en la seva inserci\u00f3 laboral. &nbsp; TALLER DE RESSUCITACI\u00d3 La setmana del 18 al 21 de mar\u00e7 [&hellip;]<\/p>\n","protected":false},"author":1,"featured_media":0,"parent":0,"menu_order":0,"comment_status":"closed","ping_status":"closed","template":"","meta":{"_bbp_topic_count":0,"_bbp_reply_count":0,"_bbp_total_topic_count":0,"_bbp_total_reply_count":0,"_bbp_voice_count":0,"_bbp_anonymous_reply_count":0,"_bbp_topic_count_hidden":0,"_bbp_reply_count_hidden":0,"_bbp_forum_subforum_count":0,"site-sidebar-layout":"default","site-content-layout":"","ast-site-content-layout":"","site-content-style":"default","site-sidebar-style":"default","ast-global-header-display":"","ast-banner-title-visibility":"","ast-main-header-display":"","ast-hfb-above-header-display":"","ast-hfb-below-header-display":"","ast-hfb-mobile-header-display":"","site-post-title":"","ast-breadcrumbs-content":"","ast-featured-img":"","footer-sml-layout":"","theme-transparent-header-meta":"","adv-header-id-meta":"","stick-header-meta":"","header-above-stick-meta":"","header-main-stick-meta":"","header-below-stick-meta":"","astra-migrate-meta-layouts":"default","ast-page-background-enabled":"default","ast-page-background-meta":{"desktop":{"background-color":"var(--ast-global-color-4)","background-image":"","background-repeat":"repeat","background-position":"center center","background-size":"auto","background-attachment":"scroll","background-type":"","background-media":"","overlay-type":"","overlay-color":"","overlay-opacity":"","overlay-gradient":""},"tablet":{"background-color":"","background-image":"","background-repeat":"repeat","background-position":"center center","background-size":"auto","background-attachment":"scroll","background-type":"","background-media":"","overlay-type":"","overlay-color":"","overlay-opacity":"","overlay-gradient":""},"mobile":{"background-color":"","background-image":"","background-repeat":"repeat","background-position":"center center","background-size":"auto","background-attachment":"scroll","background-type":"","background-media":"","overlay-type":"","overlay-color":"","overlay-opacity":"","overlay-gradient":""}},"ast-content-background-meta":{"desktop":{"background-color":"var(--ast-global-color-5)","background-image":"","background-repeat":"repeat","background-position":"center center","background-size":"auto","background-attachment":"scroll","background-type":"","background-media":"","overlay-type":"","overlay-color":"","overlay-opacity":"","overlay-gradient":""},"tablet":{"background-color":"var(--ast-global-color-5)","background-image":"","background-repeat":"repeat","background-position":"center center","background-size":"auto","background-attachment":"scroll","background-type":"","background-media":"","overlay-type":"","overlay-color":"","overlay-opacity":"","overlay-gradient":""},"mobile":{"background-color":"var(--ast-global-color-5)","background-image":"","background-repeat":"repeat","background-position":"center center","background-size":"auto","background-attachment":"scroll","background-type":"","background-media":"","overlay-type":"","overlay-color":"","overlay-opacity":"","overlay-gradient":""}},"footnotes":""},"class_list":["post-2595","page","type-page","status-publish","hentry"],"post_mailing_queue_ids":[],"_links":{"self":[{"href":"https:\/\/agora-eoi.xtec.cat\/eoiamposta\/wp-json\/wp\/v2\/pages\/2595","targetHints":{"allow":["GET"]}}],"collection":[{"href":"https:\/\/agora-eoi.xtec.cat\/eoiamposta\/wp-json\/wp\/v2\/pages"}],"about":[{"href":"https:\/\/agora-eoi.xtec.cat\/eoiamposta\/wp-json\/wp\/v2\/types\/page"}],"author":[{"embeddable":true,"href":"https:\/\/agora-eoi.xtec.cat\/eoiamposta\/wp-json\/wp\/v2\/users\/1"}],"replies":[{"embeddable":true,"href":"https:\/\/agora-eoi.xtec.cat\/eoiamposta\/wp-json\/wp\/v2\/comments?post=2595"}],"version-history":[{"count":4,"href":"https:\/\/agora-eoi.xtec.cat\/eoiamposta\/wp-json\/wp\/v2\/pages\/2595\/revisions"}],"predecessor-version":[{"id":10317,"href":"https:\/\/agora-eoi.xtec.cat\/eoiamposta\/wp-json\/wp\/v2\/pages\/2595\/revisions\/10317"}],"wp:attachment":[{"href":"https:\/\/agora-eoi.xtec.cat\/eoiamposta\/wp-json\/wp\/v2\/media?parent=2595"}],"curies":[{"name":"wp","href":"https:\/\/api.w.org\/{rel}","templated":true}]}}