{"id":257,"date":"2018-01-15T17:06:30","date_gmt":"2018-01-15T17:06:30","guid":{"rendered":"http:\/\/eoiamposta.cat\/?page_id=257"},"modified":"2025-10-01T12:24:49","modified_gmt":"2025-10-01T10:24:49","slug":"retorn-de-taxes","status":"publish","type":"page","link":"https:\/\/agora-eoi.xtec.cat\/eoiamposta\/retorn-de-taxes\/","title":{"rendered":"Devoluci\u00f3 de taxes"},"content":{"rendered":"<p>Les taxes o preus p\u00fablics de la matr\u00edcula a les EOI nom\u00e9s es poden retornar en els sup\u00f2sits que s&#8217;indiquen a continuaci\u00f3 i dins dels terminis que, quan escau, s&#8217;assenyalen:<\/p>\n<ul>\n<li>Ren\u00fancia amb dret a devoluci\u00f3 de taxes per a la matr\u00edcula de cursos extensius <strong>fins al 10 d&#8217;octubre<\/strong>.<\/li>\n<li>Ren\u00fancia a la inscripci\u00f3 a les\u00a0proves lliures\u00a0per a l&#8217;obtenci\u00f3 del certificat de nivell intermedi B1 o del certificat de nivell intermedi B2 o del certificat de nivell C1, quan la ren\u00fancia i la sol\u00b7licitud de retorn de taxes o de preus p\u00fablics es produeixin\u00a0amb antelaci\u00f3 a la data de publicaci\u00f3 de les llistes definitives d&#8217;admesos.<\/li>\n<li>Pagaments duplicats o per import superior.<\/li>\n<li>NO aplicaci\u00f3 de bonificacions o exempcions a les quals l&#8217;alumne\/a t\u00e9 dret al moment de la matriculaci\u00f3, per l&#8217;import corresponent.<\/li>\n<li>NO prestaci\u00f3 del servei per causes no imputables a l&#8217;alumne. No es consideren sup\u00f2sits de for\u00e7a major els canvis d&#8217;horari laboral, ni els canvis de domicili o similars.<\/li>\n<li>En cas de trasllat a una altra comunitat aut\u00f2noma, l&#8217;alumne por sol\u00b7licitar el retorn de taxes o preus p\u00fablics\u00a0abans del 30 de novembre.<\/li>\n<\/ul>\n<p><strong>Els alumnes que desitgin sol\u00b7licitar la devoluci\u00f3<\/strong>\u00a0hauran d\u2019accedir a\u00a0<strong><a href=\"https:\/\/web.gencat.cat\/ca\/tramits\/tramits-temes\/devolucio-ingressos-indeguts\" target=\"_blank\" rel=\"noopener\" data-saferedirecturl=\"https:\/\/www.google.com\/url?q=https:\/\/web.gencat.cat\/ca\/tramits\/tramits-temes\/devolucio-ingressos-indeguts&amp;source=gmail&amp;ust=1657097604642000&amp;usg=AOvVaw1hMCfzJV-8SmIzjkJCmU1J\">https:\/\/web.gencat.cat\/ca\/tramits\/tramits-temes\/devolucio-ingressos-indeguts \u00a0<\/a><\/strong>des d\u2019on podran omplir el formulari de sol\u00b7licitud i enviar-lo directament al Servei de Gesti\u00f3 Pressupost\u00e0ria per a la seva tramitaci\u00f3.<\/p>\n<p><strong>Nota:\u00a0<\/strong><strong>\u00a0el canal electr\u00f2nic ser\u00e0 a partir d\u2019ara la via preferent per sol\u00b7licitar el retorn de taxes<\/strong>.<\/p>\n<p><strong>Important:\u00a0les sol\u00b7licituds de devoluci\u00f3 motivades per la ren\u00fancia dintre del termini previst en les instruccions d\u2019inici de cada curs acad\u00e8mic, tant si arriben per via electr\u00f2nica com si arriben en paper, seran desestimades si no van acompanyades de la corresponent <a href=\"https:\/\/agora-eoi.xtec.cat\/eoiamposta\/wp-content\/uploads\/usu2961\/2023\/09\/Sollicitud-renuncia-matricula-1.pdf\">sol\u00b7licitud de ren\u00fancia amb devoluci\u00f3 de taxes<\/a>\u00a0signada per l\u2019alumne\/a i registrada (amb data i segell) per l\u2019EOI.<\/strong><\/p>\n<p><strong><a href=\"https:\/\/agora-eoi.xtec.cat\/eoiamposta\/wp-content\/uploads\/usu2961\/2023\/09\/Sollicitud-renuncia-matricula-1.pdf\">Sol\u00b7licitud de ren\u00fancia amb devoluci\u00f3 de taxes<\/a>. (per al tramitador electr\u00f2nic)<\/strong><\/p>\n<p>Abans d\u2019omplir formulari de sol\u00b7licitud devoluci\u00f3 de taxes cal tenir en compte:<\/p>\n<ul>\n<li>A l\u2019apartat \u201cImport ingressat o import a retornar\u201d, cal indicar l\u2019import pagat en concepte de \u201cMatr\u00edcula\u201d (exemple: 275\u20ac; 297\u20ac &#8230;).<\/li>\n<li>L\u2019import del preu p\u00fablic abonat en concepte de \u201cMaterial, corresponent a\u00a0 l\u2019acc\u00e9s a la plataforma i materials did\u00e0ctics\u201d (exemple: 30\u20ac; 15\u20ac &#8230;) no cal especificar-lo i us ser\u00e0 abonat per part de l\u2019EOI a partir del mes de novembre fent arribar la seg\u00fcnet sol\u00b7licitud a l&#8217;escola.<\/li>\n<\/ul>\n<p><a href=\"https:\/\/agora-eoi.xtec.cat\/eoiamposta\/wp-content\/uploads\/usu2961\/2022\/11\/Sollicitud_de_devolucio_material_Amposta.pdf\">Sol\u00b7licitud retorn import material 30\u20ac<\/a>\u00a0(a presentar a l&#8217;EOI d&#8217;Amposta)<\/p>\n<p>Les persones que no disposen dels mitjans o dels coneixements necessaris per fer el tr\u00e0mit en l\u00ednia, poden fer-lo a trav\u00e9s de les Oficines de Registre dels serveis centrals d\u2019Educaci\u00f3 i dels serveis territorials, utilitzant el\u00a0<strong>servei de \u201ctramitaci\u00f3 atesa\u201d. Aquest servei ofereix assist\u00e8ncia per poder dur a terme el tr\u00e0mit sense dificultats.<\/strong><\/p>\n<p><strong>\u00a0<\/strong>No obstant aix\u00f2, la modalitat presencial continuar\u00e0 activa a la secretaria de l\u2019EOI, mitjan\u00e7ant el formulari habitual:<\/p>\n<p>&#8220;<a href=\"https:\/\/agora-eoi.xtec.cat\/eoiamposta\/wp-content\/uploads\/usu2961\/2022\/11\/Instancia-solicitud-devolucio-taxes.pdf\">Sol\u00b7licitud de devoluci\u00f3 de taxa en la prestaci\u00f3 de serveis docents de les escoles oficials d&#8217;idiomes (EOI) o per a la inscripci\u00f3 en les proves lliures<\/a>&#8220;, que es presentar\u00e0 a la secretaria de l&#8217;EOI.<\/p>\n<p>La ren\u00fancia a la matr\u00edcula oficial amb devoluci\u00f3 de taxes suposa L&#8217;ANUL\u00b7LACI\u00d3 DE LA MATR\u00cdCULA a tots els efectes i a l&#8217;exclusi\u00f3 de la matr\u00edcula de l&#8217;expedient acad\u00e8mic de l&#8217;alumne\/a i, per tant, LA REN\u00daNCIA A LA PLA\u00c7A PER PART DE L&#8217;ALUMNE\/A.<\/p>\n<p><strong>Retorn import material 30\u20ac<\/strong><\/p>\n<p>Abans d\u2019omplir formulari de sol\u00b7licitud devoluci\u00f3 de taxes cal tenir en compte:<\/p>\n<ul>\n<li>L\u2019import del preu p\u00fablic abonat en concepte de \u201cMaterial, corresponent a\u00a0 l\u2019acc\u00e9s a la plataforma i materials did\u00e0ctics\u201d (exemple: 30\u20ac; 15\u20ac &#8230;) no cal especificar-lo i us ser\u00e0 abonat per part de l\u2019EOI a partir del mes de novembre fent arribar la seg\u00fcnet sol\u00b7licitud a l&#8217;escola.<\/li>\n<\/ul>\n<p><a href=\"https:\/\/agora-eoi.xtec.cat\/eoiamposta\/wp-content\/uploads\/usu2961\/2022\/11\/Sollicitud_de_devolucio_material_Amposta.pdf\">Sol\u00b7licitud retorn import material 30\u20ac (a presentar a l&#8217;EOI d&#8217;Amposta)<\/a><\/p>\n","protected":false},"excerpt":{"rendered":"<p>Les taxes o preus p\u00fablics de la matr\u00edcula a les EOI nom\u00e9s es poden retornar en els sup\u00f2sits que s&#8217;indiquen a continuaci\u00f3 i dins dels terminis que, quan escau, s&#8217;assenyalen: Ren\u00fancia amb dret a devoluci\u00f3 de taxes per a la matr\u00edcula de cursos extensius fins al 10 d&#8217;octubre. Ren\u00fancia a la inscripci\u00f3 a les\u00a0proves lliures\u00a0per [&hellip;]<\/p>\n","protected":false},"author":1,"featured_media":0,"parent":0,"menu_order":0,"comment_status":"closed","ping_status":"closed","template":"","meta":{"_bbp_topic_count":0,"_bbp_reply_count":0,"_bbp_total_topic_count":0,"_bbp_total_reply_count":0,"_bbp_voice_count":0,"_bbp_anonymous_reply_count":0,"_bbp_topic_count_hidden":0,"_bbp_reply_count_hidden":0,"_bbp_forum_subforum_count":0,"site-sidebar-layout":"default","site-content-layout":"","ast-site-content-layout":"","site-content-style":"default","site-sidebar-style":"default","ast-global-header-display":"","ast-banner-title-visibility":"","ast-main-header-display":"","ast-hfb-above-header-display":"","ast-hfb-below-header-display":"","ast-hfb-mobile-header-display":"","site-post-title":"","ast-breadcrumbs-content":"","ast-featured-img":"","footer-sml-layout":"","theme-transparent-header-meta":"","adv-header-id-meta":"","stick-header-meta":"","header-above-stick-meta":"","header-main-stick-meta":"","header-below-stick-meta":"","astra-migrate-meta-layouts":"default","ast-page-background-enabled":"default","ast-page-background-meta":{"desktop":{"background-color":"var(--ast-global-color-4)","background-image":"","background-repeat":"repeat","background-position":"center center","background-size":"auto","background-attachment":"scroll","background-type":"","background-media":"","overlay-type":"","overlay-color":"","overlay-opacity":"","overlay-gradient":""},"tablet":{"background-color":"","background-image":"","background-repeat":"repeat","background-position":"center center","background-size":"auto","background-attachment":"scroll","background-type":"","background-media":"","overlay-type":"","overlay-color":"","overlay-opacity":"","overlay-gradient":""},"mobile":{"background-color":"","background-image":"","background-repeat":"repeat","background-position":"center center","background-size":"auto","background-attachment":"scroll","background-type":"","background-media":"","overlay-type":"","overlay-color":"","overlay-opacity":"","overlay-gradient":""}},"ast-content-background-meta":{"desktop":{"background-color":"var(--ast-global-color-5)","background-image":"","background-repeat":"repeat","background-position":"center center","background-size":"auto","background-attachment":"scroll","background-type":"","background-media":"","overlay-type":"","overlay-color":"","overlay-opacity":"","overlay-gradient":""},"tablet":{"background-color":"var(--ast-global-color-5)","background-image":"","background-repeat":"repeat","background-position":"center center","background-size":"auto","background-attachment":"scroll","background-type":"","background-media":"","overlay-type":"","overlay-color":"","overlay-opacity":"","overlay-gradient":""},"mobile":{"background-color":"var(--ast-global-color-5)","background-image":"","background-repeat":"repeat","background-position":"center center","background-size":"auto","background-attachment":"scroll","background-type":"","background-media":"","overlay-type":"","overlay-color":"","overlay-opacity":"","overlay-gradient":""}},"footnotes":""},"class_list":["post-257","page","type-page","status-publish","hentry"],"post_mailing_queue_ids":[],"_links":{"self":[{"href":"https:\/\/agora-eoi.xtec.cat\/eoiamposta\/wp-json\/wp\/v2\/pages\/257","targetHints":{"allow":["GET"]}}],"collection":[{"href":"https:\/\/agora-eoi.xtec.cat\/eoiamposta\/wp-json\/wp\/v2\/pages"}],"about":[{"href":"https:\/\/agora-eoi.xtec.cat\/eoiamposta\/wp-json\/wp\/v2\/types\/page"}],"author":[{"embeddable":true,"href":"https:\/\/agora-eoi.xtec.cat\/eoiamposta\/wp-json\/wp\/v2\/users\/1"}],"replies":[{"embeddable":true,"href":"https:\/\/agora-eoi.xtec.cat\/eoiamposta\/wp-json\/wp\/v2\/comments?post=257"}],"version-history":[{"count":2,"href":"https:\/\/agora-eoi.xtec.cat\/eoiamposta\/wp-json\/wp\/v2\/pages\/257\/revisions"}],"predecessor-version":[{"id":10374,"href":"https:\/\/agora-eoi.xtec.cat\/eoiamposta\/wp-json\/wp\/v2\/pages\/257\/revisions\/10374"}],"wp:attachment":[{"href":"https:\/\/agora-eoi.xtec.cat\/eoiamposta\/wp-json\/wp\/v2\/media?parent=257"}],"curies":[{"name":"wp","href":"https:\/\/api.w.org\/{rel}","templated":true}]}}