{"id":253,"date":"2018-01-15T17:05:11","date_gmt":"2018-01-15T17:05:11","guid":{"rendered":"http:\/\/eoiamposta.cat\/?page_id=253"},"modified":"2025-07-11T12:33:55","modified_gmt":"2025-07-11T10:33:55","slug":"permanencia-en-els-estudis","status":"publish","type":"page","link":"https:\/\/agora-eoi.xtec.cat\/eoiamposta\/permanencia-en-els-estudis\/","title":{"rendered":"Perman\u00e8ncia en els estudis"},"content":{"rendered":"<p>En cada un dels nivells b\u00e0sic, intermedi B1, intermedi B2, avan\u00e7at C1 i avan\u00e7at C2, l&#8217;alumne t\u00e9 dret a romandre matriculat en r\u00e8gim d&#8217;ensenyament oficial, modalitat presencial, durant un m\u00e0xim de cursos acad\u00e8mics equivalents al doble dels cursos de qu\u00e8 consta el nivell per a l&#8217;idioma corresponent.<\/p>\n<p>L&#8217;alumne que cursa per tercera vegada el primer curs del nivell b\u00e0sic, del nivell intermedi B2i o del nivell avan\u00e7at C2, i no el supera, no pot cursar-lo una altra vegada.<\/p>\n<p>Per cursar per tercera vegada el primer curs del nivell b\u00e0sic, del nivell intermedi B2 o del nivell avan\u00e7at C2 (nom\u00e9s en el cas d&#8217;angl\u00e8s), l&#8217;alumne ha de demanar-ho al director o directora de l&#8217;escola, que ha de valorar les circumst\u00e0ncies al\u00b7legades per l&#8217;alumne en la sol\u00b7licitud i el proc\u00e9s d&#8217;aprenentatge seguit per l&#8217;alumne al llarg dels dos cursos realitzats.<\/p>\n<p>L&#8217;alumne que accedeix directament al segon curs del nivell b\u00e0sic o al segon curs del nivell intermedi B2, el pot cursar un m\u00e0xim de dues vegades.<\/p>\n<p>En casos excepcionals, que ha de valorar el director o directora de l&#8217;escola i sempre que no representi fer el mateix curs per quarta vegada, el director o directora pot autoritzar la repetici\u00f3 o perman\u00e8ncia d&#8217;un curs m\u00e9s en r\u00e8gim oficial presencial a l&#8217;alumne que ho sol\u00b7liciti, quan ja hagi superat el nombre m\u00e0xim de cursos de perman\u00e8ncia autoritzats amb car\u00e0cter general per al nivell corresponent. Es pot concedir una \u00fanica convocat\u00f2ria addicional per nivell.<\/p>\n<p><strong>PROCEDIMENT PER DEMANAR UNA CONVOCAT\u00d2RIA ADDICIONAL:<\/strong><\/p>\n<p>Cal presentar una\u00a0<a href=\"https:\/\/agora-eoi.xtec.cat\/eoiamposta\/wp-content\/uploads\/usu2961\/2023\/07\/SOL\u00b7LICITUD-GENERAL_BONA_educacio-1.pdf\" target=\"_blank\" rel=\"noopener\">sol\u00b7licitud<\/a>\u00a0a la secretaria del centre dirigida a la directora. A la sol\u00b7licitud s&#8217;hauran de justificar les circumst\u00e0ncies sota les quals es demana una convocat\u00f2ria addicional. L&#8217;alumne\/a rebr\u00e0 la resposta per correu ordinari abans del per\u00edode de formalitzaci\u00f3 de la matr\u00edcula.<\/p>\n<p><strong>TERMINI<\/strong>: fins al dia <strong>11 de juliol de 2025.<\/strong><\/p>\n<p>La direcci\u00f3 de l&#8217;escola resoldr\u00e0 la sol\u00b7licitud considerant l&#8217;expedient i les circumst\u00e0ncies de l&#8217;alumne\/a.<\/p>\n<p><strong>MATR\u00cdCULA<\/strong>: En cas que es concedeixi, se l&#8217;informar\u00e0 a l&#8217;alumne de la data en la qual s&#8217;haur\u00e0 de matricular.<\/p>\n<p>Si no es concedeix la convocat\u00f2ria addicional o b\u00e9 l&#8217;alumne\/a opta per no sol\u00b7licitar-la, sempre podr\u00e0, si aix\u00ed ho decideix, examinar-se en\u00a0<strong>r\u00e8gim lliure<\/strong>\u00a0de les proves de certificat del nivell intermedi, avan\u00e7at i\/o nivell C1.<\/p>\n","protected":false},"excerpt":{"rendered":"<p>En cada un dels nivells b\u00e0sic, intermedi B1, intermedi B2, avan\u00e7at C1 i avan\u00e7at C2, l&#8217;alumne t\u00e9 dret a romandre matriculat en r\u00e8gim d&#8217;ensenyament oficial, modalitat presencial, durant un m\u00e0xim de cursos acad\u00e8mics equivalents al doble dels cursos de qu\u00e8 consta el nivell per a l&#8217;idioma corresponent. L&#8217;alumne que cursa per tercera vegada el primer [&hellip;]<\/p>\n","protected":false},"author":1,"featured_media":0,"parent":0,"menu_order":0,"comment_status":"closed","ping_status":"closed","template":"","meta":{"_bbp_topic_count":0,"_bbp_reply_count":0,"_bbp_total_topic_count":0,"_bbp_total_reply_count":0,"_bbp_voice_count":0,"_bbp_anonymous_reply_count":0,"_bbp_topic_count_hidden":0,"_bbp_reply_count_hidden":0,"_bbp_forum_subforum_count":0,"site-sidebar-layout":"default","site-content-layout":"","ast-site-content-layout":"","site-content-style":"default","site-sidebar-style":"default","ast-global-header-display":"","ast-banner-title-visibility":"","ast-main-header-display":"","ast-hfb-above-header-display":"","ast-hfb-below-header-display":"","ast-hfb-mobile-header-display":"","site-post-title":"","ast-breadcrumbs-content":"","ast-featured-img":"","footer-sml-layout":"","theme-transparent-header-meta":"","adv-header-id-meta":"","stick-header-meta":"","header-above-stick-meta":"","header-main-stick-meta":"","header-below-stick-meta":"","astra-migrate-meta-layouts":"default","ast-page-background-enabled":"default","ast-page-background-meta":{"desktop":{"background-color":"var(--ast-global-color-4)","background-image":"","background-repeat":"repeat","background-position":"center center","background-size":"auto","background-attachment":"scroll","background-type":"","background-media":"","overlay-type":"","overlay-color":"","overlay-opacity":"","overlay-gradient":""},"tablet":{"background-color":"","background-image":"","background-repeat":"repeat","background-position":"center center","background-size":"auto","background-attachment":"scroll","background-type":"","background-media":"","overlay-type":"","overlay-color":"","overlay-opacity":"","overlay-gradient":""},"mobile":{"background-color":"","background-image":"","background-repeat":"repeat","background-position":"center center","background-size":"auto","background-attachment":"scroll","background-type":"","background-media":"","overlay-type":"","overlay-color":"","overlay-opacity":"","overlay-gradient":""}},"ast-content-background-meta":{"desktop":{"background-color":"var(--ast-global-color-5)","background-image":"","background-repeat":"repeat","background-position":"center center","background-size":"auto","background-attachment":"scroll","background-type":"","background-media":"","overlay-type":"","overlay-color":"","overlay-opacity":"","overlay-gradient":""},"tablet":{"background-color":"var(--ast-global-color-5)","background-image":"","background-repeat":"repeat","background-position":"center center","background-size":"auto","background-attachment":"scroll","background-type":"","background-media":"","overlay-type":"","overlay-color":"","overlay-opacity":"","overlay-gradient":""},"mobile":{"background-color":"var(--ast-global-color-5)","background-image":"","background-repeat":"repeat","background-position":"center center","background-size":"auto","background-attachment":"scroll","background-type":"","background-media":"","overlay-type":"","overlay-color":"","overlay-opacity":"","overlay-gradient":""}},"footnotes":""},"class_list":["post-253","page","type-page","status-publish","hentry"],"post_mailing_queue_ids":[],"_links":{"self":[{"href":"https:\/\/agora-eoi.xtec.cat\/eoiamposta\/wp-json\/wp\/v2\/pages\/253","targetHints":{"allow":["GET"]}}],"collection":[{"href":"https:\/\/agora-eoi.xtec.cat\/eoiamposta\/wp-json\/wp\/v2\/pages"}],"about":[{"href":"https:\/\/agora-eoi.xtec.cat\/eoiamposta\/wp-json\/wp\/v2\/types\/page"}],"author":[{"embeddable":true,"href":"https:\/\/agora-eoi.xtec.cat\/eoiamposta\/wp-json\/wp\/v2\/users\/1"}],"replies":[{"embeddable":true,"href":"https:\/\/agora-eoi.xtec.cat\/eoiamposta\/wp-json\/wp\/v2\/comments?post=253"}],"version-history":[{"count":1,"href":"https:\/\/agora-eoi.xtec.cat\/eoiamposta\/wp-json\/wp\/v2\/pages\/253\/revisions"}],"predecessor-version":[{"id":10308,"href":"https:\/\/agora-eoi.xtec.cat\/eoiamposta\/wp-json\/wp\/v2\/pages\/253\/revisions\/10308"}],"wp:attachment":[{"href":"https:\/\/agora-eoi.xtec.cat\/eoiamposta\/wp-json\/wp\/v2\/media?parent=253"}],"curies":[{"name":"wp","href":"https:\/\/api.w.org\/{rel}","templated":true}]}}