{"id":251,"date":"2018-01-15T17:04:42","date_gmt":"2018-01-15T17:04:42","guid":{"rendered":"http:\/\/eoiamposta.cat\/?page_id=251"},"modified":"2018-01-15T17:04:42","modified_gmt":"2018-01-15T17:04:42","slug":"canvis-dhorari","status":"publish","type":"page","link":"https:\/\/agora-eoi.xtec.cat\/eoiamposta\/canvis-dhorari\/","title":{"rendered":"Canvis d&#8217;horari"},"content":{"rendered":"<p>Un cop formalitzada una matr\u00edcula oficial s&#8217;admetran canvis a l&#8217;horari assignat d&#8217;acord amb les seg\u00fcents condicions:<\/p>\n<ul>\n<li>Quan una vegada feta la matr\u00edcula a l&#8217;EOI Amposta es tingui un horari incompatible, laboral o acad\u00e8mic.<\/li>\n<li>Nom\u00e9s es podran concedir canvis a l&#8217;horari assignat si hi ha places vacants; l&#8217;alumnat interessat haur\u00e0 de presentar una\u00a0<a href=\"https:\/\/agora-eoi.xtec.cat\/eoiamposta\/wp-content\/uploads\/usu2961\/2023\/07\/SOL\u00b7LICITUD-GENERAL_BONA_educacio-1.pdf\" target=\"_blank\" rel=\"noopener\">sol.licitud<\/a>\u00a0a secretaria dintre els terminis establerts (des de setembre fins a finals d&#8217;octubre).<\/li>\n<li>Les inst\u00e0ncies es classificaran per idioma i horari sol\u00b7licitat i tindran un n\u00famero d&#8217;ordre; es resoldran a mesura que vagin sorgint les condicions per tal que es puguin concedir i es notificaran a l&#8217;interessat\/ada.<\/li>\n<li>El canvi ser\u00e0 oficial i definitiu per a la resta de curs.<\/li>\n<\/ul>\n","protected":false},"excerpt":{"rendered":"<p>Un cop formalitzada una matr\u00edcula oficial s&#8217;admetran canvis a l&#8217;horari assignat d&#8217;acord amb les seg\u00fcents condicions: Quan una vegada feta la matr\u00edcula a l&#8217;EOI Amposta es tingui un horari incompatible, laboral o acad\u00e8mic. Nom\u00e9s es podran concedir canvis a l&#8217;horari assignat si hi ha places vacants; l&#8217;alumnat interessat haur\u00e0 de presentar una\u00a0sol.licitud\u00a0a secretaria dintre els [&hellip;]<\/p>\n","protected":false},"author":1,"featured_media":0,"parent":0,"menu_order":0,"comment_status":"closed","ping_status":"closed","template":"","meta":{"_bbp_topic_count":0,"_bbp_reply_count":0,"_bbp_total_topic_count":0,"_bbp_total_reply_count":0,"_bbp_voice_count":0,"_bbp_anonymous_reply_count":0,"_bbp_topic_count_hidden":0,"_bbp_reply_count_hidden":0,"_bbp_forum_subforum_count":0,"site-sidebar-layout":"default","site-content-layout":"","ast-site-content-layout":"","site-content-style":"default","site-sidebar-style":"default","ast-global-header-display":"","ast-banner-title-visibility":"","ast-main-header-display":"","ast-hfb-above-header-display":"","ast-hfb-below-header-display":"","ast-hfb-mobile-header-display":"","site-post-title":"","ast-breadcrumbs-content":"","ast-featured-img":"","footer-sml-layout":"","theme-transparent-header-meta":"","adv-header-id-meta":"","stick-header-meta":"","header-above-stick-meta":"","header-main-stick-meta":"","header-below-stick-meta":"","astra-migrate-meta-layouts":"default","ast-page-background-enabled":"default","ast-page-background-meta":{"desktop":{"background-color":"var(--ast-global-color-4)","background-image":"","background-repeat":"repeat","background-position":"center center","background-size":"auto","background-attachment":"scroll","background-type":"","background-media":"","overlay-type":"","overlay-color":"","overlay-opacity":"","overlay-gradient":""},"tablet":{"background-color":"","background-image":"","background-repeat":"repeat","background-position":"center center","background-size":"auto","background-attachment":"scroll","background-type":"","background-media":"","overlay-type":"","overlay-color":"","overlay-opacity":"","overlay-gradient":""},"mobile":{"background-color":"","background-image":"","background-repeat":"repeat","background-position":"center center","background-size":"auto","background-attachment":"scroll","background-type":"","background-media":"","overlay-type":"","overlay-color":"","overlay-opacity":"","overlay-gradient":""}},"ast-content-background-meta":{"desktop":{"background-color":"var(--ast-global-color-5)","background-image":"","background-repeat":"repeat","background-position":"center center","background-size":"auto","background-attachment":"scroll","background-type":"","background-media":"","overlay-type":"","overlay-color":"","overlay-opacity":"","overlay-gradient":""},"tablet":{"background-color":"var(--ast-global-color-5)","background-image":"","background-repeat":"repeat","background-position":"center center","background-size":"auto","background-attachment":"scroll","background-type":"","background-media":"","overlay-type":"","overlay-color":"","overlay-opacity":"","overlay-gradient":""},"mobile":{"background-color":"var(--ast-global-color-5)","background-image":"","background-repeat":"repeat","background-position":"center center","background-size":"auto","background-attachment":"scroll","background-type":"","background-media":"","overlay-type":"","overlay-color":"","overlay-opacity":"","overlay-gradient":""}},"footnotes":""},"class_list":["post-251","page","type-page","status-publish","hentry"],"post_mailing_queue_ids":[],"_links":{"self":[{"href":"https:\/\/agora-eoi.xtec.cat\/eoiamposta\/wp-json\/wp\/v2\/pages\/251","targetHints":{"allow":["GET"]}}],"collection":[{"href":"https:\/\/agora-eoi.xtec.cat\/eoiamposta\/wp-json\/wp\/v2\/pages"}],"about":[{"href":"https:\/\/agora-eoi.xtec.cat\/eoiamposta\/wp-json\/wp\/v2\/types\/page"}],"author":[{"embeddable":true,"href":"https:\/\/agora-eoi.xtec.cat\/eoiamposta\/wp-json\/wp\/v2\/users\/1"}],"replies":[{"embeddable":true,"href":"https:\/\/agora-eoi.xtec.cat\/eoiamposta\/wp-json\/wp\/v2\/comments?post=251"}],"version-history":[{"count":0,"href":"https:\/\/agora-eoi.xtec.cat\/eoiamposta\/wp-json\/wp\/v2\/pages\/251\/revisions"}],"wp:attachment":[{"href":"https:\/\/agora-eoi.xtec.cat\/eoiamposta\/wp-json\/wp\/v2\/media?parent=251"}],"curies":[{"name":"wp","href":"https:\/\/api.w.org\/{rel}","templated":true}]}}