{"id":244,"date":"2018-01-15T17:02:06","date_gmt":"2018-01-15T17:02:06","guid":{"rendered":"http:\/\/eoiamposta.cat\/?page_id=244"},"modified":"2025-07-11T12:17:06","modified_gmt":"2025-07-11T10:17:06","slug":"assistencia-a-classe-2-2","status":"publish","type":"page","link":"https:\/\/agora-eoi.xtec.cat\/eoiamposta\/assistencia-a-classe-2-2\/","title":{"rendered":"Assist\u00e8ncia a classe"},"content":{"rendered":"<p>L&#8217;assist\u00e8ncia dels alumnes a les classes \u00e9s obligat\u00f2ria (art. 22.1.1 de la Llei d&#8217;educaci\u00f3).<\/p>\n<p>Pel que fa a les normes d&#8217;organitzaci\u00f3 i funcionament del centre, s&#8217;establir\u00e0 un sistema de seguiment i control d&#8217;assist\u00e8ncia dels alumnes que prevegi els aspectes seg\u00fcents:<\/p>\n<ul>\n<li>Hi haur\u00e0 un control diari de l&#8217;assist\u00e8ncia de l&#8217;alumne\/a a classe per part del professor corresponent, i la comunicaci\u00f3 del professor a la direcci\u00f3 del centre de les faltes d&#8217;assist\u00e8ncia dels\/les alumnes.<br \/>\n<header class=\"entry-header\"><\/header>\n<div class=\"entry-content\">\n<p>Aquells alumnes que un cop matriculats no assisteixin a classe, han de saber que, pel fet d\u2019haver abonat dins de l\u2019import de la matr\u00edcula, les taxes de drets d\u2019ex\u00e0mens,\u00a0<strong>conserven igualment el dret a presentar-se a la prova de final de curs<\/strong>. Ser\u00e0 per\u00f2, responsabilitat de l\u2019alumne assabentar-se de les dates d\u2019examen i de tot all\u00f2 que fa refer\u00e8ncia al sistema d\u2019avaluaci\u00f3.<\/p>\n<\/div>\n<\/li>\n<li>Com a conseq\u00fc\u00e8ncia de les faltes d&#8217;assist\u00e8ncia, l&#8217;alumne pot perdre el dret a l&#8217;avaluaci\u00f3 cont\u00ednua (A1, A2 i B2.1): en cas que tingui abs\u00e8ncies superiors al 35% del temps lectiu. A aquests alumnes nom\u00e9s se&#8217;ls avaluar\u00e0 la prova de final de curs.<\/li>\n<\/ul>\n<p><strong>Alumnes menors d&#8217;edat<\/strong><\/p>\n<p>Pare, mare o tutor legal,<\/p>\n<p>Atesa la minoria d\u2019edat del vostre\/a fill\/a, us informem que els estudis impartits a les Escoles Oficials d\u2019Idiomes s\u00f3n estudis postobligatoris, la qual cosa comporta que en cas d\u2019abs\u00e8ncia del professor, els alumnes no tenen professor tutor ni professor de gu\u00e0rdia que pugui vigilar-los.<\/p>\n<p>IMPORTANT: Durant la primera setmana de classe, retorneu a Secretaria aquesta circular degudament signada, en la qual us doneu per assabentats d\u2019aquesta situaci\u00f3 i alhora doneu les instruccions d\u2019actuaci\u00f3 al vostre fill\/a en cas d\u2019abs\u00e8ncia del professor.<\/p>\n<p><a href=\"https:\/\/agora-eoi.xtec.cat\/eoiamposta\/wp-content\/uploads\/usu2961\/2023\/09\/Circular_pares_alumnes_menors_curs_2023-24.pdf\">CIRCULAR PARES\/MARES\/TUTORS D\u2019ALUMNES MENORS<\/a><\/p>\n<p><b>En cas que l\u2019alumne NO pugui assistir a una classe o hagi d\u2019arribar m\u00e9s tard de classe o sortir abans d\u2019hora, haur\u00e0 de portar signat un justificant d\u2019abs\u00e8ncia que s\u2019haur\u00e0 de descarregar del drive.\u00a0<\/b><\/p>\n<p><a href=\"https:\/\/docs.google.com\/document\/d\/1M537DN1_RhEqypQbiQBCymjUR92qDfLl\/edit?usp=sharing&amp;ouid=107118379156283170245&amp;rtpof=true&amp;sd=true\">Descarregar Justificant\u00a0<\/a><i>Instruccions: heu d\u2019anar a ARCHIVO-DESCARGAR (ho descarregueu en format WORD al vostre ordinador) l\u2019editeu i ens ho feu arribar presencialment o al correu del professor\/a.\u00a0<\/i><a href=\"https:\/\/agora-eoi.xtec.cat\/eoiamposta\/el-servei-educatiu\/el-nostre-equip\/\"><i>Correus dels professors\/es aqu\u00ed.<\/i><\/a><\/p>\n<p>Per altra banda, el professor\/a far\u00e0 un seguiment de l\u2019assist\u00e8ncia de l\u2019alumne\/a menor d\u2019edat, que podreu consultar a trav\u00e9s de\u00a0<a href=\"https:\/\/www.informaticacentros.com\/centrosnet\/ultralogin.php?tcentro=EOI&amp;centro=T07&amp;idioma=1\"><b>CENTROS-NET<\/b><\/a>\u00a0di\u00e0riament.<\/p>\n<p><i>A l\u2019USUARI heu d\u2019introduir la vostra data de naixement seguint aquest model: 00\/00\/0000 i a la CONTRASENYA, el vostre DNI (sense lletra).<\/i><\/p>\n<p>Tamb\u00e9 es podr\u00e0 concertar cita pr\u00e8via amb el\/la professor\/a corresponent, per\u00f2 heu de saber que a partir d\u2019ara\u00a0<b>no es truca ni s\u2019escriu als pares<\/b>, tal i com passa en els ensenyaments reglats o obligatoris. Excepcionalment, el\/la tutor\/a us enviar\u00e0 un correu en cas d\u2019abs\u00e8ncies reiterades.<\/p>\n<p>Aix\u00ed mateix, us recordem que per tal de tenir dret a l\u2019avaluaci\u00f3 cont\u00ednua no es pot tenir m\u00e9s d\u2019un 35 % de faltes d\u2019assist\u00e8ncia.<\/p>\n<p>Si su plau, llegiu els seg\u00fcents sup\u00f2sits en el cas d\u2019abs\u00e8ncies amb les actuacions i mitjans pertinents:<\/p>\n<table>\n<tbody>\n<tr>\n<td><b>SUP\u00d2SITS<\/b><\/td>\n<td><b>ACTUACIONS<\/b><\/td>\n<td><b>MITJANS DE COMUNICACI\u00d3<\/b><\/td>\n<\/tr>\n<tr>\n<td>\n<ol>\n<li aria-level=\"1\">Abs\u00e8ncia del professor\/a i\/o incid\u00e8ncia al centre.<\/li>\n<\/ol>\n<\/td>\n<td>El\/la professor\/a ho comunicar\u00e0 a l\u2019alumne\u00a0i al pare\/mare\/tutors\u00a0per correu electr\u00f2nic.<\/p>\n<p>L\u2019escola ho publicar\u00e0 al web.<\/td>\n<td>\n<ul>\n<li aria-level=\"1\">Correu electr\u00f2nic<\/li>\n<\/ul>\n<ul>\n<li aria-level=\"1\">Plataforma Moodle<\/li>\n<\/ul>\n<ul>\n<li aria-level=\"1\"><a href=\"https:\/\/agora-eoi.xtec.cat\/eoiamposta\/absencies-del-professorat\/\">Web del centre (abs\u00e8ncies del professorat \u2013 part esquerra a la portada de la web)<\/a><\/li>\n<\/ul>\n<\/td>\n<\/tr>\n<tr>\n<td>2. Abs\u00e8ncia imprevista de l\u2019alumne\/a (malaltia, urg\u00e8ncia, etc).<\/td>\n<td>El pare\/mare\/tutor\/a ho haur\u00e0 de comunicar al profesor\/a per correu electr\u00f2nic.\u00a0<a href=\"https:\/\/agora-eoi.xtec.cat\/eoiamposta\/el-servei-educatiu\/el-nostre-equip\/\">Correus del professorat.<\/a><\/p>\n<p>El\/la professor\/a introduir\u00e0 la falta d\u2019assist\u00e8ncia a l\u2019aplicaci\u00f3 Centros-Net<\/td>\n<td>\n<ul>\n<li aria-level=\"1\">Correu electr\u00f2nic del professor\/a:\u00a0<a href=\"https:\/\/agora-eoi.xtec.cat\/eoiamposta\/el-servei-educatiu\/el-nostre-equip\/\">Correus del professorat.<\/a><\/li>\n<\/ul>\n<ul>\n<li aria-level=\"1\"><a href=\"https:\/\/www.informaticacentros.com\/centrosnet\/ultralogin.php?tcentro=EOI&amp;centro=T07\">Aplicaci\u00f3 Centros-Net.<\/a><\/li>\n<\/ul>\n<\/td>\n<\/tr>\n<tr>\n<td>3. Abs\u00e8ncia de l\u2019alumne\/a amb antelaci\u00f3 (ex\u00e0mens, viatges, motius justificats prevists amb temps).<\/td>\n<td>El pare\/mare\/tutor haur\u00e0 d\u2019emplenar el seg\u00fcent justificant, signar-lo i fer-lo arribar al professor\/a per correu electr\u00f2nic o que l\u2019alumne el\u00a0 lliure en m\u00e0 a clase.<\/p>\n<p><a href=\"https:\/\/docs.google.com\/document\/d\/1M537DN1_RhEqypQbiQBCymjUR92qDfLl\/edit?usp=sharing&amp;ouid=107118379156283170245&amp;rtpof=true&amp;sd=true\">Descarregar Justificant\u00a0<\/a><\/p>\n<p><i>Instruccions: heu d\u2019anar a ARCHIVO-DESCARGAR (ho descarregueu en format WORD al vostre ordinador) l\u2019editeu i ens ho feu arribar presencialment o al correu del professor\/a.\u00a0<\/i><\/p>\n<p><a href=\"https:\/\/agora-eoi.xtec.cat\/eoiamposta\/el-servei-educatiu\/el-nostre-equip\/\"><i>Correus dels professors\/es aqu\u00ed.<\/i><\/a><\/td>\n<td>\n<ul>\n<li aria-level=\"1\">Correu electr\u00f2nic del professor\/a:\u00a0<a href=\"https:\/\/agora-eoi.xtec.cat\/eoiamposta\/el-servei-educatiu\/el-nostre-equip\/\">Correus del professorat.<\/a><\/li>\n<\/ul>\n<ul>\n<li aria-level=\"1\">Lliurat presencialment al professor\/a a classe amb anterioritat a la falta.<\/li>\n<\/ul>\n<\/td>\n<\/tr>\n<tr>\n<td>4. L\u2019alumne\/a menor haur\u00e0 d\u2019arribar m\u00e9s tard a classe o sortir abans d\u2019hora.<\/td>\n<td>El pare\/mare\/tutor haur\u00e0 d\u2019emplenar el seg\u00fcent justificant, signar-lo i fer-lo arribar al professor\/a per correu electr\u00f2nic o que l\u2019alumne el lliure en m\u00e0 a clase.<\/p>\n<p><a href=\"https:\/\/docs.google.com\/document\/d\/1M537DN1_RhEqypQbiQBCymjUR92qDfLl\/edit?usp=sharing&amp;ouid=107118379156283170245&amp;rtpof=true&amp;sd=true\">Descarregar Justificant\u00a0<\/a><\/p>\n<p><i>Instruccions: heu d\u2019anar a ARCHIVO-DESCARGAR (ho descarregueu en format WORD al vostre ordinador) l\u2019editeu i ens ho feu arribar presencialment o al correu del professor\/a.\u00a0<\/i><\/p>\n<p><a href=\"https:\/\/agora-eoi.xtec.cat\/eoiamposta\/el-servei-educatiu\/el-nostre-equip\/\"><i>Correus dels professors\/es aqu\u00ed.<\/i><\/a><\/td>\n<td>\n<ul>\n<li aria-level=\"1\">Correu electr\u00f2nic del professor\/a:\u00a0<a href=\"https:\/\/agora-eoi.xtec.cat\/eoiamposta\/el-servei-educatiu\/el-nostre-equip\/\">Correus del professorat.<\/a><\/li>\n<\/ul>\n<ul>\n<li aria-level=\"1\">Lliurat presencialment al professor\/a a classe amb anterioritat a la falta.<\/li>\n<\/ul>\n<\/td>\n<\/tr>\n<\/tbody>\n<\/table>\n<p>&nbsp;<\/p>\n","protected":false},"excerpt":{"rendered":"<p>L&#8217;assist\u00e8ncia dels alumnes a les classes \u00e9s obligat\u00f2ria (art. 22.1.1 de la Llei d&#8217;educaci\u00f3). Pel que fa a les normes d&#8217;organitzaci\u00f3 i funcionament del centre, s&#8217;establir\u00e0 un sistema de seguiment i control d&#8217;assist\u00e8ncia dels alumnes que prevegi els aspectes seg\u00fcents: Hi haur\u00e0 un control diari de l&#8217;assist\u00e8ncia de l&#8217;alumne\/a a classe per part del professor [&hellip;]<\/p>\n","protected":false},"author":1,"featured_media":0,"parent":0,"menu_order":0,"comment_status":"closed","ping_status":"closed","template":"","meta":{"_bbp_topic_count":0,"_bbp_reply_count":0,"_bbp_total_topic_count":0,"_bbp_total_reply_count":0,"_bbp_voice_count":0,"_bbp_anonymous_reply_count":0,"_bbp_topic_count_hidden":0,"_bbp_reply_count_hidden":0,"_bbp_forum_subforum_count":0,"site-sidebar-layout":"default","site-content-layout":"","ast-site-content-layout":"","site-content-style":"default","site-sidebar-style":"default","ast-global-header-display":"","ast-banner-title-visibility":"","ast-main-header-display":"","ast-hfb-above-header-display":"","ast-hfb-below-header-display":"","ast-hfb-mobile-header-display":"","site-post-title":"","ast-breadcrumbs-content":"","ast-featured-img":"","footer-sml-layout":"","theme-transparent-header-meta":"","adv-header-id-meta":"","stick-header-meta":"","header-above-stick-meta":"","header-main-stick-meta":"","header-below-stick-meta":"","astra-migrate-meta-layouts":"default","ast-page-background-enabled":"default","ast-page-background-meta":{"desktop":{"background-color":"var(--ast-global-color-4)","background-image":"","background-repeat":"repeat","background-position":"center center","background-size":"auto","background-attachment":"scroll","background-type":"","background-media":"","overlay-type":"","overlay-color":"","overlay-opacity":"","overlay-gradient":""},"tablet":{"background-color":"","background-image":"","background-repeat":"repeat","background-position":"center center","background-size":"auto","background-attachment":"scroll","background-type":"","background-media":"","overlay-type":"","overlay-color":"","overlay-opacity":"","overlay-gradient":""},"mobile":{"background-color":"","background-image":"","background-repeat":"repeat","background-position":"center center","background-size":"auto","background-attachment":"scroll","background-type":"","background-media":"","overlay-type":"","overlay-color":"","overlay-opacity":"","overlay-gradient":""}},"ast-content-background-meta":{"desktop":{"background-color":"var(--ast-global-color-5)","background-image":"","background-repeat":"repeat","background-position":"center center","background-size":"auto","background-attachment":"scroll","background-type":"","background-media":"","overlay-type":"","overlay-color":"","overlay-opacity":"","overlay-gradient":""},"tablet":{"background-color":"var(--ast-global-color-5)","background-image":"","background-repeat":"repeat","background-position":"center center","background-size":"auto","background-attachment":"scroll","background-type":"","background-media":"","overlay-type":"","overlay-color":"","overlay-opacity":"","overlay-gradient":""},"mobile":{"background-color":"var(--ast-global-color-5)","background-image":"","background-repeat":"repeat","background-position":"center center","background-size":"auto","background-attachment":"scroll","background-type":"","background-media":"","overlay-type":"","overlay-color":"","overlay-opacity":"","overlay-gradient":""}},"footnotes":""},"class_list":["post-244","page","type-page","status-publish","hentry"],"post_mailing_queue_ids":[],"_links":{"self":[{"href":"https:\/\/agora-eoi.xtec.cat\/eoiamposta\/wp-json\/wp\/v2\/pages\/244","targetHints":{"allow":["GET"]}}],"collection":[{"href":"https:\/\/agora-eoi.xtec.cat\/eoiamposta\/wp-json\/wp\/v2\/pages"}],"about":[{"href":"https:\/\/agora-eoi.xtec.cat\/eoiamposta\/wp-json\/wp\/v2\/types\/page"}],"author":[{"embeddable":true,"href":"https:\/\/agora-eoi.xtec.cat\/eoiamposta\/wp-json\/wp\/v2\/users\/1"}],"replies":[{"embeddable":true,"href":"https:\/\/agora-eoi.xtec.cat\/eoiamposta\/wp-json\/wp\/v2\/comments?post=244"}],"version-history":[{"count":5,"href":"https:\/\/agora-eoi.xtec.cat\/eoiamposta\/wp-json\/wp\/v2\/pages\/244\/revisions"}],"predecessor-version":[{"id":10307,"href":"https:\/\/agora-eoi.xtec.cat\/eoiamposta\/wp-json\/wp\/v2\/pages\/244\/revisions\/10307"}],"wp:attachment":[{"href":"https:\/\/agora-eoi.xtec.cat\/eoiamposta\/wp-json\/wp\/v2\/media?parent=244"}],"curies":[{"name":"wp","href":"https:\/\/api.w.org\/{rel}","templated":true}]}}