{"id":146,"date":"2018-01-10T18:38:17","date_gmt":"2018-01-10T18:38:17","guid":{"rendered":"http:\/\/eoiamposta.cat\/?page_id=146"},"modified":"2018-01-10T18:38:17","modified_gmt":"2018-01-10T18:38:17","slug":"especial-10e-aniversari","status":"publish","type":"page","link":"https:\/\/agora-eoi.xtec.cat\/eoiamposta\/especial-10e-aniversari\/","title":{"rendered":"Especial 10\u00e8 aniversari"},"content":{"rendered":"<p class=\"first\">El passat 6 de maig de 2016 l\u2019Escola Oficial d\u2019idiomes d\u2019Amposta va celebrar el seu 10\u00e8 aniversari amb un acte institucional a l\u2019Auditori de la Uni\u00f3 Filharm\u00f2nica d\u2019Amposta on es va exposar un Timeline de l\u2019escola i tamb\u00e9 es va gaudir de la interpretaci\u00f3 en directe del m\u00fasic ampost\u00ed Joan Mir\u00f3. Tot seguit, la festa va continuar al Casino Recreatiu i Instructiu d\u2019Amposta amb sopar i ball.<\/p>\n<p>Des de l\u2019equip directiu volem agra\u00efr a tots i totes qui van participar en aquest dia tan especial per a la nostra escola.<\/p>\n<p><iframe loading=\"lazy\" src=\"https:\/\/player.vimeo.com\/video\/167866128\" width=\"640\" height=\"360\" frameborder=\"0\" allowfullscreen=\"allowfullscreen\"><\/iframe><\/p>\n<p>&nbsp;<\/p>\n<div class=\"fusion-page-title-bar fusion-page-title-bar-none fusion-page-title-bar-left\">\n<div class=\"fusion-page-title-row\">\n<div class=\"fusion-page-title-wrapper\">\n<div class=\"fusion-page-title-captions\">\n<h4>V\u00eddeo corporatiu EOI Amposta: \u201cLo vostre pont a noves cultures\u201d<\/h4>\n<\/div>\n<\/div>\n<\/div>\n<\/div>\n<p><iframe loading=\"lazy\" src=\"https:\/\/player.vimeo.com\/video\/165301308\" width=\"640\" height=\"360\" frameborder=\"0\" allowfullscreen=\"allowfullscreen\"><\/iframe><\/p>\n","protected":false},"excerpt":{"rendered":"<p>El passat 6 de maig de 2016 l\u2019Escola Oficial d\u2019idiomes d\u2019Amposta va celebrar el seu 10\u00e8 aniversari amb un acte institucional a l\u2019Auditori de la Uni\u00f3 Filharm\u00f2nica d\u2019Amposta on es va exposar un Timeline de l\u2019escola i tamb\u00e9 es va gaudir de la interpretaci\u00f3 en directe del m\u00fasic ampost\u00ed Joan Mir\u00f3. Tot seguit, la festa [&hellip;]<\/p>\n","protected":false},"author":1,"featured_media":0,"parent":0,"menu_order":0,"comment_status":"closed","ping_status":"closed","template":"","meta":{"_bbp_topic_count":0,"_bbp_reply_count":0,"_bbp_total_topic_count":0,"_bbp_total_reply_count":0,"_bbp_voice_count":0,"_bbp_anonymous_reply_count":0,"_bbp_topic_count_hidden":0,"_bbp_reply_count_hidden":0,"_bbp_forum_subforum_count":0,"site-sidebar-layout":"default","site-content-layout":"","ast-site-content-layout":"","site-content-style":"default","site-sidebar-style":"default","ast-global-header-display":"","ast-banner-title-visibility":"","ast-main-header-display":"","ast-hfb-above-header-display":"","ast-hfb-below-header-display":"","ast-hfb-mobile-header-display":"","site-post-title":"","ast-breadcrumbs-content":"","ast-featured-img":"","footer-sml-layout":"","theme-transparent-header-meta":"","adv-header-id-meta":"","stick-header-meta":"","header-above-stick-meta":"","header-main-stick-meta":"","header-below-stick-meta":"","astra-migrate-meta-layouts":"default","ast-page-background-enabled":"default","ast-page-background-meta":{"desktop":{"background-color":"var(--ast-global-color-4)","background-image":"","background-repeat":"repeat","background-position":"center center","background-size":"auto","background-attachment":"scroll","background-type":"","background-media":"","overlay-type":"","overlay-color":"","overlay-opacity":"","overlay-gradient":""},"tablet":{"background-color":"","background-image":"","background-repeat":"repeat","background-position":"center center","background-size":"auto","background-attachment":"scroll","background-type":"","background-media":"","overlay-type":"","overlay-color":"","overlay-opacity":"","overlay-gradient":""},"mobile":{"background-color":"","background-image":"","background-repeat":"repeat","background-position":"center center","background-size":"auto","background-attachment":"scroll","background-type":"","background-media":"","overlay-type":"","overlay-color":"","overlay-opacity":"","overlay-gradient":""}},"ast-content-background-meta":{"desktop":{"background-color":"var(--ast-global-color-5)","background-image":"","background-repeat":"repeat","background-position":"center center","background-size":"auto","background-attachment":"scroll","background-type":"","background-media":"","overlay-type":"","overlay-color":"","overlay-opacity":"","overlay-gradient":""},"tablet":{"background-color":"var(--ast-global-color-5)","background-image":"","background-repeat":"repeat","background-position":"center center","background-size":"auto","background-attachment":"scroll","background-type":"","background-media":"","overlay-type":"","overlay-color":"","overlay-opacity":"","overlay-gradient":""},"mobile":{"background-color":"var(--ast-global-color-5)","background-image":"","background-repeat":"repeat","background-position":"center center","background-size":"auto","background-attachment":"scroll","background-type":"","background-media":"","overlay-type":"","overlay-color":"","overlay-opacity":"","overlay-gradient":""}},"footnotes":""},"class_list":["post-146","page","type-page","status-publish","hentry"],"post_mailing_queue_ids":[],"_links":{"self":[{"href":"https:\/\/agora-eoi.xtec.cat\/eoiamposta\/wp-json\/wp\/v2\/pages\/146","targetHints":{"allow":["GET"]}}],"collection":[{"href":"https:\/\/agora-eoi.xtec.cat\/eoiamposta\/wp-json\/wp\/v2\/pages"}],"about":[{"href":"https:\/\/agora-eoi.xtec.cat\/eoiamposta\/wp-json\/wp\/v2\/types\/page"}],"author":[{"embeddable":true,"href":"https:\/\/agora-eoi.xtec.cat\/eoiamposta\/wp-json\/wp\/v2\/users\/1"}],"replies":[{"embeddable":true,"href":"https:\/\/agora-eoi.xtec.cat\/eoiamposta\/wp-json\/wp\/v2\/comments?post=146"}],"version-history":[{"count":0,"href":"https:\/\/agora-eoi.xtec.cat\/eoiamposta\/wp-json\/wp\/v2\/pages\/146\/revisions"}],"wp:attachment":[{"href":"https:\/\/agora-eoi.xtec.cat\/eoiamposta\/wp-json\/wp\/v2\/media?parent=146"}],"curies":[{"name":"wp","href":"https:\/\/api.w.org\/{rel}","templated":true}]}}