{"id":1325,"date":"2019-06-11T10:24:58","date_gmt":"2019-06-11T10:24:58","guid":{"rendered":"http:\/\/eoiamposta.cat\/?page_id=1325"},"modified":"2019-06-11T10:24:58","modified_gmt":"2019-06-11T10:24:58","slug":"erasmus-ka1","status":"publish","type":"page","link":"https:\/\/agora-eoi.xtec.cat\/eoiamposta\/erasmus-ka1\/","title":{"rendered":"Erasmus+ KA1"},"content":{"rendered":"<p><img loading=\"lazy\" decoding=\"async\" class=\"alignleft size-full wp-image-1326\" src=\"https:\/\/agora-eoi.xtec.cat\/eoiamposta\/wp-content\/uploads\/usu2961\/2019\/06\/Erasmus.jpg\" alt=\"\" width=\"472\" height=\"135\" srcset=\"https:\/\/agora-eoi.xtec.cat\/eoiamposta\/wp-content\/uploads\/usu2961\/2019\/06\/Erasmus.jpg 472w, https:\/\/agora-eoi.xtec.cat\/eoiamposta\/wp-content\/uploads\/usu2961\/2019\/06\/Erasmus-300x86.jpg 300w\" sizes=\"auto, (max-width: 472px) 100vw, 472px\" \/><\/p>\n<p>&nbsp;<\/p>\n<p>&nbsp;<\/p>\n<p>&nbsp;<\/p>\n<p>&nbsp;<\/p>\n<p>El projecte Erasmus+ KA104 presentat per la nostra escola ha sigut seleccionat!<\/p>\n<p><a href=\"https:\/\/agora-eoi.xtec.cat\/eoiamposta\/wp-content\/uploads\/usu2961\/2019\/06\/Resum-projecte-Erasmus-18-19_Claustre-1.pdf\">Resum del nostre projecte: Listen! Culture is talking.<\/a><\/p>\n<p><a href=\"https:\/\/www.instagram.com\/erasmus_eoiamposta\/?hl=es\">Clica aqu\u00ed per a seguir les experi\u00e8ncies de Crystal Fern\u00e1ndez Canedo a Malta i de Robert Fern\u00e1nde Hern\u00e1ndez a Edinburg!<\/a><\/p>\n","protected":false},"excerpt":{"rendered":"<p>&nbsp; &nbsp; &nbsp; &nbsp; El projecte Erasmus+ KA104 presentat per la nostra escola ha sigut seleccionat! Resum del nostre projecte: Listen! Culture is talking. Clica aqu\u00ed per a seguir les experi\u00e8ncies de Crystal Fern\u00e1ndez Canedo a Malta i de Robert Fern\u00e1nde Hern\u00e1ndez a Edinburg!<\/p>\n","protected":false},"author":1,"featured_media":0,"parent":0,"menu_order":0,"comment_status":"closed","ping_status":"closed","template":"","meta":{"_bbp_topic_count":0,"_bbp_reply_count":0,"_bbp_total_topic_count":0,"_bbp_total_reply_count":0,"_bbp_voice_count":0,"_bbp_anonymous_reply_count":0,"_bbp_topic_count_hidden":0,"_bbp_reply_count_hidden":0,"_bbp_forum_subforum_count":0,"site-sidebar-layout":"default","site-content-layout":"","ast-site-content-layout":"","site-content-style":"default","site-sidebar-style":"default","ast-global-header-display":"","ast-banner-title-visibility":"","ast-main-header-display":"","ast-hfb-above-header-display":"","ast-hfb-below-header-display":"","ast-hfb-mobile-header-display":"","site-post-title":"","ast-breadcrumbs-content":"","ast-featured-img":"","footer-sml-layout":"","theme-transparent-header-meta":"","adv-header-id-meta":"","stick-header-meta":"","header-above-stick-meta":"","header-main-stick-meta":"","header-below-stick-meta":"","astra-migrate-meta-layouts":"default","ast-page-background-enabled":"default","ast-page-background-meta":{"desktop":{"background-color":"var(--ast-global-color-4)","background-image":"","background-repeat":"repeat","background-position":"center center","background-size":"auto","background-attachment":"scroll","background-type":"","background-media":"","overlay-type":"","overlay-color":"","overlay-opacity":"","overlay-gradient":""},"tablet":{"background-color":"","background-image":"","background-repeat":"repeat","background-position":"center center","background-size":"auto","background-attachment":"scroll","background-type":"","background-media":"","overlay-type":"","overlay-color":"","overlay-opacity":"","overlay-gradient":""},"mobile":{"background-color":"","background-image":"","background-repeat":"repeat","background-position":"center center","background-size":"auto","background-attachment":"scroll","background-type":"","background-media":"","overlay-type":"","overlay-color":"","overlay-opacity":"","overlay-gradient":""}},"ast-content-background-meta":{"desktop":{"background-color":"var(--ast-global-color-5)","background-image":"","background-repeat":"repeat","background-position":"center center","background-size":"auto","background-attachment":"scroll","background-type":"","background-media":"","overlay-type":"","overlay-color":"","overlay-opacity":"","overlay-gradient":""},"tablet":{"background-color":"var(--ast-global-color-5)","background-image":"","background-repeat":"repeat","background-position":"center center","background-size":"auto","background-attachment":"scroll","background-type":"","background-media":"","overlay-type":"","overlay-color":"","overlay-opacity":"","overlay-gradient":""},"mobile":{"background-color":"var(--ast-global-color-5)","background-image":"","background-repeat":"repeat","background-position":"center center","background-size":"auto","background-attachment":"scroll","background-type":"","background-media":"","overlay-type":"","overlay-color":"","overlay-opacity":"","overlay-gradient":""}},"footnotes":""},"class_list":["post-1325","page","type-page","status-publish","hentry"],"post_mailing_queue_ids":[],"_links":{"self":[{"href":"https:\/\/agora-eoi.xtec.cat\/eoiamposta\/wp-json\/wp\/v2\/pages\/1325","targetHints":{"allow":["GET"]}}],"collection":[{"href":"https:\/\/agora-eoi.xtec.cat\/eoiamposta\/wp-json\/wp\/v2\/pages"}],"about":[{"href":"https:\/\/agora-eoi.xtec.cat\/eoiamposta\/wp-json\/wp\/v2\/types\/page"}],"author":[{"embeddable":true,"href":"https:\/\/agora-eoi.xtec.cat\/eoiamposta\/wp-json\/wp\/v2\/users\/1"}],"replies":[{"embeddable":true,"href":"https:\/\/agora-eoi.xtec.cat\/eoiamposta\/wp-json\/wp\/v2\/comments?post=1325"}],"version-history":[{"count":0,"href":"https:\/\/agora-eoi.xtec.cat\/eoiamposta\/wp-json\/wp\/v2\/pages\/1325\/revisions"}],"wp:attachment":[{"href":"https:\/\/agora-eoi.xtec.cat\/eoiamposta\/wp-json\/wp\/v2\/media?parent=1325"}],"curies":[{"name":"wp","href":"https:\/\/api.w.org\/{rel}","templated":true}]}}