{"id":132,"date":"2024-10-11T20:10:10","date_gmt":"2024-10-11T18:10:10","guid":{"rendered":"http:\/\/eoiamposta.cat\/?page_id=132"},"modified":"2025-11-03T15:01:28","modified_gmt":"2025-11-03T14:01:28","slug":"carnet-eoi","status":"publish","type":"page","link":"https:\/\/agora-eoi.xtec.cat\/eoiamposta\/carnet-eoi\/","title":{"rendered":"Carnet EOI"},"content":{"rendered":"<p>El carnet de l\u2019escola et permetr\u00e0 utilitzar el servei de biblioteca:<\/p>\n<ul>\n<li>Pr\u00e9stec de llibres de lectura, gram\u00e0tiques, llibres de consulta, llibres d\u2019exercicis, diccionaris, DVDs, revistes, etc.<\/li>\n<li>Bonificaci\u00f3 o descomptes en institucions com museus, cinemes, teatre, espectacles, etc. on s\u2019admetin carnet d\u2019estudiant.<\/li>\n<\/ul>\n<p>El carnet s\u2019obt\u00e9 abonant l\u2019import d\u2019aportaci\u00f3 de\u00a0<a href=\"https:\/\/agora-eoi.xtec.cat\/eoiamposta\/wp-content\/uploads\/usu2961\/2018\/10\/Aportacio-30-euros-material.pdf\">30 \u20ac de material<\/a>\u00a0a l\u2019hora de pagar la matr\u00edcula oficial.<\/p>\n<h3><strong>Adquisici\u00f3 del carnet<\/strong><\/h3>\n<p><strong>Antics alumnes:\u00a0<\/strong>tots els antics alumnes hauran de portar el seu carnet d\u2019estudiant del curs anterior a classe o secretaria per segellar-lo i, per tant, validar-lo per al nou curs\u00a0<strong>durant les dues primeres setmanes del curs\u00a0<\/strong>(es segellaran a classe).<\/p>\n<p><strong>Instruccions per als nous alumnes<\/strong><\/p>\n<p>Us podeu imprimir aquest\u00a0<a href=\"https:\/\/agora-eoi.xtec.cat\/eoiamposta\/wp-content\/uploads\/usu2961\/2024\/10\/Carnet-estudiant-autoemplenable_WEB.pdf\">carnet de l\u2019alumne<\/a>. Perqu\u00e8 sigui v\u00e0lid, l\u2019heu de portar a la secretaria de l\u2019EOI d\u2019Amposta, on us hi posaran el segell de l\u2019escola.<\/p>\n<p><em><strong>\u00c9s important que deseu el fitxer a l\u2019escriptori, en una unitat USB o a qualsevol carpeta del vostre ordinador i l\u2019obriu des de fora del navegador web per tal de poder emplenar els camps corresponents a les vostres dades. Si l\u2019obriu amb el programa Adobe Reader, que \u00e9s gratu\u00eft, podreu emplenar totes les dades des del vostre ordinador i tamb\u00e9 pujar la vostra foto en format digital.<\/strong><\/em><\/p>\n","protected":false},"excerpt":{"rendered":"<p>El carnet de l\u2019escola et permetr\u00e0 utilitzar el servei de biblioteca: Pr\u00e9stec de llibres de lectura, gram\u00e0tiques, llibres de consulta, llibres d\u2019exercicis, diccionaris, DVDs, revistes, etc. Bonificaci\u00f3 o descomptes en institucions com museus, cinemes, teatre, espectacles, etc. on s\u2019admetin carnet d\u2019estudiant. El carnet s\u2019obt\u00e9 abonant l\u2019import d\u2019aportaci\u00f3 de\u00a030 \u20ac de material\u00a0a l\u2019hora de pagar la [&hellip;]<\/p>\n","protected":false},"author":1,"featured_media":0,"parent":0,"menu_order":0,"comment_status":"closed","ping_status":"closed","template":"","meta":{"_bbp_topic_count":0,"_bbp_reply_count":0,"_bbp_total_topic_count":0,"_bbp_total_reply_count":0,"_bbp_voice_count":0,"_bbp_anonymous_reply_count":0,"_bbp_topic_count_hidden":0,"_bbp_reply_count_hidden":0,"_bbp_forum_subforum_count":0,"site-sidebar-layout":"default","site-content-layout":"","ast-site-content-layout":"default","site-content-style":"default","site-sidebar-style":"default","ast-global-header-display":"","ast-banner-title-visibility":"","ast-main-header-display":"","ast-hfb-above-header-display":"","ast-hfb-below-header-display":"","ast-hfb-mobile-header-display":"","site-post-title":"","ast-breadcrumbs-content":"","ast-featured-img":"","footer-sml-layout":"","theme-transparent-header-meta":"default","adv-header-id-meta":"","stick-header-meta":"","header-above-stick-meta":"","header-main-stick-meta":"","header-below-stick-meta":"","astra-migrate-meta-layouts":"set","ast-page-background-enabled":"default","ast-page-background-meta":{"desktop":{"background-color":"var(--ast-global-color-4)","background-image":"","background-repeat":"repeat","background-position":"center center","background-size":"auto","background-attachment":"scroll","background-type":"","background-media":"","overlay-type":"","overlay-color":"","overlay-opacity":"","overlay-gradient":""},"tablet":{"background-color":"","background-image":"","background-repeat":"repeat","background-position":"center center","background-size":"auto","background-attachment":"scroll","background-type":"","background-media":"","overlay-type":"","overlay-color":"","overlay-opacity":"","overlay-gradient":""},"mobile":{"background-color":"","background-image":"","background-repeat":"repeat","background-position":"center center","background-size":"auto","background-attachment":"scroll","background-type":"","background-media":"","overlay-type":"","overlay-color":"","overlay-opacity":"","overlay-gradient":""}},"ast-content-background-meta":{"desktop":{"background-color":"var(--ast-global-color-5)","background-image":"","background-repeat":"repeat","background-position":"center center","background-size":"auto","background-attachment":"scroll","background-type":"","background-media":"","overlay-type":"","overlay-color":"","overlay-opacity":"","overlay-gradient":""},"tablet":{"background-color":"var(--ast-global-color-5)","background-image":"","background-repeat":"repeat","background-position":"center center","background-size":"auto","background-attachment":"scroll","background-type":"","background-media":"","overlay-type":"","overlay-color":"","overlay-opacity":"","overlay-gradient":""},"mobile":{"background-color":"var(--ast-global-color-5)","background-image":"","background-repeat":"repeat","background-position":"center center","background-size":"auto","background-attachment":"scroll","background-type":"","background-media":"","overlay-type":"","overlay-color":"","overlay-opacity":"","overlay-gradient":""}},"footnotes":""},"class_list":["post-132","page","type-page","status-publish","hentry"],"post_mailing_queue_ids":[],"_links":{"self":[{"href":"https:\/\/agora-eoi.xtec.cat\/eoiamposta\/wp-json\/wp\/v2\/pages\/132","targetHints":{"allow":["GET"]}}],"collection":[{"href":"https:\/\/agora-eoi.xtec.cat\/eoiamposta\/wp-json\/wp\/v2\/pages"}],"about":[{"href":"https:\/\/agora-eoi.xtec.cat\/eoiamposta\/wp-json\/wp\/v2\/types\/page"}],"author":[{"embeddable":true,"href":"https:\/\/agora-eoi.xtec.cat\/eoiamposta\/wp-json\/wp\/v2\/users\/1"}],"replies":[{"embeddable":true,"href":"https:\/\/agora-eoi.xtec.cat\/eoiamposta\/wp-json\/wp\/v2\/comments?post=132"}],"version-history":[{"count":3,"href":"https:\/\/agora-eoi.xtec.cat\/eoiamposta\/wp-json\/wp\/v2\/pages\/132\/revisions"}],"predecessor-version":[{"id":10416,"href":"https:\/\/agora-eoi.xtec.cat\/eoiamposta\/wp-json\/wp\/v2\/pages\/132\/revisions\/10416"}],"wp:attachment":[{"href":"https:\/\/agora-eoi.xtec.cat\/eoiamposta\/wp-json\/wp\/v2\/media?parent=132"}],"curies":[{"name":"wp","href":"https:\/\/api.w.org\/{rel}","templated":true}]}}