{"id":125,"date":"2018-01-05T12:29:27","date_gmt":"2018-01-05T12:29:27","guid":{"rendered":"http:\/\/eoiamposta.cat\/?page_id=125"},"modified":"2024-10-18T12:02:28","modified_gmt":"2024-10-18T10:02:28","slug":"biblioteca","status":"publish","type":"page","link":"https:\/\/agora-eoi.xtec.cat\/eoiamposta\/biblioteca\/","title":{"rendered":"Biblioteca"},"content":{"rendered":"<p>L\u2019Escola Oficial d\u2019Idiomes d\u2019Amposta disposa d\u2019una biblioteca i mediateca que podeu utilitzar com a espai d\u2019estudi i de consulta i pr\u00e9stec de materials per aprendre idiomes. La biblioteca tamb\u00e9 disposa d\u2019ordinadors amb connexi\u00f3 a Internet i lector de CD\/DVD per poder treballar amb el material multim\u00e8dia que acompanya alguns m\u00e8todes. La biblioteca est\u00e0 oberta en el seg\u00fcent horari:<\/p>\n<ul>\n<li>dimarts i dijous de 16.00 h a 18.15 h<\/li>\n<\/ul>\n<p><strong>Pr\u00e9stec material biblioteca<\/strong><\/p>\n<p>Les condicions de pr\u00e9stec s\u00f3n les seg\u00fcents:<\/p>\n<blockquote><p>Per poder fer \u00fas de la biblioteca cal haver pagat els 30\u20ac en concepte d\u2019aportaci\u00f3 de l\u2019alumnat que d\u00f3na dret a l\u2019expedici\u00f3 d\u2019un\u00a0<a href=\"http:\/\/eoiamposta.cat\/carnet-eoi\/\" target=\"_blank\" rel=\"noopener\">carnet EOI d\u2019estudiant<\/a>, que s\u2019haur\u00e0 de mostrar en el moment de fer el pr\u00e9stec. Hi t\u00e9 acc\u00e9s tot l\u2019alumnat oficial.<\/p>\n<p>Cada alumne\/a pot treure un llibre i un DVD o revista.<\/p>\n<p>Fer el pr\u00e9stec no es pot delegar a una altra persona.<\/p>\n<p>Els alumnes es fan responsables del material que treuen en pr\u00e9stec.<\/p>\n<p>Terminis de devoluci\u00f3: llibres, 2 setmanes; DVDs o revistes, 1 setmana.<\/p>\n<p>No es podr\u00e0 treure cap material en pr\u00e9stec si el lector no ha retornat els articles de pr\u00e9stec anteriors.<\/p><\/blockquote>\n<p>Si sou ex-alumne\/a de l\u2019EOI d\u2019Amposta podeu demanar acc\u00e9s a la biblioteca sota les mateixes condicions que la resta d\u2019alumnat oficial.<\/p>\n","protected":false},"excerpt":{"rendered":"<p>L\u2019Escola Oficial d\u2019Idiomes d\u2019Amposta disposa d\u2019una biblioteca i mediateca que podeu utilitzar com a espai d\u2019estudi i de consulta i pr\u00e9stec de materials per aprendre idiomes. La biblioteca tamb\u00e9 disposa d\u2019ordinadors amb connexi\u00f3 a Internet i lector de CD\/DVD per poder treballar amb el material multim\u00e8dia que acompanya alguns m\u00e8todes. La biblioteca est\u00e0 oberta en [&hellip;]<\/p>\n","protected":false},"author":1,"featured_media":9078,"parent":0,"menu_order":0,"comment_status":"closed","ping_status":"closed","template":"","meta":{"_bbp_topic_count":0,"_bbp_reply_count":0,"_bbp_total_topic_count":0,"_bbp_total_reply_count":0,"_bbp_voice_count":0,"_bbp_anonymous_reply_count":0,"_bbp_topic_count_hidden":0,"_bbp_reply_count_hidden":0,"_bbp_forum_subforum_count":0,"site-sidebar-layout":"default","site-content-layout":"","ast-site-content-layout":"","site-content-style":"default","site-sidebar-style":"default","ast-global-header-display":"","ast-banner-title-visibility":"","ast-main-header-display":"","ast-hfb-above-header-display":"","ast-hfb-below-header-display":"","ast-hfb-mobile-header-display":"","site-post-title":"","ast-breadcrumbs-content":"","ast-featured-img":"","footer-sml-layout":"","theme-transparent-header-meta":"","adv-header-id-meta":"","stick-header-meta":"","header-above-stick-meta":"","header-main-stick-meta":"","header-below-stick-meta":"","astra-migrate-meta-layouts":"default","ast-page-background-enabled":"default","ast-page-background-meta":{"desktop":{"background-color":"var(--ast-global-color-4)","background-image":"","background-repeat":"repeat","background-position":"center center","background-size":"auto","background-attachment":"scroll","background-type":"","background-media":"","overlay-type":"","overlay-color":"","overlay-opacity":"","overlay-gradient":""},"tablet":{"background-color":"","background-image":"","background-repeat":"repeat","background-position":"center center","background-size":"auto","background-attachment":"scroll","background-type":"","background-media":"","overlay-type":"","overlay-color":"","overlay-opacity":"","overlay-gradient":""},"mobile":{"background-color":"","background-image":"","background-repeat":"repeat","background-position":"center center","background-size":"auto","background-attachment":"scroll","background-type":"","background-media":"","overlay-type":"","overlay-color":"","overlay-opacity":"","overlay-gradient":""}},"ast-content-background-meta":{"desktop":{"background-color":"var(--ast-global-color-5)","background-image":"","background-repeat":"repeat","background-position":"center center","background-size":"auto","background-attachment":"scroll","background-type":"","background-media":"","overlay-type":"","overlay-color":"","overlay-opacity":"","overlay-gradient":""},"tablet":{"background-color":"var(--ast-global-color-5)","background-image":"","background-repeat":"repeat","background-position":"center center","background-size":"auto","background-attachment":"scroll","background-type":"","background-media":"","overlay-type":"","overlay-color":"","overlay-opacity":"","overlay-gradient":""},"mobile":{"background-color":"var(--ast-global-color-5)","background-image":"","background-repeat":"repeat","background-position":"center center","background-size":"auto","background-attachment":"scroll","background-type":"","background-media":"","overlay-type":"","overlay-color":"","overlay-opacity":"","overlay-gradient":""}},"footnotes":""},"class_list":["post-125","page","type-page","status-publish","has-post-thumbnail","hentry"],"post_mailing_queue_ids":[],"_links":{"self":[{"href":"https:\/\/agora-eoi.xtec.cat\/eoiamposta\/wp-json\/wp\/v2\/pages\/125","targetHints":{"allow":["GET"]}}],"collection":[{"href":"https:\/\/agora-eoi.xtec.cat\/eoiamposta\/wp-json\/wp\/v2\/pages"}],"about":[{"href":"https:\/\/agora-eoi.xtec.cat\/eoiamposta\/wp-json\/wp\/v2\/types\/page"}],"author":[{"embeddable":true,"href":"https:\/\/agora-eoi.xtec.cat\/eoiamposta\/wp-json\/wp\/v2\/users\/1"}],"replies":[{"embeddable":true,"href":"https:\/\/agora-eoi.xtec.cat\/eoiamposta\/wp-json\/wp\/v2\/comments?post=125"}],"version-history":[{"count":1,"href":"https:\/\/agora-eoi.xtec.cat\/eoiamposta\/wp-json\/wp\/v2\/pages\/125\/revisions"}],"predecessor-version":[{"id":10184,"href":"https:\/\/agora-eoi.xtec.cat\/eoiamposta\/wp-json\/wp\/v2\/pages\/125\/revisions\/10184"}],"wp:featuredmedia":[{"embeddable":true,"href":"https:\/\/agora-eoi.xtec.cat\/eoiamposta\/wp-json\/wp\/v2\/media\/9078"}],"wp:attachment":[{"href":"https:\/\/agora-eoi.xtec.cat\/eoiamposta\/wp-json\/wp\/v2\/media?parent=125"}],"curies":[{"name":"wp","href":"https:\/\/api.w.org\/{rel}","templated":true}]}}