{"id":10487,"date":"2026-02-27T11:17:00","date_gmt":"2026-02-27T10:17:00","guid":{"rendered":"https:\/\/agora-eoi.xtec.cat\/eoiamposta\/?page_id=10487"},"modified":"2026-02-27T11:17:00","modified_gmt":"2026-02-27T10:17:00","slug":"treballa-amb-nosaltres","status":"publish","type":"page","link":"https:\/\/agora-eoi.xtec.cat\/eoiamposta\/treballa-amb-nosaltres\/","title":{"rendered":"Treballa amb nosaltres"},"content":{"rendered":"<p data-start=\"75\" data-end=\"162\"><strong data-start=\"75\" data-end=\"120\">T\u2019agradaria treballar a la nostra escola?<\/strong><br data-start=\"120\" data-end=\"123\" \/>T\u2019expliquem quins passos has de seguir.<\/p>\n<h3 data-start=\"164\" data-end=\"197\">Per impartir cursos ordinaris<\/h3>\n<p data-start=\"199\" data-end=\"341\">En <a href=\"https:\/\/aplicacions.gestioeducativa.gencat.cat\/ords\/pls\/apex\/f?p=2011914:28\">aquest enlla\u00e7<\/a> trobar\u00e0s les titulacions necess\u00e0ries per poder impartir ensenyaments d\u2019idiomes a les Escoles Oficials d\u2019Idiomes de Catalunya.<\/p>\n<p data-start=\"343\" data-end=\"525\">Per optar a un lloc de treball en una escola oficial d\u2019idiomes, cal superar una prova de capacitaci\u00f3 que acrediti la idone\u00eftat per al lloc. Pots consultar-ne tota la informaci\u00f3 <a href=\"https:\/\/educacio.gencat.cat\/ca\/serveis-tramits\/treballa-amb-nosaltres\/borses-treball\/personal-interi-docent\/borsa-curs\/proves-capacitacio-especialitat\/escoles-oficials-didiomes\/index.html\">aqu\u00ed<\/a>.<\/p>\n<p data-start=\"527\" data-end=\"654\">Si tens qualsevol altre dubte, pots posar-te en contacte amb la secci\u00f3 de personal docent dels Serveis Territorials d\u2019Educaci\u00f3.<\/p>\n<h3 data-start=\"656\" data-end=\"691\">Per impartir cursos especials<\/h3>\n<p data-start=\"692\" data-end=\"747\">(monogr\u00e0fics, llengua instrumental o intensius d\u2019estiu)<\/p>\n<p data-start=\"749\" data-end=\"832\" data-is-last-node=\"\" data-is-only-node=\"\">Fes-nos arribar la teva presentaci\u00f3 i el teu curr\u00edculum a: <strong data-start=\"808\" data-end=\"831\"><a class=\"decorated-link cursor-pointer\" rel=\"noopener\" data-start=\"810\" data-end=\"829\">eoiamposta@xtec.cat<\/a><\/strong>.<\/p>\n<p>&nbsp;<\/p>\n<p>&nbsp;<\/p>\n","protected":false},"excerpt":{"rendered":"<p>T\u2019agradaria treballar a la nostra escola?T\u2019expliquem quins passos has de seguir. Per impartir cursos ordinaris En aquest enlla\u00e7 trobar\u00e0s les titulacions necess\u00e0ries per poder impartir ensenyaments d\u2019idiomes a les Escoles Oficials d\u2019Idiomes de Catalunya. Per optar a un lloc de treball en una escola oficial d\u2019idiomes, cal superar una prova de capacitaci\u00f3 que acrediti la [&hellip;]<\/p>\n","protected":false},"author":1,"featured_media":0,"parent":0,"menu_order":0,"comment_status":"closed","ping_status":"closed","template":"","meta":{"_bbp_topic_count":0,"_bbp_reply_count":0,"_bbp_total_topic_count":0,"_bbp_total_reply_count":0,"_bbp_voice_count":0,"_bbp_anonymous_reply_count":0,"_bbp_topic_count_hidden":0,"_bbp_reply_count_hidden":0,"_bbp_forum_subforum_count":0,"site-sidebar-layout":"default","site-content-layout":"","ast-site-content-layout":"default","site-content-style":"default","site-sidebar-style":"default","ast-global-header-display":"","ast-banner-title-visibility":"","ast-main-header-display":"","ast-hfb-above-header-display":"","ast-hfb-below-header-display":"","ast-hfb-mobile-header-display":"","site-post-title":"","ast-breadcrumbs-content":"","ast-featured-img":"","footer-sml-layout":"","theme-transparent-header-meta":"default","adv-header-id-meta":"","stick-header-meta":"","header-above-stick-meta":"","header-main-stick-meta":"","header-below-stick-meta":"","astra-migrate-meta-layouts":"set","ast-page-background-enabled":"default","ast-page-background-meta":{"desktop":{"background-color":"var(--ast-global-color-4)","background-image":"","background-repeat":"repeat","background-position":"center center","background-size":"auto","background-attachment":"scroll","background-type":"","background-media":"","overlay-type":"","overlay-color":"","overlay-opacity":"","overlay-gradient":""},"tablet":{"background-color":"","background-image":"","background-repeat":"repeat","background-position":"center center","background-size":"auto","background-attachment":"scroll","background-type":"","background-media":"","overlay-type":"","overlay-color":"","overlay-opacity":"","overlay-gradient":""},"mobile":{"background-color":"","background-image":"","background-repeat":"repeat","background-position":"center center","background-size":"auto","background-attachment":"scroll","background-type":"","background-media":"","overlay-type":"","overlay-color":"","overlay-opacity":"","overlay-gradient":""}},"ast-content-background-meta":{"desktop":{"background-color":"var(--ast-global-color-5)","background-image":"","background-repeat":"repeat","background-position":"center center","background-size":"auto","background-attachment":"scroll","background-type":"","background-media":"","overlay-type":"","overlay-color":"","overlay-opacity":"","overlay-gradient":""},"tablet":{"background-color":"var(--ast-global-color-5)","background-image":"","background-repeat":"repeat","background-position":"center center","background-size":"auto","background-attachment":"scroll","background-type":"","background-media":"","overlay-type":"","overlay-color":"","overlay-opacity":"","overlay-gradient":""},"mobile":{"background-color":"var(--ast-global-color-5)","background-image":"","background-repeat":"repeat","background-position":"center center","background-size":"auto","background-attachment":"scroll","background-type":"","background-media":"","overlay-type":"","overlay-color":"","overlay-opacity":"","overlay-gradient":""}},"footnotes":""},"class_list":["post-10487","page","type-page","status-publish","hentry"],"post_mailing_queue_ids":[],"_links":{"self":[{"href":"https:\/\/agora-eoi.xtec.cat\/eoiamposta\/wp-json\/wp\/v2\/pages\/10487","targetHints":{"allow":["GET"]}}],"collection":[{"href":"https:\/\/agora-eoi.xtec.cat\/eoiamposta\/wp-json\/wp\/v2\/pages"}],"about":[{"href":"https:\/\/agora-eoi.xtec.cat\/eoiamposta\/wp-json\/wp\/v2\/types\/page"}],"author":[{"embeddable":true,"href":"https:\/\/agora-eoi.xtec.cat\/eoiamposta\/wp-json\/wp\/v2\/users\/1"}],"replies":[{"embeddable":true,"href":"https:\/\/agora-eoi.xtec.cat\/eoiamposta\/wp-json\/wp\/v2\/comments?post=10487"}],"version-history":[{"count":1,"href":"https:\/\/agora-eoi.xtec.cat\/eoiamposta\/wp-json\/wp\/v2\/pages\/10487\/revisions"}],"predecessor-version":[{"id":10488,"href":"https:\/\/agora-eoi.xtec.cat\/eoiamposta\/wp-json\/wp\/v2\/pages\/10487\/revisions\/10488"}],"wp:attachment":[{"href":"https:\/\/agora-eoi.xtec.cat\/eoiamposta\/wp-json\/wp\/v2\/media?parent=10487"}],"curies":[{"name":"wp","href":"https:\/\/api.w.org\/{rel}","templated":true}]}}