{"id":10078,"date":"2024-07-23T13:01:42","date_gmt":"2024-07-23T11:01:42","guid":{"rendered":"https:\/\/agora-eoi.xtec.cat\/eoiamposta\/?page_id=10078"},"modified":"2024-07-23T13:01:42","modified_gmt":"2024-07-23T11:01:42","slug":"desenvolupament-de-la-competencia-digital-de-lalumnat","status":"publish","type":"page","link":"https:\/\/agora-eoi.xtec.cat\/eoiamposta\/desenvolupament-de-la-competencia-digital-de-lalumnat\/","title":{"rendered":"Desenvolupament de la compet\u00e8ncia digital de l\u2019alumnat"},"content":{"rendered":"<header class=\"entry-header\">\n<h1 class=\"entry-title\">Desenvolupament de la compet\u00e8ncia digital de l\u2019alumnat<\/h1>\n<\/header>\n<div class=\"entry-content\">\n<p>En el marc del Pla d\u2019Educaci\u00f3 digital de Catalunya un dels objectius a assolir \u00e9s la millora de la compet\u00e8ncia digital de l\u2019alumnat.<\/p>\n<p>El desplegament de les compet\u00e8ncies digitals \u00e9s indispensable per a tota persona que vulgui interactuar amb normalitat en la societat actual. Es tracta d\u2019un conjunt d\u2019habilitats, coneixements i actituds que l\u2019alumnat ha d\u2019anar assolint durant la seva estada a l\u2019educaci\u00f3 b\u00e0sica i obligat\u00f2ria. (Orientacions per a l\u2019avaluaci\u00f3 de la compet\u00e8ncia digital de l\u2019alumnat. Direcci\u00f3 General d\u2019Innovaci\u00f3, Recerca i Cultura digital \u00c0rea de Cultura digital, 2021).<\/p>\n<p><img loading=\"lazy\" decoding=\"async\" class=\"alignleft size-full wp-image-2795\" src=\"http:\/\/eoiamposta.cat\/wp-content\/uploads\/FIC-M%C3%B2dul-3-Sessi%C3%B3-1-Marc-de-la-Compet%C3%A8ncia-digital.jpg\" sizes=\"auto, (max-width: 960px) 100vw, 960px\" srcset=\"http:\/\/eoiamposta.cat\/wp-content\/uploads\/FIC-M\u00f2dul-3-Sessi\u00f3-1-Marc-de-la-Compet\u00e8ncia-digital.jpg 960w, http:\/\/eoiamposta.cat\/wp-content\/uploads\/FIC-M\u00f2dul-3-Sessi\u00f3-1-Marc-de-la-Compet\u00e8ncia-digital-300x169.jpg 300w, http:\/\/eoiamposta.cat\/wp-content\/uploads\/FIC-M\u00f2dul-3-Sessi\u00f3-1-Marc-de-la-Compet\u00e8ncia-digital-768x432.jpg 768w, http:\/\/eoiamposta.cat\/wp-content\/uploads\/FIC-M\u00f2dul-3-Sessi\u00f3-1-Marc-de-la-Compet\u00e8ncia-digital-360x203.jpg 360w\" alt=\"\" width=\"960\" height=\"540\" \/><\/p>\n<p>&nbsp;<\/p>\n<p>A nivell de centre s\u2019ha iniciat el treball del desplegament de la compet\u00e8ncia digital de l\u2019alumnat fent una reflexi\u00f3 conjunta sobre quines compet\u00e8ncies digitals estem treballant actualment al centre i amb quines activitats i recursos digitals ho fem:<\/p>\n<p>&nbsp;<\/p>\n<p><iframe loading=\"lazy\" src=\"https:\/\/docs.google.com\/spreadsheets\/d\/e\/2PACX-1vQx8FYestIHWaVzVpu3T9zhtXczE2JcPr8c9JQz3Spp2XsC6aE6ovZ-zplggcToUA\/pubhtml?widget=true&amp;headers=false\" width=\"100%\" height=\"600\" data-ruffle-polyfilled=\"\" data-mce-fragment=\"1\"><\/iframe><\/p>\n<p>Acc\u00e9s restringit. Nom\u00e9s tenen acc\u00e9s els professionals del centre<\/p>\n<p>&nbsp;<\/p>\n<p>Tamb\u00e9 s\u2019est\u00e0 treballant en l\u2019elaboraci\u00f3 d\u2019un document on es detalli el desplegament de la compet\u00e8ncia digital de l\u2019alumnat.<\/p>\n<\/div>\n","protected":false},"excerpt":{"rendered":"<p>Desenvolupament de la compet\u00e8ncia digital de l\u2019alumnat En el marc del Pla d\u2019Educaci\u00f3 digital de Catalunya un dels objectius a assolir \u00e9s la millora de la compet\u00e8ncia digital de l\u2019alumnat. El desplegament de les compet\u00e8ncies digitals \u00e9s indispensable per a tota persona que vulgui interactuar amb normalitat en la societat actual. Es tracta d\u2019un conjunt [&hellip;]<\/p>\n","protected":false},"author":1,"featured_media":0,"parent":0,"menu_order":0,"comment_status":"closed","ping_status":"closed","template":"","meta":{"_bbp_topic_count":0,"_bbp_reply_count":0,"_bbp_total_topic_count":0,"_bbp_total_reply_count":0,"_bbp_voice_count":0,"_bbp_anonymous_reply_count":0,"_bbp_topic_count_hidden":0,"_bbp_reply_count_hidden":0,"_bbp_forum_subforum_count":0,"site-sidebar-layout":"default","site-content-layout":"","ast-site-content-layout":"","site-content-style":"default","site-sidebar-style":"default","ast-global-header-display":"","ast-banner-title-visibility":"","ast-main-header-display":"","ast-hfb-above-header-display":"","ast-hfb-below-header-display":"","ast-hfb-mobile-header-display":"","site-post-title":"","ast-breadcrumbs-content":"","ast-featured-img":"","footer-sml-layout":"","theme-transparent-header-meta":"","adv-header-id-meta":"","stick-header-meta":"","header-above-stick-meta":"","header-main-stick-meta":"","header-below-stick-meta":"","astra-migrate-meta-layouts":"default","ast-page-background-enabled":"default","ast-page-background-meta":{"desktop":{"background-color":"var(--ast-global-color-4)","background-image":"","background-repeat":"repeat","background-position":"center center","background-size":"auto","background-attachment":"scroll","background-type":"","background-media":"","overlay-type":"","overlay-color":"","overlay-opacity":"","overlay-gradient":""},"tablet":{"background-color":"","background-image":"","background-repeat":"repeat","background-position":"center center","background-size":"auto","background-attachment":"scroll","background-type":"","background-media":"","overlay-type":"","overlay-color":"","overlay-opacity":"","overlay-gradient":""},"mobile":{"background-color":"","background-image":"","background-repeat":"repeat","background-position":"center center","background-size":"auto","background-attachment":"scroll","background-type":"","background-media":"","overlay-type":"","overlay-color":"","overlay-opacity":"","overlay-gradient":""}},"ast-content-background-meta":{"desktop":{"background-color":"var(--ast-global-color-5)","background-image":"","background-repeat":"repeat","background-position":"center center","background-size":"auto","background-attachment":"scroll","background-type":"","background-media":"","overlay-type":"","overlay-color":"","overlay-opacity":"","overlay-gradient":""},"tablet":{"background-color":"var(--ast-global-color-5)","background-image":"","background-repeat":"repeat","background-position":"center center","background-size":"auto","background-attachment":"scroll","background-type":"","background-media":"","overlay-type":"","overlay-color":"","overlay-opacity":"","overlay-gradient":""},"mobile":{"background-color":"var(--ast-global-color-5)","background-image":"","background-repeat":"repeat","background-position":"center center","background-size":"auto","background-attachment":"scroll","background-type":"","background-media":"","overlay-type":"","overlay-color":"","overlay-opacity":"","overlay-gradient":""}},"footnotes":""},"class_list":["post-10078","page","type-page","status-publish","hentry"],"post_mailing_queue_ids":[],"_links":{"self":[{"href":"https:\/\/agora-eoi.xtec.cat\/eoiamposta\/wp-json\/wp\/v2\/pages\/10078","targetHints":{"allow":["GET"]}}],"collection":[{"href":"https:\/\/agora-eoi.xtec.cat\/eoiamposta\/wp-json\/wp\/v2\/pages"}],"about":[{"href":"https:\/\/agora-eoi.xtec.cat\/eoiamposta\/wp-json\/wp\/v2\/types\/page"}],"author":[{"embeddable":true,"href":"https:\/\/agora-eoi.xtec.cat\/eoiamposta\/wp-json\/wp\/v2\/users\/1"}],"replies":[{"embeddable":true,"href":"https:\/\/agora-eoi.xtec.cat\/eoiamposta\/wp-json\/wp\/v2\/comments?post=10078"}],"version-history":[{"count":1,"href":"https:\/\/agora-eoi.xtec.cat\/eoiamposta\/wp-json\/wp\/v2\/pages\/10078\/revisions"}],"predecessor-version":[{"id":10079,"href":"https:\/\/agora-eoi.xtec.cat\/eoiamposta\/wp-json\/wp\/v2\/pages\/10078\/revisions\/10079"}],"wp:attachment":[{"href":"https:\/\/agora-eoi.xtec.cat\/eoiamposta\/wp-json\/wp\/v2\/media?parent=10078"}],"curies":[{"name":"wp","href":"https:\/\/api.w.org\/{rel}","templated":true}]}}