{"id":10072,"date":"2024-07-23T12:57:51","date_gmt":"2024-07-23T10:57:51","guid":{"rendered":"https:\/\/agora-eoi.xtec.cat\/eoiamposta\/?page_id=10072"},"modified":"2024-07-23T12:57:51","modified_gmt":"2024-07-23T10:57:51","slug":"descripcio-de-serveis-2","status":"publish","type":"page","link":"https:\/\/agora-eoi.xtec.cat\/eoiamposta\/descripcio-de-serveis-2\/","title":{"rendered":"Descripci\u00f3 de serveis"},"content":{"rendered":"<header class=\"entry-header\">\n<h1 class=\"entry-title\">Descripci\u00f3 de serveis<\/h1>\n<\/header>\n<div class=\"entry-content\">\n<p><strong>SERVEIS:<\/strong><\/p>\n<ul>\n<li aria-level=\"1\"><b>Entorns Virtuals d\u2019Aprenentatge (EVA)<\/b><\/li>\n<\/ul>\n<p>Utilitzem l\u2019Entorn Virtual d\u2019Aprenentatge MOODLE.<\/p>\n<p>El seu \u00fas \u00e9s sistem\u00e0tic i s\u2019utilitza com a espai de presentaci\u00f3 de tasques, resoluci\u00f3 d\u2019activitats, espai de debat entre l\u2019alumnat i com a un dels canals de comunicaci\u00f3 amb l\u2019equip docent quan ens trobem fora de l\u2019horari lectiu.<\/p>\n<ul>\n<li aria-level=\"1\"><b>Servei al n\u00favol \u2013 Espai compartit (documentaci\u00f3 i funcionament intern)<a href=\"https:\/\/agora.xtec.cat\/ceipsantjaume\/wp-content\/uploads\/usu1815\/2022\/11\/business-17686_640.jpg\"><img loading=\"lazy\" decoding=\"async\" class=\"wp-image-3998 alignright\" src=\"https:\/\/agora.xtec.cat\/ceipsantjaume\/wp-content\/uploads\/usu1815\/2022\/11\/business-17686_640.jpg\" sizes=\"auto, (max-width: 187px) 100vw, 187px\" srcset=\"https:\/\/agora.xtec.cat\/ceipsantjaume\/wp-content\/uploads\/usu1815\/2022\/11\/business-17686_640.jpg 640w, https:\/\/agora.xtec.cat\/ceipsantjaume\/wp-content\/uploads\/usu1815\/2022\/11\/business-17686_640-300x225.jpg 300w, https:\/\/agora.xtec.cat\/ceipsantjaume\/wp-content\/uploads\/usu1815\/2022\/11\/business-17686_640-200x150.jpg 200w\" alt=\"\" width=\"187\" height=\"140\" \/><\/a><\/b><\/li>\n<\/ul>\n<p>El claustre de l\u2019EOI d\u2019Amposta disposa d\u2019una unitat compartida al n\u00favol del centre DRIVE i on tenen acc\u00e9s a documentaci\u00f3, formacions, material did\u00e0ctic i on es poden compartir certs aspectes del seu treball a l\u2019escola per agilitzar la coordinaci\u00f3.<\/p>\n<p>\u00c9s un espai tancat per al personal de l\u2019escola i hi ha certs punts de control i de protecci\u00f3. Alguns documents, de forma interna, tenen limitacions en la visualitzaci\u00f3 i l\u2019edici\u00f3 per incrementar la seguretat de les dades i millorar-ne l\u2019organitzaci\u00f3 i el funcionament.<\/p>\n<ul>\n<li aria-level=\"1\"><b>Sistema de comunicaci\u00f3 al centre<\/b><\/li>\n<\/ul>\n<p>El claustre de l\u2019EOI d\u2019Amposta disposa d\u2019un grup de Whatsapp on estan tots i totes les docents i per on es comuniquen informacions importants del dia com per exemple: substitucions, recordatoris, etc.<\/p>\n<p>&nbsp;<\/p>\n<p><b>EQUIPAMENT:\u00a0<\/b><\/p>\n<p><b>L\u2019EOI d\u2019Amposta disposa del seg\u00fcent equipament:<\/b><\/p>\n<ul>\n<li aria-level=\"1\"><b>Ordinador port\u00e0til docent:<a href=\"https:\/\/agora.xtec.cat\/ceipsantjaume\/wp-content\/uploads\/usu1815\/2022\/11\/baixa.jpg\"><img loading=\"lazy\" decoding=\"async\" class=\"size-full wp-image-4003 alignright\" src=\"https:\/\/agora.xtec.cat\/ceipsantjaume\/wp-content\/uploads\/usu1815\/2022\/11\/baixa.jpg\" sizes=\"auto, (max-width: 225px) 100vw, 225px\" srcset=\"https:\/\/agora.xtec.cat\/ceipsantjaume\/wp-content\/uploads\/usu1815\/2022\/11\/baixa.jpg 225w, https:\/\/agora.xtec.cat\/ceipsantjaume\/wp-content\/uploads\/usu1815\/2022\/11\/baixa-150x150.jpg 150w\" alt=\"\" width=\"225\" height=\"225\" \/><\/a><\/b><\/li>\n<\/ul>\n<p>Els i les docents de l\u2019EOI d\u2019Amposta disposen d\u2019un port\u00e0til Lenovo personal. Aquests port\u00e0tils s\u2019han rebut emmarcats en el desplegament tecnol\u00f2gic del Pla d\u2019Educaci\u00f3 Digital de Catalunya.<\/p>\n<p>Aquests port\u00e0tils els cedeix l\u2019escola durant el per\u00edode en qu\u00e8 el o la docent est\u00e0 en el centre.<\/p>\n<p>L\u2019equip directiu disposa de port\u00e0tils exclusius per a la gesti\u00f3 i administraci\u00f3 del centre amb una xara interna on compatir documents.<\/p>\n<p><a href=\"https:\/\/agora.xtec.cat\/ceipsantjaume\/wp-content\/uploads\/usu1815\/2022\/11\/baixa-1.png\"><img loading=\"lazy\" decoding=\"async\" class=\"wp-image-4000 alignright\" src=\"https:\/\/agora.xtec.cat\/ceipsantjaume\/wp-content\/uploads\/usu1815\/2022\/11\/baixa-1.png\" alt=\"\" width=\"146\" height=\"124\" \/><\/a><\/p>\n<ul>\n<li aria-level=\"1\"><b>Impressi\u00f3:<\/b><\/li>\n<\/ul>\n<p>El centre disposa d\u2019una sola impresora Konica Minolta.\u00a0Cada docent disposa d\u2019una quota de fotoc\u00f2pies que es pot anar ampliant durant el curs. Per imprimir \u00e9s necessari introduir el codi i la contrasenya personal.<\/p>\n<\/div>\n","protected":false},"excerpt":{"rendered":"<p>Descripci\u00f3 de serveis SERVEIS: Entorns Virtuals d\u2019Aprenentatge (EVA) Utilitzem l\u2019Entorn Virtual d\u2019Aprenentatge MOODLE. El seu \u00fas \u00e9s sistem\u00e0tic i s\u2019utilitza com a espai de presentaci\u00f3 de tasques, resoluci\u00f3 d\u2019activitats, espai de debat entre l\u2019alumnat i com a un dels canals de comunicaci\u00f3 amb l\u2019equip docent quan ens trobem fora de l\u2019horari lectiu. Servei al n\u00favol [&hellip;]<\/p>\n","protected":false},"author":1,"featured_media":0,"parent":0,"menu_order":0,"comment_status":"closed","ping_status":"closed","template":"","meta":{"_bbp_topic_count":0,"_bbp_reply_count":0,"_bbp_total_topic_count":0,"_bbp_total_reply_count":0,"_bbp_voice_count":0,"_bbp_anonymous_reply_count":0,"_bbp_topic_count_hidden":0,"_bbp_reply_count_hidden":0,"_bbp_forum_subforum_count":0,"site-sidebar-layout":"default","site-content-layout":"","ast-site-content-layout":"","site-content-style":"default","site-sidebar-style":"default","ast-global-header-display":"","ast-banner-title-visibility":"","ast-main-header-display":"","ast-hfb-above-header-display":"","ast-hfb-below-header-display":"","ast-hfb-mobile-header-display":"","site-post-title":"","ast-breadcrumbs-content":"","ast-featured-img":"","footer-sml-layout":"","theme-transparent-header-meta":"","adv-header-id-meta":"","stick-header-meta":"","header-above-stick-meta":"","header-main-stick-meta":"","header-below-stick-meta":"","astra-migrate-meta-layouts":"default","ast-page-background-enabled":"default","ast-page-background-meta":{"desktop":{"background-color":"var(--ast-global-color-4)","background-image":"","background-repeat":"repeat","background-position":"center center","background-size":"auto","background-attachment":"scroll","background-type":"","background-media":"","overlay-type":"","overlay-color":"","overlay-opacity":"","overlay-gradient":""},"tablet":{"background-color":"","background-image":"","background-repeat":"repeat","background-position":"center center","background-size":"auto","background-attachment":"scroll","background-type":"","background-media":"","overlay-type":"","overlay-color":"","overlay-opacity":"","overlay-gradient":""},"mobile":{"background-color":"","background-image":"","background-repeat":"repeat","background-position":"center center","background-size":"auto","background-attachment":"scroll","background-type":"","background-media":"","overlay-type":"","overlay-color":"","overlay-opacity":"","overlay-gradient":""}},"ast-content-background-meta":{"desktop":{"background-color":"var(--ast-global-color-5)","background-image":"","background-repeat":"repeat","background-position":"center center","background-size":"auto","background-attachment":"scroll","background-type":"","background-media":"","overlay-type":"","overlay-color":"","overlay-opacity":"","overlay-gradient":""},"tablet":{"background-color":"var(--ast-global-color-5)","background-image":"","background-repeat":"repeat","background-position":"center center","background-size":"auto","background-attachment":"scroll","background-type":"","background-media":"","overlay-type":"","overlay-color":"","overlay-opacity":"","overlay-gradient":""},"mobile":{"background-color":"var(--ast-global-color-5)","background-image":"","background-repeat":"repeat","background-position":"center center","background-size":"auto","background-attachment":"scroll","background-type":"","background-media":"","overlay-type":"","overlay-color":"","overlay-opacity":"","overlay-gradient":""}},"footnotes":""},"class_list":["post-10072","page","type-page","status-publish","hentry"],"post_mailing_queue_ids":[],"_links":{"self":[{"href":"https:\/\/agora-eoi.xtec.cat\/eoiamposta\/wp-json\/wp\/v2\/pages\/10072","targetHints":{"allow":["GET"]}}],"collection":[{"href":"https:\/\/agora-eoi.xtec.cat\/eoiamposta\/wp-json\/wp\/v2\/pages"}],"about":[{"href":"https:\/\/agora-eoi.xtec.cat\/eoiamposta\/wp-json\/wp\/v2\/types\/page"}],"author":[{"embeddable":true,"href":"https:\/\/agora-eoi.xtec.cat\/eoiamposta\/wp-json\/wp\/v2\/users\/1"}],"replies":[{"embeddable":true,"href":"https:\/\/agora-eoi.xtec.cat\/eoiamposta\/wp-json\/wp\/v2\/comments?post=10072"}],"version-history":[{"count":1,"href":"https:\/\/agora-eoi.xtec.cat\/eoiamposta\/wp-json\/wp\/v2\/pages\/10072\/revisions"}],"predecessor-version":[{"id":10073,"href":"https:\/\/agora-eoi.xtec.cat\/eoiamposta\/wp-json\/wp\/v2\/pages\/10072\/revisions\/10073"}],"wp:attachment":[{"href":"https:\/\/agora-eoi.xtec.cat\/eoiamposta\/wp-json\/wp\/v2\/media?parent=10072"}],"curies":[{"name":"wp","href":"https:\/\/api.w.org\/{rel}","templated":true}]}}